{"id":1501,"date":"2024-03-21T19:46:04","date_gmt":"2024-03-21T19:46:04","guid":{"rendered":"https:\/\/roussillonfishing.com\/?page_id=1501"},"modified":"2024-12-08T11:27:39","modified_gmt":"2024-12-08T11:27:39","slug":"eric-iorio-moniteur-guide-de-peche","status":"publish","type":"page","link":"https:\/\/roussillonfishing.com\/en\/eric-iorio-moniteur-guide-de-peche","title":{"rendered":"Eric Iorio &#8211; Moniteur et Guide de p\u00eache"},"content":{"rendered":"<div  class=\"vc-row-wrapper\" data-parallax_sense=\"30\"><div class=\"wpb_row row\" >\n\t<div class=\"twelve columns vc-column-extra-class-69ea45ca55014\" data-parallax_sense=\"30\">\n\t\t<div class=\"wpb_wrapper\">\n\t\t\t\n\t<div class=\"wpb_text_column wpb_content_element\" >\n\t\t<div class=\"wpb_wrapper\">\n\t\t\t<h2 class=\"wp-block-heading\">Eric Iorio &#8211; Moniteur et Guide de p\u00eache<\/h2>\n<p>&nbsp;<\/p>\n<figure class=\"wp-block-image size-full is-resized\"><img loading=\"lazy\" decoding=\"async\" width=\"389\" height=\"682\" class=\"wp-image-1507\" style=\"width: 339px; height: auto;\" src=\"https:\/\/roussillonfishing.com\/wp-content\/uploads\/2023\/08\/ew2aa7rj.png\" alt=\"\" srcset=\"https:\/\/roussillonfishing.com\/wp-content\/uploads\/2023\/08\/ew2aa7rj.png 389w, https:\/\/roussillonfishing.com\/wp-content\/uploads\/2023\/08\/ew2aa7rj-171x300.png 171w, https:\/\/roussillonfishing.com\/wp-content\/uploads\/2023\/08\/ew2aa7rj-7x12.png 7w\" sizes=\"auto, (max-width: 389px) 100vw, 389px\" \/><\/figure>\n<p>&nbsp;<\/p>\n<p>D\u00e9couvrir, s\u2019\u00e9vader, se retrouver\u2026<\/p>\n<p>Passionn\u00e9 de nature, j\u2019ai grandi dans le d\u00e9partement des Pyr\u00e9n\u00e9es-Orientales o\u00f9 j\u2019ai explor\u00e9 tout au long de mon enfance les nombreux lacs et rivi\u00e8res dans un premier temps.<\/p>\n<p>C\u2019est de l\u00e0 qu\u2019est n\u00e9e ma passion pour la p\u00eache et l\u2019environnement.<\/p>\n<p>\u00a0Apr\u00e8s ces ann\u00e9es de pratique en eau douce, je me suis int\u00e9ress\u00e9 aux techniques de p\u00eache en mer, du bord, puis en bateau.\u00a0<\/p>\n<p>Afin de me perfectionner aux diff\u00e9rentes techniques en mer, j\u2019ai fait appel \u00e0 un professionnel et ai pratiqu\u00e9 nombreux stages et formations au c\u00f4t\u00e9 de Samuel Elgrishi, qui m\u2019a transmis son savoir et sa passion.<\/p>\n<p>\u00a0J\u2019ai moi-m\u00eame eu envie de partager ces moments de joie et de bien-\u00eatre \u00e0 travers ce sport.\u00a0<\/p>\n<p>Mes nombreuses sorties, observations du milieu marin et mise en pratique de toutes ces techniques, m&rsquo;ont permis d&rsquo;acqu\u00e9rir en autodidacte de plus grandes exp\u00e9riences.<\/p>\n<p>Apr\u00e8s avoir exerc\u00e9 pendant plusieurs ann\u00e9es le m\u00e9tier de jardinier paysagiste, ma passion d\u00e9vorante pour la p\u00eache m\u2019a pouss\u00e9 \u00e0 reprendre mes \u00e9tudes pour obtenir mon dipl\u00f4me de moniteur guide de p\u00eache et ainsi associer ma passion et mon travail.\u00a0<\/p>\n<p>C\u2019est enfin avec grand plaisir et conviction que je rejoins \u00ab Roussillon Fishing \u00bb\u00a0<\/p>\n<p>Au large du Golfe du Lion, je vous enseignerai mon savoir et ma passion.<\/p>\n<p>\u00a0Montez \u00e0 bord de mon bateau \u00ab LoLotte NuNuche \u00bb<\/p>\n<p>(surnoms de mes deux filles bien aim\u00e9es)<\/p>\n<p>Fabriqu\u00e9 \u00e0 Rivesaltes\u00a0<\/p>\n<p>Open Pro 2000 de 7 m\u00e8tres tout \u00e9quip\u00e9.<\/p>\n<p> R\u00e9alisez vos sessions en famille ou entre amis en toute qui\u00e9tude, vivez une belle aventure humaine entre M\u00e9diterran\u00e9e et Pyr\u00e9n\u00e9es.<\/p>\n<p>Tout au long de l\u2019ann\u00e9e, en p\u00eache c\u00f4ti\u00e8re, hauturi\u00e8re, aux app\u00e2ts naturels ou aux leurres, entre la cote sableuse et rocheuse, venez d\u00e9couvrir de multiples techniques et esp\u00e8ces de M\u00e9diterran\u00e9e.\u00a0<\/p>\n<p>Le mat\u00e9riel de p\u00eache et les \u00e9quipements de s\u00e9curit\u00e9 sont fournis, munissez-vous de v\u00eatements adapt\u00e9s contre le soleil, frais du matin et embruns, ainsi qu\u2019un encas pour le midi.\u00a0<\/p>\n<p>\u00ab La p\u00eache, un excellent moyen de sensibiliser les jeunes et moins jeunes, au respect de l\u2019environnement \u00bb<\/p>\n<p>_Eric Iorio<\/p>\n<p style=\"text-align: center;\"><a href=\"https:\/\/ericiorio.com\/\">www.EricIorio.com<\/a><\/p>\n<p>Le bateau \u00a0\u00bb Lolotte Nunuche \u00ab\u00a0<\/p>\n<p>&nbsp;<\/p>\n<p>Pro2000 Open 7000 de 7m 200cv<br \/>Lowrance HDS12 pro Active target 2 Radar 4G moteur \u00e9lectrique<\/p>\n<p>Ambassadeur KURUK textiles haut de gamme.<\/p>\n<p style=\"text-align: center;\"><a href=\"https:\/\/ericiorio.com\/\">www.EricIorio.com<\/a><\/p>\n<p>&nbsp;<\/p>\n<p>&nbsp;<\/p>\n<div class=\"wp-block-jetpack-slideshow aligncenter\" data-effect=\"slide\">\n<div class=\"wp-block-jetpack-slideshow_container swiper-container\">\n<ul class=\"wp-block-jetpack-slideshow_swiper-wrapper swiper-wrapper\">\n<li class=\"wp-block-jetpack-slideshow_slide swiper-slide\">\n<figure><img loading=\"lazy\" decoding=\"async\" width=\"1707\" height=\"2560\" class=\"wp-block-jetpack-slideshow_image wp-image-1515\" src=\"https:\/\/roussillonfishing.com\/wp-content\/uploads\/2024\/03\/20231225093327_IMG_1434-scaled.jpg\" alt=\"\" data-id=\"1515\" srcset=\"https:\/\/roussillonfishing.com\/wp-content\/uploads\/2024\/03\/20231225093327_IMG_1434-scaled.jpg 1707w, https:\/\/roussillonfishing.com\/wp-content\/uploads\/2024\/03\/20231225093327_IMG_1434-200x300.jpg 200w, https:\/\/roussillonfishing.com\/wp-content\/uploads\/2024\/03\/20231225093327_IMG_1434-683x1024.jpg 683w, https:\/\/roussillonfishing.com\/wp-content\/uploads\/2024\/03\/20231225093327_IMG_1434-768x1152.jpg 768w, https:\/\/roussillonfishing.com\/wp-content\/uploads\/2024\/03\/20231225093327_IMG_1434-1024x1536.jpg 1024w, https:\/\/roussillonfishing.com\/wp-content\/uploads\/2024\/03\/20231225093327_IMG_1434-1365x2048.jpg 1365w, https:\/\/roussillonfishing.com\/wp-content\/uploads\/2024\/03\/20231225093327_IMG_1434-8x12.jpg 8w, https:\/\/roussillonfishing.com\/wp-content\/uploads\/2024\/03\/20231225093327_IMG_1434-600x900.jpg 600w\" sizes=\"(max-width: 1707px) 100vw, 1707px\" \/><\/figure>\n<\/li>\n<li class=\"wp-block-jetpack-slideshow_slide swiper-slide\">\n<figure><img loading=\"lazy\" decoding=\"async\" width=\"1707\" height=\"2560\" class=\"wp-block-jetpack-slideshow_image wp-image-1516\" src=\"https:\/\/roussillonfishing.com\/wp-content\/uploads\/2024\/03\/20231225121719_IMG_1460-scaled.jpg\" alt=\"\" data-id=\"1516\" srcset=\"https:\/\/roussillonfishing.com\/wp-content\/uploads\/2024\/03\/20231225121719_IMG_1460-scaled.jpg 1707w, https:\/\/roussillonfishing.com\/wp-content\/uploads\/2024\/03\/20231225121719_IMG_1460-200x300.jpg 200w, https:\/\/roussillonfishing.com\/wp-content\/uploads\/2024\/03\/20231225121719_IMG_1460-683x1024.jpg 683w, https:\/\/roussillonfishing.com\/wp-content\/uploads\/2024\/03\/20231225121719_IMG_1460-768x1152.jpg 768w, https:\/\/roussillonfishing.com\/wp-content\/uploads\/2024\/03\/20231225121719_IMG_1460-1024x1536.jpg 1024w, https:\/\/roussillonfishing.com\/wp-content\/uploads\/2024\/03\/20231225121719_IMG_1460-1365x2048.jpg 1365w, https:\/\/roussillonfishing.com\/wp-content\/uploads\/2024\/03\/20231225121719_IMG_1460-8x12.jpg 8w, https:\/\/roussillonfishing.com\/wp-content\/uploads\/2024\/03\/20231225121719_IMG_1460-600x900.jpg 600w\" sizes=\"(max-width: 1707px) 100vw, 1707px\" \/><\/figure>\n<\/li>\n<li class=\"wp-block-jetpack-slideshow_slide swiper-slide\">\n<figure><img loading=\"lazy\" decoding=\"async\" width=\"2560\" height=\"1707\" class=\"wp-block-jetpack-slideshow_image wp-image-1517\" src=\"https:\/\/roussillonfishing.com\/wp-content\/uploads\/2024\/03\/20230720120346_IMG_9735-scaled.jpg\" alt=\"\" data-id=\"1517\" srcset=\"https:\/\/roussillonfishing.com\/wp-content\/uploads\/2024\/03\/20230720120346_IMG_9735-scaled.jpg 2560w, https:\/\/roussillonfishing.com\/wp-content\/uploads\/2024\/03\/20230720120346_IMG_9735-300x200.jpg 300w, https:\/\/roussillonfishing.com\/wp-content\/uploads\/2024\/03\/20230720120346_IMG_9735-1024x683.jpg 1024w, https:\/\/roussillonfishing.com\/wp-content\/uploads\/2024\/03\/20230720120346_IMG_9735-768x512.jpg 768w, https:\/\/roussillonfishing.com\/wp-content\/uploads\/2024\/03\/20230720120346_IMG_9735-1536x1024.jpg 1536w, https:\/\/roussillonfishing.com\/wp-content\/uploads\/2024\/03\/20230720120346_IMG_9735-2048x1365.jpg 2048w, https:\/\/roussillonfishing.com\/wp-content\/uploads\/2024\/03\/20230720120346_IMG_9735-18x12.jpg 18w, https:\/\/roussillonfishing.com\/wp-content\/uploads\/2024\/03\/20230720120346_IMG_9735-600x400.jpg 600w\" sizes=\"(max-width: 2560px) 100vw, 2560px\" \/><\/figure>\n<\/li>\n<li class=\"wp-block-jetpack-slideshow_slide swiper-slide\">\n<figure><img loading=\"lazy\" decoding=\"async\" width=\"1707\" height=\"2560\" class=\"wp-block-jetpack-slideshow_image wp-image-1518\" src=\"https:\/\/roussillonfishing.com\/wp-content\/uploads\/2024\/03\/20230503162526_IMG_8911-scaled.jpg\" alt=\"\" data-id=\"1518\" srcset=\"https:\/\/roussillonfishing.com\/wp-content\/uploads\/2024\/03\/20230503162526_IMG_8911-scaled.jpg 1707w, https:\/\/roussillonfishing.com\/wp-content\/uploads\/2024\/03\/20230503162526_IMG_8911-200x300.jpg 200w, https:\/\/roussillonfishing.com\/wp-content\/uploads\/2024\/03\/20230503162526_IMG_8911-683x1024.jpg 683w, https:\/\/roussillonfishing.com\/wp-content\/uploads\/2024\/03\/20230503162526_IMG_8911-768x1152.jpg 768w, https:\/\/roussillonfishing.com\/wp-content\/uploads\/2024\/03\/20230503162526_IMG_8911-1024x1536.jpg 1024w, https:\/\/roussillonfishing.com\/wp-content\/uploads\/2024\/03\/20230503162526_IMG_8911-1365x2048.jpg 1365w, https:\/\/roussillonfishing.com\/wp-content\/uploads\/2024\/03\/20230503162526_IMG_8911-8x12.jpg 8w, https:\/\/roussillonfishing.com\/wp-content\/uploads\/2024\/03\/20230503162526_IMG_8911-600x900.jpg 600w\" sizes=\"(max-width: 1707px) 100vw, 1707px\" \/><\/figure>\n<\/li>\n<li class=\"wp-block-jetpack-slideshow_slide swiper-slide\">\n<figure><img loading=\"lazy\" decoding=\"async\" width=\"2560\" height=\"1707\" class=\"wp-block-jetpack-slideshow_image wp-image-1519\" src=\"https:\/\/roussillonfishing.com\/wp-content\/uploads\/2024\/03\/20230410181728_IMG_8579-scaled.jpg\" alt=\"\" data-id=\"1519\" srcset=\"https:\/\/roussillonfishing.com\/wp-content\/uploads\/2024\/03\/20230410181728_IMG_8579-scaled.jpg 2560w, https:\/\/roussillonfishing.com\/wp-content\/uploads\/2024\/03\/20230410181728_IMG_8579-300x200.jpg 300w, https:\/\/roussillonfishing.com\/wp-content\/uploads\/2024\/03\/20230410181728_IMG_8579-1024x683.jpg 1024w, https:\/\/roussillonfishing.com\/wp-content\/uploads\/2024\/03\/20230410181728_IMG_8579-768x512.jpg 768w, https:\/\/roussillonfishing.com\/wp-content\/uploads\/2024\/03\/20230410181728_IMG_8579-1536x1024.jpg 1536w, https:\/\/roussillonfishing.com\/wp-content\/uploads\/2024\/03\/20230410181728_IMG_8579-2048x1365.jpg 2048w, https:\/\/roussillonfishing.com\/wp-content\/uploads\/2024\/03\/20230410181728_IMG_8579-18x12.jpg 18w, https:\/\/roussillonfishing.com\/wp-content\/uploads\/2024\/03\/20230410181728_IMG_8579-600x400.jpg 600w\" sizes=\"(max-width: 2560px) 100vw, 2560px\" \/><\/figure>\n<\/li>\n<li class=\"wp-block-jetpack-slideshow_slide swiper-slide\">\n<figure><img loading=\"lazy\" decoding=\"async\" width=\"1707\" height=\"2560\" class=\"wp-block-jetpack-slideshow_image wp-image-1520\" src=\"https:\/\/roussillonfishing.com\/wp-content\/uploads\/2024\/03\/20230408143631_IMG_8118-scaled.jpg\" alt=\"\" data-id=\"1520\" srcset=\"https:\/\/roussillonfishing.com\/wp-content\/uploads\/2024\/03\/20230408143631_IMG_8118-scaled.jpg 1707w, https:\/\/roussillonfishing.com\/wp-content\/uploads\/2024\/03\/20230408143631_IMG_8118-200x300.jpg 200w, https:\/\/roussillonfishing.com\/wp-content\/uploads\/2024\/03\/20230408143631_IMG_8118-683x1024.jpg 683w, https:\/\/roussillonfishing.com\/wp-content\/uploads\/2024\/03\/20230408143631_IMG_8118-768x1152.jpg 768w, https:\/\/roussillonfishing.com\/wp-content\/uploads\/2024\/03\/20230408143631_IMG_8118-1024x1536.jpg 1024w, https:\/\/roussillonfishing.com\/wp-content\/uploads\/2024\/03\/20230408143631_IMG_8118-1365x2048.jpg 1365w, https:\/\/roussillonfishing.com\/wp-content\/uploads\/2024\/03\/20230408143631_IMG_8118-8x12.jpg 8w, https:\/\/roussillonfishing.com\/wp-content\/uploads\/2024\/03\/20230408143631_IMG_8118-600x900.jpg 600w\" sizes=\"(max-width: 1707px) 100vw, 1707px\" \/><\/figure>\n<\/li>\n<li class=\"wp-block-jetpack-slideshow_slide swiper-slide\">\n<figure><img loading=\"lazy\" decoding=\"async\" width=\"2560\" height=\"1707\" class=\"wp-block-jetpack-slideshow_image wp-image-1521\" src=\"https:\/\/roussillonfishing.com\/wp-content\/uploads\/2024\/03\/20230408103302_IMG_7959-scaled.jpg\" alt=\"\" data-id=\"1521\" srcset=\"https:\/\/roussillonfishing.com\/wp-content\/uploads\/2024\/03\/20230408103302_IMG_7959-scaled.jpg 2560w, https:\/\/roussillonfishing.com\/wp-content\/uploads\/2024\/03\/20230408103302_IMG_7959-300x200.jpg 300w, https:\/\/roussillonfishing.com\/wp-content\/uploads\/2024\/03\/20230408103302_IMG_7959-1024x683.jpg 1024w, https:\/\/roussillonfishing.com\/wp-content\/uploads\/2024\/03\/20230408103302_IMG_7959-768x512.jpg 768w, https:\/\/roussillonfishing.com\/wp-content\/uploads\/2024\/03\/20230408103302_IMG_7959-1536x1024.jpg 1536w, https:\/\/roussillonfishing.com\/wp-content\/uploads\/2024\/03\/20230408103302_IMG_7959-2048x1365.jpg 2048w, https:\/\/roussillonfishing.com\/wp-content\/uploads\/2024\/03\/20230408103302_IMG_7959-18x12.jpg 18w, https:\/\/roussillonfishing.com\/wp-content\/uploads\/2024\/03\/20230408103302_IMG_7959-600x400.jpg 600w\" sizes=\"(max-width: 2560px) 100vw, 2560px\" \/><\/figure>\n<\/li>\n<\/ul>\n<p>&nbsp;<\/p>\n<div class=\"wp-block-jetpack-slideshow_pagination swiper-pagination swiper-pagination-white\">\u00a0<\/div>\n<\/div>\n<\/div>\n<p>&nbsp;<\/p>\n<p>&nbsp;<\/p>\n<h2 class=\"wp-block-heading\" style=\"text-align: center;\"><a href=\"https:\/\/ericiorio.com\/\">www.EricIorio.com<\/a><\/h2>\n<p>&nbsp;<\/p>\n<h2 class=\"wp-block-heading\">\u00a0<\/h2>\n<p>&nbsp;<\/p>\n\n\t\t<\/div> \n\t<\/div> \n\t\t<\/div> \n\t<\/div> \n<\/div><div class=\"dfd-row-bg-overlay\" style=\"opacity: 0.8;\"><\/div><\/div>","protected":false},"excerpt":{"rendered":"Eric Iorio - Moniteur et Guide de p\u00eache &nbsp; &nbsp; D\u00e9couvrir, s\u2019\u00e9vader, se retrouver\u2026 Passionn\u00e9 de nature, j\u2019ai grandi dans le d\u00e9partement des Pyr\u00e9n\u00e9es-Orientales o\u00f9 j\u2019ai explor\u00e9 tout au long","protected":false},"author":1,"featured_media":0,"parent":0,"menu_order":0,"comment_status":"closed","ping_status":"closed","template":"","meta":{"footnotes":""},"class_list":["post-1501","page","type-page","status-publish","hentry"],"yoast_head":"<!-- This site is optimized with the Yoast SEO plugin v27.4 - https:\/\/yoast.com\/product\/yoast-seo-wordpress\/ -->\n<title>Eric Iorio - Moniteur et Guide de p\u00eache - Roussillon Fishing<\/title>\n<meta name=\"description\" content=\"Eric Iorio - Moniteur et Guide de p\u00eache\" \/>\n<meta name=\"robots\" content=\"index, follow, max-snippet:-1, max-image-preview:large, max-video-preview:-1\" \/>\n<link rel=\"canonical\" href=\"https:\/\/roussillonfishing.com\/en\/eric-iorio-moniteur-guide-de-peche\/\" \/>\n<meta property=\"og:locale\" content=\"en_GB\" \/>\n<meta property=\"og:type\" content=\"article\" \/>\n<meta property=\"og:title\" content=\"Eric Iorio - Moniteur et Guide de p\u00eache - Roussillon Fishing\" \/>\n<meta property=\"og:description\" content=\"Eric Iorio - Moniteur et Guide de p\u00eache\" \/>\n<meta property=\"og:url\" content=\"https:\/\/roussillonfishing.com\/en\/eric-iorio-moniteur-guide-de-peche\/\" \/>\n<meta property=\"og:site_name\" content=\"Roussillon Fishing\" \/>\n<meta property=\"article:publisher\" content=\"https:\/\/www.facebook.com\/Samuel.Elgrishi.Fishing.Guide.Instructor\/\" \/>\n<meta property=\"article:modified_time\" content=\"2024-12-08T11:27:39+00:00\" \/>\n<meta property=\"og:image\" content=\"https:\/\/roussillonfishing.com\/wp-content\/uploads\/2023\/08\/ew2aa7rj.png\" \/>\n\t<meta property=\"og:image:width\" content=\"389\" \/>\n\t<meta property=\"og:image:height\" content=\"682\" \/>\n\t<meta property=\"og:image:type\" content=\"image\/png\" \/>\n<meta name=\"twitter:card\" content=\"summary_large_image\" \/>\n<meta name=\"twitter:label1\" content=\"Estimated reading time\" \/>\n\t<meta name=\"twitter:data1\" content=\"4 minutes\" \/>\n<script type=\"application\/ld+json\" class=\"yoast-schema-graph\">{\"@context\":\"https:\\\/\\\/schema.org\",\"@graph\":[{\"@type\":\"WebPage\",\"@id\":\"https:\\\/\\\/roussillonfishing.com\\\/eric-iorio-moniteur-guide-de-peche\",\"url\":\"https:\\\/\\\/roussillonfishing.com\\\/eric-iorio-moniteur-guide-de-peche\",\"name\":\"Eric Iorio - Moniteur et Guide de p\u00eache - Roussillon Fishing\",\"isPartOf\":{\"@id\":\"https:\\\/\\\/roussillonfishing.com\\\/en\\\/#website\"},\"primaryImageOfPage\":{\"@id\":\"https:\\\/\\\/roussillonfishing.com\\\/eric-iorio-moniteur-guide-de-peche#primaryimage\"},\"image\":{\"@id\":\"https:\\\/\\\/roussillonfishing.com\\\/eric-iorio-moniteur-guide-de-peche#primaryimage\"},\"thumbnailUrl\":\"https:\\\/\\\/roussillonfishing.com\\\/wp-content\\\/uploads\\\/2023\\\/08\\\/ew2aa7rj.png\",\"datePublished\":\"2024-03-21T19:46:04+00:00\",\"dateModified\":\"2024-12-08T11:27:39+00:00\",\"description\":\"Eric Iorio - Moniteur et Guide de p\u00eache\",\"breadcrumb\":{\"@id\":\"https:\\\/\\\/roussillonfishing.com\\\/eric-iorio-moniteur-guide-de-peche#breadcrumb\"},\"inLanguage\":\"en-GB\",\"potentialAction\":[{\"@type\":\"ReadAction\",\"target\":[\"https:\\\/\\\/roussillonfishing.com\\\/eric-iorio-moniteur-guide-de-peche\"]}]},{\"@type\":\"ImageObject\",\"inLanguage\":\"en-GB\",\"@id\":\"https:\\\/\\\/roussillonfishing.com\\\/eric-iorio-moniteur-guide-de-peche#primaryimage\",\"url\":\"https:\\\/\\\/roussillonfishing.com\\\/wp-content\\\/uploads\\\/2023\\\/08\\\/ew2aa7rj.png\",\"contentUrl\":\"https:\\\/\\\/roussillonfishing.com\\\/wp-content\\\/uploads\\\/2023\\\/08\\\/ew2aa7rj.png\"},{\"@type\":\"BreadcrumbList\",\"@id\":\"https:\\\/\\\/roussillonfishing.com\\\/eric-iorio-moniteur-guide-de-peche#breadcrumb\",\"itemListElement\":[{\"@type\":\"ListItem\",\"position\":1,\"name\":\"Accueil\",\"item\":\"https:\\\/\\\/roussillonfishing.com\\\/\"},{\"@type\":\"ListItem\",\"position\":2,\"name\":\"Eric Iorio &#8211; Moniteur et Guide de p\u00eache\"}]},{\"@type\":\"WebSite\",\"@id\":\"https:\\\/\\\/roussillonfishing.com\\\/en\\\/#website\",\"url\":\"https:\\\/\\\/roussillonfishing.com\\\/en\\\/\",\"name\":\"Roussillon Fishing\",\"description\":\"Moniteur et Guide de p\u00eache dans Les Pyr\u00e9n\u00e9es Orientales\",\"potentialAction\":[{\"@type\":\"SearchAction\",\"target\":{\"@type\":\"EntryPoint\",\"urlTemplate\":\"https:\\\/\\\/roussillonfishing.com\\\/en\\\/?s={search_term_string}\"},\"query-input\":{\"@type\":\"PropertyValueSpecification\",\"valueRequired\":true,\"valueName\":\"search_term_string\"}}],\"inLanguage\":\"en-GB\"}]}<\/script>\n<!-- \/ Yoast SEO plugin. -->","yoast_head_json":{"title":"Eric Iorio - Moniteur et Guide de p\u00eache - Roussillon Fishing","description":"Eric Iorio - Moniteur et Guide de p\u00eache","robots":{"index":"index","follow":"follow","max-snippet":"max-snippet:-1","max-image-preview":"max-image-preview:large","max-video-preview":"max-video-preview:-1"},"canonical":"https:\/\/roussillonfishing.com\/en\/eric-iorio-moniteur-guide-de-peche\/","og_locale":"en_GB","og_type":"article","og_title":"Eric Iorio - Moniteur et Guide de p\u00eache - Roussillon Fishing","og_description":"Eric Iorio - Moniteur et Guide de p\u00eache","og_url":"https:\/\/roussillonfishing.com\/en\/eric-iorio-moniteur-guide-de-peche\/","og_site_name":"Roussillon Fishing","article_publisher":"https:\/\/www.facebook.com\/Samuel.Elgrishi.Fishing.Guide.Instructor\/","article_modified_time":"2024-12-08T11:27:39+00:00","og_image":[{"width":389,"height":682,"url":"https:\/\/roussillonfishing.com\/wp-content\/uploads\/2023\/08\/ew2aa7rj.png","type":"image\/png"}],"twitter_card":"summary_large_image","twitter_misc":{"Estimated reading time":"4 minutes"},"schema":{"@context":"https:\/\/schema.org","@graph":[{"@type":"WebPage","@id":"https:\/\/roussillonfishing.com\/eric-iorio-moniteur-guide-de-peche","url":"https:\/\/roussillonfishing.com\/eric-iorio-moniteur-guide-de-peche","name":"Eric Iorio - Moniteur et Guide de p\u00eache - Roussillon Fishing","isPartOf":{"@id":"https:\/\/roussillonfishing.com\/en\/#website"},"primaryImageOfPage":{"@id":"https:\/\/roussillonfishing.com\/eric-iorio-moniteur-guide-de-peche#primaryimage"},"image":{"@id":"https:\/\/roussillonfishing.com\/eric-iorio-moniteur-guide-de-peche#primaryimage"},"thumbnailUrl":"https:\/\/roussillonfishing.com\/wp-content\/uploads\/2023\/08\/ew2aa7rj.png","datePublished":"2024-03-21T19:46:04+00:00","dateModified":"2024-12-08T11:27:39+00:00","description":"Eric Iorio - Moniteur et Guide de p\u00eache","breadcrumb":{"@id":"https:\/\/roussillonfishing.com\/eric-iorio-moniteur-guide-de-peche#breadcrumb"},"inLanguage":"en-GB","potentialAction":[{"@type":"ReadAction","target":["https:\/\/roussillonfishing.com\/eric-iorio-moniteur-guide-de-peche"]}]},{"@type":"ImageObject","inLanguage":"en-GB","@id":"https:\/\/roussillonfishing.com\/eric-iorio-moniteur-guide-de-peche#primaryimage","url":"https:\/\/roussillonfishing.com\/wp-content\/uploads\/2023\/08\/ew2aa7rj.png","contentUrl":"https:\/\/roussillonfishing.com\/wp-content\/uploads\/2023\/08\/ew2aa7rj.png"},{"@type":"BreadcrumbList","@id":"https:\/\/roussillonfishing.com\/eric-iorio-moniteur-guide-de-peche#breadcrumb","itemListElement":[{"@type":"ListItem","position":1,"name":"Accueil","item":"https:\/\/roussillonfishing.com\/"},{"@type":"ListItem","position":2,"name":"Eric Iorio &#8211; Moniteur et Guide de p\u00eache"}]},{"@type":"WebSite","@id":"https:\/\/roussillonfishing.com\/en\/#website","url":"https:\/\/roussillonfishing.com\/en\/","name":"Roussillon Fishing","description":"Moniteur et Guide de p\u00eache dans Les Pyr\u00e9n\u00e9es Orientales","potentialAction":[{"@type":"SearchAction","target":{"@type":"EntryPoint","urlTemplate":"https:\/\/roussillonfishing.com\/en\/?s={search_term_string}"},"query-input":{"@type":"PropertyValueSpecification","valueRequired":true,"valueName":"search_term_string"}}],"inLanguage":"en-GB"}]}},"jetpack_sharing_enabled":true,"_links":{"self":[{"href":"https:\/\/roussillonfishing.com\/en\/wp-json\/wp\/v2\/pages\/1501","targetHints":{"allow":["GET"]}}],"collection":[{"href":"https:\/\/roussillonfishing.com\/en\/wp-json\/wp\/v2\/pages"}],"about":[{"href":"https:\/\/roussillonfishing.com\/en\/wp-json\/wp\/v2\/types\/page"}],"author":[{"embeddable":true,"href":"https:\/\/roussillonfishing.com\/en\/wp-json\/wp\/v2\/users\/1"}],"replies":[{"embeddable":true,"href":"https:\/\/roussillonfishing.com\/en\/wp-json\/wp\/v2\/comments?post=1501"}],"version-history":[{"count":12,"href":"https:\/\/roussillonfishing.com\/en\/wp-json\/wp\/v2\/pages\/1501\/revisions"}],"predecessor-version":[{"id":1572,"href":"https:\/\/roussillonfishing.com\/en\/wp-json\/wp\/v2\/pages\/1501\/revisions\/1572"}],"wp:attachment":[{"href":"https:\/\/roussillonfishing.com\/en\/wp-json\/wp\/v2\/media?parent=1501"}],"curies":[{"name":"wp","href":"https:\/\/api.w.org\/{rel}","templated":true}]}}