{"id":1527,"date":"2024-03-21T20:29:05","date_gmt":"2024-03-21T20:29:05","guid":{"rendered":"https:\/\/roussillonfishing.com\/?page_id=1527"},"modified":"2024-03-21T21:32:08","modified_gmt":"2024-03-21T21:32:08","slug":"samuel-elgrishi-moniteur-guide-de-peche","status":"publish","type":"page","link":"https:\/\/roussillonfishing.com\/en\/samuel-elgrishi-moniteur-guide-de-peche","title":{"rendered":"Samuel Elgrishi &#8211; Moniteur et Guide de p\u00eache"},"content":{"rendered":"<h2 class=\"wp-block-heading\">Samuel Elgrishi &#8211; Moniteur et Guide de p\u00eache<\/h2>\n\n\n\n<figure class=\"wp-block-gallery has-nested-images columns-default is-cropped wp-block-gallery-1 is-layout-flex wp-block-gallery-is-layout-flex\">\n<figure class=\"wp-block-image size-large\"><img loading=\"lazy\" decoding=\"async\" width=\"1024\" height=\"890\" data-id=\"1528\" src=\"https:\/\/roussillonfishing.com\/wp-content\/uploads\/2024\/03\/IMG_20230303_111414-1024x890.jpg\" alt=\"\" class=\"wp-image-1528\" srcset=\"https:\/\/roussillonfishing.com\/wp-content\/uploads\/2024\/03\/IMG_20230303_111414-1024x890.jpg 1024w, https:\/\/roussillonfishing.com\/wp-content\/uploads\/2024\/03\/IMG_20230303_111414-300x261.jpg 300w, https:\/\/roussillonfishing.com\/wp-content\/uploads\/2024\/03\/IMG_20230303_111414-768x668.jpg 768w, https:\/\/roussillonfishing.com\/wp-content\/uploads\/2024\/03\/IMG_20230303_111414-1536x1335.jpg 1536w, https:\/\/roussillonfishing.com\/wp-content\/uploads\/2024\/03\/IMG_20230303_111414-2048x1780.jpg 2048w, https:\/\/roussillonfishing.com\/wp-content\/uploads\/2024\/03\/IMG_20230303_111414-14x12.jpg 14w, https:\/\/roussillonfishing.com\/wp-content\/uploads\/2024\/03\/IMG_20230303_111414-600x522.jpg 600w\" sizes=\"auto, (max-width: 1024px) 100vw, 1024px\" \/><\/figure>\n\n\n\n<figure class=\"wp-block-image size-large\"><img loading=\"lazy\" decoding=\"async\" width=\"989\" height=\"1024\" data-id=\"1529\" src=\"https:\/\/roussillonfishing.com\/wp-content\/uploads\/2024\/03\/IMG_20230303_112408-989x1024.jpg\" alt=\"\" class=\"wp-image-1529\" srcset=\"https:\/\/roussillonfishing.com\/wp-content\/uploads\/2024\/03\/IMG_20230303_112408-989x1024.jpg 989w, https:\/\/roussillonfishing.com\/wp-content\/uploads\/2024\/03\/IMG_20230303_112408-290x300.jpg 290w, https:\/\/roussillonfishing.com\/wp-content\/uploads\/2024\/03\/IMG_20230303_112408-768x795.jpg 768w, https:\/\/roussillonfishing.com\/wp-content\/uploads\/2024\/03\/IMG_20230303_112408-1484x1536.jpg 1484w, https:\/\/roussillonfishing.com\/wp-content\/uploads\/2024\/03\/IMG_20230303_112408-1979x2048.jpg 1979w, https:\/\/roussillonfishing.com\/wp-content\/uploads\/2024\/03\/IMG_20230303_112408-12x12.jpg 12w, https:\/\/roussillonfishing.com\/wp-content\/uploads\/2024\/03\/IMG_20230303_112408-600x621.jpg 600w\" sizes=\"auto, (max-width: 989px) 100vw, 989px\" \/><\/figure>\n<\/figure>\n\n\n\n<p>\u00ab Transmettre mon savoir et ma passion m\u2019ont orient\u00e9 vers le m\u00e9tier de moniteur &amp; guide de p\u00eache. Un virus transmis d\u00e8s mes premiers pas par mon p\u00e8re et grands-p\u00e8res, probablement g\u00e9n\u00e9tiquement impr\u00e9gn\u00e9 par les p\u00eacheurs du Maroc et de Bretagne qu\u2019ils \u00e9taient, je remercie tous les jours mes a\u00efeux \u00bbSamuel Elgrishi p\u00eache depuis ses premiers pas \u2018\u2019 au d\u00e9but des ann\u00e9es 80\u2019 \u2018\u2019.<\/p>\n\n\n\n<p>La mer et les eaux douces le passionnent. Il d\u00e9couvre en 2005 qu\u2019il prend autant de plaisir \u00e0 enseigner la p\u00eache que de la pratiquer. \u00abFaire prendre du poisson \u00e0 mes p\u00eacheurs, la finalit\u00e9 de nombreux objectifs atteints, et une m\u00e8re nature \u00e0 l\u2019\u00e9coute, je prends alors milles fois plus plaisir \u00e0 faire vivre ma passion que de la vivre seul dans mon coin, le clich\u00e9 du p\u00eacheur fran\u00e7ais largement d\u00e9mod\u00e9\u2026\u00bb <\/p>\n\n\n\n<p>He created his own Roussillon Fishing structure in 2012. Catalina will then be launched in Canet en Roussillon. <\/p>\n\n\n\n<p>Samuel invests in parallel in different structures and associations promoting fishing tourism, scientific research, protection of aquatic environments, environmental education, sustainable development, the profession of fishing instructor &amp; guide in France and abroad.<\/p>\n\n\n\n<p>St Cyprien, mon Port d\u2019Attache, la p\u00eache ma passion. <\/p>\n\n\n\n<p>Mes objectifs sont l\u2019\u00e9ducation \u00e0 l\u2019environnement, d\u2019initier, de perfectionner et de transmettre ma passion pour ce sport\/ nature. Depuis le Mont Canigou qui culmine \u00e0 plus de 2780 m\u00e8tres jusqu\u2019aux canyons languedociens et pyr\u00e9n\u00e9ens de la c\u00f4te vermeille, dont les fonds d\u00e9passent rapidement -2000 m\u00e8tres. De la truite sauvage des Bouillouses, aux thons rouges de la M\u00e9diterran\u00e9e.<\/p>\n\n\n\n<figure class=\"wp-block-image size-large\"><img loading=\"lazy\" decoding=\"async\" width=\"683\" height=\"1024\" src=\"https:\/\/roussillonfishing.com\/wp-content\/uploads\/2020\/02\/IMG_7237-683x1024.jpg\" alt=\"\" class=\"wp-image-1189\" srcset=\"https:\/\/roussillonfishing.com\/wp-content\/uploads\/2020\/02\/IMG_7237-683x1024.jpg 683w, https:\/\/roussillonfishing.com\/wp-content\/uploads\/2020\/02\/IMG_7237-200x300.jpg 200w, https:\/\/roussillonfishing.com\/wp-content\/uploads\/2020\/02\/IMG_7237-768x1152.jpg 768w, https:\/\/roussillonfishing.com\/wp-content\/uploads\/2020\/02\/IMG_7237-1024x1536.jpg 1024w, https:\/\/roussillonfishing.com\/wp-content\/uploads\/2020\/02\/IMG_7237-1365x2048.jpg 1365w, https:\/\/roussillonfishing.com\/wp-content\/uploads\/2020\/02\/IMG_7237-8x12.jpg 8w, https:\/\/roussillonfishing.com\/wp-content\/uploads\/2020\/02\/IMG_7237-600x900.jpg 600w, https:\/\/roussillonfishing.com\/wp-content\/uploads\/2020\/02\/IMG_7237-scaled.jpg 1707w\" sizes=\"auto, (max-width: 683px) 100vw, 683px\" \/><\/figure>","protected":false},"excerpt":{"rendered":"<p>Samuel Elgrishi &#8211; Moniteur et Guide de p\u00eache \u00ab Transmettre mon savoir et ma passion m\u2019ont orient\u00e9 vers le m\u00e9tier de moniteur &amp; guide de p\u00eache. Un virus transmis d\u00e8s<\/p>","protected":false},"author":1,"featured_media":0,"parent":0,"menu_order":0,"comment_status":"closed","ping_status":"closed","template":"","meta":{"footnotes":""},"class_list":["post-1527","page","type-page","status-publish","hentry"],"yoast_head":"<!-- This site is optimized with the Yoast SEO plugin v27.3 - https:\/\/yoast.com\/product\/yoast-seo-wordpress\/ -->\n<title>Samuel Elgrishi - Moniteur et Guide de p\u00eache - Roussillon Fishing<\/title>\n<meta name=\"robots\" content=\"index, follow, max-snippet:-1, max-image-preview:large, max-video-preview:-1\" \/>\n<link rel=\"canonical\" href=\"https:\/\/roussillonfishing.com\/en\/samuel-elgrishi-moniteur-guide-de-peche\/\" \/>\n<meta property=\"og:locale\" content=\"en_GB\" \/>\n<meta property=\"og:type\" content=\"article\" \/>\n<meta property=\"og:title\" content=\"Samuel Elgrishi - Moniteur et Guide de p\u00eache - Roussillon Fishing\" \/>\n<meta property=\"og:description\" content=\"Samuel Elgrishi &#8211; Moniteur et Guide de p\u00eache \u00ab Transmettre mon savoir et ma passion m\u2019ont orient\u00e9 vers le m\u00e9tier de moniteur &amp; guide de p\u00eache. Un virus transmis d\u00e8s\" \/>\n<meta property=\"og:url\" content=\"https:\/\/roussillonfishing.com\/en\/samuel-elgrishi-moniteur-guide-de-peche\/\" \/>\n<meta property=\"og:site_name\" content=\"Roussillon Fishing\" \/>\n<meta property=\"article:publisher\" content=\"https:\/\/www.facebook.com\/Samuel.Elgrishi.Fishing.Guide.Instructor\/\" \/>\n<meta property=\"article:modified_time\" content=\"2024-03-21T21:32:08+00:00\" \/>\n<meta property=\"og:image\" content=\"https:\/\/roussillonfishing.com\/wp-content\/uploads\/2024\/03\/IMG_20230303_111414-1024x890.jpg\" \/>\n<meta name=\"twitter:card\" content=\"summary_large_image\" \/>\n<meta name=\"twitter:label1\" content=\"Estimated reading time\" \/>\n\t<meta name=\"twitter:data1\" content=\"2 minutes\" \/>\n<script type=\"application\/ld+json\" class=\"yoast-schema-graph\">{\"@context\":\"https:\\\/\\\/schema.org\",\"@graph\":[{\"@type\":\"WebPage\",\"@id\":\"https:\\\/\\\/roussillonfishing.com\\\/samuel-elgrishi-moniteur-guide-de-peche\",\"url\":\"https:\\\/\\\/roussillonfishing.com\\\/samuel-elgrishi-moniteur-guide-de-peche\",\"name\":\"Samuel Elgrishi - Moniteur et Guide de p\u00eache - Roussillon Fishing\",\"isPartOf\":{\"@id\":\"https:\\\/\\\/roussillonfishing.com\\\/en\\\/#website\"},\"primaryImageOfPage\":{\"@id\":\"https:\\\/\\\/roussillonfishing.com\\\/samuel-elgrishi-moniteur-guide-de-peche#primaryimage\"},\"image\":{\"@id\":\"https:\\\/\\\/roussillonfishing.com\\\/samuel-elgrishi-moniteur-guide-de-peche#primaryimage\"},\"thumbnailUrl\":\"https:\\\/\\\/roussillonfishing.com\\\/wp-content\\\/uploads\\\/2024\\\/03\\\/IMG_20230303_111414-1024x890.jpg\",\"datePublished\":\"2024-03-21T20:29:05+00:00\",\"dateModified\":\"2024-03-21T21:32:08+00:00\",\"breadcrumb\":{\"@id\":\"https:\\\/\\\/roussillonfishing.com\\\/samuel-elgrishi-moniteur-guide-de-peche#breadcrumb\"},\"inLanguage\":\"en-GB\",\"potentialAction\":[{\"@type\":\"ReadAction\",\"target\":[\"https:\\\/\\\/roussillonfishing.com\\\/samuel-elgrishi-moniteur-guide-de-peche\"]}]},{\"@type\":\"ImageObject\",\"inLanguage\":\"en-GB\",\"@id\":\"https:\\\/\\\/roussillonfishing.com\\\/samuel-elgrishi-moniteur-guide-de-peche#primaryimage\",\"url\":\"https:\\\/\\\/roussillonfishing.com\\\/wp-content\\\/uploads\\\/2024\\\/03\\\/IMG_20230303_111414-1024x890.jpg\",\"contentUrl\":\"https:\\\/\\\/roussillonfishing.com\\\/wp-content\\\/uploads\\\/2024\\\/03\\\/IMG_20230303_111414-1024x890.jpg\"},{\"@type\":\"BreadcrumbList\",\"@id\":\"https:\\\/\\\/roussillonfishing.com\\\/samuel-elgrishi-moniteur-guide-de-peche#breadcrumb\",\"itemListElement\":[{\"@type\":\"ListItem\",\"position\":1,\"name\":\"Accueil\",\"item\":\"https:\\\/\\\/roussillonfishing.com\\\/\"},{\"@type\":\"ListItem\",\"position\":2,\"name\":\"Samuel Elgrishi &#8211; Moniteur et Guide de p\u00eache\"}]},{\"@type\":\"WebSite\",\"@id\":\"https:\\\/\\\/roussillonfishing.com\\\/en\\\/#website\",\"url\":\"https:\\\/\\\/roussillonfishing.com\\\/en\\\/\",\"name\":\"Roussillon Fishing\",\"description\":\"Moniteur et Guide de p\u00eache dans Les Pyr\u00e9n\u00e9es Orientales\",\"potentialAction\":[{\"@type\":\"SearchAction\",\"target\":{\"@type\":\"EntryPoint\",\"urlTemplate\":\"https:\\\/\\\/roussillonfishing.com\\\/en\\\/?s={search_term_string}\"},\"query-input\":{\"@type\":\"PropertyValueSpecification\",\"valueRequired\":true,\"valueName\":\"search_term_string\"}}],\"inLanguage\":\"en-GB\"}]}<\/script>\n<!-- \/ Yoast SEO plugin. -->","yoast_head_json":{"title":"Samuel Elgrishi - Moniteur et Guide de p\u00eache - Roussillon Fishing","robots":{"index":"index","follow":"follow","max-snippet":"max-snippet:-1","max-image-preview":"max-image-preview:large","max-video-preview":"max-video-preview:-1"},"canonical":"https:\/\/roussillonfishing.com\/en\/samuel-elgrishi-moniteur-guide-de-peche\/","og_locale":"en_GB","og_type":"article","og_title":"Samuel Elgrishi - Moniteur et Guide de p\u00eache - Roussillon Fishing","og_description":"Samuel Elgrishi &#8211; Moniteur et Guide de p\u00eache \u00ab Transmettre mon savoir et ma passion m\u2019ont orient\u00e9 vers le m\u00e9tier de moniteur &amp; guide de p\u00eache. Un virus transmis d\u00e8s","og_url":"https:\/\/roussillonfishing.com\/en\/samuel-elgrishi-moniteur-guide-de-peche\/","og_site_name":"Roussillon Fishing","article_publisher":"https:\/\/www.facebook.com\/Samuel.Elgrishi.Fishing.Guide.Instructor\/","article_modified_time":"2024-03-21T21:32:08+00:00","og_image":[{"url":"https:\/\/roussillonfishing.com\/wp-content\/uploads\/2024\/03\/IMG_20230303_111414-1024x890.jpg","type":"","width":"","height":""}],"twitter_card":"summary_large_image","twitter_misc":{"Estimated reading time":"2 minutes"},"schema":{"@context":"https:\/\/schema.org","@graph":[{"@type":"WebPage","@id":"https:\/\/roussillonfishing.com\/samuel-elgrishi-moniteur-guide-de-peche","url":"https:\/\/roussillonfishing.com\/samuel-elgrishi-moniteur-guide-de-peche","name":"Samuel Elgrishi - Moniteur et Guide de p\u00eache - Roussillon Fishing","isPartOf":{"@id":"https:\/\/roussillonfishing.com\/en\/#website"},"primaryImageOfPage":{"@id":"https:\/\/roussillonfishing.com\/samuel-elgrishi-moniteur-guide-de-peche#primaryimage"},"image":{"@id":"https:\/\/roussillonfishing.com\/samuel-elgrishi-moniteur-guide-de-peche#primaryimage"},"thumbnailUrl":"https:\/\/roussillonfishing.com\/wp-content\/uploads\/2024\/03\/IMG_20230303_111414-1024x890.jpg","datePublished":"2024-03-21T20:29:05+00:00","dateModified":"2024-03-21T21:32:08+00:00","breadcrumb":{"@id":"https:\/\/roussillonfishing.com\/samuel-elgrishi-moniteur-guide-de-peche#breadcrumb"},"inLanguage":"en-GB","potentialAction":[{"@type":"ReadAction","target":["https:\/\/roussillonfishing.com\/samuel-elgrishi-moniteur-guide-de-peche"]}]},{"@type":"ImageObject","inLanguage":"en-GB","@id":"https:\/\/roussillonfishing.com\/samuel-elgrishi-moniteur-guide-de-peche#primaryimage","url":"https:\/\/roussillonfishing.com\/wp-content\/uploads\/2024\/03\/IMG_20230303_111414-1024x890.jpg","contentUrl":"https:\/\/roussillonfishing.com\/wp-content\/uploads\/2024\/03\/IMG_20230303_111414-1024x890.jpg"},{"@type":"BreadcrumbList","@id":"https:\/\/roussillonfishing.com\/samuel-elgrishi-moniteur-guide-de-peche#breadcrumb","itemListElement":[{"@type":"ListItem","position":1,"name":"Accueil","item":"https:\/\/roussillonfishing.com\/"},{"@type":"ListItem","position":2,"name":"Samuel Elgrishi &#8211; Moniteur et Guide de p\u00eache"}]},{"@type":"WebSite","@id":"https:\/\/roussillonfishing.com\/en\/#website","url":"https:\/\/roussillonfishing.com\/en\/","name":"Roussillon Fishing","description":"Moniteur et Guide de p\u00eache dans Les Pyr\u00e9n\u00e9es Orientales","potentialAction":[{"@type":"SearchAction","target":{"@type":"EntryPoint","urlTemplate":"https:\/\/roussillonfishing.com\/en\/?s={search_term_string}"},"query-input":{"@type":"PropertyValueSpecification","valueRequired":true,"valueName":"search_term_string"}}],"inLanguage":"en-GB"}]}},"jetpack_sharing_enabled":true,"_links":{"self":[{"href":"https:\/\/roussillonfishing.com\/en\/wp-json\/wp\/v2\/pages\/1527","targetHints":{"allow":["GET"]}}],"collection":[{"href":"https:\/\/roussillonfishing.com\/en\/wp-json\/wp\/v2\/pages"}],"about":[{"href":"https:\/\/roussillonfishing.com\/en\/wp-json\/wp\/v2\/types\/page"}],"author":[{"embeddable":true,"href":"https:\/\/roussillonfishing.com\/en\/wp-json\/wp\/v2\/users\/1"}],"replies":[{"embeddable":true,"href":"https:\/\/roussillonfishing.com\/en\/wp-json\/wp\/v2\/comments?post=1527"}],"version-history":[{"count":7,"href":"https:\/\/roussillonfishing.com\/en\/wp-json\/wp\/v2\/pages\/1527\/revisions"}],"predecessor-version":[{"id":1548,"href":"https:\/\/roussillonfishing.com\/en\/wp-json\/wp\/v2\/pages\/1527\/revisions\/1548"}],"wp:attachment":[{"href":"https:\/\/roussillonfishing.com\/en\/wp-json\/wp\/v2\/media?parent=1527"}],"curies":[{"name":"wp","href":"https:\/\/api.w.org\/{rel}","templated":true}]}}