{"id":20,"date":"2020-02-04T21:52:29","date_gmt":"2020-02-04T20:52:29","guid":{"rendered":"http:\/\/roussillonfishing.rodmaps.com\/?page_id=20"},"modified":"2023-08-26T22:10:18","modified_gmt":"2023-08-26T22:10:18","slug":"prestations-roussillon-fishing","status":"publish","type":"page","link":"https:\/\/roussillonfishing.com\/en\/prestations-roussillon-fishing","title":{"rendered":"Sessions"},"content":{"rendered":"<div  class=\"vc-row-wrapper\" data-parallax_sense=\"30\"><div class=\"wpb_row row\" >\n\t<div class=\"twelve columns vc-column-extra-class-69ea4714ba0e7\" data-parallax_sense=\"30\">\n\t\t<div class=\"wpb_wrapper\">\n\t\t\t\r\n\t<div class=\"wpb_single_image wpb_content_element vc_align_center\" >\r\n\t\t<div class=\"wpb_wrapper\">\r\n\t\t\t\r\n\t\t\t<div class=\"vc_single_image-wrapper   vc_box_border_grey\" ><img loading=\"lazy\" decoding=\"async\" width=\"300\" height=\"198\" src=\"https:\/\/roussillonfishing.com\/wp-content\/uploads\/2023\/08\/FFMGP-300x198.jpg\" class=\"vc_single_image-img attachment-medium\" alt=\"F\u00e9d\u00e9ration Fran\u00e7aise des Moniteurs et Guides de P\u00eache\" srcset=\"https:\/\/roussillonfishing.com\/wp-content\/uploads\/2023\/08\/FFMGP-300x198.jpg 300w, https:\/\/roussillonfishing.com\/wp-content\/uploads\/2023\/08\/FFMGP-768x506.jpg 768w, https:\/\/roussillonfishing.com\/wp-content\/uploads\/2023\/08\/FFMGP-18x12.jpg 18w, https:\/\/roussillonfishing.com\/wp-content\/uploads\/2023\/08\/FFMGP-600x396.jpg 600w, https:\/\/roussillonfishing.com\/wp-content\/uploads\/2023\/08\/FFMGP.jpg 1024w\" sizes=\"auto, (max-width: 300px) 100vw, 300px\" \/><\/div>\r\n\t\t\t\r\n\t\t<\/div>\r\n\t<\/div>\r\n\n\t<div class=\"wpb_text_column wpb_content_element\" >\n\t\t<div class=\"wpb_wrapper\">\n\t\t\t<p style=\"text-align: center;\">Venez les mains dans les poches, d\u00e9couvrir, apprendre, vous initier ou vous perfectionner \u00e0 la <strong>recreational and sport fishing in the Mediterranean.<\/strong><\/p>\n\n\t\t<\/div> \n\t<\/div> \n<div class=\"vc-zigzag-wrapper vc-zigzag-align-center\"><div class=\"vc-zigzag-inner\" style=\"width: 100%;min-height: 14px;background: 0 repeat-x url(&#039;data:image\/svg+xml;utf-8,%3C%3Fxml%20version%3D%221.0%22%20encoding%3D%22utf-8%22%3F%3E%3C%21DOCTYPE%20svg%20PUBLIC%20%22-%2F%2FW3C%2F%2FDTD%20SVG%201.1%2F%2FEN%22%20%22http%3A%2F%2Fwww.w3.org%2FGraphics%2FSVG%2F1.1%2FDTD%2Fsvg11.dtd%22%3E%3Csvg%20width%3D%2214px%22%20height%3D%2212px%22%20viewBox%3D%220%200%2018%2015%22%20version%3D%221.1%22%20xmlns%3D%22http%3A%2F%2Fwww.w3.org%2F2000%2Fsvg%22%20xmlns%3Axlink%3D%22http%3A%2F%2Fwww.w3.org%2F1999%2Fxlink%22%3E%3Cpolygon%20id%3D%22Combined-Shape%22%20fill%3D%22%23ffffff%22%20points%3D%228.98762301%200%200%209.12771969%200%2014.519983%209%205.40479869%2018%2014.519983%2018%209.12771969%22%3E%3C%2Fpolygon%3E%3C%2Fsvg%3E&#039;);\"><\/div><\/div>\n\t\t<\/div> \n\t<\/div> \n<\/div><div class=\"dfd-row-bg-overlay\" style=\"opacity: 0.8;\"><\/div><\/div><div  class=\"vc-row-wrapper\" data-parallax_sense=\"30\"><div class=\"wpb_row row\" >\n\t<div class=\"six columns vc-column-extra-class-69ea4714bb21e\" data-parallax_sense=\"30\">\n\t\t<div class=\"wpb_wrapper\">\n\t\t\t\r\n\t<div class=\"wpb_single_image wpb_content_element vc_align_left\" >\r\n\t\t<div class=\"wpb_wrapper\">\r\n\t\t\t\r\n\t\t\t<div class=\"vc_single_image-wrapper   vc_box_border_grey\" ><img loading=\"lazy\" decoding=\"async\" width=\"1440\" height=\"1296\" src=\"https:\/\/roussillonfishing.com\/wp-content\/uploads\/2020\/03\/83690967_1507401962759716_3656060631200563200_o.jpg\" class=\"vc_single_image-img attachment-full\" alt=\"\" srcset=\"https:\/\/roussillonfishing.com\/wp-content\/uploads\/2020\/03\/83690967_1507401962759716_3656060631200563200_o.jpg 1440w, https:\/\/roussillonfishing.com\/wp-content\/uploads\/2020\/03\/83690967_1507401962759716_3656060631200563200_o-600x540.jpg 600w, https:\/\/roussillonfishing.com\/wp-content\/uploads\/2020\/03\/83690967_1507401962759716_3656060631200563200_o-300x270.jpg 300w, https:\/\/roussillonfishing.com\/wp-content\/uploads\/2020\/03\/83690967_1507401962759716_3656060631200563200_o-1024x922.jpg 1024w, https:\/\/roussillonfishing.com\/wp-content\/uploads\/2020\/03\/83690967_1507401962759716_3656060631200563200_o-768x691.jpg 768w\" sizes=\"auto, (max-width: 1440px) 100vw, 1440px\" \/><\/div>\r\n\t\t\t\r\n\t\t<\/div>\r\n\t<\/div>\r\n\n\t\t<\/div> \n\t<\/div> \n\n\t<div class=\"six columns vc-column-extra-class-69ea4714bbcbd vc_custom_1583441815606\" data-parallax_sense=\"30\">\n\t\t<div class=\"wpb_wrapper\">\n\t\t\t\n\t<div class=\"wpb_text_column wpb_content_element\" >\n\t\t<div class=\"wpb_wrapper\">\n\t\t\t<h2>Sea fishing sessions<\/h2>\n<p><span class=\"bold\">It is aboard the Catalina, open hull of 7m and its fully equipped 150hp that you will discover different techniques of fishing with lures or natural bait.<\/span>\u00a0The techniques of fishing at sea are varied and will be used according to the time of the year, the mood of the fishermen, but also that of the fish!<\/p>\n<p><span class=\"bold\">My pedagogy and my knowledge are there to initiate or perfect you in this sport \/ leisure.<\/span><\/p>\n<p>From the beaches of Canet, up to the Banyuls nature reserve, embark on unforgettable days of sea fishing.<\/p>\n\n\t\t<\/div> \n\t<\/div> \n<div class=\"vc-zigzag-wrapper vc-zigzag-align-center\"><div class=\"vc-zigzag-inner\" style=\"width: 100%;min-height: 14px;background: 0 repeat-x url(&#039;data:image\/svg+xml;utf-8,%3C%3Fxml%20version%3D%221.0%22%20encoding%3D%22utf-8%22%3F%3E%3C%21DOCTYPE%20svg%20PUBLIC%20%22-%2F%2FW3C%2F%2FDTD%20SVG%201.1%2F%2FEN%22%20%22http%3A%2F%2Fwww.w3.org%2FGraphics%2FSVG%2F1.1%2FDTD%2Fsvg11.dtd%22%3E%3Csvg%20width%3D%2214px%22%20height%3D%2212px%22%20viewBox%3D%220%200%2018%2015%22%20version%3D%221.1%22%20xmlns%3D%22http%3A%2F%2Fwww.w3.org%2F2000%2Fsvg%22%20xmlns%3Axlink%3D%22http%3A%2F%2Fwww.w3.org%2F1999%2Fxlink%22%3E%3Cpolygon%20id%3D%22Combined-Shape%22%20fill%3D%22%23ffffff%22%20points%3D%228.98762301%200%200%209.12771969%200%2014.519983%209%205.40479869%2018%2014.519983%2018%209.12771969%22%3E%3C%2Fpolygon%3E%3C%2Fsvg%3E&#039;);\"><\/div><\/div>\n<div class=\"vc-zigzag-wrapper vc-zigzag-align-center\"><div class=\"vc-zigzag-inner\" style=\"width: 100%;min-height: 14px;background: 0 repeat-x url(&#039;data:image\/svg+xml;utf-8,%3C%3Fxml%20version%3D%221.0%22%20encoding%3D%22utf-8%22%3F%3E%3C%21DOCTYPE%20svg%20PUBLIC%20%22-%2F%2FW3C%2F%2FDTD%20SVG%201.1%2F%2FEN%22%20%22http%3A%2F%2Fwww.w3.org%2FGraphics%2FSVG%2F1.1%2FDTD%2Fsvg11.dtd%22%3E%3Csvg%20width%3D%2214px%22%20height%3D%2212px%22%20viewBox%3D%220%200%2018%2015%22%20version%3D%221.1%22%20xmlns%3D%22http%3A%2F%2Fwww.w3.org%2F2000%2Fsvg%22%20xmlns%3Axlink%3D%22http%3A%2F%2Fwww.w3.org%2F1999%2Fxlink%22%3E%3Cpolygon%20id%3D%22Combined-Shape%22%20fill%3D%22%23ffffff%22%20points%3D%228.98762301%200%200%209.12771969%200%2014.519983%209%205.40479869%2018%2014.519983%2018%209.12771969%22%3E%3C%2Fpolygon%3E%3C%2Fsvg%3E&#039;);\"><\/div><\/div><div id=\"dfd-button-gradient69ea4714bbf89-709\" class=\"dfd-button-gradient-module-wrap\"><div class=\"dfd-button-module  style-2 normal text-center with-icon\" ><a href=\"http:\/\/roussillonfishing.com\/en\/prestations-peche-en-mer\/\" title=\"Sea fishing sessions\"  class=\"dfd-button-link  dfd-fade\"><span class=\"dfd-button-inner-cover\"><span class=\"icon-wrap\"><i class=\"featured-icon fas fa-angle-right\"><\/i><\/span><span class=\"dfd-button-text-main\" style=\"\">Discover all sessions<\/span><span class=\"dfd-button-border\"><\/span><\/span><\/a><\/div><\/div>\n\t\t<\/div> \n\t<\/div> \n<\/div><div class=\"dfd-row-bg-overlay\" style=\"opacity: 0.8;\"><\/div><\/div><div  class=\"vc-row-wrapper vc_custom_1583442153669\" data-parallax_sense=\"30\"><div class=\"wpb_row row\" >\n\t<div class=\"twelve columns vc-column-extra-class-69ea4714bc319\" data-parallax_sense=\"30\">\n\t\t<div class=\"wpb_wrapper\">\n\t\t\t<div class=\"dfd-delimier-main-wrapper\" ><div id=\"dfd-delimiter-69ea4714bc3cf-2976\"  class=\"dfd-delimier-wrapper dfd-delimiter-with-line\"  style='text-align:left; ' ><span><span class=\"line\" style=\"border-bottom-width:1px; border-bottom-style:dashed; \"><\/span><\/span><\/div><\/div>\n\t\t<\/div> \n\t<\/div> \n<\/div><div class=\"dfd-row-bg-overlay\" style=\"opacity: 0.8;\"><\/div><\/div><div  class=\"vc-row-wrapper vc-row-responsive-69ea4714bc57c\" data-parallax_sense=\"30\"><div class=\"wpb_row row\" >\n\t<div class=\"six columns vc-column-extra-class-69ea4714bc701\" data-parallax_sense=\"30\">\n\t\t<div class=\"wpb_wrapper\">\n\t\t\t\n\t<div class=\"wpb_text_column wpb_content_element\" >\n\t\t<div class=\"wpb_wrapper\">\n\t\t\t<h2>Freshwater fishing<\/h2>\n<p>Throughout the year I present my recreational fishing and environmental education activities in the Eastern Pyrenees in fresh water.<br \/>\nThese events take place within 15 min from<span class=\"bold\">\u00a0Perpignan (Villeneuve de La Raho, St Cyprien or Canet).<\/span><\/p>\n<p>We can also go fishing for Catalan freshwater predators, on bodies of water, rivers, and mouths.<\/p>\n<p>The fisheries network of the department is rich, we will take advantage of the currents of Agly, T\u00eat or Tech and will survey water bodies such as the lake of Villeneuve de la Raho, Vin\u00e7a and Caramany.<\/p>\n<p>I will bring you advice and tips to help you better progress, improve and have maximum results and pleasure over time and water.<\/p>\n\n\t\t<\/div> \n\t<\/div> \n\t\t<\/div> \n\t<\/div> \n\n\t<div class=\"six columns vc-column-extra-class-69ea4714bc8d1 vc_custom_1586508333775\" data-parallax_sense=\"30\">\n\t\t<div class=\"wpb_wrapper\">\n\t\t\t\r\n\t<div class=\"wpb_single_image wpb_content_element vc_align_left  vc_custom_1586508276349\" >\r\n\t\t<div class=\"wpb_wrapper\">\r\n\t\t\t\r\n\t\t\t<div class=\"vc_single_image-wrapper   vc_box_border_grey\" ><img loading=\"lazy\" decoding=\"async\" width=\"750\" height=\"660\" src=\"https:\/\/roussillonfishing.com\/wp-content\/uploads\/2020\/04\/roussillon-fishing-eau-douce.jpg\" class=\"vc_single_image-img attachment-full\" alt=\"roussillon-fishing-eau-douce\" srcset=\"https:\/\/roussillonfishing.com\/wp-content\/uploads\/2020\/04\/roussillon-fishing-eau-douce.jpg 750w, https:\/\/roussillonfishing.com\/wp-content\/uploads\/2020\/04\/roussillon-fishing-eau-douce-600x528.jpg 600w, https:\/\/roussillonfishing.com\/wp-content\/uploads\/2020\/04\/roussillon-fishing-eau-douce-300x264.jpg 300w\" sizes=\"auto, (max-width: 750px) 100vw, 750px\" \/><\/div>\r\n\t\t\t\r\n\t\t<\/div>\r\n\t<\/div>\r\n\n\t\t<\/div> \n\t<\/div> \n<\/div><div class=\"dfd-row-bg-overlay\" style=\"opacity: 0.8;\"><\/div><script type=\"text\/javascript\">(function($) {$(\"head\").append(\"<style>@media (max-width: 799px){.vc-row-wrapper.vc-row-responsive-69ea4714bc57c{padding-left: 10px !important;padding-right: 10px !important;}}<\/style>\");})(jQuery);<\/script><\/div><div  class=\"vc-row-wrapper\" data-parallax_sense=\"30\"><div class=\"wpb_row row\" >\n\t<div class=\"six columns vc-column-extra-class-69ea4714bd54f\" data-parallax_sense=\"30\">\n\t\t<div class=\"wpb_wrapper\">\n\t\t\t<div id=\"dfd-button-gradient69ea4714bd628-3522\" class=\"dfd-button-gradient-module-wrap\"><div class=\"dfd-button-module  style-2 normal text-center with-icon\" ><a href=\"http:\/\/roussillonfishing.com\/en\/prestations-peche-en-eau-douce\/\" title=\"Freshwater fishing\"  class=\"dfd-button-link  dfd-fade\"><span class=\"dfd-button-inner-cover\"><span class=\"icon-wrap\"><i class=\"featured-icon fas fa-angle-right\"><\/i><\/span><span class=\"dfd-button-text-main\" style=\"\">Discover all sessions<\/span><span class=\"dfd-button-border\"><\/span><\/span><\/a><\/div><\/div>\n\t\t<\/div> \n\t<\/div> \n\n\t<div class=\"six columns vc-column-extra-class-69ea4714bd727\" data-parallax_sense=\"30\">\n\t\t<div class=\"wpb_wrapper\">\n\t\t\t\n\t\t<\/div> \n\t<\/div> \n<\/div><div class=\"dfd-row-bg-overlay\" style=\"opacity: 0.8;\"><\/div><\/div>","protected":false},"excerpt":{"rendered":"Venez les mains dans les poches, d\u00e9couvrir, apprendre, vous initier ou vous perfectionner \u00e0 la p\u00eache de loisir et sportive en M\u00e9diterran\u00e9e. P\u00eache en mer C\u2019est \u00e0 bord du Catalina,","protected":false},"author":1,"featured_media":242,"parent":0,"menu_order":0,"comment_status":"closed","ping_status":"closed","template":"","meta":{"footnotes":""},"class_list":["post-20","page","type-page","status-publish","has-post-thumbnail","hentry"],"yoast_head":"<!-- This site is optimized with the Yoast SEO plugin v27.4 - https:\/\/yoast.com\/product\/yoast-seo-wordpress\/ -->\n<title>Prestations - D\u00e9couvrez toutes mes prestations - Roussillon Fishing<\/title>\n<meta name=\"description\" content=\"Venez, les mains dans les poches, d\u00e9couvrir, apprendre, vous initier ou vous perfectionner \u00e0 la p\u00eache de loisir et sportive en M\u00e9diterran\u00e9e.\" \/>\n<meta name=\"robots\" content=\"index, follow, max-snippet:-1, max-image-preview:large, max-video-preview:-1\" \/>\n<link rel=\"canonical\" href=\"https:\/\/roussillonfishing.com\/en\/prestations-roussillon-fishing\/\" \/>\n<meta property=\"og:locale\" content=\"en_GB\" \/>\n<meta property=\"og:type\" content=\"article\" \/>\n<meta property=\"og:title\" content=\"Prestations - D\u00e9couvrez toutes mes prestations - Roussillon Fishing\" \/>\n<meta property=\"og:description\" content=\"Venez, les mains dans les poches, d\u00e9couvrir, apprendre, vous initier ou vous perfectionner \u00e0 la p\u00eache de loisir et sportive en M\u00e9diterran\u00e9e.\" \/>\n<meta property=\"og:url\" content=\"https:\/\/roussillonfishing.com\/en\/prestations-roussillon-fishing\/\" \/>\n<meta property=\"og:site_name\" content=\"Roussillon Fishing\" \/>\n<meta property=\"article:publisher\" content=\"https:\/\/www.facebook.com\/Samuel.Elgrishi.Fishing.Guide.Instructor\/\" \/>\n<meta property=\"article:modified_time\" content=\"2023-08-26T22:10:18+00:00\" \/>\n<meta property=\"og:image\" content=\"https:\/\/roussillonfishing.com\/wp-content\/uploads\/2020\/04\/Roussillon-Fishing-9J5A6266.jpg\" \/>\n\t<meta property=\"og:image:width\" content=\"1440\" \/>\n\t<meta property=\"og:image:height\" content=\"733\" \/>\n\t<meta property=\"og:image:type\" content=\"image\/jpeg\" \/>\n<meta name=\"twitter:card\" content=\"summary_large_image\" \/>\n<meta name=\"twitter:label1\" content=\"Estimated reading time\" \/>\n\t<meta name=\"twitter:data1\" content=\"3 minutes\" \/>\n<script type=\"application\/ld+json\" class=\"yoast-schema-graph\">{\"@context\":\"https:\\\/\\\/schema.org\",\"@graph\":[{\"@type\":\"WebPage\",\"@id\":\"https:\\\/\\\/roussillonfishing.com\\\/prestations-roussillon-fishing\",\"url\":\"https:\\\/\\\/roussillonfishing.com\\\/prestations-roussillon-fishing\",\"name\":\"Prestations - D\u00e9couvrez toutes mes prestations - Roussillon Fishing\",\"isPartOf\":{\"@id\":\"https:\\\/\\\/roussillonfishing.com\\\/en\\\/#website\"},\"primaryImageOfPage\":{\"@id\":\"https:\\\/\\\/roussillonfishing.com\\\/prestations-roussillon-fishing#primaryimage\"},\"image\":{\"@id\":\"https:\\\/\\\/roussillonfishing.com\\\/prestations-roussillon-fishing#primaryimage\"},\"thumbnailUrl\":\"https:\\\/\\\/roussillonfishing.com\\\/wp-content\\\/uploads\\\/2020\\\/04\\\/Roussillon-Fishing-9J5A6266.jpg\",\"datePublished\":\"2020-02-04T20:52:29+00:00\",\"dateModified\":\"2023-08-26T22:10:18+00:00\",\"description\":\"Venez, les mains dans les poches, d\u00e9couvrir, apprendre, vous initier ou vous perfectionner \u00e0 la p\u00eache de loisir et sportive en M\u00e9diterran\u00e9e.\",\"breadcrumb\":{\"@id\":\"https:\\\/\\\/roussillonfishing.com\\\/prestations-roussillon-fishing#breadcrumb\"},\"inLanguage\":\"en-GB\",\"potentialAction\":[{\"@type\":\"ReadAction\",\"target\":[\"https:\\\/\\\/roussillonfishing.com\\\/prestations-roussillon-fishing\"]}]},{\"@type\":\"ImageObject\",\"inLanguage\":\"en-GB\",\"@id\":\"https:\\\/\\\/roussillonfishing.com\\\/prestations-roussillon-fishing#primaryimage\",\"url\":\"https:\\\/\\\/roussillonfishing.com\\\/wp-content\\\/uploads\\\/2020\\\/04\\\/Roussillon-Fishing-9J5A6266.jpg\",\"contentUrl\":\"https:\\\/\\\/roussillonfishing.com\\\/wp-content\\\/uploads\\\/2020\\\/04\\\/Roussillon-Fishing-9J5A6266.jpg\",\"width\":1440,\"height\":733,\"caption\":\"Roussillon-Fishing-9J5A6266\"},{\"@type\":\"BreadcrumbList\",\"@id\":\"https:\\\/\\\/roussillonfishing.com\\\/prestations-roussillon-fishing#breadcrumb\",\"itemListElement\":[{\"@type\":\"ListItem\",\"position\":1,\"name\":\"Accueil\",\"item\":\"https:\\\/\\\/roussillonfishing.com\\\/\"},{\"@type\":\"ListItem\",\"position\":2,\"name\":\"Prestations\"}]},{\"@type\":\"WebSite\",\"@id\":\"https:\\\/\\\/roussillonfishing.com\\\/en\\\/#website\",\"url\":\"https:\\\/\\\/roussillonfishing.com\\\/en\\\/\",\"name\":\"Roussillon Fishing\",\"description\":\"Moniteur et Guide de p\u00eache dans Les Pyr\u00e9n\u00e9es Orientales\",\"potentialAction\":[{\"@type\":\"SearchAction\",\"target\":{\"@type\":\"EntryPoint\",\"urlTemplate\":\"https:\\\/\\\/roussillonfishing.com\\\/en\\\/?s={search_term_string}\"},\"query-input\":{\"@type\":\"PropertyValueSpecification\",\"valueRequired\":true,\"valueName\":\"search_term_string\"}}],\"inLanguage\":\"en-GB\"}]}<\/script>\n<!-- \/ Yoast SEO plugin. -->","yoast_head_json":{"title":"Prestations - D\u00e9couvrez toutes mes prestations - Roussillon Fishing","description":"Venez, les mains dans les poches, d\u00e9couvrir, apprendre, vous initier ou vous perfectionner \u00e0 la p\u00eache de loisir et sportive en M\u00e9diterran\u00e9e.","robots":{"index":"index","follow":"follow","max-snippet":"max-snippet:-1","max-image-preview":"max-image-preview:large","max-video-preview":"max-video-preview:-1"},"canonical":"https:\/\/roussillonfishing.com\/en\/prestations-roussillon-fishing\/","og_locale":"en_GB","og_type":"article","og_title":"Prestations - D\u00e9couvrez toutes mes prestations - Roussillon Fishing","og_description":"Venez, les mains dans les poches, d\u00e9couvrir, apprendre, vous initier ou vous perfectionner \u00e0 la p\u00eache de loisir et sportive en M\u00e9diterran\u00e9e.","og_url":"https:\/\/roussillonfishing.com\/en\/prestations-roussillon-fishing\/","og_site_name":"Roussillon Fishing","article_publisher":"https:\/\/www.facebook.com\/Samuel.Elgrishi.Fishing.Guide.Instructor\/","article_modified_time":"2023-08-26T22:10:18+00:00","og_image":[{"width":1440,"height":733,"url":"https:\/\/roussillonfishing.com\/wp-content\/uploads\/2020\/04\/Roussillon-Fishing-9J5A6266.jpg","type":"image\/jpeg"}],"twitter_card":"summary_large_image","twitter_misc":{"Estimated reading time":"3 minutes"},"schema":{"@context":"https:\/\/schema.org","@graph":[{"@type":"WebPage","@id":"https:\/\/roussillonfishing.com\/prestations-roussillon-fishing","url":"https:\/\/roussillonfishing.com\/prestations-roussillon-fishing","name":"Prestations - D\u00e9couvrez toutes mes prestations - Roussillon Fishing","isPartOf":{"@id":"https:\/\/roussillonfishing.com\/en\/#website"},"primaryImageOfPage":{"@id":"https:\/\/roussillonfishing.com\/prestations-roussillon-fishing#primaryimage"},"image":{"@id":"https:\/\/roussillonfishing.com\/prestations-roussillon-fishing#primaryimage"},"thumbnailUrl":"https:\/\/roussillonfishing.com\/wp-content\/uploads\/2020\/04\/Roussillon-Fishing-9J5A6266.jpg","datePublished":"2020-02-04T20:52:29+00:00","dateModified":"2023-08-26T22:10:18+00:00","description":"Venez, les mains dans les poches, d\u00e9couvrir, apprendre, vous initier ou vous perfectionner \u00e0 la p\u00eache de loisir et sportive en M\u00e9diterran\u00e9e.","breadcrumb":{"@id":"https:\/\/roussillonfishing.com\/prestations-roussillon-fishing#breadcrumb"},"inLanguage":"en-GB","potentialAction":[{"@type":"ReadAction","target":["https:\/\/roussillonfishing.com\/prestations-roussillon-fishing"]}]},{"@type":"ImageObject","inLanguage":"en-GB","@id":"https:\/\/roussillonfishing.com\/prestations-roussillon-fishing#primaryimage","url":"https:\/\/roussillonfishing.com\/wp-content\/uploads\/2020\/04\/Roussillon-Fishing-9J5A6266.jpg","contentUrl":"https:\/\/roussillonfishing.com\/wp-content\/uploads\/2020\/04\/Roussillon-Fishing-9J5A6266.jpg","width":1440,"height":733,"caption":"Roussillon-Fishing-9J5A6266"},{"@type":"BreadcrumbList","@id":"https:\/\/roussillonfishing.com\/prestations-roussillon-fishing#breadcrumb","itemListElement":[{"@type":"ListItem","position":1,"name":"Accueil","item":"https:\/\/roussillonfishing.com\/"},{"@type":"ListItem","position":2,"name":"Prestations"}]},{"@type":"WebSite","@id":"https:\/\/roussillonfishing.com\/en\/#website","url":"https:\/\/roussillonfishing.com\/en\/","name":"Roussillon Fishing","description":"Moniteur et Guide de p\u00eache dans Les Pyr\u00e9n\u00e9es Orientales","potentialAction":[{"@type":"SearchAction","target":{"@type":"EntryPoint","urlTemplate":"https:\/\/roussillonfishing.com\/en\/?s={search_term_string}"},"query-input":{"@type":"PropertyValueSpecification","valueRequired":true,"valueName":"search_term_string"}}],"inLanguage":"en-GB"}]}},"jetpack_sharing_enabled":true,"_links":{"self":[{"href":"https:\/\/roussillonfishing.com\/en\/wp-json\/wp\/v2\/pages\/20","targetHints":{"allow":["GET"]}}],"collection":[{"href":"https:\/\/roussillonfishing.com\/en\/wp-json\/wp\/v2\/pages"}],"about":[{"href":"https:\/\/roussillonfishing.com\/en\/wp-json\/wp\/v2\/types\/page"}],"author":[{"embeddable":true,"href":"https:\/\/roussillonfishing.com\/en\/wp-json\/wp\/v2\/users\/1"}],"replies":[{"embeddable":true,"href":"https:\/\/roussillonfishing.com\/en\/wp-json\/wp\/v2\/comments?post=20"}],"version-history":[{"count":4,"href":"https:\/\/roussillonfishing.com\/en\/wp-json\/wp\/v2\/pages\/20\/revisions"}],"predecessor-version":[{"id":1498,"href":"https:\/\/roussillonfishing.com\/en\/wp-json\/wp\/v2\/pages\/20\/revisions\/1498"}],"wp:featuredmedia":[{"embeddable":true,"href":"https:\/\/roussillonfishing.com\/en\/wp-json\/wp\/v2\/media\/242"}],"wp:attachment":[{"href":"https:\/\/roussillonfishing.com\/en\/wp-json\/wp\/v2\/media?parent=20"}],"curies":[{"name":"wp","href":"https:\/\/api.w.org\/{rel}","templated":true}]}}