{"id":24,"date":"2020-02-04T21:54:00","date_gmt":"2020-02-04T20:54:00","guid":{"rendered":"http:\/\/roussillonfishing.rodmaps.com\/?page_id=24"},"modified":"2023-08-26T22:10:06","modified_gmt":"2023-08-26T22:10:06","slug":"contact","status":"publish","type":"page","link":"https:\/\/roussillonfishing.com\/en\/contact","title":{"rendered":"Contact"},"content":{"rendered":"<div  class=\"vc-row-wrapper \" data-parallax_sense=\"30\"><div class=\"wpb_row row\" >\n\t<div class=\"eight columns vc-column-extra-class-69d4fad6bb931\" data-parallax_sense=\"30\">\n\t\t<div class=\"wpb_wrapper\">\n\t\t\t\n\t<div class=\"wpb_raw_code wpb_content_element wpb_raw_html\" >\n\t\t<div class=\"wpb_wrapper\">\n\t\t\t<iframe src=\"https:\/\/www.google.com\/maps\/embed?pb=!1m14!1m8!1m3!1d11744.626322511776!2d3.0361135!3d42.6156351!3m2!1i1024!2i768!4f13.1!3m3!1m2!1s0x0%3A0xe8f83e004c8a465b!2sRoussillon%20Fishing%20Moniteur%20et%20Guide%20de%20P%C3%AAche!5e0!3m2!1sen!2sfr!4v1622110180997!5m2!1sen!2sfr\" width=\"100%\" height=\"500\" style=\"border:0;\" allowfullscreen=\"\" loading=\"lazy\"><\/iframe>\n\t\t<\/div>\n\t<\/div>\n\n\t\t<\/div> \n\t<\/div> \n\n\t<div class=\"four columns vc-column-extra-class-69d4fad6bbb96 vc_custom_1583421085170\" data-parallax_sense=\"30\">\n\t\t<div class=\"wpb_wrapper\">\n\t\t\t\n\t<div class=\"wpb_text_column wpb_content_element \" >\n\t\t<div class=\"wpb_wrapper\">\n\t\t\t<div id=\"ultimate-heading5e6114b5a1e82\" class=\"uvc-heading dfd-delim-top heading-config-top dfd-disable-resposive-headings\" data-hspacer=\"no_spacer\" data-halign=\"center\">\n<div id=\"ultimate-heading5e6114b5a1e82\" class=\"uvc-heading dfd-delim-top heading-config-top dfd-disable-resposive-headings\" data-hspacer=\"no_spacer\" data-halign=\"center\">\n<h5 class=\"widget-title uvc-main-heading\" style=\"text-align: center;\">COORDONN\u00c9ES DU LIEU DE RENDEZ-VOUS :<\/h5>\n<\/div>\n<\/div>\n<div class=\"ult-spacer spacer-5e6114b5a1eaf\" style=\"text-align: center;\" data-id=\"5e6114b5a1eaf\" data-height=\"35\" data-height-mobile=\"35\" data-height-tab=\"35\"><\/div>\n<div id=\"ultimate-heading5e6114b5a1e82\" class=\"uvc-heading dfd-delim-top heading-config-top dfd-disable-resposive-headings\" data-hspacer=\"no_spacer\" data-halign=\"center\">\n<div class=\"wpb_text_column wpb_content_element \" style=\"text-align: center;\">\n<div class=\"wpb_wrapper\">\n<p><strong>Adresse:<\/strong><\/p>\n<p><strong><span class=\"LrzXr\">Rue Marc Antoine Charpentier<\/span><\/strong><br \/>\n<strong>Ponton N<\/strong><\/p>\n<p>66750<\/p>\n<p>St Cyprien &#8211; plage<\/p>\n<hr \/>\n<h5><strong>T\u00c9L\u00c9PHONE:<\/strong><\/h5>\n<h5>06 23 78 33 16<\/h5>\n<hr \/>\n<h5><strong>EMAIL:<\/strong><\/h5>\n<h6><a href=\"mailto:contact@roussillonfishing.com\">contact@roussillonfishing.com<\/a><\/h6>\n<\/div>\n<\/div>\n<p style=\"text-align: center;\"><\/div>\n\n\t\t<\/div> \n\t<\/div> \n\t\t<\/div> \n\t<\/div> \n<\/div><div class=\"dfd-row-bg-overlay\" style=\"opacity: 0.8;\"><\/div><\/div><div  class=\"vc-row-wrapper \" data-parallax_sense=\"30\"><div class=\"wpb_row row\" >\n\t<div class=\"twelve columns vc-column-extra-class-69d4fad6bc09e\" data-parallax_sense=\"30\">\n\t\t<div class=\"wpb_wrapper\">\n\t\t\t\n\t<div class=\"wpb_text_column wpb_content_element  vc_custom_1583421155110\" >\n\t\t<div class=\"wpb_wrapper\">\n\t\t\t<h5 class=\"widget-title uvc-main-heading\" style=\"text-align: center;\">CONTACTEZ-MOI<\/h5>\n<div class=\"uvc-sub-heading\">\n<h3 class=\"widget-sub-title\" style=\"text-align: center;\">Je serai ravi de r\u00e9pondre \u00e0 vos questions<\/h3>\n<\/div>\n\n\t\t<\/div> \n\t<\/div> \n\t\t<\/div> \n\t<\/div> \n<\/div><div class=\"dfd-row-bg-overlay\" style=\"opacity: 0.8;\"><\/div><\/div><div  class=\"vc-row-wrapper full_width_content\" data-parallax_sense=\"30\"><div class=\"wpb_row row\" >\n\t<div class=\"twelve columns vc-column-extra-class-69d4fad6bc46e vc_custom_1583421333106\" data-parallax_sense=\"30\">\n\t\t<div class=\"wpb_wrapper\">\n\t\t\t<script type=\"text\/javascript\">\r\n\t(function($){\r\n\t\ttry {\r\n\t\t\tglobal_dfd.init($)\r\n\t\t\tdfdreCaptcha.el = [\r\n\t\t\t];\r\n\t\t\tdfdreCaptcha.widgets = [\r\n\t\t\t];\r\n\t\t\tdfdreCaptcha.show();\r\n\r\n\t\t\t$('form.wpcf7-form select').dropkick();\r\n\t\t} catch(e) {\r\n\t\t}\r\n\t\t$('head').append('<style type=\"text\/css\">#cf_69d4fad6bc884 .form_button .dfd-cf-border-decoration {border-radius:2px;}#cf_69d4fad6bc884 .border-right {border-right: none !important;}#cf_69d4fad6bc884 .border-bottom {border-bottom: none !important;}#cf_69d4fad6bc884 .border-right {border-right-style: solid;}#cf_69d4fad6bc884 .border-bottom {border-bottom-style: solid;}#cf_69d4fad6bc884 .border-right {border-right-color: #e8e8e8;}#cf_69d4fad6bc884 .border-bottom {border-bottom-color: #e8e8e8;}#cf_69d4fad6bc884 .dfd-contact-form-style-1 .border-bottom {border: none;}#cf_69d4fad6bc884 p:not(.form_button) {margin-bottom: 15px;}#cf_69d4fad6bc884 .dfd-contact-form-style-1 textarea {border:transparent;padding-left: 0px;}#cf_69d4fad6bc884 .dfd-contact-form-style-1 .box {margin-bottom: 11px;}#cf_69d4fad6bc884 .dfd-contact-form-style-compact p.last {margin-bottom: 0px;} #cf_69d4fad6bc884 .dfd-half-size {width:50%;}#cf_69d4fad6bc884 .padding-left {padding-right: 10px;}#cf_69d4fad6bc884 .padding-right {padding-left: 10px;}#cf_69d4fad6bc884 .padding-center {padding:0 10px;}#cf_69d4fad6bc884 .dfd-contact-form-style-1 .right-border {background: #e8e8e8;z-index: 34;}#cf_69d4fad6bc884 .dfd-contact-form-style-1 .top-border {background: #e8e8e8;z-index: 34;}#cf_69d4fad6bc884 .dfd-contact-form-style-1 .left-border {background: #e8e8e8;z-index: 34;}#cf_69d4fad6bc884 span.wpcf7-form-control-wrap span:not(&quot;.req_text&quot;) {color:#565656;min-height:54px;height:54px;display: table;vertical-align: middle;width: 100%;}#cf_69d4fad6bc884 span.wpcf7-form-control-wrap .label_text span:last-child {display: block;margin-top: 5px;}#cf_69d4fad6bc884 .dfd-contact-form-style-compact .margin-left-1 .checkboxgroup {left: -px;bottom: -px;border-left: px solid #e8e8e8;}#cf_69d4fad6bc884 .dfd-contact-form-style-1 .wpcf7-form-control-wrap {border-bottom: 1px solid #e8e8e8;}#cf_69d4fad6bc884 .container {;width: 100%;}#cf_69d4fad6bc884 input, #cf_69d4fad6bc884 textarea {font-size: px;}#cf_69d4fad6bc884 .dfd-contact-form-style-compact .checkboxgroup {padding-left: 15px;}#cf_69d4fad6bc884 .checkboxgroup {display: table-cell;vertical-align: middle;height: 49px;position: relative;}#cf_69d4fad6bc884 .checkbox input[type=\\'checkbox\\'] {margin-right: 28px;min-height: 49px;}#cf_69d4fad6bc884 .checkbox input[type=\\'checkbox\\']:before {}#cf_69d4fad6bc884 .checkbox input[type=\\'radio\\'] {margin-right: 15px;min-height: 44px;}#cf_69d4fad6bc884 .checkbox input {border:none;background: none !important;}#cf_69d4fad6bc884 .checkbox {display: inline-table;vertical-align: middle;padding-right: 12px;} .checkbox input {top: 0px;}#cf_69d4fad6bc884 .checkbox .c_value {display: table-cell;height:49px;vertical-align: middle;}#cf_69d4fad6bc884 .checkbox .c_value label {height:49px;display: table-cell;vertical-align: middle;font-weight: inherit;}#cf_69d4fad6bc884 .border-left {border-left-style: solid;border-left-width: px;border-left-color: #e8e8e8;}#cf_69d4fad6bc884 .border-top {border-top-style: solid;border-top-width: px;border-top-color: #e8e8e8;}#cf_69d4fad6bc884 p input, #cf_69d4fad6bc884 p textarea { border-style:solid;margin-bottom: 0px;border-width: 1px;background-color: #f5f5f5;border-radius: 2px;position :relative;color:#565656;border-color: #e8e8e8;z-index:0;min-height: 49px;}#cf_69d4fad6bc884.preset1 .label_text label:first-child {}#cf_69d4fad6bc884 .checkbox span {font-weight: 400;}#cf_69d4fad6bc884 ::-webkit-input-placeholder, #cf_69d4fad6bc884 ::placeholder {}#cf_69d4fad6bc884 :-moz-placeholder {}#cf_69d4fad6bc884 :focus::-webkit-input-placeholder {color: transparent;}:focus:-moz-placeholder { color: transparent; }\u200b:focus::-moz-placeholder { color: transparent; }\u200b:focus:-ms-input-placeholder { color: transparent; }#cf_69d4fad6bc884 input[type=&quot;checkbox&quot;] {float: none;top: inherit;}#cf_69d4fad6bc884 .radio_el {text-align: center;width: 100%;display: block;}#cf_69d4fad6bc884 .radio_el label {margin-right: 8px;}#cf_69d4fad6bc884iframe {margin: 0 auto;display: block;}#cf_69d4fad6bc884.captcha div {width: 100% !important;}#cf_69d4fad6bc884.reloadCap {margin: 0 auto;display: block;text-align: center;cursor: pointer;color: rgb(152, 155, 168);transition: color 0.4s;display: block;}#cf_69d4fad6bc884 p span.reloadCap:hover {color: rgb(39, 40, 42);cursor: pointer;}.checkbox input {float: left;}#cf_69d4fad6bc884 .wpcf7-submit {float:left;line-height: 0;width: 100%;text-align: center;margin-top: 0px;font-weight: 400;padding: 15px 20px 15px 20px;background-color: #bc9b72;transition: all 0.4s;color: #ffffff;height: 48px;text-transform:inherit;font-size:13px;letter-spacing:0px;border-width:1px;border-color:#bc9b72;border-style:solid;border-radius:2px;style=&quot;&quot;}#cf_69d4fad6bc884 input:hover.wpcf7-submit {background-color: #9f8465;color: #ffffff;border-color:#9f8465;}#cf_69d4fad6bc884 .dk-selected { border-style:solid;position: relative;background-color: #f5f5f5;border-radius: 2px;border-color: #e8e8e8;border-width: 1px;}#cf_69d4fad6bc884 .dk_container { border-style:solid;position: relative;z-index: 1;background-color: #f5f5f5;margin-bottom: 0px;vertical-align: middle;display: table-cell !important;border-radius: 2px;margin-top: 0px;width: 100%;}#cf_69d4fad6bc884 .dk_container a,#cf_69d4fad6bc884 .dk-select a {}#cf_69d4fad6bc884 .dk_container .dk_toggle {height: 47px;line-height: 21px;color:#565656;}#cf_69d4fad6bc884 img.ajax-loader {float: right;top: 19px;right: 5px;position: absolute;z-index: 59;border: none !important;} #cf_69d4fad6bc884 .wpcf7-response-output {margin: 0;}#cf_69d4fad6bc884 .recaptcha {margin-top: 6px;}<\/style>');\r\n\t})(jQuery);\r\n<\/script>\r\n\r\n\t\t<div class=\"wpb_wrapper \" >\r\n\t\t\t<div class=\"wpcf7\">\r\n\t\t\t\t<div class=\"\">\r\n\t\t\t\t\t<form action=\"\" method=\"post\" id=\"cf_69d4fad6bc884\" class=\"wpcf7-form dfd_contact_form preset1  hover_style_input2_simple  cf_69d4fad6bc884\" >\r\n\t\t\t\t\t\t<div class=\"container\">\r\n\t\t\t\t\t\t\t\t\t\t\t\t\t\t<div class=\"\">\r\n\t\t\t\t\t\t\t\t\r\n<input type='hidden' name='template' value='forms_01'><input type='hidden' name='formid' value='69d4fad6bc884'><input type=\"hidden\" id=\"dfd_nonce_69d4fad6bc884\" name=\"dfd_nonce_69d4fad6bc884\" value=\"6d09aefdf3\" \/><input type=\"hidden\" name=\"_wp_http_referer\" value=\"\/en\/wp-json\/wp\/v2\/pages\/24\" \/>\r\n<div class=\"box\">\r\n    <p class=\"border-bottom\">\r\n        <span class=\"wpcf7-form-control-wrap \">\r\n            <span class=\"label_text\"><label>Nom<\/label><span><input type=\"text\" name=\"text_name-1\" value=\"\" >\r\n        <\/span> \r\n    <\/p>\r\n    <div class=\"clear\"><\/div>\r\n    <p class=\"border-bottom\">\r\n        <span class=\"wpcf7-form-control-wrap \">\r\n            <span class=\"label_text\"><label>Email<\/label><span class='req_text'>*<\/span><span><input type=\"text\" name=\"email-2\" value=\"\" >\r\n        <\/span>\r\n    <\/p>\r\n    <div class=\"clear\"><\/div>\r\n    <p class=\"border-bottom\">\r\n        <span class=\"wpcf7-form-control-wrap \">\r\n            <span class=\"label_text\"><label>Sujet<\/label><span><input type=\"text\" name=\"text_name-3\" value=\"\" >\r\n        <\/span>\r\n    <\/p>\r\n    <div class=\"clear\"><\/div>\r\n    <p class=\"border-bottom last\">\r\n        <span class=\"wpcf7-form-control-wrap\">\r\n            <span class=\"label_text\"><label>Message<\/label><span><textarea  rows=\"10\"  name=\"textarea_name-4\" ><\/textarea>\r\n        <\/span>\r\n    <\/p>   \r\n    <div class=\"clear\"><\/div>\r\n\r\n<\/div>\r\n\r\n\r\n\r\n\r\n\t\t\t\t<p class=\"dfd-third-size form_button\" style=\"\">\r\n\t\t\t\t\t\t<input type=\"submit\" value=\"ENVOYER\" class=\"wpcf7-submit\">\r\n\t\t<\/p>\r\n\t\t<div class=\"clear\"><\/div>\r\n\t\t\t\t\t\t\t\t\t<\/div>\r\n\t\t\t\t\t\t<\/div>\r\n\t\t\t\t\t\t\t\t\t\t\t\t\t\t\t\t<div class=\"wpcf7-response-output wpcf7-display-none wpcf7-validation-errors\"><\/div>\r\n\t\t\t\t\t<\/form>\r\n\t\t\t\t<\/div>\r\n\t\t\t<\/div>\r\n\t\t<\/div>\r\n\t\t\n\t\t<\/div> \n\t<\/div> \n<\/div><div class=\"dfd-row-bg-overlay\" style=\"opacity: 0.8;\"><\/div><\/div><div  class=\"vc-row-wrapper \" data-parallax_sense=\"30\"><div class=\"wpb_row row\" >\n\t<div class=\"twelve columns vc-column-extra-class-69d4fad6bd01d\" data-parallax_sense=\"30\">\n\t\t<div class=\"wpb_wrapper\">\n\t\t\t\r\n\t<div class=\"wpb_single_image wpb_content_element vc_align_center  cr-animate-gen\" data-animate-type = \"transition.fadeIn\" >\r\n\t\t<div class=\"wpb_wrapper\">\r\n\t\t\t\r\n\t\t\t<div class=\"vc_single_image-wrapper   vc_box_border_grey \" ><img loading=\"lazy\" decoding=\"async\" width=\"300\" height=\"198\" src=\"https:\/\/roussillonfishing.com\/wp-content\/uploads\/2023\/08\/FFMGP-300x198.jpg\" class=\"vc_single_image-img attachment-medium\" alt=\"F\u00e9d\u00e9ration Fran\u00e7aise des Moniteurs et Guides de P\u00eache\" srcset=\"https:\/\/roussillonfishing.com\/wp-content\/uploads\/2023\/08\/FFMGP-300x198.jpg 300w, https:\/\/roussillonfishing.com\/wp-content\/uploads\/2023\/08\/FFMGP-768x506.jpg 768w, https:\/\/roussillonfishing.com\/wp-content\/uploads\/2023\/08\/FFMGP-18x12.jpg 18w, https:\/\/roussillonfishing.com\/wp-content\/uploads\/2023\/08\/FFMGP-600x396.jpg 600w, https:\/\/roussillonfishing.com\/wp-content\/uploads\/2023\/08\/FFMGP.jpg 1024w\" sizes=\"auto, (max-width: 300px) 100vw, 300px\" \/><\/div>\r\n\t\t\t\r\n\t\t<\/div>\r\n\t<\/div>\r\n\n\t\t<\/div> \n\t<\/div> \n<\/div><div class=\"dfd-row-bg-overlay\" style=\"opacity: 0.8;\"><\/div><\/div>\n","protected":false},"excerpt":{"rendered":"COORDONN\u00c9ES DU LIEU DE RENDEZ-VOUS : Adresse: Rue Marc Antoine Charpentier Ponton N 66750 St Cyprien - plage T\u00c9L\u00c9PHONE: 06 23 78 33 16 EMAIL: contact@roussillonfishing.com CONTACTEZ-MOI Je serai ravi","protected":false},"author":1,"featured_media":89,"parent":0,"menu_order":0,"comment_status":"closed","ping_status":"closed","template":"","meta":{"footnotes":""},"class_list":["post-24","page","type-page","status-publish","has-post-thumbnail","hentry"],"yoast_head":"<!-- This site is optimized with the Yoast SEO plugin v27.3 - https:\/\/yoast.com\/product\/yoast-seo-wordpress\/ -->\n<title>Contact - Roussillon Fishing<\/title>\n<meta name=\"robots\" content=\"index, follow, max-snippet:-1, max-image-preview:large, max-video-preview:-1\" \/>\n<link rel=\"canonical\" href=\"https:\/\/roussillonfishing.com\/en\/contact\/\" \/>\n<meta property=\"og:locale\" content=\"en_GB\" \/>\n<meta property=\"og:type\" content=\"article\" \/>\n<meta property=\"og:title\" content=\"Contact - Roussillon Fishing\" \/>\n<meta property=\"og:url\" content=\"https:\/\/roussillonfishing.com\/en\/contact\/\" \/>\n<meta property=\"og:site_name\" content=\"Roussillon Fishing\" \/>\n<meta property=\"article:publisher\" content=\"https:\/\/www.facebook.com\/Samuel.Elgrishi.Fishing.Guide.Instructor\/\" \/>\n<meta property=\"article:modified_time\" content=\"2023-08-26T22:10:06+00:00\" \/>\n<meta property=\"og:image\" content=\"https:\/\/roussillonfishing.com\/wp-content\/uploads\/2020\/02\/76227711_1421706881329225_4390953510053609472_o.jpg\" \/>\n\t<meta property=\"og:image:width\" content=\"1944\" \/>\n\t<meta property=\"og:image:height\" content=\"1296\" \/>\n\t<meta property=\"og:image:type\" content=\"image\/jpeg\" \/>\n<meta name=\"twitter:card\" content=\"summary_large_image\" \/>\n<meta name=\"twitter:label1\" content=\"Estimated reading time\" \/>\n\t<meta name=\"twitter:data1\" content=\"1 minute\" \/>\n<script type=\"application\/ld+json\" class=\"yoast-schema-graph\">{\"@context\":\"https:\\\/\\\/schema.org\",\"@graph\":[{\"@type\":\"WebPage\",\"@id\":\"https:\\\/\\\/roussillonfishing.com\\\/contact\",\"url\":\"https:\\\/\\\/roussillonfishing.com\\\/contact\",\"name\":\"Contact - Roussillon Fishing\",\"isPartOf\":{\"@id\":\"https:\\\/\\\/roussillonfishing.com\\\/en\\\/#website\"},\"primaryImageOfPage\":{\"@id\":\"https:\\\/\\\/roussillonfishing.com\\\/contact#primaryimage\"},\"image\":{\"@id\":\"https:\\\/\\\/roussillonfishing.com\\\/contact#primaryimage\"},\"thumbnailUrl\":\"https:\\\/\\\/roussillonfishing.com\\\/wp-content\\\/uploads\\\/2020\\\/02\\\/76227711_1421706881329225_4390953510053609472_o.jpg\",\"datePublished\":\"2020-02-04T20:54:00+00:00\",\"dateModified\":\"2023-08-26T22:10:06+00:00\",\"breadcrumb\":{\"@id\":\"https:\\\/\\\/roussillonfishing.com\\\/contact#breadcrumb\"},\"inLanguage\":\"en-GB\",\"potentialAction\":[{\"@type\":\"ReadAction\",\"target\":[\"https:\\\/\\\/roussillonfishing.com\\\/contact\"]}]},{\"@type\":\"ImageObject\",\"inLanguage\":\"en-GB\",\"@id\":\"https:\\\/\\\/roussillonfishing.com\\\/contact#primaryimage\",\"url\":\"https:\\\/\\\/roussillonfishing.com\\\/wp-content\\\/uploads\\\/2020\\\/02\\\/76227711_1421706881329225_4390953510053609472_o.jpg\",\"contentUrl\":\"https:\\\/\\\/roussillonfishing.com\\\/wp-content\\\/uploads\\\/2020\\\/02\\\/76227711_1421706881329225_4390953510053609472_o.jpg\",\"width\":1944,\"height\":1296,\"caption\":\"Contact Roussillon Fishing\"},{\"@type\":\"BreadcrumbList\",\"@id\":\"https:\\\/\\\/roussillonfishing.com\\\/contact#breadcrumb\",\"itemListElement\":[{\"@type\":\"ListItem\",\"position\":1,\"name\":\"Accueil\",\"item\":\"https:\\\/\\\/roussillonfishing.com\\\/\"},{\"@type\":\"ListItem\",\"position\":2,\"name\":\"Contact\"}]},{\"@type\":\"WebSite\",\"@id\":\"https:\\\/\\\/roussillonfishing.com\\\/en\\\/#website\",\"url\":\"https:\\\/\\\/roussillonfishing.com\\\/en\\\/\",\"name\":\"Roussillon Fishing\",\"description\":\"Moniteur et Guide de p\u00eache dans Les Pyr\u00e9n\u00e9es Orientales\",\"potentialAction\":[{\"@type\":\"SearchAction\",\"target\":{\"@type\":\"EntryPoint\",\"urlTemplate\":\"https:\\\/\\\/roussillonfishing.com\\\/en\\\/?s={search_term_string}\"},\"query-input\":{\"@type\":\"PropertyValueSpecification\",\"valueRequired\":true,\"valueName\":\"search_term_string\"}}],\"inLanguage\":\"en-GB\"}]}<\/script>\n<!-- \/ Yoast SEO plugin. -->","yoast_head_json":{"title":"Contact - Roussillon Fishing","robots":{"index":"index","follow":"follow","max-snippet":"max-snippet:-1","max-image-preview":"max-image-preview:large","max-video-preview":"max-video-preview:-1"},"canonical":"https:\/\/roussillonfishing.com\/en\/contact\/","og_locale":"en_GB","og_type":"article","og_title":"Contact - Roussillon Fishing","og_url":"https:\/\/roussillonfishing.com\/en\/contact\/","og_site_name":"Roussillon Fishing","article_publisher":"https:\/\/www.facebook.com\/Samuel.Elgrishi.Fishing.Guide.Instructor\/","article_modified_time":"2023-08-26T22:10:06+00:00","og_image":[{"width":1944,"height":1296,"url":"https:\/\/roussillonfishing.com\/wp-content\/uploads\/2020\/02\/76227711_1421706881329225_4390953510053609472_o.jpg","type":"image\/jpeg"}],"twitter_card":"summary_large_image","twitter_misc":{"Estimated reading time":"1 minute"},"schema":{"@context":"https:\/\/schema.org","@graph":[{"@type":"WebPage","@id":"https:\/\/roussillonfishing.com\/contact","url":"https:\/\/roussillonfishing.com\/contact","name":"Contact - Roussillon Fishing","isPartOf":{"@id":"https:\/\/roussillonfishing.com\/en\/#website"},"primaryImageOfPage":{"@id":"https:\/\/roussillonfishing.com\/contact#primaryimage"},"image":{"@id":"https:\/\/roussillonfishing.com\/contact#primaryimage"},"thumbnailUrl":"https:\/\/roussillonfishing.com\/wp-content\/uploads\/2020\/02\/76227711_1421706881329225_4390953510053609472_o.jpg","datePublished":"2020-02-04T20:54:00+00:00","dateModified":"2023-08-26T22:10:06+00:00","breadcrumb":{"@id":"https:\/\/roussillonfishing.com\/contact#breadcrumb"},"inLanguage":"en-GB","potentialAction":[{"@type":"ReadAction","target":["https:\/\/roussillonfishing.com\/contact"]}]},{"@type":"ImageObject","inLanguage":"en-GB","@id":"https:\/\/roussillonfishing.com\/contact#primaryimage","url":"https:\/\/roussillonfishing.com\/wp-content\/uploads\/2020\/02\/76227711_1421706881329225_4390953510053609472_o.jpg","contentUrl":"https:\/\/roussillonfishing.com\/wp-content\/uploads\/2020\/02\/76227711_1421706881329225_4390953510053609472_o.jpg","width":1944,"height":1296,"caption":"Contact Roussillon Fishing"},{"@type":"BreadcrumbList","@id":"https:\/\/roussillonfishing.com\/contact#breadcrumb","itemListElement":[{"@type":"ListItem","position":1,"name":"Accueil","item":"https:\/\/roussillonfishing.com\/"},{"@type":"ListItem","position":2,"name":"Contact"}]},{"@type":"WebSite","@id":"https:\/\/roussillonfishing.com\/en\/#website","url":"https:\/\/roussillonfishing.com\/en\/","name":"Roussillon Fishing","description":"Moniteur et Guide de p\u00eache dans Les Pyr\u00e9n\u00e9es Orientales","potentialAction":[{"@type":"SearchAction","target":{"@type":"EntryPoint","urlTemplate":"https:\/\/roussillonfishing.com\/en\/?s={search_term_string}"},"query-input":{"@type":"PropertyValueSpecification","valueRequired":true,"valueName":"search_term_string"}}],"inLanguage":"en-GB"}]}},"jetpack_sharing_enabled":true,"_links":{"self":[{"href":"https:\/\/roussillonfishing.com\/en\/wp-json\/wp\/v2\/pages\/24","targetHints":{"allow":["GET"]}}],"collection":[{"href":"https:\/\/roussillonfishing.com\/en\/wp-json\/wp\/v2\/pages"}],"about":[{"href":"https:\/\/roussillonfishing.com\/en\/wp-json\/wp\/v2\/types\/page"}],"author":[{"embeddable":true,"href":"https:\/\/roussillonfishing.com\/en\/wp-json\/wp\/v2\/users\/1"}],"replies":[{"embeddable":true,"href":"https:\/\/roussillonfishing.com\/en\/wp-json\/wp\/v2\/comments?post=24"}],"version-history":[{"count":14,"href":"https:\/\/roussillonfishing.com\/en\/wp-json\/wp\/v2\/pages\/24\/revisions"}],"predecessor-version":[{"id":1499,"href":"https:\/\/roussillonfishing.com\/en\/wp-json\/wp\/v2\/pages\/24\/revisions\/1499"}],"wp:featuredmedia":[{"embeddable":true,"href":"https:\/\/roussillonfishing.com\/en\/wp-json\/wp\/v2\/media\/89"}],"wp:attachment":[{"href":"https:\/\/roussillonfishing.com\/en\/wp-json\/wp\/v2\/media?parent=24"}],"curies":[{"name":"wp","href":"https:\/\/api.w.org\/{rel}","templated":true}]}}