{"id":26,"date":"2020-02-04T21:54:14","date_gmt":"2020-02-04T20:54:14","guid":{"rendered":"http:\/\/roussillonfishing.rodmaps.com\/?page_id=26"},"modified":"2021-10-06T05:36:24","modified_gmt":"2021-10-06T05:36:24","slug":"photos-videos","status":"publish","type":"page","link":"https:\/\/roussillonfishing.com\/en\/photos-videos","title":{"rendered":"Medias"},"content":{"rendered":"<div  class=\"vc-row-wrapper\" data-parallax_sense=\"30\"><div class=\"wpb_row row\" >\n\t<div class=\"twelve columns vc-column-extra-class-69ea47ec9aefd\" data-parallax_sense=\"30\">\n\t\t<div class=\"wpb_wrapper\">\n\t\t\t\n<div class=\"vc-zigzag-wrapper vc-zigzag-align-center\"><div class=\"vc-zigzag-inner\" style=\"width: 100%;min-height: 14px;background: 0 repeat-x url(&#039;data:image\/svg+xml;utf-8,%3C%3Fxml%20version%3D%221.0%22%20encoding%3D%22utf-8%22%3F%3E%3C%21DOCTYPE%20svg%20PUBLIC%20%22-%2F%2FW3C%2F%2FDTD%20SVG%201.1%2F%2FEN%22%20%22http%3A%2F%2Fwww.w3.org%2FGraphics%2FSVG%2F1.1%2FDTD%2Fsvg11.dtd%22%3E%3Csvg%20width%3D%2214px%22%20height%3D%2212px%22%20viewBox%3D%220%200%2018%2015%22%20version%3D%221.1%22%20xmlns%3D%22http%3A%2F%2Fwww.w3.org%2F2000%2Fsvg%22%20xmlns%3Axlink%3D%22http%3A%2F%2Fwww.w3.org%2F1999%2Fxlink%22%3E%3Cpolygon%20id%3D%22Combined-Shape%22%20fill%3D%22%23ffffff%22%20points%3D%228.98762301%200%200%209.12771969%200%2014.519983%209%205.40479869%2018%2014.519983%2018%209.12771969%22%3E%3C%2Fpolygon%3E%3C%2Fsvg%3E&#039;);\"><\/div><\/div><div id=\"dfd-logo-carousel-69ea47ec9b1ff-8526\" class=\"dfd-logo-carousel-wrap  style-1\"  data-slide=\"1\" data-scroll=\"1\" data-speed=\"3000\" data-count=\"3\"><div class=\"dfd-logo-carousel-list row\"><div class=\"dfd-item-offset columns columns-with-border logo-carousel four\"><div class=\"dfd-logo-carousel-item\"><div class=\"thumb-wrap dfd-equalize-height\"><img loading=\"lazy\" decoding=\"async\" src=\"https:\/\/roussillonfishing.com\/wp-content\/uploads\/2020\/02\/IMG_8685-scaled.jpg\" width=\"1707\" height=\"2560\" alt=\"Client logo\"  \/><\/div><\/div><\/div><div class=\"dfd-item-offset columns columns-with-border logo-carousel four\"><div class=\"dfd-logo-carousel-item\"><div class=\"thumb-wrap dfd-equalize-height\"><img loading=\"lazy\" decoding=\"async\" src=\"https:\/\/roussillonfishing.com\/wp-content\/uploads\/2020\/02\/IMG_8217-scaled.jpg\" width=\"1707\" height=\"2560\" alt=\"Client logo\"  \/><\/div><\/div><\/div><div class=\"dfd-item-offset columns columns-with-border logo-carousel four\"><div class=\"dfd-logo-carousel-item\"><div class=\"thumb-wrap dfd-equalize-height\"><img loading=\"lazy\" decoding=\"async\" src=\"https:\/\/roussillonfishing.com\/wp-content\/uploads\/2020\/02\/IMG_7954-scaled.jpg\" width=\"2560\" height=\"1707\" alt=\"Client logo\"  \/><\/div><\/div><\/div><div class=\"dfd-item-offset columns columns-with-border logo-carousel four\"><div class=\"dfd-logo-carousel-item\"><div class=\"thumb-wrap dfd-equalize-height\"><img loading=\"lazy\" decoding=\"async\" src=\"https:\/\/roussillonfishing.com\/wp-content\/uploads\/2020\/02\/IMG_7237-scaled.jpg\" width=\"1707\" height=\"2560\" alt=\"Client logo\"  \/><\/div><\/div><\/div><div class=\"dfd-item-offset columns columns-with-border logo-carousel four\"><div class=\"dfd-logo-carousel-item\"><div class=\"thumb-wrap dfd-equalize-height\"><img loading=\"lazy\" decoding=\"async\" src=\"https:\/\/roussillonfishing.com\/wp-content\/uploads\/2020\/02\/IMG_7204-scaled.jpg\" width=\"1707\" height=\"2560\" alt=\"Client logo\"  \/><\/div><\/div><\/div><div class=\"dfd-item-offset columns columns-with-border logo-carousel four\"><div class=\"dfd-logo-carousel-item\"><div class=\"thumb-wrap dfd-equalize-height\"><img loading=\"lazy\" decoding=\"async\" src=\"https:\/\/roussillonfishing.com\/wp-content\/uploads\/2020\/02\/IMG_7196-scaled.jpg\" width=\"2560\" height=\"1707\" alt=\"Client logo\"  \/><\/div><\/div><\/div><\/div><\/div><div id=\"dfd-logo-carousel-69ea47ec9dd46-4283\" class=\"dfd-logo-carousel-wrap  style-1\"  data-slide=\"1\" data-scroll=\"1\" data-speed=\"3000\" data-count=\"3\"><div class=\"dfd-logo-carousel-list row\"><div class=\"dfd-item-offset columns columns-with-border logo-carousel four\"><div class=\"dfd-logo-carousel-item\"><div class=\"thumb-wrap dfd-equalize-height\"><img loading=\"lazy\" decoding=\"async\" src=\"https:\/\/roussillonfishing.com\/wp-content\/uploads\/2020\/02\/83547791_1507108199455759_2183337820238643200_o.jpg\" width=\"1440\" height=\"1440\" alt=\"Client logo\"  \/><\/div><\/div><\/div><div class=\"dfd-item-offset columns columns-with-border logo-carousel four\"><div class=\"dfd-logo-carousel-item\"><div class=\"thumb-wrap dfd-equalize-height\"><img loading=\"lazy\" decoding=\"async\" src=\"https:\/\/roussillonfishing.com\/wp-content\/uploads\/2020\/02\/initiation-peche-mer.jpg\" width=\"800\" height=\"800\" alt=\"initiation-peche-mer\"  \/><\/div><\/div><\/div><div class=\"dfd-item-offset columns columns-with-border logo-carousel four\"><div class=\"dfd-logo-carousel-item\"><div class=\"thumb-wrap dfd-equalize-height\"><img loading=\"lazy\" decoding=\"async\" src=\"https:\/\/roussillonfishing.com\/wp-content\/uploads\/2020\/02\/privatisation-bateau.jpg\" width=\"800\" height=\"800\" alt=\"privatisation-bateau\"  \/><\/div><\/div><\/div><div class=\"dfd-item-offset columns columns-with-border logo-carousel four\"><div class=\"dfd-logo-carousel-item\"><div class=\"thumb-wrap dfd-equalize-height\"><img loading=\"lazy\" decoding=\"async\" src=\"https:\/\/roussillonfishing.com\/wp-content\/uploads\/2020\/02\/83690967_1507401962759716_3656060631200563200_o.jpg\" width=\"1440\" height=\"1296\" alt=\"Client logo\"  \/><\/div><\/div><\/div><div class=\"dfd-item-offset columns columns-with-border logo-carousel four\"><div class=\"dfd-logo-carousel-item\"><div class=\"thumb-wrap dfd-equalize-height\"><img loading=\"lazy\" decoding=\"async\" src=\"https:\/\/roussillonfishing.com\/wp-content\/uploads\/2020\/02\/initiation-peche-en-mer.jpg\" width=\"800\" height=\"800\" alt=\"Client logo\"  \/><\/div><\/div><\/div><div class=\"dfd-item-offset columns columns-with-border logo-carousel four\"><div class=\"dfd-logo-carousel-item\"><div class=\"thumb-wrap dfd-equalize-height\"><img loading=\"lazy\" decoding=\"async\" src=\"https:\/\/roussillonfishing.com\/wp-content\/uploads\/2020\/02\/Bannie\u0300re_roussillon-fishing-scaled.jpg\" width=\"2560\" height=\"1522\" alt=\"Bannie\u0300re_roussillon fishing\"  \/><\/div><\/div><\/div><div class=\"dfd-item-offset columns columns-with-border logo-carousel four\"><div class=\"dfd-logo-carousel-item\"><div class=\"thumb-wrap dfd-equalize-height\"><img loading=\"lazy\" decoding=\"async\" src=\"https:\/\/roussillonfishing.com\/wp-content\/uploads\/2020\/02\/Samuel-Elgrishi.jpg\" width=\"1035\" height=\"1035\" alt=\"Samuel Elgrishi\"  \/><\/div><\/div><\/div><div class=\"dfd-item-offset columns columns-with-border logo-carousel four\"><div class=\"dfd-logo-carousel-item\"><div class=\"thumb-wrap dfd-equalize-height\"><img loading=\"lazy\" decoding=\"async\" src=\"https:\/\/roussillonfishing.com\/wp-content\/uploads\/2020\/02\/perfectionnement.jpg\" width=\"800\" height=\"800\" alt=\"Stage de perfectionnement\"  \/><\/div><\/div><\/div><div class=\"dfd-item-offset columns columns-with-border logo-carousel four\"><div class=\"dfd-logo-carousel-item\"><div class=\"thumb-wrap dfd-equalize-height\"><img loading=\"lazy\" decoding=\"async\" src=\"https:\/\/roussillonfishing.com\/wp-content\/uploads\/2020\/02\/perfectionnement-peche-en-mer.jpg\" width=\"800\" height=\"800\" alt=\"Client logo\"  \/><\/div><\/div><\/div><\/div><\/div>\n\t<div class=\"wpb_raw_code wpb_content_element wpb_raw_html\" >\n\t\t<div class=\"wpb_wrapper\">\n\t\t\t<iframe loading=\"lazy\" width=\"560\" height=\"315\" src=\"https:\/\/www.youtube.com\/embed\/1UmIyIMMyBI\" frameborder=\"0\" allow=\"accelerometer; autoplay; encrypted-media; gyroscope; picture-in-picture\" allowfullscreen><\/iframe>\n\t\t<\/div>\n\t<\/div>\n\n\t\t<\/div> \n\t<\/div> \n<\/div><div class=\"dfd-row-bg-overlay\" style=\"opacity: 0.8;\"><\/div><\/div><div  class=\"vc-row-wrapper\" data-parallax_sense=\"30\"><div class=\"wpb_row row\" >\n\t<div class=\"twelve columns vc-column-extra-class-69ea47eca20c9\" data-parallax_sense=\"30\">\n\t\t<div class=\"wpb_wrapper\">\n\t\t\t<div id=\"dfd-logo-carousel-69ea47eca229a-8736\" class=\"dfd-logo-carousel-wrap  style-1\"  data-slide=\"1\" data-scroll=\"1\" data-speed=\"3000\" data-count=\"3\"><div class=\"dfd-logo-carousel-list row\"><div class=\"dfd-item-offset columns columns-with-border logo-carousel four\"><div class=\"dfd-logo-carousel-item\"><div class=\"thumb-wrap dfd-equalize-height\"><img loading=\"lazy\" decoding=\"async\" src=\"https:\/\/roussillonfishing.com\/wp-content\/uploads\/2020\/06\/101694401_10158349171759596_3478458145758511104_o.jpg\" width=\"2048\" height=\"1365\" alt=\"Client logo\"  \/><\/div><\/div><\/div><div class=\"dfd-item-offset columns columns-with-border logo-carousel four\"><div class=\"dfd-logo-carousel-item\"><div class=\"thumb-wrap dfd-equalize-height\"><img loading=\"lazy\" decoding=\"async\" src=\"https:\/\/roussillonfishing.com\/wp-content\/uploads\/2020\/06\/101418896_10158349173424596_8843596640402014208_o.jpg\" width=\"1365\" height=\"2048\" alt=\"Client logo\"  \/><\/div><\/div><\/div><div class=\"dfd-item-offset columns columns-with-border logo-carousel four\"><div class=\"dfd-logo-carousel-item\"><div class=\"thumb-wrap dfd-equalize-height\"><img loading=\"lazy\" decoding=\"async\" src=\"https:\/\/roussillonfishing.com\/wp-content\/uploads\/2020\/06\/82612030_10158349169554596_5549449658872365056_o.jpg\" width=\"2048\" height=\"1365\" alt=\"Client logo\"  \/><\/div><\/div><\/div><div class=\"dfd-item-offset columns columns-with-border logo-carousel four\"><div class=\"dfd-logo-carousel-item\"><div class=\"thumb-wrap dfd-equalize-height\"><img loading=\"lazy\" decoding=\"async\" src=\"https:\/\/roussillonfishing.com\/wp-content\/uploads\/2020\/06\/101866016_10158349169844596_4150508373101510656_o.jpg\" width=\"2048\" height=\"1365\" alt=\"Client logo\"  \/><\/div><\/div><\/div><div class=\"dfd-item-offset columns columns-with-border logo-carousel four\"><div class=\"dfd-logo-carousel-item\"><div class=\"thumb-wrap dfd-equalize-height\"><img loading=\"lazy\" decoding=\"async\" src=\"https:\/\/roussillonfishing.com\/wp-content\/uploads\/2020\/06\/83542673_10158349171169596_5354876533578137600_o.jpg\" width=\"1360\" height=\"2048\" alt=\"Client logo\"  \/><\/div><\/div><\/div><div class=\"dfd-item-offset columns columns-with-border logo-carousel four\"><div class=\"dfd-logo-carousel-item\"><div class=\"thumb-wrap dfd-equalize-height\"><img loading=\"lazy\" decoding=\"async\" src=\"https:\/\/roussillonfishing.com\/wp-content\/uploads\/2020\/06\/102294636_10158349173534596_3043205266628673536_o.jpg\" width=\"2048\" height=\"1365\" alt=\"Client logo\"  \/><\/div><\/div><\/div><\/div><\/div>\n\t\t<\/div> \n\t<\/div> \n<\/div><div class=\"dfd-row-bg-overlay\" style=\"opacity: 0.8;\"><\/div><\/div><div  class=\"vc-row-wrapper\" data-parallax_sense=\"30\"><div class=\"wpb_row row\" >\n\t<div class=\"twelve columns vc-column-extra-class-69ea47eca510c\" data-parallax_sense=\"30\">\n\t\t<div class=\"wpb_wrapper\">\n\t\t\t\n\t<div class=\"wpb_raw_code wpb_content_element wpb_raw_html\" >\n\t\t<div class=\"wpb_wrapper\">\n\t\t\t<iframe loading=\"lazy\" width=\"560\" height=\"315\" src=\"https:\/\/www.youtube.com\/embed\/q3NvokTWWck\" frameborder=\"0\" allow=\"accelerometer; autoplay; encrypted-media; gyroscope; picture-in-picture\" allowfullscreen><\/iframe>\n\t\t<\/div>\n\t<\/div>\n\n\t\t<\/div> \n\t<\/div> \n<\/div><div class=\"dfd-row-bg-overlay\" style=\"opacity: 0.8;\"><\/div><\/div><div  class=\"vc-row-wrapper\" data-parallax_sense=\"30\"><div class=\"wpb_row row\" >\n\t<div class=\"twelve columns vc-column-extra-class-69ea47eca55b2\" data-parallax_sense=\"30\">\n\t\t<div class=\"wpb_wrapper\">\n\t\t\t<div id=\"dfd-logo-carousel-69ea47eca5741-9038\" class=\"dfd-logo-carousel-wrap  style-1\"  data-slide=\"1\" data-scroll=\"1\" data-speed=\"3000\" data-count=\"3\"><div class=\"dfd-logo-carousel-list row\"><div class=\"dfd-item-offset columns columns-with-border logo-carousel four\"><div class=\"dfd-logo-carousel-item\"><div class=\"thumb-wrap dfd-equalize-height\"><img loading=\"lazy\" decoding=\"async\" src=\"https:\/\/roussillonfishing.com\/wp-content\/uploads\/2020\/06\/75164437_10157714534329596_1614017180481880064_o.jpg\" width=\"2048\" height=\"1365\" alt=\"Client logo\"  \/><\/div><\/div><\/div><div class=\"dfd-item-offset columns columns-with-border logo-carousel four\"><div class=\"dfd-logo-carousel-item\"><div class=\"thumb-wrap dfd-equalize-height\"><img loading=\"lazy\" decoding=\"async\" src=\"https:\/\/roussillonfishing.com\/wp-content\/uploads\/2020\/06\/79279607_10157757781084596_7661724449174978560_o.jpg\" width=\"2048\" height=\"1999\" alt=\"Client logo\"  \/><\/div><\/div><\/div><div class=\"dfd-item-offset columns columns-with-border logo-carousel four\"><div class=\"dfd-logo-carousel-item\"><div class=\"thumb-wrap dfd-equalize-height\"><img loading=\"lazy\" decoding=\"async\" src=\"https:\/\/roussillonfishing.com\/wp-content\/uploads\/2020\/06\/79473947_10157796073559596_6680768946859147264_n.jpg\" width=\"896\" height=\"598\" alt=\"Client logo\"  \/><\/div><\/div><\/div><div class=\"dfd-item-offset columns columns-with-border logo-carousel four\"><div class=\"dfd-logo-carousel-item\"><div class=\"thumb-wrap dfd-equalize-height\"><img loading=\"lazy\" decoding=\"async\" src=\"https:\/\/roussillonfishing.com\/wp-content\/uploads\/2020\/06\/75348954_10157714532629596_4686486211076816896_o.jpg\" width=\"2048\" height=\"1365\" alt=\"Client logo\"  \/><\/div><\/div><\/div><div class=\"dfd-item-offset columns columns-with-border logo-carousel four\"><div class=\"dfd-logo-carousel-item\"><div class=\"thumb-wrap dfd-equalize-height\"><img loading=\"lazy\" decoding=\"async\" src=\"https:\/\/roussillonfishing.com\/wp-content\/uploads\/2020\/06\/86711891_10157983459284596_8404973934226702336_o.jpg\" width=\"1950\" height=\"1857\" alt=\"Client logo\"  \/><\/div><\/div><\/div><div class=\"dfd-item-offset columns columns-with-border logo-carousel four\"><div class=\"dfd-logo-carousel-item\"><div class=\"thumb-wrap dfd-equalize-height\"><img loading=\"lazy\" decoding=\"async\" src=\"https:\/\/roussillonfishing.com\/wp-content\/uploads\/2020\/06\/75481756_10157714534964596_6091130650776043520_o.jpg\" width=\"2048\" height=\"1365\" alt=\"Client logo\"  \/><\/div><\/div><\/div><\/div><\/div>\n\t\t<\/div> \n\t<\/div> \n<\/div><div class=\"dfd-row-bg-overlay\" style=\"opacity: 0.8;\"><\/div><\/div><div  class=\"vc-row-wrapper\" data-parallax_sense=\"30\"><div class=\"wpb_row row\" >\n\t<div class=\"twelve columns vc-column-extra-class-69ea47eca84ef\" data-parallax_sense=\"30\">\n\t\t<div class=\"wpb_wrapper\">\n\t\t\t\n\t<div class=\"wpb_raw_code wpb_content_element wpb_raw_html\" >\n\t\t<div class=\"wpb_wrapper\">\n\t\t\t<iframe loading=\"lazy\" width=\"560\" height=\"315\" src=\"https:\/\/www.youtube.com\/embed\/i7uD3Lbblxs\" frameborder=\"0\" allow=\"accelerometer; autoplay; encrypted-media; gyroscope; picture-in-picture\" allowfullscreen><\/iframe>\n\t\t<\/div>\n\t<\/div>\n\n\t\t<\/div> \n\t<\/div> \n<\/div><div class=\"dfd-row-bg-overlay\" style=\"opacity: 0.8;\"><\/div><\/div><div  class=\"vc-row-wrapper\" data-parallax_sense=\"30\"><div class=\"wpb_row row\" >\n\t<div class=\"twelve columns vc-column-extra-class-69ea47eca88f1\" data-parallax_sense=\"30\">\n\t\t<div class=\"wpb_wrapper\">\n\t\t\t<div id=\"dfd-logo-carousel-69ea47eca8a77-8333\" class=\"dfd-logo-carousel-wrap  style-1\"  data-slide=\"1\" data-scroll=\"1\" data-speed=\"3000\" data-count=\"3\"><div class=\"dfd-logo-carousel-list row\"><div class=\"dfd-item-offset columns columns-with-border logo-carousel four\"><div class=\"dfd-logo-carousel-item\"><div class=\"thumb-wrap dfd-equalize-height\"><img loading=\"lazy\" decoding=\"async\" src=\"https:\/\/roussillonfishing.com\/wp-content\/uploads\/2020\/06\/101866016_10158349169844596_4150508373101510656_o.jpg\" width=\"2048\" height=\"1365\" alt=\"Client logo\"  \/><\/div><\/div><\/div><div class=\"dfd-item-offset columns columns-with-border logo-carousel four\"><div class=\"dfd-logo-carousel-item\"><div class=\"thumb-wrap dfd-equalize-height\"><img loading=\"lazy\" decoding=\"async\" src=\"https:\/\/roussillonfishing.com\/wp-content\/uploads\/2020\/06\/67275796_10157387301114596_1456495745912799232_o.jpg\" width=\"1296\" height=\"1936\" alt=\"Client logo\"  \/><\/div><\/div><\/div><div class=\"dfd-item-offset columns columns-with-border logo-carousel four\"><div class=\"dfd-logo-carousel-item\"><div class=\"thumb-wrap dfd-equalize-height\"><img loading=\"lazy\" decoding=\"async\" src=\"https:\/\/roussillonfishing.com\/wp-content\/uploads\/2020\/06\/73420348_10157693980299596_8216369735437123584_o.jpg\" width=\"1944\" height=\"1296\" alt=\"Client logo\"  \/><\/div><\/div><\/div><div class=\"dfd-item-offset columns columns-with-border logo-carousel four\"><div class=\"dfd-logo-carousel-item\"><div class=\"thumb-wrap dfd-equalize-height\"><img loading=\"lazy\" decoding=\"async\" src=\"https:\/\/roussillonfishing.com\/wp-content\/uploads\/2020\/06\/76756866_10157714532744596_8316124224947224576_o-1.jpg\" width=\"2048\" height=\"1365\" alt=\"Client logo\"  \/><\/div><\/div><\/div><div class=\"dfd-item-offset columns columns-with-border logo-carousel four\"><div class=\"dfd-logo-carousel-item\"><div class=\"thumb-wrap dfd-equalize-height\"><img loading=\"lazy\" decoding=\"async\" src=\"https:\/\/roussillonfishing.com\/wp-content\/uploads\/2020\/06\/66596280_10157387299114596_7370452007817052160_o.jpg\" width=\"1944\" height=\"1296\" alt=\"Client logo\"  \/><\/div><\/div><\/div><div class=\"dfd-item-offset columns columns-with-border logo-carousel four\"><div class=\"dfd-logo-carousel-item\"><div class=\"thumb-wrap dfd-equalize-height\"><img loading=\"lazy\" decoding=\"async\" src=\"https:\/\/roussillonfishing.com\/wp-content\/uploads\/2020\/06\/64416211_10157317794489596_3340358201114624000_o.jpg\" width=\"1944\" height=\"1296\" alt=\"P\u00eache au gros\"  \/><\/div><\/div><\/div><\/div><\/div>\n\t\t<\/div> \n\t<\/div> \n<\/div><div class=\"dfd-row-bg-overlay\" style=\"opacity: 0.8;\"><\/div><\/div><div  class=\"vc-row-wrapper\" data-parallax_sense=\"30\"><div class=\"wpb_row row\" >\n\t<div class=\"twelve columns vc-column-extra-class-69ea47ecab1f1\" data-parallax_sense=\"30\">\n\t\t<div class=\"wpb_wrapper\">\n\t\t\t<div id=\"dfdsoc-155525804069ea47ecab295\" class=\"dfd-socicon-module\" ><\/div>\n\t\t<\/div> \n\t<\/div> \n<\/div><div class=\"dfd-row-bg-overlay\" style=\"opacity: 0.8;\"><\/div><\/div>","protected":false},"excerpt":{"rendered":"","protected":false},"author":1,"featured_media":73,"parent":0,"menu_order":0,"comment_status":"closed","ping_status":"closed","template":"","meta":{"footnotes":""},"class_list":["post-26","page","type-page","status-publish","has-post-thumbnail","hentry"],"yoast_head":"<!-- This site is optimized with the Yoast SEO plugin v27.4 - https:\/\/yoast.com\/product\/yoast-seo-wordpress\/ -->\n<title>Photos &amp; vid\u00e9os - Roussillon Fishing<\/title>\n<meta name=\"robots\" content=\"index, follow, max-snippet:-1, max-image-preview:large, max-video-preview:-1\" \/>\n<link rel=\"canonical\" href=\"https:\/\/roussillonfishing.com\/en\/photos-videos\" \/>\n<meta property=\"og:locale\" content=\"en_GB\" \/>\n<meta property=\"og:type\" content=\"article\" \/>\n<meta property=\"og:title\" content=\"Photos &amp; vid\u00e9os - Roussillon Fishing\" \/>\n<meta property=\"og:url\" content=\"https:\/\/roussillonfishing.com\/en\/photos-videos\" \/>\n<meta property=\"og:site_name\" content=\"Roussillon Fishing\" \/>\n<meta property=\"article:publisher\" content=\"https:\/\/www.facebook.com\/Samuel.Elgrishi.Fishing.Guide.Instructor\/\" \/>\n<meta property=\"article:modified_time\" content=\"2021-10-06T05:36:24+00:00\" \/>\n<meta property=\"og:image\" content=\"https:\/\/roussillonfishing.com\/wp-content\/uploads\/2020\/02\/83690967_1507401962759716_3656060631200563200_o.jpg\" \/>\n\t<meta property=\"og:image:width\" content=\"1440\" \/>\n\t<meta property=\"og:image:height\" content=\"1296\" \/>\n\t<meta property=\"og:image:type\" content=\"image\/jpeg\" \/>\n<meta name=\"twitter:card\" content=\"summary_large_image\" \/>\n<meta name=\"twitter:label1\" content=\"Estimated reading time\" \/>\n\t<meta name=\"twitter:data1\" content=\"3 minutes\" \/>\n<script type=\"application\/ld+json\" class=\"yoast-schema-graph\">{\"@context\":\"https:\\\/\\\/schema.org\",\"@graph\":[{\"@type\":\"WebPage\",\"@id\":\"https:\\\/\\\/roussillonfishing.com\\\/en\\\/photos-videos\",\"url\":\"https:\\\/\\\/roussillonfishing.com\\\/en\\\/photos-videos\",\"name\":\"Photos &amp; vid\u00e9os - Roussillon Fishing\",\"isPartOf\":{\"@id\":\"https:\\\/\\\/roussillonfishing.com\\\/en\\\/#website\"},\"primaryImageOfPage\":{\"@id\":\"https:\\\/\\\/roussillonfishing.com\\\/en\\\/photos-videos#primaryimage\"},\"image\":{\"@id\":\"https:\\\/\\\/roussillonfishing.com\\\/en\\\/photos-videos#primaryimage\"},\"thumbnailUrl\":\"https:\\\/\\\/roussillonfishing.com\\\/wp-content\\\/uploads\\\/2020\\\/02\\\/83690967_1507401962759716_3656060631200563200_o.jpg\",\"datePublished\":\"2020-02-04T20:54:14+00:00\",\"dateModified\":\"2021-10-06T05:36:24+00:00\",\"breadcrumb\":{\"@id\":\"https:\\\/\\\/roussillonfishing.com\\\/en\\\/photos-videos#breadcrumb\"},\"inLanguage\":\"en-GB\",\"potentialAction\":[{\"@type\":\"ReadAction\",\"target\":[\"https:\\\/\\\/roussillonfishing.com\\\/en\\\/photos-videos\"]}]},{\"@type\":\"ImageObject\",\"inLanguage\":\"en-GB\",\"@id\":\"https:\\\/\\\/roussillonfishing.com\\\/en\\\/photos-videos#primaryimage\",\"url\":\"https:\\\/\\\/roussillonfishing.com\\\/wp-content\\\/uploads\\\/2020\\\/02\\\/83690967_1507401962759716_3656060631200563200_o.jpg\",\"contentUrl\":\"https:\\\/\\\/roussillonfishing.com\\\/wp-content\\\/uploads\\\/2020\\\/02\\\/83690967_1507401962759716_3656060631200563200_o.jpg\",\"width\":1440,\"height\":1296},{\"@type\":\"BreadcrumbList\",\"@id\":\"https:\\\/\\\/roussillonfishing.com\\\/en\\\/photos-videos#breadcrumb\",\"itemListElement\":[{\"@type\":\"ListItem\",\"position\":1,\"name\":\"Accueil\",\"item\":\"https:\\\/\\\/roussillonfishing.com\\\/\"},{\"@type\":\"ListItem\",\"position\":2,\"name\":\"Photos &amp; vid\u00e9os\"}]},{\"@type\":\"WebSite\",\"@id\":\"https:\\\/\\\/roussillonfishing.com\\\/en\\\/#website\",\"url\":\"https:\\\/\\\/roussillonfishing.com\\\/en\\\/\",\"name\":\"Roussillon Fishing\",\"description\":\"Moniteur et Guide de p\u00eache dans Les Pyr\u00e9n\u00e9es Orientales\",\"potentialAction\":[{\"@type\":\"SearchAction\",\"target\":{\"@type\":\"EntryPoint\",\"urlTemplate\":\"https:\\\/\\\/roussillonfishing.com\\\/en\\\/?s={search_term_string}\"},\"query-input\":{\"@type\":\"PropertyValueSpecification\",\"valueRequired\":true,\"valueName\":\"search_term_string\"}}],\"inLanguage\":\"en-GB\"}]}<\/script>\n<!-- \/ Yoast SEO plugin. -->","yoast_head_json":{"title":"Photos &amp; vid\u00e9os - Roussillon Fishing","robots":{"index":"index","follow":"follow","max-snippet":"max-snippet:-1","max-image-preview":"max-image-preview:large","max-video-preview":"max-video-preview:-1"},"canonical":"https:\/\/roussillonfishing.com\/en\/photos-videos","og_locale":"en_GB","og_type":"article","og_title":"Photos &amp; vid\u00e9os - Roussillon Fishing","og_url":"https:\/\/roussillonfishing.com\/en\/photos-videos","og_site_name":"Roussillon Fishing","article_publisher":"https:\/\/www.facebook.com\/Samuel.Elgrishi.Fishing.Guide.Instructor\/","article_modified_time":"2021-10-06T05:36:24+00:00","og_image":[{"width":1440,"height":1296,"url":"https:\/\/roussillonfishing.com\/wp-content\/uploads\/2020\/02\/83690967_1507401962759716_3656060631200563200_o.jpg","type":"image\/jpeg"}],"twitter_card":"summary_large_image","twitter_misc":{"Estimated reading time":"3 minutes"},"schema":{"@context":"https:\/\/schema.org","@graph":[{"@type":"WebPage","@id":"https:\/\/roussillonfishing.com\/en\/photos-videos","url":"https:\/\/roussillonfishing.com\/en\/photos-videos","name":"Photos &amp; vid\u00e9os - Roussillon Fishing","isPartOf":{"@id":"https:\/\/roussillonfishing.com\/en\/#website"},"primaryImageOfPage":{"@id":"https:\/\/roussillonfishing.com\/en\/photos-videos#primaryimage"},"image":{"@id":"https:\/\/roussillonfishing.com\/en\/photos-videos#primaryimage"},"thumbnailUrl":"https:\/\/roussillonfishing.com\/wp-content\/uploads\/2020\/02\/83690967_1507401962759716_3656060631200563200_o.jpg","datePublished":"2020-02-04T20:54:14+00:00","dateModified":"2021-10-06T05:36:24+00:00","breadcrumb":{"@id":"https:\/\/roussillonfishing.com\/en\/photos-videos#breadcrumb"},"inLanguage":"en-GB","potentialAction":[{"@type":"ReadAction","target":["https:\/\/roussillonfishing.com\/en\/photos-videos"]}]},{"@type":"ImageObject","inLanguage":"en-GB","@id":"https:\/\/roussillonfishing.com\/en\/photos-videos#primaryimage","url":"https:\/\/roussillonfishing.com\/wp-content\/uploads\/2020\/02\/83690967_1507401962759716_3656060631200563200_o.jpg","contentUrl":"https:\/\/roussillonfishing.com\/wp-content\/uploads\/2020\/02\/83690967_1507401962759716_3656060631200563200_o.jpg","width":1440,"height":1296},{"@type":"BreadcrumbList","@id":"https:\/\/roussillonfishing.com\/en\/photos-videos#breadcrumb","itemListElement":[{"@type":"ListItem","position":1,"name":"Accueil","item":"https:\/\/roussillonfishing.com\/"},{"@type":"ListItem","position":2,"name":"Photos &amp; vid\u00e9os"}]},{"@type":"WebSite","@id":"https:\/\/roussillonfishing.com\/en\/#website","url":"https:\/\/roussillonfishing.com\/en\/","name":"Roussillon Fishing","description":"Moniteur et Guide de p\u00eache dans Les Pyr\u00e9n\u00e9es Orientales","potentialAction":[{"@type":"SearchAction","target":{"@type":"EntryPoint","urlTemplate":"https:\/\/roussillonfishing.com\/en\/?s={search_term_string}"},"query-input":{"@type":"PropertyValueSpecification","valueRequired":true,"valueName":"search_term_string"}}],"inLanguage":"en-GB"}]}},"jetpack_sharing_enabled":true,"_links":{"self":[{"href":"https:\/\/roussillonfishing.com\/en\/wp-json\/wp\/v2\/pages\/26","targetHints":{"allow":["GET"]}}],"collection":[{"href":"https:\/\/roussillonfishing.com\/en\/wp-json\/wp\/v2\/pages"}],"about":[{"href":"https:\/\/roussillonfishing.com\/en\/wp-json\/wp\/v2\/types\/page"}],"author":[{"embeddable":true,"href":"https:\/\/roussillonfishing.com\/en\/wp-json\/wp\/v2\/users\/1"}],"replies":[{"embeddable":true,"href":"https:\/\/roussillonfishing.com\/en\/wp-json\/wp\/v2\/comments?post=26"}],"version-history":[{"count":8,"href":"https:\/\/roussillonfishing.com\/en\/wp-json\/wp\/v2\/pages\/26\/revisions"}],"predecessor-version":[{"id":1195,"href":"https:\/\/roussillonfishing.com\/en\/wp-json\/wp\/v2\/pages\/26\/revisions\/1195"}],"wp:featuredmedia":[{"embeddable":true,"href":"https:\/\/roussillonfishing.com\/en\/wp-json\/wp\/v2\/media\/73"}],"wp:attachment":[{"href":"https:\/\/roussillonfishing.com\/en\/wp-json\/wp\/v2\/media?parent=26"}],"curies":[{"name":"wp","href":"https:\/\/api.w.org\/{rel}","templated":true}]}}