{"id":30,"date":"2020-02-04T21:56:58","date_gmt":"2020-02-04T20:56:58","guid":{"rendered":"http:\/\/roussillonfishing.rodmaps.com\/?page_id=30"},"modified":"2021-02-15T18:16:33","modified_gmt":"2021-02-15T18:16:33","slug":"prestations-peche-en-mer","status":"publish","type":"page","link":"https:\/\/roussillonfishing.com\/en\/prestations-peche-en-mer","title":{"rendered":"Sea fishing sessions"},"content":{"rendered":"<p><iframe loading=\"lazy\" title=\"Stages de p\u00eache en mer M\u00e9diterran\u00e9e avec Samuel Elgrishi\" width=\"1200\" height=\"675\" src=\"https:\/\/www.youtube.com\/embed\/1UmIyIMMyBI?start=6&#038;feature=oembed\" frameborder=\"0\" allow=\"accelerometer; autoplay; clipboard-write; encrypted-media; gyroscope; picture-in-picture\" allowfullscreen><\/iframe><\/p>\n<div  class=\"vc-row-wrapper\" data-parallax_sense=\"30\"><div class=\"wpb_row row\" >\n\t<div class=\"twelve columns vc-column-extra-class-69d4cf9775e86\" data-parallax_sense=\"30\">\n\t\t<div class=\"wpb_wrapper\">\n\t\t\t\n\t<div class=\"wpb_text_column wpb_content_element\" >\n\t\t<div class=\"wpb_wrapper\">\n\t\t\t<p style=\"text-align: center;\"><span class=\"bold\">It is aboard the Catalina, open hull of 7m and its fully equipped 150hp that you will discover different techniques of fishing with lures or natural bait.<\/span>\u00a0Various fishing techniques will be used depending on the time of year, the mood of the fishermen, but also that of the fish!<\/p>\n\n\t\t<\/div> \n\t<\/div> \n<div class=\"vc-zigzag-wrapper vc-zigzag-align-center\"><div class=\"vc-zigzag-inner\" style=\"width: 100%;min-height: 14px;background: 0 repeat-x url(&#039;data:image\/svg+xml;utf-8,%3C%3Fxml%20version%3D%221.0%22%20encoding%3D%22utf-8%22%3F%3E%3C%21DOCTYPE%20svg%20PUBLIC%20%22-%2F%2FW3C%2F%2FDTD%20SVG%201.1%2F%2FEN%22%20%22http%3A%2F%2Fwww.w3.org%2FGraphics%2FSVG%2F1.1%2FDTD%2Fsvg11.dtd%22%3E%3Csvg%20width%3D%2214px%22%20height%3D%2212px%22%20viewBox%3D%220%200%2018%2015%22%20version%3D%221.1%22%20xmlns%3D%22http%3A%2F%2Fwww.w3.org%2F2000%2Fsvg%22%20xmlns%3Axlink%3D%22http%3A%2F%2Fwww.w3.org%2F1999%2Fxlink%22%3E%3Cpolygon%20id%3D%22Combined-Shape%22%20fill%3D%22%23ffffff%22%20points%3D%228.98762301%200%200%209.12771969%200%2014.519983%209%205.40479869%2018%2014.519983%2018%209.12771969%22%3E%3C%2Fpolygon%3E%3C%2Fsvg%3E&#039;);\"><\/div><\/div>\n\t\t<\/div> \n\t<\/div> \n<\/div><div class=\"dfd-row-bg-overlay\" style=\"opacity: 0.8;\"><\/div><\/div><div  class=\"vc-row-wrapper vc_custom_1583449193872\" data-parallax_sense=\"30\"><div class=\"wpb_row row\" >\n\t<div class=\"twelve columns vc-column-extra-class-69d4cf9776418\" data-parallax_sense=\"30\">\n\t\t<div class=\"wpb_wrapper\">\n\t\t\t<div class=\"vc-row-wrapper vc_inner vc_row-fluid dfd-inner-row-69d4cf977657a\"><div class=\"row wpb_row\"><div class=\"vc-column-hover-69d4cf9776704 columns six\"><div class=\"wpb_wrapper\">\r\n\t<div class=\"wpb_single_image wpb_content_element vc_align_left  vc_custom_1583449351636\" >\r\n\t\t<div class=\"wpb_wrapper\">\r\n\t\t\t\r\n\t\t\t<div class=\"vc_single_image-wrapper   vc_box_border_grey\" ><img loading=\"lazy\" decoding=\"async\" width=\"800\" height=\"800\" src=\"https:\/\/roussillonfishing.com\/wp-content\/uploads\/2020\/02\/decouverte-peche-en-mer.jpg\" class=\"vc_single_image-img attachment-full\" alt=\"decouverte-peche-en-mer\" srcset=\"https:\/\/roussillonfishing.com\/wp-content\/uploads\/2020\/02\/decouverte-peche-en-mer.jpg 800w, https:\/\/roussillonfishing.com\/wp-content\/uploads\/2020\/02\/decouverte-peche-en-mer-300x300.jpg 300w, https:\/\/roussillonfishing.com\/wp-content\/uploads\/2020\/02\/decouverte-peche-en-mer-100x100.jpg 100w, https:\/\/roussillonfishing.com\/wp-content\/uploads\/2020\/02\/decouverte-peche-en-mer-600x600.jpg 600w, https:\/\/roussillonfishing.com\/wp-content\/uploads\/2020\/02\/decouverte-peche-en-mer-150x150.jpg 150w, https:\/\/roussillonfishing.com\/wp-content\/uploads\/2020\/02\/decouverte-peche-en-mer-768x768.jpg 768w\" sizes=\"auto, (max-width: 800px) 100vw, 800px\" \/><\/div>\r\n\t\t\t\r\n\t\t<\/div>\r\n\t<\/div>\r\n<\/div><\/div><div class=\"dfd-enable-custom-column-effect vc-column-hover-69d4cf9776dc8 columns six vc_custom_1583447269386\"><div class=\"wpb_wrapper\">\n\t<div class=\"wpb_text_column wpb_content_element\" >\n\t\t<div class=\"wpb_wrapper\">\n\t\t\t<h2>Discover sea fishing (3h)<\/h2>\n<p>Depuis les plages de Canet, jusqu\u2019\u00e0 la r\u00e9serve naturelle de Banyuls, embarquez pour des journ\u00e9es d\u00e9couvertes \u00e0 la p\u00eache en mer inoubliables. Convivial pour les petits comme pour les grands, venez d\u00e9couvrir\u00a0une multitude d&rsquo;esp\u00e8ces,\u00a0 de couleurs mais aussi des\u00a0techniques comme la p\u00eache au lancer, leurres &amp; app\u00e2ts naturels.<\/p>\n\n\t\t<\/div> \n\t<\/div> <div id=\"dfd-button-gradient69d4cf9776f85-8205\" class=\"dfd-button-gradient-module-wrap\"><div class=\"dfd-button-module  style-2 normal text-center with-icon\" ><a href=\"http:\/\/roussillonfishing.com\/en\/stage-de-decouverte-de-la-peche-en-mer\/\" title=\"Discover sea fishing (3h)\"  class=\"dfd-button-link  dfd-fade\"><span class=\"dfd-button-inner-cover\"><span class=\"icon-wrap\"><i class=\"featured-icon fas fa-angle-right\"><\/i><\/span><span class=\"dfd-button-text-main\" style=\"\">Know more<\/span><span class=\"dfd-button-border\"><\/span><\/span><\/a><\/div><\/div><\/div><script type=\"text\/javascript\">(function($) {$(\"head\").append(\"<style>.vc-column-hover-69d4cf9776dc8 {-webkit-box-shadow: none;-moz-box-shadow: none;-o-box-shadow: none;box-shadow: none;}.vc-column-hover-69d4cf9776dc8:hover {-webkit-box-shadow: none;-moz-box-shadow: none;-o-box-shadow: none;box-shadow: none; z-index: 1;}<\/style>\");})(jQuery);<\/script><\/div><\/div><\/div>\n\t\t<\/div> \n\t<\/div> \n<\/div><div class=\"dfd-row-bg-overlay\" style=\"opacity: 0.8;\"><\/div><\/div><div  class=\"vc-row-wrapper vc_custom_1583447052007\" data-parallax_sense=\"30\"><div class=\"wpb_row row\" >\n\t<div class=\"twelve columns vc-column-extra-class-69d4cf97772f4\" data-parallax_sense=\"30\">\n\t\t<div class=\"wpb_wrapper\">\n\t\t\t<div class=\"dfd-delimier-main-wrapper\" ><div id=\"dfd-delimiter-69d4cf97773aa-9982\"  class=\"dfd-delimier-wrapper dfd-delimiter-with-line\"  style='text-align:left; ' ><span><span class=\"line\" style=\"border-bottom-width:1px; border-bottom-style:dashed; \"><\/span><\/span><\/div><\/div>\n\t\t<\/div> \n\t<\/div> \n<\/div><div class=\"dfd-row-bg-overlay\" style=\"opacity: 0.8;\"><\/div><\/div><div  class=\"vc-row-wrapper vc_custom_1583449208958\" data-parallax_sense=\"30\"><div class=\"wpb_row row\" >\n\t<div class=\"six columns vc-column-extra-class-69d4cf97776c4\" data-parallax_sense=\"30\">\n\t\t<div class=\"wpb_wrapper\">\n\t\t\t\n\t<div class=\"wpb_text_column wpb_content_element\" >\n\t\t<div class=\"wpb_wrapper\">\n\t\t\t<h2>Stage d&rsquo;initiation \u00e0 la p\u00eache en mer (5h)<\/h2>\n<p>Je vous propose des journ\u00e9es d&rsquo;initiation \u00e0 la p\u00eache en mer o\u00f9 nous pourrons par exemple aborder la p\u00eache en verticale sur la c\u00f4te Vermeille (verticale,jigging, leurres souples, d\u00e9rive et traine lente).<\/p>\n<p>We will also be able to discover all the subtleties of casting and lure fishing.<\/p>\n\n\t\t<\/div> \n\t<\/div> <div id=\"dfd-button-gradient69d4cf977780f-973\" class=\"dfd-button-gradient-module-wrap\"><div class=\"dfd-button-module  style-2 normal text-center with-icon\" ><a href=\"http:\/\/roussillonfishing.com\/en\/stage-dinitiation-a-la-peche-en-mer\/\" title=\"Sea fishing initiation (5h)\"  class=\"dfd-button-link  dfd-fade\"><span class=\"dfd-button-inner-cover\"><span class=\"icon-wrap\"><i class=\"featured-icon fas fa-angle-right\"><\/i><\/span><span class=\"dfd-button-text-main\" style=\"\">Know more<\/span><span class=\"dfd-button-border\"><\/span><\/span><\/a><\/div><\/div>\n\t\t<\/div> \n\t<\/div> \n\n\t<div class=\"six columns vc-column-extra-class-69d4cf9777904\" data-parallax_sense=\"30\">\n\t\t<div class=\"wpb_wrapper\">\n\t\t\t\r\n\t<div class=\"wpb_single_image wpb_content_element vc_align_left  vc_custom_1583449135284\" >\r\n\t\t<div class=\"wpb_wrapper\">\r\n\t\t\t\r\n\t\t\t<div class=\"vc_single_image-wrapper   vc_box_border_grey\" ><img loading=\"lazy\" decoding=\"async\" width=\"800\" height=\"800\" src=\"https:\/\/roussillonfishing.com\/wp-content\/uploads\/2020\/02\/initiation-peche-mer.jpg\" class=\"vc_single_image-img attachment-full\" alt=\"initiation-peche-mer\" srcset=\"https:\/\/roussillonfishing.com\/wp-content\/uploads\/2020\/02\/initiation-peche-mer.jpg 800w, https:\/\/roussillonfishing.com\/wp-content\/uploads\/2020\/02\/initiation-peche-mer-300x300.jpg 300w, https:\/\/roussillonfishing.com\/wp-content\/uploads\/2020\/02\/initiation-peche-mer-100x100.jpg 100w, https:\/\/roussillonfishing.com\/wp-content\/uploads\/2020\/02\/initiation-peche-mer-600x600.jpg 600w, https:\/\/roussillonfishing.com\/wp-content\/uploads\/2020\/02\/initiation-peche-mer-150x150.jpg 150w, https:\/\/roussillonfishing.com\/wp-content\/uploads\/2020\/02\/initiation-peche-mer-768x768.jpg 768w\" sizes=\"auto, (max-width: 800px) 100vw, 800px\" \/><\/div>\r\n\t\t\t\r\n\t\t<\/div>\r\n\t<\/div>\r\n\n\t\t<\/div> \n\t<\/div> \n<\/div><div class=\"dfd-row-bg-overlay\" style=\"opacity: 0.8;\"><\/div><\/div><div  class=\"vc-row-wrapper vc_custom_1583449227277\" data-parallax_sense=\"30\"><div class=\"wpb_row row\" >\n\t<div class=\"twelve columns vc-column-extra-class-69d4cf9778032\" data-parallax_sense=\"30\">\n\t\t<div class=\"wpb_wrapper\">\n\t\t\t<div class=\"dfd-delimier-main-wrapper\" ><div id=\"dfd-delimiter-69d4cf9778102-2242\"  class=\"dfd-delimier-wrapper dfd-delimiter-with-line\"  style='text-align:left; ' ><span><span class=\"line\" style=\"border-bottom-width:1px; border-bottom-style:dashed; \"><\/span><\/span><\/div><\/div><div class=\"vc-row-wrapper vc_inner vc_row-fluid dfd-inner-row-69d4cf97781aa\"><div class=\"row wpb_row\"><div class=\"vc-column-hover-69d4cf9778299 columns six\"><div class=\"wpb_wrapper\">\r\n\t<div class=\"wpb_single_image wpb_content_element vc_align_left  vc_custom_1583449337290\" >\r\n\t\t<div class=\"wpb_wrapper\">\r\n\t\t\t\r\n\t\t\t<div class=\"vc_single_image-wrapper   vc_box_border_grey\" ><img loading=\"lazy\" decoding=\"async\" width=\"800\" height=\"800\" src=\"https:\/\/roussillonfishing.com\/wp-content\/uploads\/2020\/02\/perfectionnement.jpg\" class=\"vc_single_image-img attachment-full\" alt=\"Stage de perfectionnement\" srcset=\"https:\/\/roussillonfishing.com\/wp-content\/uploads\/2020\/02\/perfectionnement.jpg 800w, https:\/\/roussillonfishing.com\/wp-content\/uploads\/2020\/02\/perfectionnement-300x300.jpg 300w, https:\/\/roussillonfishing.com\/wp-content\/uploads\/2020\/02\/perfectionnement-100x100.jpg 100w, https:\/\/roussillonfishing.com\/wp-content\/uploads\/2020\/02\/perfectionnement-600x600.jpg 600w, https:\/\/roussillonfishing.com\/wp-content\/uploads\/2020\/02\/perfectionnement-150x150.jpg 150w, https:\/\/roussillonfishing.com\/wp-content\/uploads\/2020\/02\/perfectionnement-768x768.jpg 768w\" sizes=\"auto, (max-width: 800px) 100vw, 800px\" \/><\/div>\r\n\t\t\t\r\n\t\t<\/div>\r\n\t<\/div>\r\n<\/div><\/div><div class=\"dfd-enable-custom-column-effect vc-column-hover-69d4cf9778722 columns six vc_custom_1583447625876\"><div class=\"wpb_wrapper\">\n\t<div class=\"wpb_text_column wpb_content_element\" >\n\t\t<div class=\"wpb_wrapper\">\n\t\t\t<h2>Improve your sea fishing skills (8h)<\/h2>\n<p>My pedagogy and my knowledge are there to initiate or perfect you in this sport \/ leisure.<br \/>\nWe will approach, according to your needs, a precise fishing technique, such as:<\/p>\n<ul class=\"liste\">\n<li>La p\u00eache au lancer &amp; p\u00eache \u00e0 la mouche sur chasse de thonid\u00e9s (thon rouge bonite p\u00e9lamide).<\/li>\n<li>Lure fishing (poppering &amp; stick bait) + slow trolling (dentex, leer, gladius tuna).<\/li>\n<li>La p\u00eache au broum\u00e9 &#8211; en \u00ab\u00a0stand up\u00a0\u00bb (thon rouge xiphias gladius espadon requins peau bleu, renard).<\/li>\n<\/ul>\n\n\t\t<\/div> \n\t<\/div> <div id=\"dfd-button-gradient69d4cf977888a-3443\" class=\"dfd-button-gradient-module-wrap\"><div class=\"dfd-button-module  style-2 normal text-center with-icon\" ><a href=\"http:\/\/roussillonfishing.com\/en\/stage-de-perfectionnement-a-la-peche-en-mer\/\" title=\"Improve your sea fishing skills (8h)\"  class=\"dfd-button-link  dfd-fade\"><span class=\"dfd-button-inner-cover\"><span class=\"icon-wrap\"><i class=\"featured-icon fas fa-angle-right\"><\/i><\/span><span class=\"dfd-button-text-main\" style=\"\">Know more<\/span><span class=\"dfd-button-border\"><\/span><\/span><\/a><\/div><\/div><\/div><script type=\"text\/javascript\">(function($) {$(\"head\").append(\"<style>.vc-column-hover-69d4cf9778722 {-webkit-box-shadow: none;-moz-box-shadow: none;-o-box-shadow: none;box-shadow: none;}.vc-column-hover-69d4cf9778722:hover {-webkit-box-shadow: none;-moz-box-shadow: none;-o-box-shadow: none;box-shadow: none; z-index: 1;}<\/style>\");})(jQuery);<\/script><\/div><\/div><\/div><div class=\"dfd-delimier-main-wrapper\" ><div id=\"dfd-delimiter-69d4cf9778902-9663\"  class=\"dfd-delimier-wrapper dfd-delimiter-with-line\"  style='text-align:left; ' ><span><span class=\"line\" style=\"border-bottom-width:1px; border-bottom-style:dashed; \"><\/span><\/span><\/div><\/div>\n\t\t<\/div> \n\t<\/div> \n<\/div><div class=\"dfd-row-bg-overlay\" style=\"opacity: 0.8;\"><\/div><\/div><div  class=\"vc-row-wrapper vc_custom_1583449173525\" data-parallax_sense=\"30\"><div class=\"wpb_row row\" >\n\t<div class=\"six columns vc-column-extra-class-69d4cf9778bfb vc_custom_1583446972924\" data-parallax_sense=\"30\">\n\t\t<div class=\"wpb_wrapper\">\n\t\t\t\n\t<div class=\"wpb_text_column wpb_content_element\" >\n\t\t<div class=\"wpb_wrapper\">\n\t\t\t<h2>Big game fishing: tuna \/ swordfish \/ shark<\/h2>\n<p>During this day of big game fishing, we will fish during our trolling trips<span class=\"bold\">quintessential prospecting fishing technique.\u00a0<\/span><\/p>\n<p>Arriv\u00e9s sur zone, nous pourrons aborder d\u2019autres techniques de p\u00eache, au choix et en fonction du site, comme la p\u00eache au broum\u00e9, traine rapide, jigging (speed, slow), lancer leurres, et p\u00eache \u00e0 la mouche.<\/p>\n\n\t\t<\/div> \n\t<\/div> <div id=\"dfd-button-gradient69d4cf9778d14-5339\" class=\"dfd-button-gradient-module-wrap\"><div class=\"dfd-button-module  style-2 normal text-center with-icon\" ><a href=\"http:\/\/roussillonfishing.com\/en\/peche-au-gros-thon-espadon-requin\/\" title=\"Big game fishing: tuna \/ swordfish \/ shark\"  class=\"dfd-button-link  dfd-fade\"><span class=\"dfd-button-inner-cover\"><span class=\"icon-wrap\"><i class=\"featured-icon fas fa-angle-right\"><\/i><\/span><span class=\"dfd-button-text-main\" style=\"\">Know more<\/span><span class=\"dfd-button-border\"><\/span><\/span><\/a><\/div><\/div>\n\t\t<\/div> \n\t<\/div> \n\n\t<div class=\"six columns vc-column-extra-class-69d4cf9778dfd\" data-parallax_sense=\"30\">\n\t\t<div class=\"wpb_wrapper\">\n\t\t\t\r\n\t<div class=\"wpb_single_image wpb_content_element vc_align_left  vc_custom_1583449115983\" >\r\n\t\t<div class=\"wpb_wrapper\">\r\n\t\t\t\r\n\t\t\t<div class=\"vc_single_image-wrapper   vc_box_border_grey\" ><img loading=\"lazy\" decoding=\"async\" width=\"1440\" height=\"1296\" src=\"https:\/\/roussillonfishing.com\/wp-content\/uploads\/2020\/03\/83690967_1507401962759716_3656060631200563200_o-1.jpg\" class=\"vc_single_image-img attachment-full\" alt=\"\" srcset=\"https:\/\/roussillonfishing.com\/wp-content\/uploads\/2020\/03\/83690967_1507401962759716_3656060631200563200_o-1.jpg 1440w, https:\/\/roussillonfishing.com\/wp-content\/uploads\/2020\/03\/83690967_1507401962759716_3656060631200563200_o-1-600x540.jpg 600w, https:\/\/roussillonfishing.com\/wp-content\/uploads\/2020\/03\/83690967_1507401962759716_3656060631200563200_o-1-300x270.jpg 300w, https:\/\/roussillonfishing.com\/wp-content\/uploads\/2020\/03\/83690967_1507401962759716_3656060631200563200_o-1-1024x922.jpg 1024w, https:\/\/roussillonfishing.com\/wp-content\/uploads\/2020\/03\/83690967_1507401962759716_3656060631200563200_o-1-768x691.jpg 768w\" sizes=\"auto, (max-width: 1440px) 100vw, 1440px\" \/><\/div>\r\n\t\t\t\r\n\t\t<\/div>\r\n\t<\/div>\r\n\n\t\t<\/div> \n\t<\/div> \n<\/div><div class=\"dfd-row-bg-overlay\" style=\"opacity: 0.8;\"><\/div><\/div>","protected":false},"excerpt":{"rendered":"C\u2019est \u00e0 bord du Catalina, coque open de 7m et ses 150cv tout \u00e9quip\u00e9 que vous d\u00e9couvrirez diff\u00e9rentes techniques de p\u00eache aux leurres ou aux app\u00e2ts naturels.\u00a0Les techniques de p\u00eache","protected":false},"author":1,"featured_media":70,"parent":0,"menu_order":0,"comment_status":"closed","ping_status":"closed","template":"","meta":{"footnotes":""},"class_list":["post-30","page","type-page","status-publish","has-post-thumbnail","hentry"],"yoast_head":"<!-- This site is optimized with the Yoast SEO plugin v27.3 - https:\/\/yoast.com\/product\/yoast-seo-wordpress\/ -->\n<title>P\u00eache en mer - Roussillon Fishing<\/title>\n<meta name=\"description\" content=\"Venez d\u00e9couvrir diff\u00e9rentes techniques de p\u00eache en mer aux leurres ou app\u00e2ts naturels.\u00a0Chaque technique sera employ\u00e9e en fonction des conditions du moment\" \/>\n<meta name=\"robots\" content=\"index, follow, max-snippet:-1, max-image-preview:large, max-video-preview:-1\" \/>\n<link rel=\"canonical\" href=\"https:\/\/roussillonfishing.com\/en\/prestations-peche-en-mer\" \/>\n<meta property=\"og:locale\" content=\"en_GB\" \/>\n<meta property=\"og:type\" content=\"article\" \/>\n<meta property=\"og:title\" content=\"P\u00eache en mer - Roussillon Fishing\" \/>\n<meta property=\"og:description\" content=\"Venez d\u00e9couvrir diff\u00e9rentes techniques de p\u00eache en mer aux leurres ou app\u00e2ts naturels.\u00a0Chaque technique sera employ\u00e9e en fonction des conditions du moment\" \/>\n<meta property=\"og:url\" content=\"https:\/\/roussillonfishing.com\/en\/prestations-peche-en-mer\" \/>\n<meta property=\"og:site_name\" content=\"Roussillon Fishing\" \/>\n<meta property=\"article:publisher\" content=\"https:\/\/www.facebook.com\/Samuel.Elgrishi.Fishing.Guide.Instructor\/\" \/>\n<meta property=\"article:modified_time\" content=\"2021-02-15T18:16:33+00:00\" \/>\n<meta property=\"og:image\" content=\"https:\/\/roussillonfishing.com\/wp-content\/uploads\/2020\/02\/80387591_1470752619757984_2612429195120214016_o.jpg\" \/>\n\t<meta property=\"og:image:width\" content=\"1944\" \/>\n\t<meta property=\"og:image:height\" content=\"1296\" \/>\n\t<meta property=\"og:image:type\" content=\"image\/jpeg\" \/>\n<meta name=\"twitter:card\" content=\"summary_large_image\" \/>\n<meta name=\"twitter:label1\" content=\"Estimated reading time\" \/>\n\t<meta name=\"twitter:data1\" content=\"2 minutes\" \/>\n<script type=\"application\/ld+json\" class=\"yoast-schema-graph\">{\"@context\":\"https:\\\/\\\/schema.org\",\"@graph\":[{\"@type\":\"WebPage\",\"@id\":\"https:\\\/\\\/roussillonfishing.com\\\/en\\\/prestations-peche-en-mer\",\"url\":\"https:\\\/\\\/roussillonfishing.com\\\/en\\\/prestations-peche-en-mer\",\"name\":\"P\u00eache en mer - Roussillon Fishing\",\"isPartOf\":{\"@id\":\"https:\\\/\\\/roussillonfishing.com\\\/en\\\/#website\"},\"primaryImageOfPage\":{\"@id\":\"https:\\\/\\\/roussillonfishing.com\\\/en\\\/prestations-peche-en-mer#primaryimage\"},\"image\":{\"@id\":\"https:\\\/\\\/roussillonfishing.com\\\/en\\\/prestations-peche-en-mer#primaryimage\"},\"thumbnailUrl\":\"https:\\\/\\\/roussillonfishing.com\\\/wp-content\\\/uploads\\\/2020\\\/02\\\/80387591_1470752619757984_2612429195120214016_o.jpg\",\"datePublished\":\"2020-02-04T20:56:58+00:00\",\"dateModified\":\"2021-02-15T18:16:33+00:00\",\"description\":\"Venez d\u00e9couvrir diff\u00e9rentes techniques de p\u00eache en mer aux leurres ou app\u00e2ts naturels.\u00a0Chaque technique sera employ\u00e9e en fonction des conditions du moment\",\"breadcrumb\":{\"@id\":\"https:\\\/\\\/roussillonfishing.com\\\/en\\\/prestations-peche-en-mer#breadcrumb\"},\"inLanguage\":\"en-GB\",\"potentialAction\":[{\"@type\":\"ReadAction\",\"target\":[\"https:\\\/\\\/roussillonfishing.com\\\/en\\\/prestations-peche-en-mer\"]}]},{\"@type\":\"ImageObject\",\"inLanguage\":\"en-GB\",\"@id\":\"https:\\\/\\\/roussillonfishing.com\\\/en\\\/prestations-peche-en-mer#primaryimage\",\"url\":\"https:\\\/\\\/roussillonfishing.com\\\/wp-content\\\/uploads\\\/2020\\\/02\\\/80387591_1470752619757984_2612429195120214016_o.jpg\",\"contentUrl\":\"https:\\\/\\\/roussillonfishing.com\\\/wp-content\\\/uploads\\\/2020\\\/02\\\/80387591_1470752619757984_2612429195120214016_o.jpg\",\"width\":1944,\"height\":1296,\"caption\":\"P\u00eache en mer\"},{\"@type\":\"BreadcrumbList\",\"@id\":\"https:\\\/\\\/roussillonfishing.com\\\/en\\\/prestations-peche-en-mer#breadcrumb\",\"itemListElement\":[{\"@type\":\"ListItem\",\"position\":1,\"name\":\"Accueil\",\"item\":\"https:\\\/\\\/roussillonfishing.com\\\/\"},{\"@type\":\"ListItem\",\"position\":2,\"name\":\"P\u00eache en mer\"}]},{\"@type\":\"WebSite\",\"@id\":\"https:\\\/\\\/roussillonfishing.com\\\/en\\\/#website\",\"url\":\"https:\\\/\\\/roussillonfishing.com\\\/en\\\/\",\"name\":\"Roussillon Fishing\",\"description\":\"Moniteur et Guide de p\u00eache dans Les Pyr\u00e9n\u00e9es Orientales\",\"potentialAction\":[{\"@type\":\"SearchAction\",\"target\":{\"@type\":\"EntryPoint\",\"urlTemplate\":\"https:\\\/\\\/roussillonfishing.com\\\/en\\\/?s={search_term_string}\"},\"query-input\":{\"@type\":\"PropertyValueSpecification\",\"valueRequired\":true,\"valueName\":\"search_term_string\"}}],\"inLanguage\":\"en-GB\"}]}<\/script>\n<!-- \/ Yoast SEO plugin. -->","yoast_head_json":{"title":"P\u00eache en mer - Roussillon Fishing","description":"Venez d\u00e9couvrir diff\u00e9rentes techniques de p\u00eache en mer aux leurres ou app\u00e2ts naturels.\u00a0Chaque technique sera employ\u00e9e en fonction des conditions du moment","robots":{"index":"index","follow":"follow","max-snippet":"max-snippet:-1","max-image-preview":"max-image-preview:large","max-video-preview":"max-video-preview:-1"},"canonical":"https:\/\/roussillonfishing.com\/en\/prestations-peche-en-mer","og_locale":"en_GB","og_type":"article","og_title":"P\u00eache en mer - Roussillon Fishing","og_description":"Venez d\u00e9couvrir diff\u00e9rentes techniques de p\u00eache en mer aux leurres ou app\u00e2ts naturels.\u00a0Chaque technique sera employ\u00e9e en fonction des conditions du moment","og_url":"https:\/\/roussillonfishing.com\/en\/prestations-peche-en-mer","og_site_name":"Roussillon Fishing","article_publisher":"https:\/\/www.facebook.com\/Samuel.Elgrishi.Fishing.Guide.Instructor\/","article_modified_time":"2021-02-15T18:16:33+00:00","og_image":[{"width":1944,"height":1296,"url":"https:\/\/roussillonfishing.com\/wp-content\/uploads\/2020\/02\/80387591_1470752619757984_2612429195120214016_o.jpg","type":"image\/jpeg"}],"twitter_card":"summary_large_image","twitter_misc":{"Estimated reading time":"2 minutes"},"schema":{"@context":"https:\/\/schema.org","@graph":[{"@type":"WebPage","@id":"https:\/\/roussillonfishing.com\/en\/prestations-peche-en-mer","url":"https:\/\/roussillonfishing.com\/en\/prestations-peche-en-mer","name":"P\u00eache en mer - Roussillon Fishing","isPartOf":{"@id":"https:\/\/roussillonfishing.com\/en\/#website"},"primaryImageOfPage":{"@id":"https:\/\/roussillonfishing.com\/en\/prestations-peche-en-mer#primaryimage"},"image":{"@id":"https:\/\/roussillonfishing.com\/en\/prestations-peche-en-mer#primaryimage"},"thumbnailUrl":"https:\/\/roussillonfishing.com\/wp-content\/uploads\/2020\/02\/80387591_1470752619757984_2612429195120214016_o.jpg","datePublished":"2020-02-04T20:56:58+00:00","dateModified":"2021-02-15T18:16:33+00:00","description":"Venez d\u00e9couvrir diff\u00e9rentes techniques de p\u00eache en mer aux leurres ou app\u00e2ts naturels.\u00a0Chaque technique sera employ\u00e9e en fonction des conditions du moment","breadcrumb":{"@id":"https:\/\/roussillonfishing.com\/en\/prestations-peche-en-mer#breadcrumb"},"inLanguage":"en-GB","potentialAction":[{"@type":"ReadAction","target":["https:\/\/roussillonfishing.com\/en\/prestations-peche-en-mer"]}]},{"@type":"ImageObject","inLanguage":"en-GB","@id":"https:\/\/roussillonfishing.com\/en\/prestations-peche-en-mer#primaryimage","url":"https:\/\/roussillonfishing.com\/wp-content\/uploads\/2020\/02\/80387591_1470752619757984_2612429195120214016_o.jpg","contentUrl":"https:\/\/roussillonfishing.com\/wp-content\/uploads\/2020\/02\/80387591_1470752619757984_2612429195120214016_o.jpg","width":1944,"height":1296,"caption":"P\u00eache en mer"},{"@type":"BreadcrumbList","@id":"https:\/\/roussillonfishing.com\/en\/prestations-peche-en-mer#breadcrumb","itemListElement":[{"@type":"ListItem","position":1,"name":"Accueil","item":"https:\/\/roussillonfishing.com\/"},{"@type":"ListItem","position":2,"name":"P\u00eache en mer"}]},{"@type":"WebSite","@id":"https:\/\/roussillonfishing.com\/en\/#website","url":"https:\/\/roussillonfishing.com\/en\/","name":"Roussillon Fishing","description":"Moniteur et Guide de p\u00eache dans Les Pyr\u00e9n\u00e9es Orientales","potentialAction":[{"@type":"SearchAction","target":{"@type":"EntryPoint","urlTemplate":"https:\/\/roussillonfishing.com\/en\/?s={search_term_string}"},"query-input":{"@type":"PropertyValueSpecification","valueRequired":true,"valueName":"search_term_string"}}],"inLanguage":"en-GB"}]}},"jetpack_sharing_enabled":true,"_links":{"self":[{"href":"https:\/\/roussillonfishing.com\/en\/wp-json\/wp\/v2\/pages\/30","targetHints":{"allow":["GET"]}}],"collection":[{"href":"https:\/\/roussillonfishing.com\/en\/wp-json\/wp\/v2\/pages"}],"about":[{"href":"https:\/\/roussillonfishing.com\/en\/wp-json\/wp\/v2\/types\/page"}],"author":[{"embeddable":true,"href":"https:\/\/roussillonfishing.com\/en\/wp-json\/wp\/v2\/users\/1"}],"replies":[{"embeddable":true,"href":"https:\/\/roussillonfishing.com\/en\/wp-json\/wp\/v2\/comments?post=30"}],"version-history":[{"count":6,"href":"https:\/\/roussillonfishing.com\/en\/wp-json\/wp\/v2\/pages\/30\/revisions"}],"predecessor-version":[{"id":1076,"href":"https:\/\/roussillonfishing.com\/en\/wp-json\/wp\/v2\/pages\/30\/revisions\/1076"}],"wp:featuredmedia":[{"embeddable":true,"href":"https:\/\/roussillonfishing.com\/en\/wp-json\/wp\/v2\/media\/70"}],"wp:attachment":[{"href":"https:\/\/roussillonfishing.com\/en\/wp-json\/wp\/v2\/media?parent=30"}],"curies":[{"name":"wp","href":"https:\/\/api.w.org\/{rel}","templated":true}]}}