{"id":32,"date":"2020-02-04T21:57:39","date_gmt":"2020-02-04T20:57:39","guid":{"rendered":"http:\/\/roussillonfishing.rodmaps.com\/?page_id=32"},"modified":"2020-07-09T12:10:17","modified_gmt":"2020-07-09T12:10:17","slug":"prestations-peche-en-eau-douce","status":"publish","type":"page","link":"https:\/\/roussillonfishing.com\/en\/prestations-peche-en-eau-douce","title":{"rendered":"Freshwater fishing"},"content":{"rendered":"<div  class=\"vc-row-wrapper\" data-parallax_sense=\"30\"><div class=\"wpb_row row\" >\n\t<div class=\"twelve columns vc-column-extra-class-69d0e1e8ef8ac\" data-parallax_sense=\"30\">\n\t\t<div class=\"wpb_wrapper\">\n\t\t\t\n\t<div class=\"wpb_text_column wpb_content_element\" >\n\t\t<div class=\"wpb_wrapper\">\n\t\t\t<p>Throughout the year I present my recreational fishing and environmental education activities in the Eastern Pyrenees in fresh water.<\/p>\n\n\t\t<\/div> \n\t<\/div> \n\t\t<\/div> \n\t<\/div> \n<\/div><div class=\"dfd-row-bg-overlay\" style=\"opacity: 0.8;\"><\/div><\/div><div  class=\"vc-row-wrapper vc_custom_1587660729137\" data-parallax_sense=\"30\"><div class=\"wpb_row row\" >\n\t<div class=\"six columns vc-column-extra-class-69d0e1e8efdcf\" data-parallax_sense=\"30\">\n\t\t<div class=\"wpb_wrapper\">\n\t\t\t\r\n\t<div class=\"wpb_single_image wpb_content_element vc_align_left\" >\r\n\t\t<div class=\"wpb_wrapper\">\r\n\t\t\t\r\n\t\t\t<div class=\"vc_single_image-wrapper   vc_box_border_grey\" ><img loading=\"lazy\" decoding=\"async\" width=\"806\" height=\"806\" src=\"https:\/\/roussillonfishing.com\/wp-content\/uploads\/2020\/04\/50072120_2011764892270115_891263275071700992_n.jpg\" class=\"vc_single_image-img attachment-full\" alt=\"ecole de peche de la lagune\" srcset=\"https:\/\/roussillonfishing.com\/wp-content\/uploads\/2020\/04\/50072120_2011764892270115_891263275071700992_n.jpg 806w, https:\/\/roussillonfishing.com\/wp-content\/uploads\/2020\/04\/50072120_2011764892270115_891263275071700992_n-300x300.jpg 300w, https:\/\/roussillonfishing.com\/wp-content\/uploads\/2020\/04\/50072120_2011764892270115_891263275071700992_n-100x100.jpg 100w, https:\/\/roussillonfishing.com\/wp-content\/uploads\/2020\/04\/50072120_2011764892270115_891263275071700992_n-600x600.jpg 600w, https:\/\/roussillonfishing.com\/wp-content\/uploads\/2020\/04\/50072120_2011764892270115_891263275071700992_n-150x150.jpg 150w, https:\/\/roussillonfishing.com\/wp-content\/uploads\/2020\/04\/50072120_2011764892270115_891263275071700992_n-768x768.jpg 768w\" sizes=\"auto, (max-width: 806px) 100vw, 806px\" \/><\/div>\r\n\t\t\t\r\n\t\t<\/div>\r\n\t<\/div>\r\n\n\t\t<\/div> \n\t<\/div> \n\n\t<div class=\"six columns vc-column-extra-class-69d0e1e8f04f0 vc_custom_1587660742874\" data-parallax_sense=\"30\">\n\t\t<div class=\"wpb_wrapper\">\n\t\t\t\n\t<div class=\"wpb_text_column wpb_content_element\" >\n\t\t<div class=\"wpb_wrapper\">\n\t\t\t<h2>Lagoon Fishing School<\/h2>\n<p>Throughout the year I present my recreational fishing and environmental education activities in the Eastern Pyrenees in fresh water.<br \/>\nThese events take place less than 15 minutes from Perpignan, near the St Cyprien lagoon.<\/p>\n<ul class=\"listev\">\n<li>Initiation Fishing and Nature - Lake Villeneuve de la Raho.<\/li>\n<li>Discovery and environmental education workshop - Village des P\u00eacheurs Etang de Canet.<\/li>\n<li>Line assembly workshop and awareness of aquatic environments - Outdoor or Indoor<\/li>\n<\/ul>\n\n\t\t<\/div> \n\t<\/div> <div id=\"dfd-button-gradient69d0e1e8f069e-5376\" class=\"dfd-button-gradient-module-wrap\"><div class=\"dfd-button-module  style-2 normal text-center with-icon\" ><a href=\"http:\/\/roussillonfishing.com\/en\/ecole-de-peche-de-la-lagune-2\/\" title=\"Lagoon fishing School\"  class=\"dfd-button-link  dfd-fade\"><span class=\"dfd-button-inner-cover\"><span class=\"icon-wrap\"><i class=\"featured-icon fas fa-angle-right\"><\/i><\/span><span class=\"dfd-button-text-main\" style=\"\">Know more<\/span><span class=\"dfd-button-border\"><\/span><\/span><\/a><\/div><\/div>\n\t\t<\/div> \n\t<\/div> \n<\/div><div class=\"dfd-row-bg-overlay\" style=\"opacity: 0.8;\"><\/div><\/div><div  class=\"vc-row-wrapper\" data-parallax_sense=\"30\"><div class=\"wpb_row row\" >\n\t<div class=\"twelve columns vc-column-extra-class-69d0e1e8f0a42\" data-parallax_sense=\"30\">\n\t\t<div class=\"wpb_wrapper\">\n\t\t\t<div class=\"dfd-delimier-main-wrapper\" ><div id=\"dfd-delimiter-69d0e1e8f0af7-8160\"  class=\"dfd-delimier-wrapper dfd-delimiter-with-line\"  style='text-align:left; ' ><span><span class=\"line\" style=\"border-bottom-width:1px; border-bottom-style:dashed; \"><\/span><\/span><\/div><\/div>\n\t\t<\/div> \n\t<\/div> \n<\/div><div class=\"dfd-row-bg-overlay\" style=\"opacity: 0.8;\"><\/div><\/div><div  class=\"vc-row-wrapper vc_custom_1587661068395\" data-parallax_sense=\"30\"><div class=\"wpb_row row\" >\n\t<div class=\"six columns vc-column-extra-class-69d0e1e8f0dd5\" data-parallax_sense=\"30\">\n\t\t<div class=\"wpb_wrapper\">\n\t\t\t\n\t<div class=\"wpb_text_column wpb_content_element\" >\n\t\t<div class=\"wpb_wrapper\">\n\t\t\t<h2>Predator fishing with lures<\/h2>\n<p>Let's go fishing for Catalan freshwater predator, on bodies of water, rivers, and mouths. In the company of my colleague Bastien Cebe of Fish &amp; Love, we will take advantage of the currents of the Agly, the T\u00eat or even of the Tech and will survey water bodies such as the Villeneuve de la Raho lake, Vin\u00e7a and Caramany.<\/p>\n<p>Depending on the course of the day, we will approach several techniques to fish for zander, perch, black bass, trout, and animate lures otherwise depending on the fishing technique chosen, the fish sought, the position, the period of the year\u2026<\/p>\n\n\t\t<\/div> \n\t<\/div> <div id=\"dfd-button-gradient69d0e1e8f0efd-5104\" class=\"dfd-button-gradient-module-wrap\"><div class=\"dfd-button-module  style-2 normal text-center with-icon\" ><a href=\"http:\/\/roussillonfishing.com\/en\/peche-des-carnassiers-aux-leurres\/\" title=\"Predator fishing with lures\"  class=\"dfd-button-link  dfd-fade\"><span class=\"dfd-button-inner-cover\"><span class=\"icon-wrap\"><i class=\"featured-icon fas fa-angle-right\"><\/i><\/span><span class=\"dfd-button-text-main\" style=\"\">Know more<\/span><span class=\"dfd-button-border\"><\/span><\/span><\/a><\/div><\/div>\n\t\t<\/div> \n\t<\/div> \n\n\t<div class=\"six columns vc-column-extra-class-69d0e1e8f0ff1\" data-parallax_sense=\"30\">\n\t\t<div class=\"wpb_wrapper\">\n\t\t\t\r\n\t<div class=\"wpb_single_image wpb_content_element vc_align_left\" >\r\n\t\t<div class=\"wpb_wrapper\">\r\n\t\t\t\r\n\t\t\t<div class=\"vc_single_image-wrapper   vc_box_border_grey\" ><img loading=\"lazy\" decoding=\"async\" width=\"2560\" height=\"1920\" src=\"https:\/\/roussillonfishing.com\/wp-content\/uploads\/2020\/04\/P1180168-scaled.jpg\" class=\"vc_single_image-img attachment-full\" alt=\"Peche des carnassiers aux leurres\" srcset=\"https:\/\/roussillonfishing.com\/wp-content\/uploads\/2020\/04\/P1180168-scaled.jpg 2560w, https:\/\/roussillonfishing.com\/wp-content\/uploads\/2020\/04\/P1180168-scaled-600x450.jpg 600w, https:\/\/roussillonfishing.com\/wp-content\/uploads\/2020\/04\/P1180168-300x225.jpg 300w, https:\/\/roussillonfishing.com\/wp-content\/uploads\/2020\/04\/P1180168-1024x768.jpg 1024w, https:\/\/roussillonfishing.com\/wp-content\/uploads\/2020\/04\/P1180168-768x576.jpg 768w, https:\/\/roussillonfishing.com\/wp-content\/uploads\/2020\/04\/P1180168-1536x1152.jpg 1536w, https:\/\/roussillonfishing.com\/wp-content\/uploads\/2020\/04\/P1180168-2048x1536.jpg 2048w\" sizes=\"auto, (max-width: 2560px) 100vw, 2560px\" \/><\/div>\r\n\t\t\t\r\n\t\t<\/div>\r\n\t<\/div>\r\n\n\t\t<\/div> \n\t<\/div> \n<\/div><div class=\"dfd-row-bg-overlay\" style=\"opacity: 0.8;\"><\/div><\/div><div  class=\"vc-row-wrapper\" data-parallax_sense=\"30\"><div class=\"wpb_row row\" >\n\t<div class=\"twelve columns vc-column-extra-class-69d0e1e8f1793\" data-parallax_sense=\"30\">\n\t\t<div class=\"wpb_wrapper\">\n\t\t\t\n\t\t<\/div> \n\t<\/div> \n<\/div><div class=\"dfd-row-bg-overlay\" style=\"opacity: 0.8;\"><\/div><\/div>","protected":false},"excerpt":{"rendered":"Tout au long de l\u2019ann\u00e9e je vous pr\u00e9sente, mes animations p\u00eache de loisirs et \u00e9ducation \u00e0 l\u2019environnement dans les Pyr\u00e9n\u00e9es Orientales en eau douce. \u00c9cole de p\u00eache de la Lagune","protected":false},"author":1,"featured_media":374,"parent":0,"menu_order":0,"comment_status":"closed","ping_status":"closed","template":"","meta":{"footnotes":""},"class_list":["post-32","page","type-page","status-publish","has-post-thumbnail","hentry"],"yoast_head":"<!-- This site is optimized with the Yoast SEO plugin v27.3 - https:\/\/yoast.com\/product\/yoast-seo-wordpress\/ -->\n<title>P\u00eache en eau douce - Roussillon Fishing<\/title>\n<meta name=\"description\" content=\"Tout au long de l\u2019ann\u00e9e, je ous pr\u00e9sente des animations p\u00eache en eau douce de loisirs et \u00e9ducation \u00e0 l\u2019environnement dans les Pyr\u00e9n\u00e9es Orientales.\" \/>\n<meta name=\"robots\" content=\"index, follow, max-snippet:-1, max-image-preview:large, max-video-preview:-1\" \/>\n<link rel=\"canonical\" href=\"https:\/\/roussillonfishing.com\/en\/prestations-peche-en-eau-douce\/\" \/>\n<meta property=\"og:locale\" content=\"en_GB\" \/>\n<meta property=\"og:type\" content=\"article\" \/>\n<meta property=\"og:title\" content=\"P\u00eache en eau douce - Roussillon Fishing\" \/>\n<meta property=\"og:description\" content=\"Tout au long de l\u2019ann\u00e9e, je ous pr\u00e9sente des animations p\u00eache en eau douce de loisirs et \u00e9ducation \u00e0 l\u2019environnement dans les Pyr\u00e9n\u00e9es Orientales.\" \/>\n<meta property=\"og:url\" content=\"https:\/\/roussillonfishing.com\/en\/prestations-peche-en-eau-douce\/\" \/>\n<meta property=\"og:site_name\" content=\"Roussillon Fishing\" \/>\n<meta property=\"article:publisher\" content=\"https:\/\/www.facebook.com\/Samuel.Elgrishi.Fishing.Guide.Instructor\/\" \/>\n<meta property=\"article:modified_time\" content=\"2020-07-09T12:10:17+00:00\" \/>\n<meta property=\"og:image\" content=\"https:\/\/roussillonfishing.com\/wp-content\/uploads\/2020\/04\/Peche-en-eau-douce.jpg\" \/>\n\t<meta property=\"og:image:width\" content=\"1400\" \/>\n\t<meta property=\"og:image:height\" content=\"770\" \/>\n\t<meta property=\"og:image:type\" content=\"image\/jpeg\" \/>\n<meta name=\"twitter:card\" content=\"summary_large_image\" \/>\n<meta name=\"twitter:label1\" content=\"Estimated reading time\" \/>\n\t<meta name=\"twitter:data1\" content=\"3 minutes\" \/>\n<script type=\"application\/ld+json\" class=\"yoast-schema-graph\">{\"@context\":\"https:\\\/\\\/schema.org\",\"@graph\":[{\"@type\":\"WebPage\",\"@id\":\"https:\\\/\\\/roussillonfishing.com\\\/prestations-peche-en-eau-douce\",\"url\":\"https:\\\/\\\/roussillonfishing.com\\\/prestations-peche-en-eau-douce\",\"name\":\"P\u00eache en eau douce - Roussillon Fishing\",\"isPartOf\":{\"@id\":\"https:\\\/\\\/roussillonfishing.com\\\/en\\\/#website\"},\"primaryImageOfPage\":{\"@id\":\"https:\\\/\\\/roussillonfishing.com\\\/prestations-peche-en-eau-douce#primaryimage\"},\"image\":{\"@id\":\"https:\\\/\\\/roussillonfishing.com\\\/prestations-peche-en-eau-douce#primaryimage\"},\"thumbnailUrl\":\"https:\\\/\\\/roussillonfishing.com\\\/wp-content\\\/uploads\\\/2020\\\/04\\\/Peche-en-eau-douce.jpg\",\"datePublished\":\"2020-02-04T20:57:39+00:00\",\"dateModified\":\"2020-07-09T12:10:17+00:00\",\"description\":\"Tout au long de l\u2019ann\u00e9e, je ous pr\u00e9sente des animations p\u00eache en eau douce de loisirs et \u00e9ducation \u00e0 l\u2019environnement dans les Pyr\u00e9n\u00e9es Orientales.\",\"breadcrumb\":{\"@id\":\"https:\\\/\\\/roussillonfishing.com\\\/prestations-peche-en-eau-douce#breadcrumb\"},\"inLanguage\":\"en-GB\",\"potentialAction\":[{\"@type\":\"ReadAction\",\"target\":[\"https:\\\/\\\/roussillonfishing.com\\\/prestations-peche-en-eau-douce\"]}]},{\"@type\":\"ImageObject\",\"inLanguage\":\"en-GB\",\"@id\":\"https:\\\/\\\/roussillonfishing.com\\\/prestations-peche-en-eau-douce#primaryimage\",\"url\":\"https:\\\/\\\/roussillonfishing.com\\\/wp-content\\\/uploads\\\/2020\\\/04\\\/Peche-en-eau-douce.jpg\",\"contentUrl\":\"https:\\\/\\\/roussillonfishing.com\\\/wp-content\\\/uploads\\\/2020\\\/04\\\/Peche-en-eau-douce.jpg\",\"width\":1400,\"height\":770,\"caption\":\"Peche-en-eau-douce\"},{\"@type\":\"BreadcrumbList\",\"@id\":\"https:\\\/\\\/roussillonfishing.com\\\/prestations-peche-en-eau-douce#breadcrumb\",\"itemListElement\":[{\"@type\":\"ListItem\",\"position\":1,\"name\":\"Accueil\",\"item\":\"https:\\\/\\\/roussillonfishing.com\\\/\"},{\"@type\":\"ListItem\",\"position\":2,\"name\":\"P\u00eache en eau douce\"}]},{\"@type\":\"WebSite\",\"@id\":\"https:\\\/\\\/roussillonfishing.com\\\/en\\\/#website\",\"url\":\"https:\\\/\\\/roussillonfishing.com\\\/en\\\/\",\"name\":\"Roussillon Fishing\",\"description\":\"Moniteur et Guide de p\u00eache dans Les Pyr\u00e9n\u00e9es Orientales\",\"potentialAction\":[{\"@type\":\"SearchAction\",\"target\":{\"@type\":\"EntryPoint\",\"urlTemplate\":\"https:\\\/\\\/roussillonfishing.com\\\/en\\\/?s={search_term_string}\"},\"query-input\":{\"@type\":\"PropertyValueSpecification\",\"valueRequired\":true,\"valueName\":\"search_term_string\"}}],\"inLanguage\":\"en-GB\"}]}<\/script>\n<!-- \/ Yoast SEO plugin. -->","yoast_head_json":{"title":"P\u00eache en eau douce - Roussillon Fishing","description":"Tout au long de l\u2019ann\u00e9e, je ous pr\u00e9sente des animations p\u00eache en eau douce de loisirs et \u00e9ducation \u00e0 l\u2019environnement dans les Pyr\u00e9n\u00e9es Orientales.","robots":{"index":"index","follow":"follow","max-snippet":"max-snippet:-1","max-image-preview":"max-image-preview:large","max-video-preview":"max-video-preview:-1"},"canonical":"https:\/\/roussillonfishing.com\/en\/prestations-peche-en-eau-douce\/","og_locale":"en_GB","og_type":"article","og_title":"P\u00eache en eau douce - Roussillon Fishing","og_description":"Tout au long de l\u2019ann\u00e9e, je ous pr\u00e9sente des animations p\u00eache en eau douce de loisirs et \u00e9ducation \u00e0 l\u2019environnement dans les Pyr\u00e9n\u00e9es Orientales.","og_url":"https:\/\/roussillonfishing.com\/en\/prestations-peche-en-eau-douce\/","og_site_name":"Roussillon Fishing","article_publisher":"https:\/\/www.facebook.com\/Samuel.Elgrishi.Fishing.Guide.Instructor\/","article_modified_time":"2020-07-09T12:10:17+00:00","og_image":[{"width":1400,"height":770,"url":"https:\/\/roussillonfishing.com\/wp-content\/uploads\/2020\/04\/Peche-en-eau-douce.jpg","type":"image\/jpeg"}],"twitter_card":"summary_large_image","twitter_misc":{"Estimated reading time":"3 minutes"},"schema":{"@context":"https:\/\/schema.org","@graph":[{"@type":"WebPage","@id":"https:\/\/roussillonfishing.com\/prestations-peche-en-eau-douce","url":"https:\/\/roussillonfishing.com\/prestations-peche-en-eau-douce","name":"P\u00eache en eau douce - Roussillon Fishing","isPartOf":{"@id":"https:\/\/roussillonfishing.com\/en\/#website"},"primaryImageOfPage":{"@id":"https:\/\/roussillonfishing.com\/prestations-peche-en-eau-douce#primaryimage"},"image":{"@id":"https:\/\/roussillonfishing.com\/prestations-peche-en-eau-douce#primaryimage"},"thumbnailUrl":"https:\/\/roussillonfishing.com\/wp-content\/uploads\/2020\/04\/Peche-en-eau-douce.jpg","datePublished":"2020-02-04T20:57:39+00:00","dateModified":"2020-07-09T12:10:17+00:00","description":"Tout au long de l\u2019ann\u00e9e, je ous pr\u00e9sente des animations p\u00eache en eau douce de loisirs et \u00e9ducation \u00e0 l\u2019environnement dans les Pyr\u00e9n\u00e9es Orientales.","breadcrumb":{"@id":"https:\/\/roussillonfishing.com\/prestations-peche-en-eau-douce#breadcrumb"},"inLanguage":"en-GB","potentialAction":[{"@type":"ReadAction","target":["https:\/\/roussillonfishing.com\/prestations-peche-en-eau-douce"]}]},{"@type":"ImageObject","inLanguage":"en-GB","@id":"https:\/\/roussillonfishing.com\/prestations-peche-en-eau-douce#primaryimage","url":"https:\/\/roussillonfishing.com\/wp-content\/uploads\/2020\/04\/Peche-en-eau-douce.jpg","contentUrl":"https:\/\/roussillonfishing.com\/wp-content\/uploads\/2020\/04\/Peche-en-eau-douce.jpg","width":1400,"height":770,"caption":"Peche-en-eau-douce"},{"@type":"BreadcrumbList","@id":"https:\/\/roussillonfishing.com\/prestations-peche-en-eau-douce#breadcrumb","itemListElement":[{"@type":"ListItem","position":1,"name":"Accueil","item":"https:\/\/roussillonfishing.com\/"},{"@type":"ListItem","position":2,"name":"P\u00eache en eau douce"}]},{"@type":"WebSite","@id":"https:\/\/roussillonfishing.com\/en\/#website","url":"https:\/\/roussillonfishing.com\/en\/","name":"Roussillon Fishing","description":"Moniteur et Guide de p\u00eache dans Les Pyr\u00e9n\u00e9es Orientales","potentialAction":[{"@type":"SearchAction","target":{"@type":"EntryPoint","urlTemplate":"https:\/\/roussillonfishing.com\/en\/?s={search_term_string}"},"query-input":{"@type":"PropertyValueSpecification","valueRequired":true,"valueName":"search_term_string"}}],"inLanguage":"en-GB"}]}},"jetpack_sharing_enabled":true,"_links":{"self":[{"href":"https:\/\/roussillonfishing.com\/en\/wp-json\/wp\/v2\/pages\/32","targetHints":{"allow":["GET"]}}],"collection":[{"href":"https:\/\/roussillonfishing.com\/en\/wp-json\/wp\/v2\/pages"}],"about":[{"href":"https:\/\/roussillonfishing.com\/en\/wp-json\/wp\/v2\/types\/page"}],"author":[{"embeddable":true,"href":"https:\/\/roussillonfishing.com\/en\/wp-json\/wp\/v2\/users\/1"}],"replies":[{"embeddable":true,"href":"https:\/\/roussillonfishing.com\/en\/wp-json\/wp\/v2\/comments?post=32"}],"version-history":[{"count":2,"href":"https:\/\/roussillonfishing.com\/en\/wp-json\/wp\/v2\/pages\/32\/revisions"}],"predecessor-version":[{"id":559,"href":"https:\/\/roussillonfishing.com\/en\/wp-json\/wp\/v2\/pages\/32\/revisions\/559"}],"wp:featuredmedia":[{"embeddable":true,"href":"https:\/\/roussillonfishing.com\/en\/wp-json\/wp\/v2\/media\/374"}],"wp:attachment":[{"href":"https:\/\/roussillonfishing.com\/en\/wp-json\/wp\/v2\/media?parent=32"}],"curies":[{"name":"wp","href":"https:\/\/api.w.org\/{rel}","templated":true}]}}