{"id":1000,"date":"2021-02-12T14:40:44","date_gmt":"2021-02-12T14:40:44","guid":{"rendered":"https:\/\/roussillonfishing.com\/?post_type=product&#038;p=1000"},"modified":"2024-07-02T08:41:21","modified_gmt":"2024-07-02T08:41:21","slug":"porte-canne-seanox-inox-complet-avec-crosse","status":"publish","type":"product","link":"https:\/\/roussillonfishing.com\/en\/product\/porte-canne-seanox-inox-complet-avec-crosse","title":{"rendered":"Porte Canne 360\u00b0 Seanox Inox Complet Avec Crosse"},"content":{"rendered":"<p>\u2022 Type de porte-canne : Porte canne encastrable complet avec support encastrable (R\u00e9f\u00e9rence 478026)<br \/>\n\u2022 Id\u00e9al pour la p\u00eache Big Game, broum\u00e9 et vif avec canne talon droit.<br \/>\nPorte-canne pivotant inox marine<br \/>\n&#8211; Fixation plat bord (121 x 90 mm)<br \/>\n&#8211; Tube de fixation \u00d8 60.3 x 1.5 mm<br \/>\n&#8211; Livr\u00e9 avec embout PVC \u00e9tanche (r\u00e9f 478070)<br \/>\n&#8211; Bague en PA6 crant\u00e9e<br \/>\n&#8211; Crosse seule inox ref 478135<br \/>\n&#8211; Tube \u00d8 48.3 x 1.6 mm longueur 260 mm<br \/>\n&#8211; Inclinaison 135\u00b0<br \/>\nLivr\u00e9 avec bague pour passage du produit \u00e0 crans fixes ou libres<\/p>\n<p>\u2022 Vis non comprises<\/p>\n<div class=\"mt-3\"><img decoding=\"async\" src=\"https:\/\/static.pecheur.com\/m\/media\/flags\/FR.gif\" \/> Made in France<\/div>","protected":false},"excerpt":{"rendered":"<p>\u2022 Type de porte-canne : Porte canne encastrable complet avec support encastrable (R\u00e9f\u00e9rence 478026) \u2022 Id\u00e9al pour la p\u00eache Big Game, broum\u00e9 et vif avec canne talon droit. Porte-canne pivotant<\/p>","protected":false},"featured_media":1001,"comment_status":"open","ping_status":"closed","template":"","meta":[],"product_brand":[],"product_cat":[23],"product_tag":[118,136,133,129,132,130,134,61,51,127,128,131,135,85],"class_list":{"0":"post-1000","1":"product","2":"type-product","3":"status-publish","4":"has-post-thumbnail","6":"product_cat-accessoires","7":"product_tag-bateau","8":"product_tag-big-fish","9":"product_tag-big-game","10":"product_tag-boat","11":"product_tag-broume","12":"product_tag-fishing","13":"product_tag-live-bait","14":"product_tag-peche-au-gros","15":"product_tag-peche-en-mer","16":"product_tag-porte-canne","17":"product_tag-rod-holder","18":"product_tag-traine","19":"product_tag-trolling","20":"product_tag-tuna","22":"first","23":"instock","24":"sale","25":"taxable","26":"shipping-taxable","27":"purchasable","28":"product-type-simple"},"yoast_head":"<!-- This site is optimized with the Yoast SEO plugin v27.5 - https:\/\/yoast.com\/product\/yoast-seo-wordpress\/ -->\n<title>% - Roussillon Fishing<\/title>\n<meta name=\"description\" content=\"Porte Canne 360\u00b0 Seanox Inox Complet Avec Crosse - Roussillon Fishing\" \/>\n<meta name=\"robots\" content=\"index, follow, max-snippet:-1, max-image-preview:large, max-video-preview:-1\" \/>\n<link rel=\"canonical\" href=\"https:\/\/roussillonfishing.com\/en\/product\/porte-canne-seanox-inox-complet-avec-crosse\/\" \/>\n<meta property=\"og:locale\" content=\"en_GB\" \/>\n<meta property=\"og:type\" content=\"article\" \/>\n<meta property=\"og:title\" content=\"% - Roussillon Fishing\" \/>\n<meta property=\"og:description\" content=\"Porte Canne 360\u00b0 Seanox Inox Complet Avec Crosse - Roussillon Fishing\" \/>\n<meta property=\"og:url\" content=\"https:\/\/roussillonfishing.com\/en\/product\/porte-canne-seanox-inox-complet-avec-crosse\/\" \/>\n<meta property=\"og:site_name\" content=\"Roussillon Fishing\" \/>\n<meta property=\"article:publisher\" content=\"https:\/\/www.facebook.com\/Samuel.Elgrishi.Fishing.Guide.Instructor\/\" \/>\n<meta property=\"article:modified_time\" content=\"2024-07-02T08:41:21+00:00\" \/>\n<meta property=\"og:image\" content=\"https:\/\/roussillonfishing.com\/wp-content\/uploads\/2021\/02\/porte-tangon-inox-a-crans-135-.jpg\" \/>\n\t<meta property=\"og:image:width\" content=\"800\" \/>\n\t<meta property=\"og:image:height\" content=\"800\" \/>\n\t<meta property=\"og:image:type\" content=\"image\/jpeg\" \/>\n<meta name=\"twitter:card\" content=\"summary_large_image\" \/>\n<meta name=\"twitter:label1\" content=\"Estimated reading time\" \/>\n\t<meta name=\"twitter:data1\" content=\"1 minute\" \/>\n<script type=\"application\/ld+json\" class=\"yoast-schema-graph\">{\"@context\":\"https:\\\/\\\/schema.org\",\"@graph\":[{\"@type\":\"WebPage\",\"@id\":\"https:\\\/\\\/roussillonfishing.com\\\/produit\\\/porte-canne-seanox-inox-complet-avec-crosse\",\"url\":\"https:\\\/\\\/roussillonfishing.com\\\/produit\\\/porte-canne-seanox-inox-complet-avec-crosse\",\"name\":\"% - Roussillon Fishing\",\"isPartOf\":{\"@id\":\"https:\\\/\\\/roussillonfishing.com\\\/en\\\/#website\"},\"primaryImageOfPage\":{\"@id\":\"https:\\\/\\\/roussillonfishing.com\\\/produit\\\/porte-canne-seanox-inox-complet-avec-crosse#primaryimage\"},\"image\":{\"@id\":\"https:\\\/\\\/roussillonfishing.com\\\/produit\\\/porte-canne-seanox-inox-complet-avec-crosse#primaryimage\"},\"thumbnailUrl\":\"https:\\\/\\\/roussillonfishing.com\\\/wp-content\\\/uploads\\\/2021\\\/02\\\/porte-tangon-inox-a-crans-135-.jpg\",\"datePublished\":\"2021-02-12T14:40:44+00:00\",\"dateModified\":\"2024-07-02T08:41:21+00:00\",\"description\":\"Porte Canne 360\u00b0 Seanox Inox Complet Avec Crosse - Roussillon Fishing\",\"breadcrumb\":{\"@id\":\"https:\\\/\\\/roussillonfishing.com\\\/produit\\\/porte-canne-seanox-inox-complet-avec-crosse#breadcrumb\"},\"inLanguage\":\"en-GB\",\"potentialAction\":[{\"@type\":\"ReadAction\",\"target\":[\"https:\\\/\\\/roussillonfishing.com\\\/produit\\\/porte-canne-seanox-inox-complet-avec-crosse\"]}]},{\"@type\":\"ImageObject\",\"inLanguage\":\"en-GB\",\"@id\":\"https:\\\/\\\/roussillonfishing.com\\\/produit\\\/porte-canne-seanox-inox-complet-avec-crosse#primaryimage\",\"url\":\"https:\\\/\\\/roussillonfishing.com\\\/wp-content\\\/uploads\\\/2021\\\/02\\\/porte-tangon-inox-a-crans-135-.jpg\",\"contentUrl\":\"https:\\\/\\\/roussillonfishing.com\\\/wp-content\\\/uploads\\\/2021\\\/02\\\/porte-tangon-inox-a-crans-135-.jpg\",\"width\":800,\"height\":800,\"caption\":\"Porte canne encastrable complet avec support encastrable (R\u00e9f\u00e9rence 478026) Porte canne fabriqu\u00e9 en France, soci\u00e9t\u00e9 AMIAUD marque SEANOX\"},{\"@type\":\"BreadcrumbList\",\"@id\":\"https:\\\/\\\/roussillonfishing.com\\\/produit\\\/porte-canne-seanox-inox-complet-avec-crosse#breadcrumb\",\"itemListElement\":[{\"@type\":\"ListItem\",\"position\":1,\"name\":\"Accueil\",\"item\":\"https:\\\/\\\/roussillonfishing.com\\\/\"},{\"@type\":\"ListItem\",\"position\":2,\"name\":\"Boutique\",\"item\":\"https:\\\/\\\/roussillonfishing.com\\\/boutique\"},{\"@type\":\"ListItem\",\"position\":3,\"name\":\"Porte Canne 360\u00b0 Seanox Inox Complet Avec Crosse\"}]},{\"@type\":\"WebSite\",\"@id\":\"https:\\\/\\\/roussillonfishing.com\\\/en\\\/#website\",\"url\":\"https:\\\/\\\/roussillonfishing.com\\\/en\\\/\",\"name\":\"Roussillon Fishing\",\"description\":\"Moniteur et Guide de p\u00eache dans Les Pyr\u00e9n\u00e9es Orientales\",\"potentialAction\":[{\"@type\":\"SearchAction\",\"target\":{\"@type\":\"EntryPoint\",\"urlTemplate\":\"https:\\\/\\\/roussillonfishing.com\\\/en\\\/?s={search_term_string}\"},\"query-input\":{\"@type\":\"PropertyValueSpecification\",\"valueRequired\":true,\"valueName\":\"search_term_string\"}}],\"inLanguage\":\"en-GB\"}]}<\/script>\n<!-- \/ Yoast SEO plugin. -->","yoast_head_json":{"title":"% - Roussillon Fishing","description":"Porte Canne 360\u00b0 Seanox Inox Complet Avec Crosse - Roussillon Fishing","robots":{"index":"index","follow":"follow","max-snippet":"max-snippet:-1","max-image-preview":"max-image-preview:large","max-video-preview":"max-video-preview:-1"},"canonical":"https:\/\/roussillonfishing.com\/en\/product\/porte-canne-seanox-inox-complet-avec-crosse\/","og_locale":"en_GB","og_type":"article","og_title":"% - Roussillon Fishing","og_description":"Porte Canne 360\u00b0 Seanox Inox Complet Avec Crosse - Roussillon Fishing","og_url":"https:\/\/roussillonfishing.com\/en\/product\/porte-canne-seanox-inox-complet-avec-crosse\/","og_site_name":"Roussillon Fishing","article_publisher":"https:\/\/www.facebook.com\/Samuel.Elgrishi.Fishing.Guide.Instructor\/","article_modified_time":"2024-07-02T08:41:21+00:00","og_image":[{"width":800,"height":800,"url":"https:\/\/roussillonfishing.com\/wp-content\/uploads\/2021\/02\/porte-tangon-inox-a-crans-135-.jpg","type":"image\/jpeg"}],"twitter_card":"summary_large_image","twitter_misc":{"Estimated reading time":"1 minute"},"schema":{"@context":"https:\/\/schema.org","@graph":[{"@type":"WebPage","@id":"https:\/\/roussillonfishing.com\/produit\/porte-canne-seanox-inox-complet-avec-crosse","url":"https:\/\/roussillonfishing.com\/produit\/porte-canne-seanox-inox-complet-avec-crosse","name":"% - Roussillon Fishing","isPartOf":{"@id":"https:\/\/roussillonfishing.com\/en\/#website"},"primaryImageOfPage":{"@id":"https:\/\/roussillonfishing.com\/produit\/porte-canne-seanox-inox-complet-avec-crosse#primaryimage"},"image":{"@id":"https:\/\/roussillonfishing.com\/produit\/porte-canne-seanox-inox-complet-avec-crosse#primaryimage"},"thumbnailUrl":"https:\/\/roussillonfishing.com\/wp-content\/uploads\/2021\/02\/porte-tangon-inox-a-crans-135-.jpg","datePublished":"2021-02-12T14:40:44+00:00","dateModified":"2024-07-02T08:41:21+00:00","description":"Porte Canne 360\u00b0 Seanox Inox Complet Avec Crosse - Roussillon Fishing","breadcrumb":{"@id":"https:\/\/roussillonfishing.com\/produit\/porte-canne-seanox-inox-complet-avec-crosse#breadcrumb"},"inLanguage":"en-GB","potentialAction":[{"@type":"ReadAction","target":["https:\/\/roussillonfishing.com\/produit\/porte-canne-seanox-inox-complet-avec-crosse"]}]},{"@type":"ImageObject","inLanguage":"en-GB","@id":"https:\/\/roussillonfishing.com\/produit\/porte-canne-seanox-inox-complet-avec-crosse#primaryimage","url":"https:\/\/roussillonfishing.com\/wp-content\/uploads\/2021\/02\/porte-tangon-inox-a-crans-135-.jpg","contentUrl":"https:\/\/roussillonfishing.com\/wp-content\/uploads\/2021\/02\/porte-tangon-inox-a-crans-135-.jpg","width":800,"height":800,"caption":"Porte canne encastrable complet avec support encastrable (R\u00e9f\u00e9rence 478026) Porte canne fabriqu\u00e9 en France, soci\u00e9t\u00e9 AMIAUD marque SEANOX"},{"@type":"BreadcrumbList","@id":"https:\/\/roussillonfishing.com\/produit\/porte-canne-seanox-inox-complet-avec-crosse#breadcrumb","itemListElement":[{"@type":"ListItem","position":1,"name":"Accueil","item":"https:\/\/roussillonfishing.com\/"},{"@type":"ListItem","position":2,"name":"Boutique","item":"https:\/\/roussillonfishing.com\/boutique"},{"@type":"ListItem","position":3,"name":"Porte Canne 360\u00b0 Seanox Inox Complet Avec Crosse"}]},{"@type":"WebSite","@id":"https:\/\/roussillonfishing.com\/en\/#website","url":"https:\/\/roussillonfishing.com\/en\/","name":"Roussillon Fishing","description":"Moniteur et Guide de p\u00eache dans Les Pyr\u00e9n\u00e9es Orientales","potentialAction":[{"@type":"SearchAction","target":{"@type":"EntryPoint","urlTemplate":"https:\/\/roussillonfishing.com\/en\/?s={search_term_string}"},"query-input":{"@type":"PropertyValueSpecification","valueRequired":true,"valueName":"search_term_string"}}],"inLanguage":"en-GB"}]}},"jetpack_sharing_enabled":true,"_links":{"self":[{"href":"https:\/\/roussillonfishing.com\/en\/wp-json\/wp\/v2\/product\/1000","targetHints":{"allow":["GET"]}}],"collection":[{"href":"https:\/\/roussillonfishing.com\/en\/wp-json\/wp\/v2\/product"}],"about":[{"href":"https:\/\/roussillonfishing.com\/en\/wp-json\/wp\/v2\/types\/product"}],"replies":[{"embeddable":true,"href":"https:\/\/roussillonfishing.com\/en\/wp-json\/wp\/v2\/comments?post=1000"}],"wp:featuredmedia":[{"embeddable":true,"href":"https:\/\/roussillonfishing.com\/en\/wp-json\/wp\/v2\/media\/1001"}],"wp:attachment":[{"href":"https:\/\/roussillonfishing.com\/en\/wp-json\/wp\/v2\/media?parent=1000"}],"wp:term":[{"taxonomy":"product_brand","embeddable":true,"href":"https:\/\/roussillonfishing.com\/en\/wp-json\/wp\/v2\/product_brand?post=1000"},{"taxonomy":"product_cat","embeddable":true,"href":"https:\/\/roussillonfishing.com\/en\/wp-json\/wp\/v2\/product_cat?post=1000"},{"taxonomy":"product_tag","embeddable":true,"href":"https:\/\/roussillonfishing.com\/en\/wp-json\/wp\/v2\/product_tag?post=1000"}],"curies":[{"name":"wp","href":"https:\/\/api.w.org\/{rel}","templated":true}]}}