{"id":1005,"date":"2021-02-12T15:30:19","date_gmt":"2021-02-12T15:30:19","guid":{"rendered":"https:\/\/roussillonfishing.com\/?post_type=product&#038;p=1005"},"modified":"2023-08-26T10:16:53","modified_gmt":"2023-08-26T10:16:53","slug":"short-roussillon-fishing-camo","status":"publish","type":"product","link":"https:\/\/roussillonfishing.com\/en\/product\/short-roussillon-fishing-camo","title":{"rendered":"Short Roussillon Fishing"},"content":{"rendered":"<p>News 2021!!!<br \/>\nPour compl\u00e9ter la panoplie compl\u00e8te voici le short Roussillon Fishing.<\/p>\n<ul>\n<li>L\u00e9ger et r\u00e9sistant<\/li>\n<li>S\u00e8che rapidement<\/li>\n<li>Une poche lat\u00e9rale basse \u00e0 scratch<\/li>\n<\/ul>","protected":false},"excerpt":{"rendered":"<p>News 2021!!! Pour compl\u00e9ter la panoplie compl\u00e8te voici le short Roussillon Fishing. L\u00e9ger et r\u00e9sistant S\u00e8che rapidement Une poche lat\u00e9rale basse \u00e0 scratch<\/p>","protected":false},"featured_media":1209,"comment_status":"open","ping_status":"closed","template":"","meta":[],"product_brand":[],"product_cat":[21],"product_tag":[150,115,49,34,140,139,137,138,142,141],"class_list":{"0":"post-1005","1":"product","2":"type-product","3":"status-publish","4":"has-post-thumbnail","6":"product_cat-vetements","7":"product_tag-aztrading","8":"product_tag-peche","9":"product_tag-peche-sportive","10":"product_tag-pelagic","11":"product_tag-polyester","12":"product_tag-protection-uv","13":"product_tag-short","14":"product_tag-short-de-bain","15":"product_tag-sportwear","16":"product_tag-textile","18":"first","19":"onbackorder","20":"sale","21":"taxable","22":"shipping-taxable","23":"purchasable","24":"product-type-simple"},"yoast_head":"<!-- This site is optimized with the Yoast SEO plugin v27.3 - https:\/\/yoast.com\/product\/yoast-seo-wordpress\/ -->\n<title>Short Roussillon Fishing - Roussillon Fishing<\/title>\n<meta name=\"robots\" content=\"index, follow, max-snippet:-1, max-image-preview:large, max-video-preview:-1\" \/>\n<link rel=\"canonical\" href=\"https:\/\/roussillonfishing.com\/en\/product\/short-roussillon-fishing-camo\/\" \/>\n<meta property=\"og:locale\" content=\"en_GB\" \/>\n<meta property=\"og:type\" content=\"article\" \/>\n<meta property=\"og:title\" content=\"Short Roussillon Fishing - Roussillon Fishing\" \/>\n<meta property=\"og:description\" content=\"News 2021!!! Pour compl\u00e9ter la panoplie compl\u00e8te voici le short Roussillon Fishing. L\u00e9ger et r\u00e9sistant S\u00e8che rapidement Une poche lat\u00e9rale basse \u00e0 scratch\" \/>\n<meta property=\"og:url\" content=\"https:\/\/roussillonfishing.com\/en\/product\/short-roussillon-fishing-camo\/\" \/>\n<meta property=\"og:site_name\" content=\"Roussillon Fishing\" \/>\n<meta property=\"article:publisher\" content=\"https:\/\/www.facebook.com\/Samuel.Elgrishi.Fishing.Guide.Instructor\/\" \/>\n<meta property=\"article:modified_time\" content=\"2023-08-26T10:16:53+00:00\" \/>\n<meta property=\"og:image\" content=\"https:\/\/roussillonfishing.com\/wp-content\/uploads\/2021\/02\/197423860_284722046469826_7278109730654426485_n.jpg\" \/>\n\t<meta property=\"og:image:width\" content=\"1185\" \/>\n\t<meta property=\"og:image:height\" content=\"760\" \/>\n\t<meta property=\"og:image:type\" content=\"image\/jpeg\" \/>\n<meta name=\"twitter:card\" content=\"summary_large_image\" \/>\n<meta name=\"twitter:label1\" content=\"Estimated reading time\" \/>\n\t<meta name=\"twitter:data1\" content=\"1 minute\" \/>\n<script type=\"application\/ld+json\" class=\"yoast-schema-graph\">{\"@context\":\"https:\\\/\\\/schema.org\",\"@graph\":[{\"@type\":\"WebPage\",\"@id\":\"https:\\\/\\\/roussillonfishing.com\\\/produit\\\/short-roussillon-fishing-camo\",\"url\":\"https:\\\/\\\/roussillonfishing.com\\\/produit\\\/short-roussillon-fishing-camo\",\"name\":\"Short Roussillon Fishing - Roussillon Fishing\",\"isPartOf\":{\"@id\":\"https:\\\/\\\/roussillonfishing.com\\\/en\\\/#website\"},\"primaryImageOfPage\":{\"@id\":\"https:\\\/\\\/roussillonfishing.com\\\/produit\\\/short-roussillon-fishing-camo#primaryimage\"},\"image\":{\"@id\":\"https:\\\/\\\/roussillonfishing.com\\\/produit\\\/short-roussillon-fishing-camo#primaryimage\"},\"thumbnailUrl\":\"https:\\\/\\\/roussillonfishing.com\\\/wp-content\\\/uploads\\\/2021\\\/02\\\/197423860_284722046469826_7278109730654426485_n.jpg\",\"datePublished\":\"2021-02-12T15:30:19+00:00\",\"dateModified\":\"2023-08-26T10:16:53+00:00\",\"breadcrumb\":{\"@id\":\"https:\\\/\\\/roussillonfishing.com\\\/produit\\\/short-roussillon-fishing-camo#breadcrumb\"},\"inLanguage\":\"en-GB\",\"potentialAction\":[{\"@type\":\"ReadAction\",\"target\":[\"https:\\\/\\\/roussillonfishing.com\\\/produit\\\/short-roussillon-fishing-camo\"]}]},{\"@type\":\"ImageObject\",\"inLanguage\":\"en-GB\",\"@id\":\"https:\\\/\\\/roussillonfishing.com\\\/produit\\\/short-roussillon-fishing-camo#primaryimage\",\"url\":\"https:\\\/\\\/roussillonfishing.com\\\/wp-content\\\/uploads\\\/2021\\\/02\\\/197423860_284722046469826_7278109730654426485_n.jpg\",\"contentUrl\":\"https:\\\/\\\/roussillonfishing.com\\\/wp-content\\\/uploads\\\/2021\\\/02\\\/197423860_284722046469826_7278109730654426485_n.jpg\",\"width\":1185,\"height\":760},{\"@type\":\"BreadcrumbList\",\"@id\":\"https:\\\/\\\/roussillonfishing.com\\\/produit\\\/short-roussillon-fishing-camo#breadcrumb\",\"itemListElement\":[{\"@type\":\"ListItem\",\"position\":1,\"name\":\"Accueil\",\"item\":\"https:\\\/\\\/roussillonfishing.com\\\/\"},{\"@type\":\"ListItem\",\"position\":2,\"name\":\"Boutique\",\"item\":\"https:\\\/\\\/roussillonfishing.com\\\/boutique\"},{\"@type\":\"ListItem\",\"position\":3,\"name\":\"Short Roussillon Fishing\"}]},{\"@type\":\"WebSite\",\"@id\":\"https:\\\/\\\/roussillonfishing.com\\\/en\\\/#website\",\"url\":\"https:\\\/\\\/roussillonfishing.com\\\/en\\\/\",\"name\":\"Roussillon Fishing\",\"description\":\"Moniteur et Guide de p\u00eache dans Les Pyr\u00e9n\u00e9es Orientales\",\"potentialAction\":[{\"@type\":\"SearchAction\",\"target\":{\"@type\":\"EntryPoint\",\"urlTemplate\":\"https:\\\/\\\/roussillonfishing.com\\\/en\\\/?s={search_term_string}\"},\"query-input\":{\"@type\":\"PropertyValueSpecification\",\"valueRequired\":true,\"valueName\":\"search_term_string\"}}],\"inLanguage\":\"en-GB\"}]}<\/script>\n<!-- \/ Yoast SEO plugin. -->","yoast_head_json":{"title":"Short Roussillon Fishing - Roussillon Fishing","robots":{"index":"index","follow":"follow","max-snippet":"max-snippet:-1","max-image-preview":"max-image-preview:large","max-video-preview":"max-video-preview:-1"},"canonical":"https:\/\/roussillonfishing.com\/en\/product\/short-roussillon-fishing-camo\/","og_locale":"en_GB","og_type":"article","og_title":"Short Roussillon Fishing - Roussillon Fishing","og_description":"News 2021!!! Pour compl\u00e9ter la panoplie compl\u00e8te voici le short Roussillon Fishing. L\u00e9ger et r\u00e9sistant S\u00e8che rapidement Une poche lat\u00e9rale basse \u00e0 scratch","og_url":"https:\/\/roussillonfishing.com\/en\/product\/short-roussillon-fishing-camo\/","og_site_name":"Roussillon Fishing","article_publisher":"https:\/\/www.facebook.com\/Samuel.Elgrishi.Fishing.Guide.Instructor\/","article_modified_time":"2023-08-26T10:16:53+00:00","og_image":[{"width":1185,"height":760,"url":"https:\/\/roussillonfishing.com\/wp-content\/uploads\/2021\/02\/197423860_284722046469826_7278109730654426485_n.jpg","type":"image\/jpeg"}],"twitter_card":"summary_large_image","twitter_misc":{"Estimated reading time":"1 minute"},"schema":{"@context":"https:\/\/schema.org","@graph":[{"@type":"WebPage","@id":"https:\/\/roussillonfishing.com\/produit\/short-roussillon-fishing-camo","url":"https:\/\/roussillonfishing.com\/produit\/short-roussillon-fishing-camo","name":"Short Roussillon Fishing - Roussillon Fishing","isPartOf":{"@id":"https:\/\/roussillonfishing.com\/en\/#website"},"primaryImageOfPage":{"@id":"https:\/\/roussillonfishing.com\/produit\/short-roussillon-fishing-camo#primaryimage"},"image":{"@id":"https:\/\/roussillonfishing.com\/produit\/short-roussillon-fishing-camo#primaryimage"},"thumbnailUrl":"https:\/\/roussillonfishing.com\/wp-content\/uploads\/2021\/02\/197423860_284722046469826_7278109730654426485_n.jpg","datePublished":"2021-02-12T15:30:19+00:00","dateModified":"2023-08-26T10:16:53+00:00","breadcrumb":{"@id":"https:\/\/roussillonfishing.com\/produit\/short-roussillon-fishing-camo#breadcrumb"},"inLanguage":"en-GB","potentialAction":[{"@type":"ReadAction","target":["https:\/\/roussillonfishing.com\/produit\/short-roussillon-fishing-camo"]}]},{"@type":"ImageObject","inLanguage":"en-GB","@id":"https:\/\/roussillonfishing.com\/produit\/short-roussillon-fishing-camo#primaryimage","url":"https:\/\/roussillonfishing.com\/wp-content\/uploads\/2021\/02\/197423860_284722046469826_7278109730654426485_n.jpg","contentUrl":"https:\/\/roussillonfishing.com\/wp-content\/uploads\/2021\/02\/197423860_284722046469826_7278109730654426485_n.jpg","width":1185,"height":760},{"@type":"BreadcrumbList","@id":"https:\/\/roussillonfishing.com\/produit\/short-roussillon-fishing-camo#breadcrumb","itemListElement":[{"@type":"ListItem","position":1,"name":"Accueil","item":"https:\/\/roussillonfishing.com\/"},{"@type":"ListItem","position":2,"name":"Boutique","item":"https:\/\/roussillonfishing.com\/boutique"},{"@type":"ListItem","position":3,"name":"Short Roussillon Fishing"}]},{"@type":"WebSite","@id":"https:\/\/roussillonfishing.com\/en\/#website","url":"https:\/\/roussillonfishing.com\/en\/","name":"Roussillon Fishing","description":"Moniteur et Guide de p\u00eache dans Les Pyr\u00e9n\u00e9es Orientales","potentialAction":[{"@type":"SearchAction","target":{"@type":"EntryPoint","urlTemplate":"https:\/\/roussillonfishing.com\/en\/?s={search_term_string}"},"query-input":{"@type":"PropertyValueSpecification","valueRequired":true,"valueName":"search_term_string"}}],"inLanguage":"en-GB"}]}},"jetpack_sharing_enabled":true,"_links":{"self":[{"href":"https:\/\/roussillonfishing.com\/en\/wp-json\/wp\/v2\/product\/1005","targetHints":{"allow":["GET"]}}],"collection":[{"href":"https:\/\/roussillonfishing.com\/en\/wp-json\/wp\/v2\/product"}],"about":[{"href":"https:\/\/roussillonfishing.com\/en\/wp-json\/wp\/v2\/types\/product"}],"replies":[{"embeddable":true,"href":"https:\/\/roussillonfishing.com\/en\/wp-json\/wp\/v2\/comments?post=1005"}],"wp:featuredmedia":[{"embeddable":true,"href":"https:\/\/roussillonfishing.com\/en\/wp-json\/wp\/v2\/media\/1209"}],"wp:attachment":[{"href":"https:\/\/roussillonfishing.com\/en\/wp-json\/wp\/v2\/media?parent=1005"}],"wp:term":[{"taxonomy":"product_brand","embeddable":true,"href":"https:\/\/roussillonfishing.com\/en\/wp-json\/wp\/v2\/product_brand?post=1005"},{"taxonomy":"product_cat","embeddable":true,"href":"https:\/\/roussillonfishing.com\/en\/wp-json\/wp\/v2\/product_cat?post=1005"},{"taxonomy":"product_tag","embeddable":true,"href":"https:\/\/roussillonfishing.com\/en\/wp-json\/wp\/v2\/product_tag?post=1005"}],"curies":[{"name":"wp","href":"https:\/\/api.w.org\/{rel}","templated":true}]}}