{"id":1106,"date":"2021-04-12T20:30:35","date_gmt":"2021-04-12T20:30:35","guid":{"rendered":"https:\/\/roussillonfishing.com\/?post_type=product&#038;p=1106"},"modified":"2023-08-26T10:14:50","modified_gmt":"2023-08-26T10:14:50","slug":"shock-leader-tough-trace-black-magic","status":"publish","type":"product","link":"https:\/\/roussillonfishing.com\/en\/product\/shock-leader-tough-trace-black-magic","title":{"rendered":"Shock Leader Tough Trace Black Magic"},"content":{"rendered":"<p>Excellente r\u00e9sistance \u00e0 l&rsquo;abrasion. Extr\u00eame tenue au n\u0153ud. Haute sensibilit\u00e9. Faible visibilit\u00e9. Fabriqu\u00e9 \u00e0 partir de copolym\u00e8res japonais extrud\u00e9s en respect des sp\u00e9cifications de Black Magic Tackle. Emball\u00e9 dans un paquet de distributeur compact pratique, facile \u00e0 ranger et \u00e0 utiliser.<\/p>\n<p>La pochette \u00ab\u00a0Feeder Leader Black Magic \u00a0\u00bb sera en compl\u00e9ment id\u00e9al pour tout classer.<\/p>\n<p>Un top shock leader de type Tough Trace c&rsquo;est-\u00e0-dire dur pour une r\u00e9sistance extr\u00eame \u00e0 l&rsquo;abrasion (frottement contre les roches, les dents, le rostre et toutes les parties dures et hautement abrasives tant des poissons que de leur environnement imm\u00e9diat).<br \/>\nMoins raide que le fluoro carbone avec une bonne facilit\u00e9 \u00e0 la r\u00e9alisation de n\u0153uds rapides, propres et discrets. Importante r\u00e9sistance et parfaite tenue au \u00ab sleevage \u00bb.<br \/>\nExcellent rapport qualit\u00e9 prix, un de mes grand consommables.<br \/>\nEexiste en 20lb, 30lb, 40lb, 50lb, 60lb, 80lb, 100lb, 130lb, 200lb, 300lb and 400lb<\/p>\n<p>&nbsp;<\/p>\n<p>Tough Trace<br \/>\n\u2022 excellent abrasion resistance<br \/>\n\u2022 excellent knot strength<br \/>\n\u2022 high sensitivity<br \/>\n\u2022 low visibility<br \/>\n\u2022 manufactured from Japanese copolymers<br \/>\nextruded to the specifications of<br \/>\nBlack Magic Tackle<br \/>\n\u2022 packaged in a compact dispenser pack that<br \/>\nfits in your tackle box or \u2018leader feeder\u2019 and<br \/>\ncan be re-used as a lure holder<br \/>\n\u2022 available in 20lb, 30lb, 40lb, 50lb, 60lb, 80lb,<br \/>\n100lb, 130lb, 200lb, 300lb and 400lb<br \/>\n\u2022 Charter Pack can be used as a lure bag<\/p>","protected":false},"excerpt":{"rendered":"<p>Excellente r\u00e9sistance \u00e0 l&rsquo;abrasion. Extr\u00eame tenue au n\u0153ud. Haute sensibilit\u00e9. Faible visibilit\u00e9. Fabriqu\u00e9 \u00e0 partir de copolym\u00e8res japonais extrud\u00e9s en respect des sp\u00e9cifications de Black Magic Tackle. Emball\u00e9 dans un<\/p>","protected":false},"featured_media":1108,"comment_status":"open","ping_status":"closed","template":"","meta":[],"product_brand":[],"product_cat":[23],"product_tag":[],"class_list":{"0":"post-1106","1":"product","2":"type-product","3":"status-publish","4":"has-post-thumbnail","6":"product_cat-accessoires","8":"first","9":"outofstock","10":"taxable","11":"shipping-taxable","12":"purchasable","13":"product-type-variable"},"yoast_head":"<!-- This site is optimized with the Yoast SEO plugin v27.3 - https:\/\/yoast.com\/product\/yoast-seo-wordpress\/ -->\n<title>Shock Leader Tough Trace Black Magic - Roussillon Fishing<\/title>\n<meta name=\"robots\" content=\"index, follow, max-snippet:-1, max-image-preview:large, max-video-preview:-1\" \/>\n<link rel=\"canonical\" href=\"https:\/\/roussillonfishing.com\/en\/product\/shock-leader-tough-trace-black-magic\/\" \/>\n<meta property=\"og:locale\" content=\"en_GB\" \/>\n<meta property=\"og:type\" content=\"article\" \/>\n<meta property=\"og:title\" content=\"Shock Leader Tough Trace Black Magic - Roussillon Fishing\" \/>\n<meta property=\"og:description\" content=\"Excellente r\u00e9sistance \u00e0 l&rsquo;abrasion. Extr\u00eame tenue au n\u0153ud. Haute sensibilit\u00e9. Faible visibilit\u00e9. Fabriqu\u00e9 \u00e0 partir de copolym\u00e8res japonais extrud\u00e9s en respect des sp\u00e9cifications de Black Magic Tackle. Emball\u00e9 dans un\" \/>\n<meta property=\"og:url\" content=\"https:\/\/roussillonfishing.com\/en\/product\/shock-leader-tough-trace-black-magic\/\" \/>\n<meta property=\"og:site_name\" content=\"Roussillon Fishing\" \/>\n<meta property=\"article:publisher\" content=\"https:\/\/www.facebook.com\/Samuel.Elgrishi.Fishing.Guide.Instructor\/\" \/>\n<meta property=\"article:modified_time\" content=\"2023-08-26T10:14:50+00:00\" \/>\n<meta property=\"og:image\" content=\"https:\/\/roussillonfishing.com\/wp-content\/uploads\/2021\/04\/Leader-Tough-Trace-size.png\" \/>\n\t<meta property=\"og:image:width\" content=\"1159\" \/>\n\t<meta property=\"og:image:height\" content=\"491\" \/>\n\t<meta property=\"og:image:type\" content=\"image\/png\" \/>\n<meta name=\"twitter:card\" content=\"summary_large_image\" \/>\n<meta name=\"twitter:label1\" content=\"Estimated reading time\" \/>\n\t<meta name=\"twitter:data1\" content=\"1 minute\" \/>\n<script type=\"application\/ld+json\" class=\"yoast-schema-graph\">{\"@context\":\"https:\\\/\\\/schema.org\",\"@graph\":[{\"@type\":\"WebPage\",\"@id\":\"https:\\\/\\\/roussillonfishing.com\\\/produit\\\/shock-leader-tough-trace-black-magic\",\"url\":\"https:\\\/\\\/roussillonfishing.com\\\/produit\\\/shock-leader-tough-trace-black-magic\",\"name\":\"Shock Leader Tough Trace Black Magic - Roussillon Fishing\",\"isPartOf\":{\"@id\":\"https:\\\/\\\/roussillonfishing.com\\\/en\\\/#website\"},\"primaryImageOfPage\":{\"@id\":\"https:\\\/\\\/roussillonfishing.com\\\/produit\\\/shock-leader-tough-trace-black-magic#primaryimage\"},\"image\":{\"@id\":\"https:\\\/\\\/roussillonfishing.com\\\/produit\\\/shock-leader-tough-trace-black-magic#primaryimage\"},\"thumbnailUrl\":\"https:\\\/\\\/roussillonfishing.com\\\/wp-content\\\/uploads\\\/2021\\\/04\\\/Leader-Tough-Trace-size.png\",\"datePublished\":\"2021-04-12T20:30:35+00:00\",\"dateModified\":\"2023-08-26T10:14:50+00:00\",\"breadcrumb\":{\"@id\":\"https:\\\/\\\/roussillonfishing.com\\\/produit\\\/shock-leader-tough-trace-black-magic#breadcrumb\"},\"inLanguage\":\"en-GB\",\"potentialAction\":[{\"@type\":\"ReadAction\",\"target\":[\"https:\\\/\\\/roussillonfishing.com\\\/produit\\\/shock-leader-tough-trace-black-magic\"]}]},{\"@type\":\"ImageObject\",\"inLanguage\":\"en-GB\",\"@id\":\"https:\\\/\\\/roussillonfishing.com\\\/produit\\\/shock-leader-tough-trace-black-magic#primaryimage\",\"url\":\"https:\\\/\\\/roussillonfishing.com\\\/wp-content\\\/uploads\\\/2021\\\/04\\\/Leader-Tough-Trace-size.png\",\"contentUrl\":\"https:\\\/\\\/roussillonfishing.com\\\/wp-content\\\/uploads\\\/2021\\\/04\\\/Leader-Tough-Trace-size.png\",\"width\":1159,\"height\":491},{\"@type\":\"BreadcrumbList\",\"@id\":\"https:\\\/\\\/roussillonfishing.com\\\/produit\\\/shock-leader-tough-trace-black-magic#breadcrumb\",\"itemListElement\":[{\"@type\":\"ListItem\",\"position\":1,\"name\":\"Accueil\",\"item\":\"https:\\\/\\\/roussillonfishing.com\\\/\"},{\"@type\":\"ListItem\",\"position\":2,\"name\":\"Boutique\",\"item\":\"https:\\\/\\\/roussillonfishing.com\\\/boutique\"},{\"@type\":\"ListItem\",\"position\":3,\"name\":\"Shock Leader Tough Trace Black Magic\"}]},{\"@type\":\"WebSite\",\"@id\":\"https:\\\/\\\/roussillonfishing.com\\\/en\\\/#website\",\"url\":\"https:\\\/\\\/roussillonfishing.com\\\/en\\\/\",\"name\":\"Roussillon Fishing\",\"description\":\"Moniteur et Guide de p\u00eache dans Les Pyr\u00e9n\u00e9es Orientales\",\"potentialAction\":[{\"@type\":\"SearchAction\",\"target\":{\"@type\":\"EntryPoint\",\"urlTemplate\":\"https:\\\/\\\/roussillonfishing.com\\\/en\\\/?s={search_term_string}\"},\"query-input\":{\"@type\":\"PropertyValueSpecification\",\"valueRequired\":true,\"valueName\":\"search_term_string\"}}],\"inLanguage\":\"en-GB\"}]}<\/script>\n<!-- \/ Yoast SEO plugin. -->","yoast_head_json":{"title":"Shock Leader Tough Trace Black Magic - Roussillon Fishing","robots":{"index":"index","follow":"follow","max-snippet":"max-snippet:-1","max-image-preview":"max-image-preview:large","max-video-preview":"max-video-preview:-1"},"canonical":"https:\/\/roussillonfishing.com\/en\/product\/shock-leader-tough-trace-black-magic\/","og_locale":"en_GB","og_type":"article","og_title":"Shock Leader Tough Trace Black Magic - Roussillon Fishing","og_description":"Excellente r\u00e9sistance \u00e0 l&rsquo;abrasion. Extr\u00eame tenue au n\u0153ud. Haute sensibilit\u00e9. Faible visibilit\u00e9. Fabriqu\u00e9 \u00e0 partir de copolym\u00e8res japonais extrud\u00e9s en respect des sp\u00e9cifications de Black Magic Tackle. Emball\u00e9 dans un","og_url":"https:\/\/roussillonfishing.com\/en\/product\/shock-leader-tough-trace-black-magic\/","og_site_name":"Roussillon Fishing","article_publisher":"https:\/\/www.facebook.com\/Samuel.Elgrishi.Fishing.Guide.Instructor\/","article_modified_time":"2023-08-26T10:14:50+00:00","og_image":[{"width":1159,"height":491,"url":"https:\/\/roussillonfishing.com\/wp-content\/uploads\/2021\/04\/Leader-Tough-Trace-size.png","type":"image\/png"}],"twitter_card":"summary_large_image","twitter_misc":{"Estimated reading time":"1 minute"},"schema":{"@context":"https:\/\/schema.org","@graph":[{"@type":"WebPage","@id":"https:\/\/roussillonfishing.com\/produit\/shock-leader-tough-trace-black-magic","url":"https:\/\/roussillonfishing.com\/produit\/shock-leader-tough-trace-black-magic","name":"Shock Leader Tough Trace Black Magic - Roussillon Fishing","isPartOf":{"@id":"https:\/\/roussillonfishing.com\/en\/#website"},"primaryImageOfPage":{"@id":"https:\/\/roussillonfishing.com\/produit\/shock-leader-tough-trace-black-magic#primaryimage"},"image":{"@id":"https:\/\/roussillonfishing.com\/produit\/shock-leader-tough-trace-black-magic#primaryimage"},"thumbnailUrl":"https:\/\/roussillonfishing.com\/wp-content\/uploads\/2021\/04\/Leader-Tough-Trace-size.png","datePublished":"2021-04-12T20:30:35+00:00","dateModified":"2023-08-26T10:14:50+00:00","breadcrumb":{"@id":"https:\/\/roussillonfishing.com\/produit\/shock-leader-tough-trace-black-magic#breadcrumb"},"inLanguage":"en-GB","potentialAction":[{"@type":"ReadAction","target":["https:\/\/roussillonfishing.com\/produit\/shock-leader-tough-trace-black-magic"]}]},{"@type":"ImageObject","inLanguage":"en-GB","@id":"https:\/\/roussillonfishing.com\/produit\/shock-leader-tough-trace-black-magic#primaryimage","url":"https:\/\/roussillonfishing.com\/wp-content\/uploads\/2021\/04\/Leader-Tough-Trace-size.png","contentUrl":"https:\/\/roussillonfishing.com\/wp-content\/uploads\/2021\/04\/Leader-Tough-Trace-size.png","width":1159,"height":491},{"@type":"BreadcrumbList","@id":"https:\/\/roussillonfishing.com\/produit\/shock-leader-tough-trace-black-magic#breadcrumb","itemListElement":[{"@type":"ListItem","position":1,"name":"Accueil","item":"https:\/\/roussillonfishing.com\/"},{"@type":"ListItem","position":2,"name":"Boutique","item":"https:\/\/roussillonfishing.com\/boutique"},{"@type":"ListItem","position":3,"name":"Shock Leader Tough Trace Black Magic"}]},{"@type":"WebSite","@id":"https:\/\/roussillonfishing.com\/en\/#website","url":"https:\/\/roussillonfishing.com\/en\/","name":"Roussillon Fishing","description":"Moniteur et Guide de p\u00eache dans Les Pyr\u00e9n\u00e9es Orientales","potentialAction":[{"@type":"SearchAction","target":{"@type":"EntryPoint","urlTemplate":"https:\/\/roussillonfishing.com\/en\/?s={search_term_string}"},"query-input":{"@type":"PropertyValueSpecification","valueRequired":true,"valueName":"search_term_string"}}],"inLanguage":"en-GB"}]}},"jetpack_sharing_enabled":true,"_links":{"self":[{"href":"https:\/\/roussillonfishing.com\/en\/wp-json\/wp\/v2\/product\/1106","targetHints":{"allow":["GET"]}}],"collection":[{"href":"https:\/\/roussillonfishing.com\/en\/wp-json\/wp\/v2\/product"}],"about":[{"href":"https:\/\/roussillonfishing.com\/en\/wp-json\/wp\/v2\/types\/product"}],"replies":[{"embeddable":true,"href":"https:\/\/roussillonfishing.com\/en\/wp-json\/wp\/v2\/comments?post=1106"}],"wp:featuredmedia":[{"embeddable":true,"href":"https:\/\/roussillonfishing.com\/en\/wp-json\/wp\/v2\/media\/1108"}],"wp:attachment":[{"href":"https:\/\/roussillonfishing.com\/en\/wp-json\/wp\/v2\/media?parent=1106"}],"wp:term":[{"taxonomy":"product_brand","embeddable":true,"href":"https:\/\/roussillonfishing.com\/en\/wp-json\/wp\/v2\/product_brand?post=1106"},{"taxonomy":"product_cat","embeddable":true,"href":"https:\/\/roussillonfishing.com\/en\/wp-json\/wp\/v2\/product_cat?post=1106"},{"taxonomy":"product_tag","embeddable":true,"href":"https:\/\/roussillonfishing.com\/en\/wp-json\/wp\/v2\/product_tag?post=1106"}],"curies":[{"name":"wp","href":"https:\/\/api.w.org\/{rel}","templated":true}]}}