{"id":1122,"date":"2021-04-12T20:34:17","date_gmt":"2021-04-12T20:34:17","guid":{"rendered":"https:\/\/roussillonfishing.com\/?post_type=product&#038;p=1122"},"modified":"2023-08-26T10:15:07","modified_gmt":"2023-08-26T10:15:07","slug":"tough-fluoro-carbon-black-magic","status":"publish","type":"product","link":"https:\/\/roussillonfishing.com\/en\/product\/tough-fluoro-carbon-black-magic","title":{"rendered":"Tough Fluoro Carbon Black Magic"},"content":{"rendered":"<p>Black Magic est une marque mondialement connue pour la qualit\u00e9 de sa production, avec en prime un rapport qualit\u00e9-prix particuli\u00e8rement int\u00e9ressant. Avec cette s\u00e9rie compl\u00e8te de fil 100% fluorocarbone, la \u00ab ligne \u00e9ditoriale \u00bb est continu\u00e9e avec des bas de ligne extr\u00eame sensitifs, solides et discrets. La r\u00e9sistance \u00e0 l&rsquo;abrasion est impressionnante (l&rsquo;une des qualit\u00e9s principales du fluoro) avec des r\u00e9sultats sup\u00e9rieurs \u00e0 des fils plus classiques.<br \/>\nUsage mixte lancer \/ app\u00e2t \/ jig \/ tra\u00eene.<br \/>\nExiste en 15 20 30 40 50 60 80 120LB<br \/>\nConsommable incontournable lors des sessions avec moi.<br \/>\nUne famille de fluoro de qualit\u00e9 sup\u00e9rieure !<\/p>\n<p>La pochette \u00ab\u00a0Feeder Leader Black Magic \u00a0\u00bb sera en compl\u00e9ment id\u00e9al pour tout classer.<\/p>\n<p>Tough Fluorocarbon<br \/>\n\u2022 100% Fluorocarbon<br \/>\n\u2022 almost invisible in water<br \/>\n\u2022 extreme knot strength<br \/>\n\u2022 superior abrasion resistance<br \/>\n\u2022 no reduction of breaking strain in water<br \/>\nBreaking Strain (LB) 15 20 30 40 50 60 80 120<br \/>\nMetres\/Spool 120 100 80 60 50 40 30 20<br \/>\nLine DIA (mm) 0.35 0.40 0.50 0.60 0.70 0.80 0.90 1.20<br \/>\n\u2022 extreme sensitivity<br \/>\n\u2022 15lb, 20lb, 30lb ideal for soft plastics, swim-baits<br \/>\nand hard body lures<br \/>\n\u2022 40lb, 50lb, 60lb, 80lb, 120lb ideal for straylining,<br \/>\nlivebaiting and trolling<\/p>","protected":false},"excerpt":{"rendered":"<p>Black Magic est une marque mondialement connue pour la qualit\u00e9 de sa production, avec en prime un rapport qualit\u00e9-prix particuli\u00e8rement int\u00e9ressant. Avec cette s\u00e9rie compl\u00e8te de fil 100% fluorocarbone, la<\/p>","protected":false},"featured_media":1136,"comment_status":"open","ping_status":"closed","template":"","meta":[],"product_brand":[],"product_cat":[23],"product_tag":[],"class_list":{"0":"post-1122","1":"product","2":"type-product","3":"status-publish","4":"has-post-thumbnail","6":"product_cat-accessoires","8":"first","9":"outofstock","10":"taxable","11":"shipping-taxable","12":"purchasable","13":"product-type-variable"},"yoast_head":"<!-- This site is optimized with the Yoast SEO plugin v27.3 - https:\/\/yoast.com\/product\/yoast-seo-wordpress\/ -->\n<title>Tough Fluoro Carbon Black Magic - Roussillon Fishing<\/title>\n<meta name=\"robots\" content=\"index, follow, max-snippet:-1, max-image-preview:large, max-video-preview:-1\" \/>\n<link rel=\"canonical\" href=\"https:\/\/roussillonfishing.com\/en\/product\/tough-fluoro-carbon-black-magic\/\" \/>\n<meta property=\"og:locale\" content=\"en_GB\" \/>\n<meta property=\"og:type\" content=\"article\" \/>\n<meta property=\"og:title\" content=\"Tough Fluoro Carbon Black Magic - Roussillon Fishing\" \/>\n<meta property=\"og:description\" content=\"Black Magic est une marque mondialement connue pour la qualit\u00e9 de sa production, avec en prime un rapport qualit\u00e9-prix particuli\u00e8rement int\u00e9ressant. Avec cette s\u00e9rie compl\u00e8te de fil 100% fluorocarbone, la\" \/>\n<meta property=\"og:url\" content=\"https:\/\/roussillonfishing.com\/en\/product\/tough-fluoro-carbon-black-magic\/\" \/>\n<meta property=\"og:site_name\" content=\"Roussillon Fishing\" \/>\n<meta property=\"article:publisher\" content=\"https:\/\/www.facebook.com\/Samuel.Elgrishi.Fishing.Guide.Instructor\/\" \/>\n<meta property=\"article:modified_time\" content=\"2023-08-26T10:15:07+00:00\" \/>\n<meta property=\"og:image\" content=\"https:\/\/roussillonfishing.com\/wp-content\/uploads\/2021\/04\/Fluoro-Tough-Trace-size.png\" \/>\n\t<meta property=\"og:image:width\" content=\"1163\" \/>\n\t<meta property=\"og:image:height\" content=\"405\" \/>\n\t<meta property=\"og:image:type\" content=\"image\/png\" \/>\n<meta name=\"twitter:card\" content=\"summary_large_image\" \/>\n<meta name=\"twitter:label1\" content=\"Estimated reading time\" \/>\n\t<meta name=\"twitter:data1\" content=\"1 minute\" \/>\n<script type=\"application\/ld+json\" class=\"yoast-schema-graph\">{\"@context\":\"https:\\\/\\\/schema.org\",\"@graph\":[{\"@type\":\"WebPage\",\"@id\":\"https:\\\/\\\/roussillonfishing.com\\\/produit\\\/tough-fluoro-carbon-black-magic\",\"url\":\"https:\\\/\\\/roussillonfishing.com\\\/produit\\\/tough-fluoro-carbon-black-magic\",\"name\":\"Tough Fluoro Carbon Black Magic - Roussillon Fishing\",\"isPartOf\":{\"@id\":\"https:\\\/\\\/roussillonfishing.com\\\/en\\\/#website\"},\"primaryImageOfPage\":{\"@id\":\"https:\\\/\\\/roussillonfishing.com\\\/produit\\\/tough-fluoro-carbon-black-magic#primaryimage\"},\"image\":{\"@id\":\"https:\\\/\\\/roussillonfishing.com\\\/produit\\\/tough-fluoro-carbon-black-magic#primaryimage\"},\"thumbnailUrl\":\"https:\\\/\\\/roussillonfishing.com\\\/wp-content\\\/uploads\\\/2021\\\/04\\\/Fluoro-Tough-Trace-size.png\",\"datePublished\":\"2021-04-12T20:34:17+00:00\",\"dateModified\":\"2023-08-26T10:15:07+00:00\",\"breadcrumb\":{\"@id\":\"https:\\\/\\\/roussillonfishing.com\\\/produit\\\/tough-fluoro-carbon-black-magic#breadcrumb\"},\"inLanguage\":\"en-GB\",\"potentialAction\":[{\"@type\":\"ReadAction\",\"target\":[\"https:\\\/\\\/roussillonfishing.com\\\/produit\\\/tough-fluoro-carbon-black-magic\"]}]},{\"@type\":\"ImageObject\",\"inLanguage\":\"en-GB\",\"@id\":\"https:\\\/\\\/roussillonfishing.com\\\/produit\\\/tough-fluoro-carbon-black-magic#primaryimage\",\"url\":\"https:\\\/\\\/roussillonfishing.com\\\/wp-content\\\/uploads\\\/2021\\\/04\\\/Fluoro-Tough-Trace-size.png\",\"contentUrl\":\"https:\\\/\\\/roussillonfishing.com\\\/wp-content\\\/uploads\\\/2021\\\/04\\\/Fluoro-Tough-Trace-size.png\",\"width\":1163,\"height\":405},{\"@type\":\"BreadcrumbList\",\"@id\":\"https:\\\/\\\/roussillonfishing.com\\\/produit\\\/tough-fluoro-carbon-black-magic#breadcrumb\",\"itemListElement\":[{\"@type\":\"ListItem\",\"position\":1,\"name\":\"Accueil\",\"item\":\"https:\\\/\\\/roussillonfishing.com\\\/\"},{\"@type\":\"ListItem\",\"position\":2,\"name\":\"Boutique\",\"item\":\"https:\\\/\\\/roussillonfishing.com\\\/boutique\"},{\"@type\":\"ListItem\",\"position\":3,\"name\":\"Tough Fluoro Carbon Black Magic\"}]},{\"@type\":\"WebSite\",\"@id\":\"https:\\\/\\\/roussillonfishing.com\\\/en\\\/#website\",\"url\":\"https:\\\/\\\/roussillonfishing.com\\\/en\\\/\",\"name\":\"Roussillon Fishing\",\"description\":\"Moniteur et Guide de p\u00eache dans Les Pyr\u00e9n\u00e9es Orientales\",\"potentialAction\":[{\"@type\":\"SearchAction\",\"target\":{\"@type\":\"EntryPoint\",\"urlTemplate\":\"https:\\\/\\\/roussillonfishing.com\\\/en\\\/?s={search_term_string}\"},\"query-input\":{\"@type\":\"PropertyValueSpecification\",\"valueRequired\":true,\"valueName\":\"search_term_string\"}}],\"inLanguage\":\"en-GB\"}]}<\/script>\n<!-- \/ Yoast SEO plugin. -->","yoast_head_json":{"title":"Tough Fluoro Carbon Black Magic - Roussillon Fishing","robots":{"index":"index","follow":"follow","max-snippet":"max-snippet:-1","max-image-preview":"max-image-preview:large","max-video-preview":"max-video-preview:-1"},"canonical":"https:\/\/roussillonfishing.com\/en\/product\/tough-fluoro-carbon-black-magic\/","og_locale":"en_GB","og_type":"article","og_title":"Tough Fluoro Carbon Black Magic - Roussillon Fishing","og_description":"Black Magic est une marque mondialement connue pour la qualit\u00e9 de sa production, avec en prime un rapport qualit\u00e9-prix particuli\u00e8rement int\u00e9ressant. Avec cette s\u00e9rie compl\u00e8te de fil 100% fluorocarbone, la","og_url":"https:\/\/roussillonfishing.com\/en\/product\/tough-fluoro-carbon-black-magic\/","og_site_name":"Roussillon Fishing","article_publisher":"https:\/\/www.facebook.com\/Samuel.Elgrishi.Fishing.Guide.Instructor\/","article_modified_time":"2023-08-26T10:15:07+00:00","og_image":[{"width":1163,"height":405,"url":"https:\/\/roussillonfishing.com\/wp-content\/uploads\/2021\/04\/Fluoro-Tough-Trace-size.png","type":"image\/png"}],"twitter_card":"summary_large_image","twitter_misc":{"Estimated reading time":"1 minute"},"schema":{"@context":"https:\/\/schema.org","@graph":[{"@type":"WebPage","@id":"https:\/\/roussillonfishing.com\/produit\/tough-fluoro-carbon-black-magic","url":"https:\/\/roussillonfishing.com\/produit\/tough-fluoro-carbon-black-magic","name":"Tough Fluoro Carbon Black Magic - Roussillon Fishing","isPartOf":{"@id":"https:\/\/roussillonfishing.com\/en\/#website"},"primaryImageOfPage":{"@id":"https:\/\/roussillonfishing.com\/produit\/tough-fluoro-carbon-black-magic#primaryimage"},"image":{"@id":"https:\/\/roussillonfishing.com\/produit\/tough-fluoro-carbon-black-magic#primaryimage"},"thumbnailUrl":"https:\/\/roussillonfishing.com\/wp-content\/uploads\/2021\/04\/Fluoro-Tough-Trace-size.png","datePublished":"2021-04-12T20:34:17+00:00","dateModified":"2023-08-26T10:15:07+00:00","breadcrumb":{"@id":"https:\/\/roussillonfishing.com\/produit\/tough-fluoro-carbon-black-magic#breadcrumb"},"inLanguage":"en-GB","potentialAction":[{"@type":"ReadAction","target":["https:\/\/roussillonfishing.com\/produit\/tough-fluoro-carbon-black-magic"]}]},{"@type":"ImageObject","inLanguage":"en-GB","@id":"https:\/\/roussillonfishing.com\/produit\/tough-fluoro-carbon-black-magic#primaryimage","url":"https:\/\/roussillonfishing.com\/wp-content\/uploads\/2021\/04\/Fluoro-Tough-Trace-size.png","contentUrl":"https:\/\/roussillonfishing.com\/wp-content\/uploads\/2021\/04\/Fluoro-Tough-Trace-size.png","width":1163,"height":405},{"@type":"BreadcrumbList","@id":"https:\/\/roussillonfishing.com\/produit\/tough-fluoro-carbon-black-magic#breadcrumb","itemListElement":[{"@type":"ListItem","position":1,"name":"Accueil","item":"https:\/\/roussillonfishing.com\/"},{"@type":"ListItem","position":2,"name":"Boutique","item":"https:\/\/roussillonfishing.com\/boutique"},{"@type":"ListItem","position":3,"name":"Tough Fluoro Carbon Black Magic"}]},{"@type":"WebSite","@id":"https:\/\/roussillonfishing.com\/en\/#website","url":"https:\/\/roussillonfishing.com\/en\/","name":"Roussillon Fishing","description":"Moniteur et Guide de p\u00eache dans Les Pyr\u00e9n\u00e9es Orientales","potentialAction":[{"@type":"SearchAction","target":{"@type":"EntryPoint","urlTemplate":"https:\/\/roussillonfishing.com\/en\/?s={search_term_string}"},"query-input":{"@type":"PropertyValueSpecification","valueRequired":true,"valueName":"search_term_string"}}],"inLanguage":"en-GB"}]}},"jetpack_sharing_enabled":true,"_links":{"self":[{"href":"https:\/\/roussillonfishing.com\/en\/wp-json\/wp\/v2\/product\/1122","targetHints":{"allow":["GET"]}}],"collection":[{"href":"https:\/\/roussillonfishing.com\/en\/wp-json\/wp\/v2\/product"}],"about":[{"href":"https:\/\/roussillonfishing.com\/en\/wp-json\/wp\/v2\/types\/product"}],"replies":[{"embeddable":true,"href":"https:\/\/roussillonfishing.com\/en\/wp-json\/wp\/v2\/comments?post=1122"}],"wp:featuredmedia":[{"embeddable":true,"href":"https:\/\/roussillonfishing.com\/en\/wp-json\/wp\/v2\/media\/1136"}],"wp:attachment":[{"href":"https:\/\/roussillonfishing.com\/en\/wp-json\/wp\/v2\/media?parent=1122"}],"wp:term":[{"taxonomy":"product_brand","embeddable":true,"href":"https:\/\/roussillonfishing.com\/en\/wp-json\/wp\/v2\/product_brand?post=1122"},{"taxonomy":"product_cat","embeddable":true,"href":"https:\/\/roussillonfishing.com\/en\/wp-json\/wp\/v2\/product_cat?post=1122"},{"taxonomy":"product_tag","embeddable":true,"href":"https:\/\/roussillonfishing.com\/en\/wp-json\/wp\/v2\/product_tag?post=1122"}],"curies":[{"name":"wp","href":"https:\/\/api.w.org\/{rel}","templated":true}]}}