{"id":1213,"date":"2021-11-16T09:18:40","date_gmt":"2021-11-16T09:18:40","guid":{"rendered":"https:\/\/roussillonfishing.com\/?post_type=product&#038;p=1213"},"modified":"2023-08-26T10:15:21","modified_gmt":"2023-08-26T10:15:21","slug":"snapper-adjustable-rig-ex304-hayabusa","status":"publish","type":"product","link":"https:\/\/roussillonfishing.com\/en\/product\/snapper-adjustable-rig-ex304-hayabusa","title":{"rendered":"Snapper Adjustable Rig EX304 Hayabusa"},"content":{"rendered":"<p>Le bas de ligne Snapper Adjustable Rig EX304 Hayabusa est le seul montage sur le march\u00e9 \u00e0 \u00eatre totalement ajustable en longueur afin de s&rsquo;adapter parfaitement \u00e0 la taille de votre vif (poisson, seiche, calamar, etc.) ou de votre app\u00e2t (sardine, blanc de c\u00e9phalopode, couteau, etc.) L&rsquo;id\u00e9al pour avoir un montage d\u00e9j\u00e0 pr\u00eat \u00e0 l&#8217;emploi. Ce bas de ligne avec hame\u00e7ons en tandem de type \u00ab twin hook \u00bb est un montage \u00ab stewart \u00bb constitu\u00e9 d&rsquo;un hame\u00e7on tracteur et d&rsquo;un hame\u00e7on terminal.<\/p>\n<p>En plus des versions en 20\/29 et 34 LBS, la gamme s&rsquo;\u00e9toffe cette ann\u00e9e avec des montages en 50lbs et 80lbs destin\u00e9s aux poissons les plus combatifs comme les grosses s\u00e9rioles ou les petits thons rouges.<\/p>\n<p>Mont\u00e9 en fluorocarbon Seaguar pour un ensemble encore plus qualitatif.<\/p>\n<p>Une pochette de deux montages<\/p>","protected":false},"excerpt":{"rendered":"<p>Le bas de ligne Snapper Adjustable Rig EX304 Hayabusa est le seul montage sur le march\u00e9 \u00e0 \u00eatre totalement ajustable en longueur afin de s&rsquo;adapter parfaitement \u00e0 la taille de<\/p>","protected":false},"featured_media":1230,"comment_status":"open","ping_status":"closed","template":"","meta":[],"product_brand":[],"product_cat":[23],"product_tag":[],"class_list":{"0":"post-1213","1":"product","2":"type-product","3":"status-publish","4":"has-post-thumbnail","6":"product_cat-accessoires","8":"first","9":"outofstock","10":"taxable","11":"shipping-taxable","12":"purchasable","13":"product-type-variable"},"yoast_head":"<!-- This site is optimized with the Yoast SEO plugin v27.5 - https:\/\/yoast.com\/product\/yoast-seo-wordpress\/ -->\n<title>Snapper Adjustable Rig EX304 Hayabusa - Roussillon Fishing<\/title>\n<meta name=\"robots\" content=\"index, follow, max-snippet:-1, max-image-preview:large, max-video-preview:-1\" \/>\n<link rel=\"canonical\" href=\"https:\/\/roussillonfishing.com\/en\/product\/snapper-adjustable-rig-ex304-hayabusa\/\" \/>\n<meta property=\"og:locale\" content=\"en_GB\" \/>\n<meta property=\"og:type\" content=\"article\" \/>\n<meta property=\"og:title\" content=\"Snapper Adjustable Rig EX304 Hayabusa - Roussillon Fishing\" \/>\n<meta property=\"og:description\" content=\"Le bas de ligne Snapper Adjustable Rig EX304 Hayabusa est le seul montage sur le march\u00e9 \u00e0 \u00eatre totalement ajustable en longueur afin de s&rsquo;adapter parfaitement \u00e0 la taille de\" \/>\n<meta property=\"og:url\" content=\"https:\/\/roussillonfishing.com\/en\/product\/snapper-adjustable-rig-ex304-hayabusa\/\" \/>\n<meta property=\"og:site_name\" content=\"Roussillon Fishing\" \/>\n<meta property=\"article:publisher\" content=\"https:\/\/www.facebook.com\/Samuel.Elgrishi.Fishing.Guide.Instructor\/\" \/>\n<meta property=\"article:modified_time\" content=\"2023-08-26T10:15:21+00:00\" \/>\n<meta property=\"og:image\" content=\"https:\/\/roussillonfishing.com\/wp-content\/uploads\/2021\/11\/snapper-adjustable-ex304-hayabusa.jpg\" \/>\n\t<meta property=\"og:image:width\" content=\"800\" \/>\n\t<meta property=\"og:image:height\" content=\"800\" \/>\n\t<meta property=\"og:image:type\" content=\"image\/jpeg\" \/>\n<meta name=\"twitter:card\" content=\"summary_large_image\" \/>\n<meta name=\"twitter:label1\" content=\"Estimated reading time\" \/>\n\t<meta name=\"twitter:data1\" content=\"1 minute\" \/>\n<script type=\"application\/ld+json\" class=\"yoast-schema-graph\">{\"@context\":\"https:\\\/\\\/schema.org\",\"@graph\":[{\"@type\":\"WebPage\",\"@id\":\"https:\\\/\\\/roussillonfishing.com\\\/produit\\\/snapper-adjustable-rig-ex304-hayabusa\",\"url\":\"https:\\\/\\\/roussillonfishing.com\\\/produit\\\/snapper-adjustable-rig-ex304-hayabusa\",\"name\":\"Snapper Adjustable Rig EX304 Hayabusa - Roussillon Fishing\",\"isPartOf\":{\"@id\":\"https:\\\/\\\/roussillonfishing.com\\\/en\\\/#website\"},\"primaryImageOfPage\":{\"@id\":\"https:\\\/\\\/roussillonfishing.com\\\/produit\\\/snapper-adjustable-rig-ex304-hayabusa#primaryimage\"},\"image\":{\"@id\":\"https:\\\/\\\/roussillonfishing.com\\\/produit\\\/snapper-adjustable-rig-ex304-hayabusa#primaryimage\"},\"thumbnailUrl\":\"https:\\\/\\\/roussillonfishing.com\\\/wp-content\\\/uploads\\\/2021\\\/11\\\/snapper-adjustable-ex304-hayabusa.jpg\",\"datePublished\":\"2021-11-16T09:18:40+00:00\",\"dateModified\":\"2023-08-26T10:15:21+00:00\",\"breadcrumb\":{\"@id\":\"https:\\\/\\\/roussillonfishing.com\\\/produit\\\/snapper-adjustable-rig-ex304-hayabusa#breadcrumb\"},\"inLanguage\":\"en-GB\",\"potentialAction\":[{\"@type\":\"ReadAction\",\"target\":[\"https:\\\/\\\/roussillonfishing.com\\\/produit\\\/snapper-adjustable-rig-ex304-hayabusa\"]}]},{\"@type\":\"ImageObject\",\"inLanguage\":\"en-GB\",\"@id\":\"https:\\\/\\\/roussillonfishing.com\\\/produit\\\/snapper-adjustable-rig-ex304-hayabusa#primaryimage\",\"url\":\"https:\\\/\\\/roussillonfishing.com\\\/wp-content\\\/uploads\\\/2021\\\/11\\\/snapper-adjustable-ex304-hayabusa.jpg\",\"contentUrl\":\"https:\\\/\\\/roussillonfishing.com\\\/wp-content\\\/uploads\\\/2021\\\/11\\\/snapper-adjustable-ex304-hayabusa.jpg\",\"width\":800,\"height\":800},{\"@type\":\"BreadcrumbList\",\"@id\":\"https:\\\/\\\/roussillonfishing.com\\\/produit\\\/snapper-adjustable-rig-ex304-hayabusa#breadcrumb\",\"itemListElement\":[{\"@type\":\"ListItem\",\"position\":1,\"name\":\"Accueil\",\"item\":\"https:\\\/\\\/roussillonfishing.com\\\/\"},{\"@type\":\"ListItem\",\"position\":2,\"name\":\"Boutique\",\"item\":\"https:\\\/\\\/roussillonfishing.com\\\/boutique\"},{\"@type\":\"ListItem\",\"position\":3,\"name\":\"Snapper Adjustable Rig EX304 Hayabusa\"}]},{\"@type\":\"WebSite\",\"@id\":\"https:\\\/\\\/roussillonfishing.com\\\/en\\\/#website\",\"url\":\"https:\\\/\\\/roussillonfishing.com\\\/en\\\/\",\"name\":\"Roussillon Fishing\",\"description\":\"Moniteur et Guide de p\u00eache dans Les Pyr\u00e9n\u00e9es Orientales\",\"potentialAction\":[{\"@type\":\"SearchAction\",\"target\":{\"@type\":\"EntryPoint\",\"urlTemplate\":\"https:\\\/\\\/roussillonfishing.com\\\/en\\\/?s={search_term_string}\"},\"query-input\":{\"@type\":\"PropertyValueSpecification\",\"valueRequired\":true,\"valueName\":\"search_term_string\"}}],\"inLanguage\":\"en-GB\"}]}<\/script>\n<!-- \/ Yoast SEO plugin. -->","yoast_head_json":{"title":"Snapper Adjustable Rig EX304 Hayabusa - Roussillon Fishing","robots":{"index":"index","follow":"follow","max-snippet":"max-snippet:-1","max-image-preview":"max-image-preview:large","max-video-preview":"max-video-preview:-1"},"canonical":"https:\/\/roussillonfishing.com\/en\/product\/snapper-adjustable-rig-ex304-hayabusa\/","og_locale":"en_GB","og_type":"article","og_title":"Snapper Adjustable Rig EX304 Hayabusa - Roussillon Fishing","og_description":"Le bas de ligne Snapper Adjustable Rig EX304 Hayabusa est le seul montage sur le march\u00e9 \u00e0 \u00eatre totalement ajustable en longueur afin de s&rsquo;adapter parfaitement \u00e0 la taille de","og_url":"https:\/\/roussillonfishing.com\/en\/product\/snapper-adjustable-rig-ex304-hayabusa\/","og_site_name":"Roussillon Fishing","article_publisher":"https:\/\/www.facebook.com\/Samuel.Elgrishi.Fishing.Guide.Instructor\/","article_modified_time":"2023-08-26T10:15:21+00:00","og_image":[{"width":800,"height":800,"url":"https:\/\/roussillonfishing.com\/wp-content\/uploads\/2021\/11\/snapper-adjustable-ex304-hayabusa.jpg","type":"image\/jpeg"}],"twitter_card":"summary_large_image","twitter_misc":{"Estimated reading time":"1 minute"},"schema":{"@context":"https:\/\/schema.org","@graph":[{"@type":"WebPage","@id":"https:\/\/roussillonfishing.com\/produit\/snapper-adjustable-rig-ex304-hayabusa","url":"https:\/\/roussillonfishing.com\/produit\/snapper-adjustable-rig-ex304-hayabusa","name":"Snapper Adjustable Rig EX304 Hayabusa - Roussillon Fishing","isPartOf":{"@id":"https:\/\/roussillonfishing.com\/en\/#website"},"primaryImageOfPage":{"@id":"https:\/\/roussillonfishing.com\/produit\/snapper-adjustable-rig-ex304-hayabusa#primaryimage"},"image":{"@id":"https:\/\/roussillonfishing.com\/produit\/snapper-adjustable-rig-ex304-hayabusa#primaryimage"},"thumbnailUrl":"https:\/\/roussillonfishing.com\/wp-content\/uploads\/2021\/11\/snapper-adjustable-ex304-hayabusa.jpg","datePublished":"2021-11-16T09:18:40+00:00","dateModified":"2023-08-26T10:15:21+00:00","breadcrumb":{"@id":"https:\/\/roussillonfishing.com\/produit\/snapper-adjustable-rig-ex304-hayabusa#breadcrumb"},"inLanguage":"en-GB","potentialAction":[{"@type":"ReadAction","target":["https:\/\/roussillonfishing.com\/produit\/snapper-adjustable-rig-ex304-hayabusa"]}]},{"@type":"ImageObject","inLanguage":"en-GB","@id":"https:\/\/roussillonfishing.com\/produit\/snapper-adjustable-rig-ex304-hayabusa#primaryimage","url":"https:\/\/roussillonfishing.com\/wp-content\/uploads\/2021\/11\/snapper-adjustable-ex304-hayabusa.jpg","contentUrl":"https:\/\/roussillonfishing.com\/wp-content\/uploads\/2021\/11\/snapper-adjustable-ex304-hayabusa.jpg","width":800,"height":800},{"@type":"BreadcrumbList","@id":"https:\/\/roussillonfishing.com\/produit\/snapper-adjustable-rig-ex304-hayabusa#breadcrumb","itemListElement":[{"@type":"ListItem","position":1,"name":"Accueil","item":"https:\/\/roussillonfishing.com\/"},{"@type":"ListItem","position":2,"name":"Boutique","item":"https:\/\/roussillonfishing.com\/boutique"},{"@type":"ListItem","position":3,"name":"Snapper Adjustable Rig EX304 Hayabusa"}]},{"@type":"WebSite","@id":"https:\/\/roussillonfishing.com\/en\/#website","url":"https:\/\/roussillonfishing.com\/en\/","name":"Roussillon Fishing","description":"Moniteur et Guide de p\u00eache dans Les Pyr\u00e9n\u00e9es Orientales","potentialAction":[{"@type":"SearchAction","target":{"@type":"EntryPoint","urlTemplate":"https:\/\/roussillonfishing.com\/en\/?s={search_term_string}"},"query-input":{"@type":"PropertyValueSpecification","valueRequired":true,"valueName":"search_term_string"}}],"inLanguage":"en-GB"}]}},"jetpack_sharing_enabled":true,"_links":{"self":[{"href":"https:\/\/roussillonfishing.com\/en\/wp-json\/wp\/v2\/product\/1213","targetHints":{"allow":["GET"]}}],"collection":[{"href":"https:\/\/roussillonfishing.com\/en\/wp-json\/wp\/v2\/product"}],"about":[{"href":"https:\/\/roussillonfishing.com\/en\/wp-json\/wp\/v2\/types\/product"}],"replies":[{"embeddable":true,"href":"https:\/\/roussillonfishing.com\/en\/wp-json\/wp\/v2\/comments?post=1213"}],"wp:featuredmedia":[{"embeddable":true,"href":"https:\/\/roussillonfishing.com\/en\/wp-json\/wp\/v2\/media\/1230"}],"wp:attachment":[{"href":"https:\/\/roussillonfishing.com\/en\/wp-json\/wp\/v2\/media?parent=1213"}],"wp:term":[{"taxonomy":"product_brand","embeddable":true,"href":"https:\/\/roussillonfishing.com\/en\/wp-json\/wp\/v2\/product_brand?post=1213"},{"taxonomy":"product_cat","embeddable":true,"href":"https:\/\/roussillonfishing.com\/en\/wp-json\/wp\/v2\/product_cat?post=1213"},{"taxonomy":"product_tag","embeddable":true,"href":"https:\/\/roussillonfishing.com\/en\/wp-json\/wp\/v2\/product_tag?post=1213"}],"curies":[{"name":"wp","href":"https:\/\/api.w.org\/{rel}","templated":true}]}}