{"id":1236,"date":"2021-11-16T14:46:44","date_gmt":"2021-11-16T14:46:44","guid":{"rendered":"https:\/\/roussillonfishing.com\/?post_type=product&#038;p=1236"},"modified":"2026-02-11T17:54:49","modified_gmt":"2026-02-11T17:54:49","slug":"ciseaux-fort-multi-usages-inox-20-c-cuda","status":"publish","type":"product","link":"https:\/\/roussillonfishing.com\/en\/product\/ciseaux-fort-multi-usages-inox-20-c-cuda","title":{"rendered":"CISEAUX FORT MULTI-USAGES INOX 20 C Cuda"},"content":{"rendered":"<p>Le ciseaux fort multiusage par excelence, coupe les nageoires, \u00e9caille&#8230;le couteau Suisse du p\u00eacheur.<\/p>\n<p>&gt; Facile \u00e0 nettoyer!<\/p>\n<p>&#8211; Mat\u00e9riau : Acier 3Cr13 alliage de titane<br \/>\n&#8211; Longueur lame : 90 mm<br \/>\n&#8211; Longueur poign\u00e9e : 116 mm<br \/>\n&#8211; Poids : 111 gr<br \/>\n&#8211; Coupe tresse,nylon et fluorocarbone<br \/>\n&#8211; Poign\u00e9es d\u00e9tachables pour un nettoyage facile<br \/>\n&#8211; \u00c9cailleur et d\u00e9capsuleur int\u00e9gr\u00e9s<br \/>\n&#8211; Poign\u00e9es en \u00e9caille antid\u00e9rapantes CUDA<br \/>\n&#8211; R\u00e9siste \u00e0 la corrosion<\/p>","protected":false},"excerpt":{"rendered":"<p>Le ciseaux fort multiusage par excelence, coupe les nageoires, \u00e9caille&#8230;le couteau Suisse du p\u00eacheur. &gt; Facile \u00e0 nettoyer! &#8211; Mat\u00e9riau : Acier 3Cr13 alliage de titane &#8211; Longueur lame :<\/p>","protected":false},"featured_media":1239,"comment_status":"open","ping_status":"closed","template":"","meta":[],"product_brand":[],"product_cat":[23],"product_tag":[166,167,51],"class_list":{"0":"post-1236","1":"product","2":"type-product","3":"status-publish","4":"has-post-thumbnail","6":"product_cat-accessoires","7":"product_tag-ciseaux","8":"product_tag-cuisine","9":"product_tag-peche-en-mer","11":"first","12":"instock","13":"sale","14":"taxable","15":"shipping-taxable","16":"purchasable","17":"product-type-simple"},"yoast_head":"<!-- This site is optimized with the Yoast SEO plugin v27.3 - https:\/\/yoast.com\/product\/yoast-seo-wordpress\/ -->\n<title>CISEAUX FORT MULTI-USAGES INOX 20 C Cuda - Roussillon Fishing<\/title>\n<meta name=\"robots\" content=\"index, follow, max-snippet:-1, max-image-preview:large, max-video-preview:-1\" \/>\n<link rel=\"canonical\" href=\"https:\/\/roussillonfishing.com\/en\/product\/ciseaux-fort-multi-usages-inox-20-c-cuda\/\" \/>\n<meta property=\"og:locale\" content=\"en_GB\" \/>\n<meta property=\"og:type\" content=\"article\" \/>\n<meta property=\"og:title\" content=\"CISEAUX FORT MULTI-USAGES INOX 20 C Cuda - Roussillon Fishing\" \/>\n<meta property=\"og:description\" content=\"Le ciseaux fort multiusage par excelence, coupe les nageoires, \u00e9caille&#8230;le couteau Suisse du p\u00eacheur. &gt; Facile \u00e0 nettoyer! &#8211; Mat\u00e9riau : Acier 3Cr13 alliage de titane &#8211; Longueur lame :\" \/>\n<meta property=\"og:url\" content=\"https:\/\/roussillonfishing.com\/en\/product\/ciseaux-fort-multi-usages-inox-20-c-cuda\/\" \/>\n<meta property=\"og:site_name\" content=\"Roussillon Fishing\" \/>\n<meta property=\"article:publisher\" content=\"https:\/\/www.facebook.com\/Samuel.Elgrishi.Fishing.Guide.Instructor\/\" \/>\n<meta property=\"article:modified_time\" content=\"2026-02-11T17:54:49+00:00\" \/>\n<meta property=\"og:image\" content=\"https:\/\/roussillonfishing.com\/wp-content\/uploads\/2021\/11\/ciseaux-fort-multi-usages-inox-20-c-1.jpg\" \/>\n\t<meta property=\"og:image:width\" content=\"800\" \/>\n\t<meta property=\"og:image:height\" content=\"800\" \/>\n\t<meta property=\"og:image:type\" content=\"image\/jpeg\" \/>\n<meta name=\"twitter:card\" content=\"summary_large_image\" \/>\n<meta name=\"twitter:label1\" content=\"Estimated reading time\" \/>\n\t<meta name=\"twitter:data1\" content=\"1 minute\" \/>\n<script type=\"application\/ld+json\" class=\"yoast-schema-graph\">{\"@context\":\"https:\\\/\\\/schema.org\",\"@graph\":[{\"@type\":\"WebPage\",\"@id\":\"https:\\\/\\\/roussillonfishing.com\\\/produit\\\/ciseaux-fort-multi-usages-inox-20-c-cuda\",\"url\":\"https:\\\/\\\/roussillonfishing.com\\\/produit\\\/ciseaux-fort-multi-usages-inox-20-c-cuda\",\"name\":\"CISEAUX FORT MULTI-USAGES INOX 20 C Cuda - Roussillon Fishing\",\"isPartOf\":{\"@id\":\"https:\\\/\\\/roussillonfishing.com\\\/en\\\/#website\"},\"primaryImageOfPage\":{\"@id\":\"https:\\\/\\\/roussillonfishing.com\\\/produit\\\/ciseaux-fort-multi-usages-inox-20-c-cuda#primaryimage\"},\"image\":{\"@id\":\"https:\\\/\\\/roussillonfishing.com\\\/produit\\\/ciseaux-fort-multi-usages-inox-20-c-cuda#primaryimage\"},\"thumbnailUrl\":\"https:\\\/\\\/roussillonfishing.com\\\/wp-content\\\/uploads\\\/2021\\\/11\\\/ciseaux-fort-multi-usages-inox-20-c-1.jpg\",\"datePublished\":\"2021-11-16T14:46:44+00:00\",\"dateModified\":\"2026-02-11T17:54:49+00:00\",\"breadcrumb\":{\"@id\":\"https:\\\/\\\/roussillonfishing.com\\\/produit\\\/ciseaux-fort-multi-usages-inox-20-c-cuda#breadcrumb\"},\"inLanguage\":\"en-GB\",\"potentialAction\":[{\"@type\":\"ReadAction\",\"target\":[\"https:\\\/\\\/roussillonfishing.com\\\/produit\\\/ciseaux-fort-multi-usages-inox-20-c-cuda\"]}]},{\"@type\":\"ImageObject\",\"inLanguage\":\"en-GB\",\"@id\":\"https:\\\/\\\/roussillonfishing.com\\\/produit\\\/ciseaux-fort-multi-usages-inox-20-c-cuda#primaryimage\",\"url\":\"https:\\\/\\\/roussillonfishing.com\\\/wp-content\\\/uploads\\\/2021\\\/11\\\/ciseaux-fort-multi-usages-inox-20-c-1.jpg\",\"contentUrl\":\"https:\\\/\\\/roussillonfishing.com\\\/wp-content\\\/uploads\\\/2021\\\/11\\\/ciseaux-fort-multi-usages-inox-20-c-1.jpg\",\"width\":800,\"height\":800},{\"@type\":\"BreadcrumbList\",\"@id\":\"https:\\\/\\\/roussillonfishing.com\\\/produit\\\/ciseaux-fort-multi-usages-inox-20-c-cuda#breadcrumb\",\"itemListElement\":[{\"@type\":\"ListItem\",\"position\":1,\"name\":\"Accueil\",\"item\":\"https:\\\/\\\/roussillonfishing.com\\\/\"},{\"@type\":\"ListItem\",\"position\":2,\"name\":\"Boutique\",\"item\":\"https:\\\/\\\/roussillonfishing.com\\\/boutique\"},{\"@type\":\"ListItem\",\"position\":3,\"name\":\"CISEAUX FORT MULTI-USAGES INOX 20 C Cuda\"}]},{\"@type\":\"WebSite\",\"@id\":\"https:\\\/\\\/roussillonfishing.com\\\/en\\\/#website\",\"url\":\"https:\\\/\\\/roussillonfishing.com\\\/en\\\/\",\"name\":\"Roussillon Fishing\",\"description\":\"Moniteur et Guide de p\u00eache dans Les Pyr\u00e9n\u00e9es Orientales\",\"potentialAction\":[{\"@type\":\"SearchAction\",\"target\":{\"@type\":\"EntryPoint\",\"urlTemplate\":\"https:\\\/\\\/roussillonfishing.com\\\/en\\\/?s={search_term_string}\"},\"query-input\":{\"@type\":\"PropertyValueSpecification\",\"valueRequired\":true,\"valueName\":\"search_term_string\"}}],\"inLanguage\":\"en-GB\"}]}<\/script>\n<!-- \/ Yoast SEO plugin. -->","yoast_head_json":{"title":"CISEAUX FORT MULTI-USAGES INOX 20 C Cuda - Roussillon Fishing","robots":{"index":"index","follow":"follow","max-snippet":"max-snippet:-1","max-image-preview":"max-image-preview:large","max-video-preview":"max-video-preview:-1"},"canonical":"https:\/\/roussillonfishing.com\/en\/product\/ciseaux-fort-multi-usages-inox-20-c-cuda\/","og_locale":"en_GB","og_type":"article","og_title":"CISEAUX FORT MULTI-USAGES INOX 20 C Cuda - Roussillon Fishing","og_description":"Le ciseaux fort multiusage par excelence, coupe les nageoires, \u00e9caille&#8230;le couteau Suisse du p\u00eacheur. &gt; Facile \u00e0 nettoyer! &#8211; Mat\u00e9riau : Acier 3Cr13 alliage de titane &#8211; Longueur lame :","og_url":"https:\/\/roussillonfishing.com\/en\/product\/ciseaux-fort-multi-usages-inox-20-c-cuda\/","og_site_name":"Roussillon Fishing","article_publisher":"https:\/\/www.facebook.com\/Samuel.Elgrishi.Fishing.Guide.Instructor\/","article_modified_time":"2026-02-11T17:54:49+00:00","og_image":[{"width":800,"height":800,"url":"https:\/\/roussillonfishing.com\/wp-content\/uploads\/2021\/11\/ciseaux-fort-multi-usages-inox-20-c-1.jpg","type":"image\/jpeg"}],"twitter_card":"summary_large_image","twitter_misc":{"Estimated reading time":"1 minute"},"schema":{"@context":"https:\/\/schema.org","@graph":[{"@type":"WebPage","@id":"https:\/\/roussillonfishing.com\/produit\/ciseaux-fort-multi-usages-inox-20-c-cuda","url":"https:\/\/roussillonfishing.com\/produit\/ciseaux-fort-multi-usages-inox-20-c-cuda","name":"CISEAUX FORT MULTI-USAGES INOX 20 C Cuda - Roussillon Fishing","isPartOf":{"@id":"https:\/\/roussillonfishing.com\/en\/#website"},"primaryImageOfPage":{"@id":"https:\/\/roussillonfishing.com\/produit\/ciseaux-fort-multi-usages-inox-20-c-cuda#primaryimage"},"image":{"@id":"https:\/\/roussillonfishing.com\/produit\/ciseaux-fort-multi-usages-inox-20-c-cuda#primaryimage"},"thumbnailUrl":"https:\/\/roussillonfishing.com\/wp-content\/uploads\/2021\/11\/ciseaux-fort-multi-usages-inox-20-c-1.jpg","datePublished":"2021-11-16T14:46:44+00:00","dateModified":"2026-02-11T17:54:49+00:00","breadcrumb":{"@id":"https:\/\/roussillonfishing.com\/produit\/ciseaux-fort-multi-usages-inox-20-c-cuda#breadcrumb"},"inLanguage":"en-GB","potentialAction":[{"@type":"ReadAction","target":["https:\/\/roussillonfishing.com\/produit\/ciseaux-fort-multi-usages-inox-20-c-cuda"]}]},{"@type":"ImageObject","inLanguage":"en-GB","@id":"https:\/\/roussillonfishing.com\/produit\/ciseaux-fort-multi-usages-inox-20-c-cuda#primaryimage","url":"https:\/\/roussillonfishing.com\/wp-content\/uploads\/2021\/11\/ciseaux-fort-multi-usages-inox-20-c-1.jpg","contentUrl":"https:\/\/roussillonfishing.com\/wp-content\/uploads\/2021\/11\/ciseaux-fort-multi-usages-inox-20-c-1.jpg","width":800,"height":800},{"@type":"BreadcrumbList","@id":"https:\/\/roussillonfishing.com\/produit\/ciseaux-fort-multi-usages-inox-20-c-cuda#breadcrumb","itemListElement":[{"@type":"ListItem","position":1,"name":"Accueil","item":"https:\/\/roussillonfishing.com\/"},{"@type":"ListItem","position":2,"name":"Boutique","item":"https:\/\/roussillonfishing.com\/boutique"},{"@type":"ListItem","position":3,"name":"CISEAUX FORT MULTI-USAGES INOX 20 C Cuda"}]},{"@type":"WebSite","@id":"https:\/\/roussillonfishing.com\/en\/#website","url":"https:\/\/roussillonfishing.com\/en\/","name":"Roussillon Fishing","description":"Moniteur et Guide de p\u00eache dans Les Pyr\u00e9n\u00e9es Orientales","potentialAction":[{"@type":"SearchAction","target":{"@type":"EntryPoint","urlTemplate":"https:\/\/roussillonfishing.com\/en\/?s={search_term_string}"},"query-input":{"@type":"PropertyValueSpecification","valueRequired":true,"valueName":"search_term_string"}}],"inLanguage":"en-GB"}]}},"jetpack_sharing_enabled":true,"_links":{"self":[{"href":"https:\/\/roussillonfishing.com\/en\/wp-json\/wp\/v2\/product\/1236","targetHints":{"allow":["GET"]}}],"collection":[{"href":"https:\/\/roussillonfishing.com\/en\/wp-json\/wp\/v2\/product"}],"about":[{"href":"https:\/\/roussillonfishing.com\/en\/wp-json\/wp\/v2\/types\/product"}],"replies":[{"embeddable":true,"href":"https:\/\/roussillonfishing.com\/en\/wp-json\/wp\/v2\/comments?post=1236"}],"wp:featuredmedia":[{"embeddable":true,"href":"https:\/\/roussillonfishing.com\/en\/wp-json\/wp\/v2\/media\/1239"}],"wp:attachment":[{"href":"https:\/\/roussillonfishing.com\/en\/wp-json\/wp\/v2\/media?parent=1236"}],"wp:term":[{"taxonomy":"product_brand","embeddable":true,"href":"https:\/\/roussillonfishing.com\/en\/wp-json\/wp\/v2\/product_brand?post=1236"},{"taxonomy":"product_cat","embeddable":true,"href":"https:\/\/roussillonfishing.com\/en\/wp-json\/wp\/v2\/product_cat?post=1236"},{"taxonomy":"product_tag","embeddable":true,"href":"https:\/\/roussillonfishing.com\/en\/wp-json\/wp\/v2\/product_tag?post=1236"}],"curies":[{"name":"wp","href":"https:\/\/api.w.org\/{rel}","templated":true}]}}