{"id":1252,"date":"2021-11-18T16:41:44","date_gmt":"2021-11-18T16:41:44","guid":{"rendered":"https:\/\/roussillonfishing.com\/?post_type=product&#038;p=1252"},"modified":"2023-08-26T10:13:52","modified_gmt":"2023-08-26T10:13:52","slug":"canne-a-mouche-mer-tfo-bluewater-sg-md","status":"publish","type":"product","link":"https:\/\/roussillonfishing.com\/en\/product\/canne-a-mouche-mer-tfo-bluewater-sg-md","title":{"rendered":"CANNE A MOUCHE MER TFO BLUEWATER SG MD"},"content":{"rendered":"<p>Une 12aine d&rsquo;ann\u00e9e que je p\u00eache le thon rouge avec ce mod\u00e8le, irr\u00e9prochable, \u00e9videment un peu plus lourd que d&rsquo;autres blanks et mat\u00e9riaux mais pour un prix 2 \u00e0 3 fois sup\u00e9rieur.<br \/>\nDans sa gamme, une p\u00e9pite \u00e0 un tarif tr\u00e8s raisonnable.<\/p>\n<ul>\n<li><b>Longueur (ft)<\/b> : 8&rsquo;6\u00a0\u00bb<\/li>\n<li><b>Brins<\/b> : 4<\/li>\n<li><b>Poids (g)<\/b> : 227<\/li>\n<li><b>Soie<\/b> : 13\/15<\/li>\n<li><b>Poids (grains)<\/b> : 500\/650\n<p>Mer. Sailfishs, Marlins. Con\u00e7ues par Jake Jordan sp\u00e9cifiquement pour les demandes de p\u00eache \u00e0 la mouche offshore, ces cannes combinent la capacit\u00e9 de lancer rapidement de grandes mouches avec pr\u00e9cision et de supporter la pression qu&rsquo;il faut exercer pour ramener ces poissons p\u00e9lagiques.<\/p>\n<p>La base de la s\u00e9rie SG est un blank hybride compos\u00e9 de fibre de carbone et de fibre de verre. Le scion est en carbone pour d\u00e9livrer les mouches avec facilit\u00e9 et pr\u00e9cision. La partie inf\u00e9rieure en fibre de verre d\u00e9livre une grande force et un levier raccourci capable de soulever plus de 10 lbs \u00e0 un angle de 90 degr\u00e9s. La s\u00e9rie Bluewater a permis \u00e0 Jake de prendre plus de 1000 billfish \u00e0 la mouche et cette s\u00e9rie est celle la plus vendue dans le monde de la p\u00eache \u00e0 la mouche offshore.<\/p>\n<p>Les poign\u00e9es en li\u00e8ge de la Baby et la LD (Light Duty) sont en 2 parties avec des anneaux snake traditionnels et des anneaux stripper. Leur longueur est de 9 ft.<\/p>\n<p>Les mod\u00e8les MD (Mid Duty) et HD (Heavy Duty) sont avec des poign\u00e9es en li\u00e8ge d&rsquo;une seule pi\u00e8ce pour pouvoir choisir le meilleur placement des mains lors des combats. Les anneaux sont tous des anneaux avec insert en oxyde aluminium. La longueur de ces 2 mod\u00e8le est de 8&rsquo;6.<\/p>\n<p>Les cannes TFO Bluewater SG sont livr\u00e9es avec housse en tissu dans un tube en cordura.<\/p>\n<p>Depuis plus de 20 ans, T.O.F. fly fishing. s\u00e9lectionne avec soin chaque produit pour sa qualit\u00e9 afin de vous apporter la plus grande satisfaction.<\/li>\n<\/ul>","protected":false},"excerpt":{"rendered":"<p>Une 12aine d&rsquo;ann\u00e9e que je p\u00eache le thon rouge avec ce mod\u00e8le, irr\u00e9prochable, \u00e9videment un peu plus lourd que d&rsquo;autres blanks et mat\u00e9riaux mais pour un prix 2 \u00e0 3<\/p>","protected":false},"featured_media":1253,"comment_status":"open","ping_status":"closed","template":"","meta":[],"product_brand":[],"product_cat":[46],"product_tag":[174,170,125,51,49,175,119,120,36,173,72,172,83,171],"class_list":{"0":"post-1252","1":"product","2":"type-product","3":"status-publish","4":"has-post-thumbnail","6":"product_cat-cannes","7":"product_tag-bonefish","8":"product_tag-flyfishing","9":"product_tag-peche-aux-leurres","10":"product_tag-peche-en-mer","11":"product_tag-peche-sportive","12":"product_tag-permit","13":"product_tag-rod","14":"product_tag-rodbuilding","15":"product_tag-roussillon-fishing","16":"product_tag-sailfish","17":"product_tag-sport-fishing","18":"product_tag-tarpon","19":"product_tag-thon","20":"product_tag-tuna-on-the-fly","22":"first","23":"outofstock","24":"taxable","25":"shipping-taxable","26":"purchasable","27":"product-type-simple"},"yoast_head":"<!-- This site is optimized with the Yoast SEO plugin v27.5 - https:\/\/yoast.com\/product\/yoast-seo-wordpress\/ -->\n<title>CANNE A MOUCHE MER TFO BLUEWATER SG MD - Roussillon Fishing<\/title>\n<meta name=\"robots\" content=\"index, follow, max-snippet:-1, max-image-preview:large, max-video-preview:-1\" \/>\n<link rel=\"canonical\" href=\"https:\/\/roussillonfishing.com\/en\/product\/canne-a-mouche-mer-tfo-bluewater-sg-md\/\" \/>\n<meta property=\"og:locale\" content=\"en_GB\" \/>\n<meta property=\"og:type\" content=\"article\" \/>\n<meta property=\"og:title\" content=\"CANNE A MOUCHE MER TFO BLUEWATER SG MD - Roussillon Fishing\" \/>\n<meta property=\"og:description\" content=\"Une 12aine d&rsquo;ann\u00e9e que je p\u00eache le thon rouge avec ce mod\u00e8le, irr\u00e9prochable, \u00e9videment un peu plus lourd que d&rsquo;autres blanks et mat\u00e9riaux mais pour un prix 2 \u00e0 3\" \/>\n<meta property=\"og:url\" content=\"https:\/\/roussillonfishing.com\/en\/product\/canne-a-mouche-mer-tfo-bluewater-sg-md\/\" \/>\n<meta property=\"og:site_name\" content=\"Roussillon Fishing\" \/>\n<meta property=\"article:publisher\" content=\"https:\/\/www.facebook.com\/Samuel.Elgrishi.Fishing.Guide.Instructor\/\" \/>\n<meta property=\"article:modified_time\" content=\"2023-08-26T10:13:52+00:00\" \/>\n<meta property=\"og:image\" content=\"https:\/\/roussillonfishing.com\/wp-content\/uploads\/2021\/11\/canne-a-mouche-mer-tfo-bluewater-s-g.jpg\" \/>\n\t<meta property=\"og:image:width\" content=\"1024\" \/>\n\t<meta property=\"og:image:height\" content=\"768\" \/>\n\t<meta property=\"og:image:type\" content=\"image\/jpeg\" \/>\n<meta name=\"twitter:card\" content=\"summary_large_image\" \/>\n<meta name=\"twitter:label1\" content=\"Estimated reading time\" \/>\n\t<meta name=\"twitter:data1\" content=\"2 minutes\" \/>\n<script type=\"application\/ld+json\" class=\"yoast-schema-graph\">{\"@context\":\"https:\\\/\\\/schema.org\",\"@graph\":[{\"@type\":\"WebPage\",\"@id\":\"https:\\\/\\\/roussillonfishing.com\\\/produit\\\/canne-a-mouche-mer-tfo-bluewater-sg-md\",\"url\":\"https:\\\/\\\/roussillonfishing.com\\\/produit\\\/canne-a-mouche-mer-tfo-bluewater-sg-md\",\"name\":\"CANNE A MOUCHE MER TFO BLUEWATER SG MD - Roussillon Fishing\",\"isPartOf\":{\"@id\":\"https:\\\/\\\/roussillonfishing.com\\\/en\\\/#website\"},\"primaryImageOfPage\":{\"@id\":\"https:\\\/\\\/roussillonfishing.com\\\/produit\\\/canne-a-mouche-mer-tfo-bluewater-sg-md#primaryimage\"},\"image\":{\"@id\":\"https:\\\/\\\/roussillonfishing.com\\\/produit\\\/canne-a-mouche-mer-tfo-bluewater-sg-md#primaryimage\"},\"thumbnailUrl\":\"https:\\\/\\\/roussillonfishing.com\\\/wp-content\\\/uploads\\\/2021\\\/11\\\/canne-a-mouche-mer-tfo-bluewater-s-g.jpg\",\"datePublished\":\"2021-11-18T16:41:44+00:00\",\"dateModified\":\"2023-08-26T10:13:52+00:00\",\"breadcrumb\":{\"@id\":\"https:\\\/\\\/roussillonfishing.com\\\/produit\\\/canne-a-mouche-mer-tfo-bluewater-sg-md#breadcrumb\"},\"inLanguage\":\"en-GB\",\"potentialAction\":[{\"@type\":\"ReadAction\",\"target\":[\"https:\\\/\\\/roussillonfishing.com\\\/produit\\\/canne-a-mouche-mer-tfo-bluewater-sg-md\"]}]},{\"@type\":\"ImageObject\",\"inLanguage\":\"en-GB\",\"@id\":\"https:\\\/\\\/roussillonfishing.com\\\/produit\\\/canne-a-mouche-mer-tfo-bluewater-sg-md#primaryimage\",\"url\":\"https:\\\/\\\/roussillonfishing.com\\\/wp-content\\\/uploads\\\/2021\\\/11\\\/canne-a-mouche-mer-tfo-bluewater-s-g.jpg\",\"contentUrl\":\"https:\\\/\\\/roussillonfishing.com\\\/wp-content\\\/uploads\\\/2021\\\/11\\\/canne-a-mouche-mer-tfo-bluewater-s-g.jpg\",\"width\":1024,\"height\":768},{\"@type\":\"BreadcrumbList\",\"@id\":\"https:\\\/\\\/roussillonfishing.com\\\/produit\\\/canne-a-mouche-mer-tfo-bluewater-sg-md#breadcrumb\",\"itemListElement\":[{\"@type\":\"ListItem\",\"position\":1,\"name\":\"Accueil\",\"item\":\"https:\\\/\\\/roussillonfishing.com\\\/\"},{\"@type\":\"ListItem\",\"position\":2,\"name\":\"Boutique\",\"item\":\"https:\\\/\\\/roussillonfishing.com\\\/boutique\"},{\"@type\":\"ListItem\",\"position\":3,\"name\":\"CANNE A MOUCHE MER TFO BLUEWATER SG MD\"}]},{\"@type\":\"WebSite\",\"@id\":\"https:\\\/\\\/roussillonfishing.com\\\/en\\\/#website\",\"url\":\"https:\\\/\\\/roussillonfishing.com\\\/en\\\/\",\"name\":\"Roussillon Fishing\",\"description\":\"Moniteur et Guide de p\u00eache dans Les Pyr\u00e9n\u00e9es Orientales\",\"potentialAction\":[{\"@type\":\"SearchAction\",\"target\":{\"@type\":\"EntryPoint\",\"urlTemplate\":\"https:\\\/\\\/roussillonfishing.com\\\/en\\\/?s={search_term_string}\"},\"query-input\":{\"@type\":\"PropertyValueSpecification\",\"valueRequired\":true,\"valueName\":\"search_term_string\"}}],\"inLanguage\":\"en-GB\"}]}<\/script>\n<!-- \/ Yoast SEO plugin. -->","yoast_head_json":{"title":"CANNE A MOUCHE MER TFO BLUEWATER SG MD - Roussillon Fishing","robots":{"index":"index","follow":"follow","max-snippet":"max-snippet:-1","max-image-preview":"max-image-preview:large","max-video-preview":"max-video-preview:-1"},"canonical":"https:\/\/roussillonfishing.com\/en\/product\/canne-a-mouche-mer-tfo-bluewater-sg-md\/","og_locale":"en_GB","og_type":"article","og_title":"CANNE A MOUCHE MER TFO BLUEWATER SG MD - Roussillon Fishing","og_description":"Une 12aine d&rsquo;ann\u00e9e que je p\u00eache le thon rouge avec ce mod\u00e8le, irr\u00e9prochable, \u00e9videment un peu plus lourd que d&rsquo;autres blanks et mat\u00e9riaux mais pour un prix 2 \u00e0 3","og_url":"https:\/\/roussillonfishing.com\/en\/product\/canne-a-mouche-mer-tfo-bluewater-sg-md\/","og_site_name":"Roussillon Fishing","article_publisher":"https:\/\/www.facebook.com\/Samuel.Elgrishi.Fishing.Guide.Instructor\/","article_modified_time":"2023-08-26T10:13:52+00:00","og_image":[{"width":1024,"height":768,"url":"https:\/\/roussillonfishing.com\/wp-content\/uploads\/2021\/11\/canne-a-mouche-mer-tfo-bluewater-s-g.jpg","type":"image\/jpeg"}],"twitter_card":"summary_large_image","twitter_misc":{"Estimated reading time":"2 minutes"},"schema":{"@context":"https:\/\/schema.org","@graph":[{"@type":"WebPage","@id":"https:\/\/roussillonfishing.com\/produit\/canne-a-mouche-mer-tfo-bluewater-sg-md","url":"https:\/\/roussillonfishing.com\/produit\/canne-a-mouche-mer-tfo-bluewater-sg-md","name":"CANNE A MOUCHE MER TFO BLUEWATER SG MD - Roussillon Fishing","isPartOf":{"@id":"https:\/\/roussillonfishing.com\/en\/#website"},"primaryImageOfPage":{"@id":"https:\/\/roussillonfishing.com\/produit\/canne-a-mouche-mer-tfo-bluewater-sg-md#primaryimage"},"image":{"@id":"https:\/\/roussillonfishing.com\/produit\/canne-a-mouche-mer-tfo-bluewater-sg-md#primaryimage"},"thumbnailUrl":"https:\/\/roussillonfishing.com\/wp-content\/uploads\/2021\/11\/canne-a-mouche-mer-tfo-bluewater-s-g.jpg","datePublished":"2021-11-18T16:41:44+00:00","dateModified":"2023-08-26T10:13:52+00:00","breadcrumb":{"@id":"https:\/\/roussillonfishing.com\/produit\/canne-a-mouche-mer-tfo-bluewater-sg-md#breadcrumb"},"inLanguage":"en-GB","potentialAction":[{"@type":"ReadAction","target":["https:\/\/roussillonfishing.com\/produit\/canne-a-mouche-mer-tfo-bluewater-sg-md"]}]},{"@type":"ImageObject","inLanguage":"en-GB","@id":"https:\/\/roussillonfishing.com\/produit\/canne-a-mouche-mer-tfo-bluewater-sg-md#primaryimage","url":"https:\/\/roussillonfishing.com\/wp-content\/uploads\/2021\/11\/canne-a-mouche-mer-tfo-bluewater-s-g.jpg","contentUrl":"https:\/\/roussillonfishing.com\/wp-content\/uploads\/2021\/11\/canne-a-mouche-mer-tfo-bluewater-s-g.jpg","width":1024,"height":768},{"@type":"BreadcrumbList","@id":"https:\/\/roussillonfishing.com\/produit\/canne-a-mouche-mer-tfo-bluewater-sg-md#breadcrumb","itemListElement":[{"@type":"ListItem","position":1,"name":"Accueil","item":"https:\/\/roussillonfishing.com\/"},{"@type":"ListItem","position":2,"name":"Boutique","item":"https:\/\/roussillonfishing.com\/boutique"},{"@type":"ListItem","position":3,"name":"CANNE A MOUCHE MER TFO BLUEWATER SG MD"}]},{"@type":"WebSite","@id":"https:\/\/roussillonfishing.com\/en\/#website","url":"https:\/\/roussillonfishing.com\/en\/","name":"Roussillon Fishing","description":"Moniteur et Guide de p\u00eache dans Les Pyr\u00e9n\u00e9es Orientales","potentialAction":[{"@type":"SearchAction","target":{"@type":"EntryPoint","urlTemplate":"https:\/\/roussillonfishing.com\/en\/?s={search_term_string}"},"query-input":{"@type":"PropertyValueSpecification","valueRequired":true,"valueName":"search_term_string"}}],"inLanguage":"en-GB"}]}},"jetpack_sharing_enabled":true,"_links":{"self":[{"href":"https:\/\/roussillonfishing.com\/en\/wp-json\/wp\/v2\/product\/1252","targetHints":{"allow":["GET"]}}],"collection":[{"href":"https:\/\/roussillonfishing.com\/en\/wp-json\/wp\/v2\/product"}],"about":[{"href":"https:\/\/roussillonfishing.com\/en\/wp-json\/wp\/v2\/types\/product"}],"replies":[{"embeddable":true,"href":"https:\/\/roussillonfishing.com\/en\/wp-json\/wp\/v2\/comments?post=1252"}],"wp:featuredmedia":[{"embeddable":true,"href":"https:\/\/roussillonfishing.com\/en\/wp-json\/wp\/v2\/media\/1253"}],"wp:attachment":[{"href":"https:\/\/roussillonfishing.com\/en\/wp-json\/wp\/v2\/media?parent=1252"}],"wp:term":[{"taxonomy":"product_brand","embeddable":true,"href":"https:\/\/roussillonfishing.com\/en\/wp-json\/wp\/v2\/product_brand?post=1252"},{"taxonomy":"product_cat","embeddable":true,"href":"https:\/\/roussillonfishing.com\/en\/wp-json\/wp\/v2\/product_cat?post=1252"},{"taxonomy":"product_tag","embeddable":true,"href":"https:\/\/roussillonfishing.com\/en\/wp-json\/wp\/v2\/product_tag?post=1252"}],"curies":[{"name":"wp","href":"https:\/\/api.w.org\/{rel}","templated":true}]}}