{"id":1296,"date":"2022-05-08T16:02:16","date_gmt":"2022-05-08T16:02:16","guid":{"rendered":"https:\/\/roussillonfishing.com\/?post_type=product&#038;p=1296"},"modified":"2025-03-17T08:41:14","modified_gmt":"2025-03-17T08:41:14","slug":"casquette-pelagic-the-slide-offshore","status":"publish","type":"product","link":"https:\/\/roussillonfishing.com\/en\/product\/casquette-pelagic-the-slide-offshore","title":{"rendered":"Casquette PELAGIC THE SLIDE OFFSHORE"},"content":{"rendered":"<p>V\u00eatements techniques de renomm\u00e9e, ma casquette Favorite de cette grande marque Pelagic.<\/p>\n<p>Prot\u00e9gez vous du soleil ! Optimisez votre vue !<br \/>\nOn garde le fil<br \/>\n_Sam<\/p>\n<p>Sur le devant, la casquette poss\u00e8de le logo texte Pelagic brod\u00e9 ou le logo iconic Pelagic (selon mod\u00e8le).<br \/>\nIl y a aussi une broderie du logo Gamefish Pelagic sur un c\u00f4t\u00e9.<br \/>\nLa partie arri\u00e8re est en maille a\u00e9r\u00e9e.<br \/>\nLa fermeture s&rsquo;effectue gr\u00e2ce \u00e0 une bande velcro r\u00e9glable.<br \/>\nIl y a aussi un bandeau interne absorbant l&rsquo;humidit\u00e9.<br \/>\nLes bords sont incurv\u00e9s.<br \/>\nTaille unique.<\/p>\n<p style=\"text-align: left;\">Mati\u00e8res : 33% Coton Cationique, 29% Polyester, 22% Coton, 10% Elasthanne, 6% Nylon.<br \/>\nFibres 100% naturelles.<\/p>\n<p>&nbsp;<\/p>","protected":false},"excerpt":{"rendered":"<p>V\u00eatements techniques de renomm\u00e9e, ma casquette Favorite de cette grande marque Pelagic. Prot\u00e9gez vous du soleil ! Optimisez votre vue ! On garde le fil _Sam Sur le devant, la<\/p>","protected":false},"featured_media":1297,"comment_status":"closed","ping_status":"closed","template":"","meta":[],"product_brand":[],"product_cat":[21],"product_tag":[22,51,49,34,33,176,39],"class_list":{"0":"post-1296","1":"product","2":"type-product","3":"status-publish","4":"has-post-thumbnail","6":"product_cat-vetements","7":"product_tag-casquette","8":"product_tag-peche-en-mer","9":"product_tag-peche-sportive","10":"product_tag-pelagic","11":"product_tag-pelagic-gear","12":"product_tag-pelagic-girl","13":"product_tag-pelagic-sunglasses","15":"first","16":"outofstock","17":"taxable","18":"shipping-taxable","19":"purchasable","20":"product-type-simple"},"yoast_head":"<!-- This site is optimized with the Yoast SEO plugin v27.3 - https:\/\/yoast.com\/product\/yoast-seo-wordpress\/ -->\n<title>Casquette PELAGIC THE SLIDE OFFSHORE - Roussillon Fishing<\/title>\n<meta name=\"description\" content=\"casquette, p\u00eache en mer, protection solaire, p\u00eache en bateau, v\u00eatements, p\u00eache sportive, roussillon fishing crew\" \/>\n<meta name=\"robots\" content=\"index, follow, max-snippet:-1, max-image-preview:large, max-video-preview:-1\" \/>\n<link rel=\"canonical\" href=\"https:\/\/roussillonfishing.com\/en\/product\/casquette-pelagic-the-slide-offshore\/\" \/>\n<meta property=\"og:locale\" content=\"en_GB\" \/>\n<meta property=\"og:type\" content=\"article\" \/>\n<meta property=\"og:title\" content=\"Casquette PELAGIC THE SLIDE OFFSHORE - Roussillon Fishing\" \/>\n<meta property=\"og:description\" content=\"casquette, p\u00eache en mer, protection solaire, p\u00eache en bateau, v\u00eatements, p\u00eache sportive, roussillon fishing crew\" \/>\n<meta property=\"og:url\" content=\"https:\/\/roussillonfishing.com\/en\/product\/casquette-pelagic-the-slide-offshore\/\" \/>\n<meta property=\"og:site_name\" content=\"Roussillon Fishing\" \/>\n<meta property=\"article:publisher\" content=\"https:\/\/www.facebook.com\/Samuel.Elgrishi.Fishing.Guide.Instructor\/\" \/>\n<meta property=\"article:modified_time\" content=\"2025-03-17T08:41:14+00:00\" \/>\n<meta property=\"og:image\" content=\"https:\/\/roussillonfishing.com\/wp-content\/uploads\/2022\/05\/1203213000-offshore-dorado-BLU_A_980x980.jpg\" \/>\n\t<meta property=\"og:image:width\" content=\"980\" \/>\n\t<meta property=\"og:image:height\" content=\"980\" \/>\n\t<meta property=\"og:image:type\" content=\"image\/jpeg\" \/>\n<meta name=\"twitter:card\" content=\"summary_large_image\" \/>\n<meta name=\"twitter:label1\" content=\"Estimated reading time\" \/>\n\t<meta name=\"twitter:data1\" content=\"1 minute\" \/>\n<script type=\"application\/ld+json\" class=\"yoast-schema-graph\">{\"@context\":\"https:\\\/\\\/schema.org\",\"@graph\":[{\"@type\":\"WebPage\",\"@id\":\"https:\\\/\\\/roussillonfishing.com\\\/produit\\\/casquette-pelagic-the-slide-offshore\",\"url\":\"https:\\\/\\\/roussillonfishing.com\\\/produit\\\/casquette-pelagic-the-slide-offshore\",\"name\":\"Casquette PELAGIC THE SLIDE OFFSHORE - Roussillon Fishing\",\"isPartOf\":{\"@id\":\"https:\\\/\\\/roussillonfishing.com\\\/en\\\/#website\"},\"primaryImageOfPage\":{\"@id\":\"https:\\\/\\\/roussillonfishing.com\\\/produit\\\/casquette-pelagic-the-slide-offshore#primaryimage\"},\"image\":{\"@id\":\"https:\\\/\\\/roussillonfishing.com\\\/produit\\\/casquette-pelagic-the-slide-offshore#primaryimage\"},\"thumbnailUrl\":\"https:\\\/\\\/roussillonfishing.com\\\/wp-content\\\/uploads\\\/2022\\\/05\\\/1203213000-offshore-dorado-BLU_A_980x980.jpg\",\"datePublished\":\"2022-05-08T16:02:16+00:00\",\"dateModified\":\"2025-03-17T08:41:14+00:00\",\"description\":\"casquette, p\u00eache en mer, protection solaire, p\u00eache en bateau, v\u00eatements, p\u00eache sportive, roussillon fishing crew\",\"breadcrumb\":{\"@id\":\"https:\\\/\\\/roussillonfishing.com\\\/produit\\\/casquette-pelagic-the-slide-offshore#breadcrumb\"},\"inLanguage\":\"en-GB\",\"potentialAction\":[{\"@type\":\"ReadAction\",\"target\":[\"https:\\\/\\\/roussillonfishing.com\\\/produit\\\/casquette-pelagic-the-slide-offshore\"]}]},{\"@type\":\"ImageObject\",\"inLanguage\":\"en-GB\",\"@id\":\"https:\\\/\\\/roussillonfishing.com\\\/produit\\\/casquette-pelagic-the-slide-offshore#primaryimage\",\"url\":\"https:\\\/\\\/roussillonfishing.com\\\/wp-content\\\/uploads\\\/2022\\\/05\\\/1203213000-offshore-dorado-BLU_A_980x980.jpg\",\"contentUrl\":\"https:\\\/\\\/roussillonfishing.com\\\/wp-content\\\/uploads\\\/2022\\\/05\\\/1203213000-offshore-dorado-BLU_A_980x980.jpg\",\"width\":980,\"height\":980},{\"@type\":\"BreadcrumbList\",\"@id\":\"https:\\\/\\\/roussillonfishing.com\\\/produit\\\/casquette-pelagic-the-slide-offshore#breadcrumb\",\"itemListElement\":[{\"@type\":\"ListItem\",\"position\":1,\"name\":\"Accueil\",\"item\":\"https:\\\/\\\/roussillonfishing.com\\\/\"},{\"@type\":\"ListItem\",\"position\":2,\"name\":\"Boutique\",\"item\":\"https:\\\/\\\/roussillonfishing.com\\\/boutique\"},{\"@type\":\"ListItem\",\"position\":3,\"name\":\"Casquette PELAGIC THE SLIDE OFFSHORE\"}]},{\"@type\":\"WebSite\",\"@id\":\"https:\\\/\\\/roussillonfishing.com\\\/en\\\/#website\",\"url\":\"https:\\\/\\\/roussillonfishing.com\\\/en\\\/\",\"name\":\"Roussillon Fishing\",\"description\":\"Moniteur et Guide de p\u00eache dans Les Pyr\u00e9n\u00e9es Orientales\",\"potentialAction\":[{\"@type\":\"SearchAction\",\"target\":{\"@type\":\"EntryPoint\",\"urlTemplate\":\"https:\\\/\\\/roussillonfishing.com\\\/en\\\/?s={search_term_string}\"},\"query-input\":{\"@type\":\"PropertyValueSpecification\",\"valueRequired\":true,\"valueName\":\"search_term_string\"}}],\"inLanguage\":\"en-GB\"}]}<\/script>\n<!-- \/ Yoast SEO plugin. -->","yoast_head_json":{"title":"Casquette PELAGIC THE SLIDE OFFSHORE - Roussillon Fishing","description":"casquette, p\u00eache en mer, protection solaire, p\u00eache en bateau, v\u00eatements, p\u00eache sportive, roussillon fishing crew","robots":{"index":"index","follow":"follow","max-snippet":"max-snippet:-1","max-image-preview":"max-image-preview:large","max-video-preview":"max-video-preview:-1"},"canonical":"https:\/\/roussillonfishing.com\/en\/product\/casquette-pelagic-the-slide-offshore\/","og_locale":"en_GB","og_type":"article","og_title":"Casquette PELAGIC THE SLIDE OFFSHORE - Roussillon Fishing","og_description":"casquette, p\u00eache en mer, protection solaire, p\u00eache en bateau, v\u00eatements, p\u00eache sportive, roussillon fishing crew","og_url":"https:\/\/roussillonfishing.com\/en\/product\/casquette-pelagic-the-slide-offshore\/","og_site_name":"Roussillon Fishing","article_publisher":"https:\/\/www.facebook.com\/Samuel.Elgrishi.Fishing.Guide.Instructor\/","article_modified_time":"2025-03-17T08:41:14+00:00","og_image":[{"width":980,"height":980,"url":"https:\/\/roussillonfishing.com\/wp-content\/uploads\/2022\/05\/1203213000-offshore-dorado-BLU_A_980x980.jpg","type":"image\/jpeg"}],"twitter_card":"summary_large_image","twitter_misc":{"Estimated reading time":"1 minute"},"schema":{"@context":"https:\/\/schema.org","@graph":[{"@type":"WebPage","@id":"https:\/\/roussillonfishing.com\/produit\/casquette-pelagic-the-slide-offshore","url":"https:\/\/roussillonfishing.com\/produit\/casquette-pelagic-the-slide-offshore","name":"Casquette PELAGIC THE SLIDE OFFSHORE - Roussillon Fishing","isPartOf":{"@id":"https:\/\/roussillonfishing.com\/en\/#website"},"primaryImageOfPage":{"@id":"https:\/\/roussillonfishing.com\/produit\/casquette-pelagic-the-slide-offshore#primaryimage"},"image":{"@id":"https:\/\/roussillonfishing.com\/produit\/casquette-pelagic-the-slide-offshore#primaryimage"},"thumbnailUrl":"https:\/\/roussillonfishing.com\/wp-content\/uploads\/2022\/05\/1203213000-offshore-dorado-BLU_A_980x980.jpg","datePublished":"2022-05-08T16:02:16+00:00","dateModified":"2025-03-17T08:41:14+00:00","description":"casquette, p\u00eache en mer, protection solaire, p\u00eache en bateau, v\u00eatements, p\u00eache sportive, roussillon fishing crew","breadcrumb":{"@id":"https:\/\/roussillonfishing.com\/produit\/casquette-pelagic-the-slide-offshore#breadcrumb"},"inLanguage":"en-GB","potentialAction":[{"@type":"ReadAction","target":["https:\/\/roussillonfishing.com\/produit\/casquette-pelagic-the-slide-offshore"]}]},{"@type":"ImageObject","inLanguage":"en-GB","@id":"https:\/\/roussillonfishing.com\/produit\/casquette-pelagic-the-slide-offshore#primaryimage","url":"https:\/\/roussillonfishing.com\/wp-content\/uploads\/2022\/05\/1203213000-offshore-dorado-BLU_A_980x980.jpg","contentUrl":"https:\/\/roussillonfishing.com\/wp-content\/uploads\/2022\/05\/1203213000-offshore-dorado-BLU_A_980x980.jpg","width":980,"height":980},{"@type":"BreadcrumbList","@id":"https:\/\/roussillonfishing.com\/produit\/casquette-pelagic-the-slide-offshore#breadcrumb","itemListElement":[{"@type":"ListItem","position":1,"name":"Accueil","item":"https:\/\/roussillonfishing.com\/"},{"@type":"ListItem","position":2,"name":"Boutique","item":"https:\/\/roussillonfishing.com\/boutique"},{"@type":"ListItem","position":3,"name":"Casquette PELAGIC THE SLIDE OFFSHORE"}]},{"@type":"WebSite","@id":"https:\/\/roussillonfishing.com\/en\/#website","url":"https:\/\/roussillonfishing.com\/en\/","name":"Roussillon Fishing","description":"Moniteur et Guide de p\u00eache dans Les Pyr\u00e9n\u00e9es Orientales","potentialAction":[{"@type":"SearchAction","target":{"@type":"EntryPoint","urlTemplate":"https:\/\/roussillonfishing.com\/en\/?s={search_term_string}"},"query-input":{"@type":"PropertyValueSpecification","valueRequired":true,"valueName":"search_term_string"}}],"inLanguage":"en-GB"}]}},"jetpack_sharing_enabled":true,"_links":{"self":[{"href":"https:\/\/roussillonfishing.com\/en\/wp-json\/wp\/v2\/product\/1296","targetHints":{"allow":["GET"]}}],"collection":[{"href":"https:\/\/roussillonfishing.com\/en\/wp-json\/wp\/v2\/product"}],"about":[{"href":"https:\/\/roussillonfishing.com\/en\/wp-json\/wp\/v2\/types\/product"}],"replies":[{"embeddable":true,"href":"https:\/\/roussillonfishing.com\/en\/wp-json\/wp\/v2\/comments?post=1296"}],"wp:featuredmedia":[{"embeddable":true,"href":"https:\/\/roussillonfishing.com\/en\/wp-json\/wp\/v2\/media\/1297"}],"wp:attachment":[{"href":"https:\/\/roussillonfishing.com\/en\/wp-json\/wp\/v2\/media?parent=1296"}],"wp:term":[{"taxonomy":"product_brand","embeddable":true,"href":"https:\/\/roussillonfishing.com\/en\/wp-json\/wp\/v2\/product_brand?post=1296"},{"taxonomy":"product_cat","embeddable":true,"href":"https:\/\/roussillonfishing.com\/en\/wp-json\/wp\/v2\/product_cat?post=1296"},{"taxonomy":"product_tag","embeddable":true,"href":"https:\/\/roussillonfishing.com\/en\/wp-json\/wp\/v2\/product_tag?post=1296"}],"curies":[{"name":"wp","href":"https:\/\/api.w.org\/{rel}","templated":true}]}}