{"id":1378,"date":"2022-05-12T12:31:23","date_gmt":"2022-05-12T12:31:23","guid":{"rendered":"https:\/\/roussillonfishing.com\/?post_type=product&#038;p=1378"},"modified":"2023-08-26T10:12:16","modified_gmt":"2023-08-26T10:12:16","slug":"pelagic-womens-key-west-fish-camo-reversible-tie-side-bikini-bottoms","status":"publish","type":"product","link":"https:\/\/roussillonfishing.com\/en\/product\/pelagic-womens-key-west-fish-camo-reversible-tie-side-bikini-bottoms","title":{"rendered":"PELAGIC\u2013Women&rsquo;s Key West Fish Camo Reversible Tie Side Bikini Bottoms"},"content":{"rendered":"<div>Un cadeau original \u00e0 offrir \u00e0 vos femmes !<\/div>\n<div>D&rsquo;autres coloris disponibles sur commande.<\/div>\n<div>Me contacter<\/div>\n<div><\/div>\n<div class=\"product-detail__short-title\">Description<\/div>\n<div class=\"product-detail__short-text-container\">\n<div class=\"product-detail__short-text\">\n<div>\n<div>\n<ul>\n<li>Women&rsquo;s reversible bikini bottom<\/li>\n<li>Created specifically for women who live an active ocean lifestyle<\/li>\n<li>Triangle top<\/li>\n<li>Tied at the neck and back for easy adjusting<\/li>\n<li>Reversible for another print and look on the other side<\/li>\n<li>Iconic Americamo print<\/li>\n<li>Quik-dry enhanced fabric technology<\/li>\n<\/ul>\n<\/div>\n<p><strong>Material:\u00a0<\/strong>84% Polyester 16% Elastane<\/p>\n<\/div>\n<\/div>\n<\/div>\n<p>&#8211; Mati\u00e8re : Tissu 100% Polyester Stretch-Flex<br \/>\n&#8211; Hydrofuge<br \/>\n&#8211; Rev\u00eatement Anti-Taches<br \/>\n&#8211; Anti-Microbien<\/p>\n<p>&nbsp;<\/p>","protected":false},"excerpt":{"rendered":"<p>Un cadeau original \u00e0 offrir \u00e0 vos femmes ! D&rsquo;autres coloris disponibles sur commande. Me contacter Description Women&rsquo;s reversible bikini bottom Created specifically for women who live an active ocean<\/p>","protected":false},"featured_media":1384,"comment_status":"closed","ping_status":"closed","template":"","meta":[],"product_brand":[],"product_cat":[21],"product_tag":[177,178,103,34,176,179,36,35,98,20,181,180],"class_list":{"0":"post-1378","1":"product","2":"type-product","3":"status-publish","4":"has-post-thumbnail","6":"product_cat-vetements","7":"product_tag-bikini","8":"product_tag-bombchelle","9":"product_tag-cadeau","10":"product_tag-pelagic","11":"product_tag-pelagic-girl","12":"product_tag-rebecca-fishing","13":"product_tag-roussillon-fishing","14":"product_tag-roussillon-fishing-shop","15":"product_tag-sport","16":"product_tag-t-shirt","17":"product_tag-vacance","18":"product_tag-women","20":"first","21":"outofstock","22":"taxable","23":"shipping-taxable","24":"purchasable","25":"product-type-variable"},"yoast_head":"<!-- This site is optimized with the Yoast SEO plugin v27.3 - https:\/\/yoast.com\/product\/yoast-seo-wordpress\/ -->\n<title>PELAGIC\u2013Women&#039;s Key West Fish Camo Reversible Tie Side Bikini Bottoms - Roussillon Fishing<\/title>\n<meta name=\"description\" content=\"tshirt, v\u00eatements de sport, p\u00eache en mer, p\u00eache sportive, sport fishing, protection solaire, manche longue\" \/>\n<meta name=\"robots\" content=\"index, follow, max-snippet:-1, max-image-preview:large, max-video-preview:-1\" \/>\n<link rel=\"canonical\" href=\"https:\/\/roussillonfishing.com\/en\/product\/pelagic-womens-key-west-fish-camo-reversible-tie-side-bikini-bottoms\/\" \/>\n<meta property=\"og:locale\" content=\"en_GB\" \/>\n<meta property=\"og:type\" content=\"article\" \/>\n<meta property=\"og:title\" content=\"PELAGIC\u2013Women&#039;s Key West Fish Camo Reversible Tie Side Bikini Bottoms - Roussillon Fishing\" \/>\n<meta property=\"og:description\" content=\"tshirt, v\u00eatements de sport, p\u00eache en mer, p\u00eache sportive, sport fishing, protection solaire, manche longue\" \/>\n<meta property=\"og:url\" content=\"https:\/\/roussillonfishing.com\/en\/product\/pelagic-womens-key-west-fish-camo-reversible-tie-side-bikini-bottoms\/\" \/>\n<meta property=\"og:site_name\" content=\"Roussillon Fishing\" \/>\n<meta property=\"article:publisher\" content=\"https:\/\/www.facebook.com\/Samuel.Elgrishi.Fishing.Guide.Instructor\/\" \/>\n<meta property=\"article:modified_time\" content=\"2023-08-26T10:12:16+00:00\" \/>\n<meta property=\"og:image\" content=\"https:\/\/roussillonfishing.com\/wp-content\/uploads\/2022\/05\/Dorado-Bikini-bottom-back-blu_980x980.jpg\" \/>\n\t<meta property=\"og:image:width\" content=\"980\" \/>\n\t<meta property=\"og:image:height\" content=\"980\" \/>\n\t<meta property=\"og:image:type\" content=\"image\/jpeg\" \/>\n<meta name=\"twitter:card\" content=\"summary_large_image\" \/>\n<meta name=\"twitter:label1\" content=\"Estimated reading time\" \/>\n\t<meta name=\"twitter:data1\" content=\"1 minute\" \/>\n<script type=\"application\/ld+json\" class=\"yoast-schema-graph\">{\"@context\":\"https:\\\/\\\/schema.org\",\"@graph\":[{\"@type\":\"WebPage\",\"@id\":\"https:\\\/\\\/roussillonfishing.com\\\/produit\\\/pelagic-womens-key-west-fish-camo-reversible-tie-side-bikini-bottoms\",\"url\":\"https:\\\/\\\/roussillonfishing.com\\\/produit\\\/pelagic-womens-key-west-fish-camo-reversible-tie-side-bikini-bottoms\",\"name\":\"PELAGIC\u2013Women's Key West Fish Camo Reversible Tie Side Bikini Bottoms - Roussillon Fishing\",\"isPartOf\":{\"@id\":\"https:\\\/\\\/roussillonfishing.com\\\/en\\\/#website\"},\"primaryImageOfPage\":{\"@id\":\"https:\\\/\\\/roussillonfishing.com\\\/produit\\\/pelagic-womens-key-west-fish-camo-reversible-tie-side-bikini-bottoms#primaryimage\"},\"image\":{\"@id\":\"https:\\\/\\\/roussillonfishing.com\\\/produit\\\/pelagic-womens-key-west-fish-camo-reversible-tie-side-bikini-bottoms#primaryimage\"},\"thumbnailUrl\":\"https:\\\/\\\/roussillonfishing.com\\\/wp-content\\\/uploads\\\/2022\\\/05\\\/Dorado-Bikini-bottom-back-blu_980x980.jpg\",\"datePublished\":\"2022-05-12T12:31:23+00:00\",\"dateModified\":\"2023-08-26T10:12:16+00:00\",\"description\":\"tshirt, v\u00eatements de sport, p\u00eache en mer, p\u00eache sportive, sport fishing, protection solaire, manche longue\",\"breadcrumb\":{\"@id\":\"https:\\\/\\\/roussillonfishing.com\\\/produit\\\/pelagic-womens-key-west-fish-camo-reversible-tie-side-bikini-bottoms#breadcrumb\"},\"inLanguage\":\"en-GB\",\"potentialAction\":[{\"@type\":\"ReadAction\",\"target\":[\"https:\\\/\\\/roussillonfishing.com\\\/produit\\\/pelagic-womens-key-west-fish-camo-reversible-tie-side-bikini-bottoms\"]}]},{\"@type\":\"ImageObject\",\"inLanguage\":\"en-GB\",\"@id\":\"https:\\\/\\\/roussillonfishing.com\\\/produit\\\/pelagic-womens-key-west-fish-camo-reversible-tie-side-bikini-bottoms#primaryimage\",\"url\":\"https:\\\/\\\/roussillonfishing.com\\\/wp-content\\\/uploads\\\/2022\\\/05\\\/Dorado-Bikini-bottom-back-blu_980x980.jpg\",\"contentUrl\":\"https:\\\/\\\/roussillonfishing.com\\\/wp-content\\\/uploads\\\/2022\\\/05\\\/Dorado-Bikini-bottom-back-blu_980x980.jpg\",\"width\":980,\"height\":980},{\"@type\":\"BreadcrumbList\",\"@id\":\"https:\\\/\\\/roussillonfishing.com\\\/produit\\\/pelagic-womens-key-west-fish-camo-reversible-tie-side-bikini-bottoms#breadcrumb\",\"itemListElement\":[{\"@type\":\"ListItem\",\"position\":1,\"name\":\"Accueil\",\"item\":\"https:\\\/\\\/roussillonfishing.com\\\/\"},{\"@type\":\"ListItem\",\"position\":2,\"name\":\"Boutique\",\"item\":\"https:\\\/\\\/roussillonfishing.com\\\/boutique\"},{\"@type\":\"ListItem\",\"position\":3,\"name\":\"PELAGIC\u2013Women&rsquo;s Key West Fish Camo Reversible Tie Side Bikini Bottoms\"}]},{\"@type\":\"WebSite\",\"@id\":\"https:\\\/\\\/roussillonfishing.com\\\/en\\\/#website\",\"url\":\"https:\\\/\\\/roussillonfishing.com\\\/en\\\/\",\"name\":\"Roussillon Fishing\",\"description\":\"Moniteur et Guide de p\u00eache dans Les Pyr\u00e9n\u00e9es Orientales\",\"potentialAction\":[{\"@type\":\"SearchAction\",\"target\":{\"@type\":\"EntryPoint\",\"urlTemplate\":\"https:\\\/\\\/roussillonfishing.com\\\/en\\\/?s={search_term_string}\"},\"query-input\":{\"@type\":\"PropertyValueSpecification\",\"valueRequired\":true,\"valueName\":\"search_term_string\"}}],\"inLanguage\":\"en-GB\"}]}<\/script>\n<!-- \/ Yoast SEO plugin. -->","yoast_head_json":{"title":"PELAGIC\u2013Women's Key West Fish Camo Reversible Tie Side Bikini Bottoms - Roussillon Fishing","description":"tshirt, v\u00eatements de sport, p\u00eache en mer, p\u00eache sportive, sport fishing, protection solaire, manche longue","robots":{"index":"index","follow":"follow","max-snippet":"max-snippet:-1","max-image-preview":"max-image-preview:large","max-video-preview":"max-video-preview:-1"},"canonical":"https:\/\/roussillonfishing.com\/en\/product\/pelagic-womens-key-west-fish-camo-reversible-tie-side-bikini-bottoms\/","og_locale":"en_GB","og_type":"article","og_title":"PELAGIC\u2013Women's Key West Fish Camo Reversible Tie Side Bikini Bottoms - Roussillon Fishing","og_description":"tshirt, v\u00eatements de sport, p\u00eache en mer, p\u00eache sportive, sport fishing, protection solaire, manche longue","og_url":"https:\/\/roussillonfishing.com\/en\/product\/pelagic-womens-key-west-fish-camo-reversible-tie-side-bikini-bottoms\/","og_site_name":"Roussillon Fishing","article_publisher":"https:\/\/www.facebook.com\/Samuel.Elgrishi.Fishing.Guide.Instructor\/","article_modified_time":"2023-08-26T10:12:16+00:00","og_image":[{"width":980,"height":980,"url":"https:\/\/roussillonfishing.com\/wp-content\/uploads\/2022\/05\/Dorado-Bikini-bottom-back-blu_980x980.jpg","type":"image\/jpeg"}],"twitter_card":"summary_large_image","twitter_misc":{"Estimated reading time":"1 minute"},"schema":{"@context":"https:\/\/schema.org","@graph":[{"@type":"WebPage","@id":"https:\/\/roussillonfishing.com\/produit\/pelagic-womens-key-west-fish-camo-reversible-tie-side-bikini-bottoms","url":"https:\/\/roussillonfishing.com\/produit\/pelagic-womens-key-west-fish-camo-reversible-tie-side-bikini-bottoms","name":"PELAGIC\u2013Women's Key West Fish Camo Reversible Tie Side Bikini Bottoms - Roussillon Fishing","isPartOf":{"@id":"https:\/\/roussillonfishing.com\/en\/#website"},"primaryImageOfPage":{"@id":"https:\/\/roussillonfishing.com\/produit\/pelagic-womens-key-west-fish-camo-reversible-tie-side-bikini-bottoms#primaryimage"},"image":{"@id":"https:\/\/roussillonfishing.com\/produit\/pelagic-womens-key-west-fish-camo-reversible-tie-side-bikini-bottoms#primaryimage"},"thumbnailUrl":"https:\/\/roussillonfishing.com\/wp-content\/uploads\/2022\/05\/Dorado-Bikini-bottom-back-blu_980x980.jpg","datePublished":"2022-05-12T12:31:23+00:00","dateModified":"2023-08-26T10:12:16+00:00","description":"tshirt, v\u00eatements de sport, p\u00eache en mer, p\u00eache sportive, sport fishing, protection solaire, manche longue","breadcrumb":{"@id":"https:\/\/roussillonfishing.com\/produit\/pelagic-womens-key-west-fish-camo-reversible-tie-side-bikini-bottoms#breadcrumb"},"inLanguage":"en-GB","potentialAction":[{"@type":"ReadAction","target":["https:\/\/roussillonfishing.com\/produit\/pelagic-womens-key-west-fish-camo-reversible-tie-side-bikini-bottoms"]}]},{"@type":"ImageObject","inLanguage":"en-GB","@id":"https:\/\/roussillonfishing.com\/produit\/pelagic-womens-key-west-fish-camo-reversible-tie-side-bikini-bottoms#primaryimage","url":"https:\/\/roussillonfishing.com\/wp-content\/uploads\/2022\/05\/Dorado-Bikini-bottom-back-blu_980x980.jpg","contentUrl":"https:\/\/roussillonfishing.com\/wp-content\/uploads\/2022\/05\/Dorado-Bikini-bottom-back-blu_980x980.jpg","width":980,"height":980},{"@type":"BreadcrumbList","@id":"https:\/\/roussillonfishing.com\/produit\/pelagic-womens-key-west-fish-camo-reversible-tie-side-bikini-bottoms#breadcrumb","itemListElement":[{"@type":"ListItem","position":1,"name":"Accueil","item":"https:\/\/roussillonfishing.com\/"},{"@type":"ListItem","position":2,"name":"Boutique","item":"https:\/\/roussillonfishing.com\/boutique"},{"@type":"ListItem","position":3,"name":"PELAGIC\u2013Women&rsquo;s Key West Fish Camo Reversible Tie Side Bikini Bottoms"}]},{"@type":"WebSite","@id":"https:\/\/roussillonfishing.com\/en\/#website","url":"https:\/\/roussillonfishing.com\/en\/","name":"Roussillon Fishing","description":"Moniteur et Guide de p\u00eache dans Les Pyr\u00e9n\u00e9es Orientales","potentialAction":[{"@type":"SearchAction","target":{"@type":"EntryPoint","urlTemplate":"https:\/\/roussillonfishing.com\/en\/?s={search_term_string}"},"query-input":{"@type":"PropertyValueSpecification","valueRequired":true,"valueName":"search_term_string"}}],"inLanguage":"en-GB"}]}},"jetpack_sharing_enabled":true,"_links":{"self":[{"href":"https:\/\/roussillonfishing.com\/en\/wp-json\/wp\/v2\/product\/1378","targetHints":{"allow":["GET"]}}],"collection":[{"href":"https:\/\/roussillonfishing.com\/en\/wp-json\/wp\/v2\/product"}],"about":[{"href":"https:\/\/roussillonfishing.com\/en\/wp-json\/wp\/v2\/types\/product"}],"replies":[{"embeddable":true,"href":"https:\/\/roussillonfishing.com\/en\/wp-json\/wp\/v2\/comments?post=1378"}],"wp:featuredmedia":[{"embeddable":true,"href":"https:\/\/roussillonfishing.com\/en\/wp-json\/wp\/v2\/media\/1384"}],"wp:attachment":[{"href":"https:\/\/roussillonfishing.com\/en\/wp-json\/wp\/v2\/media?parent=1378"}],"wp:term":[{"taxonomy":"product_brand","embeddable":true,"href":"https:\/\/roussillonfishing.com\/en\/wp-json\/wp\/v2\/product_brand?post=1378"},{"taxonomy":"product_cat","embeddable":true,"href":"https:\/\/roussillonfishing.com\/en\/wp-json\/wp\/v2\/product_cat?post=1378"},{"taxonomy":"product_tag","embeddable":true,"href":"https:\/\/roussillonfishing.com\/en\/wp-json\/wp\/v2\/product_tag?post=1378"}],"curies":[{"name":"wp","href":"https:\/\/api.w.org\/{rel}","templated":true}]}}