{"id":1387,"date":"2022-05-13T09:23:55","date_gmt":"2022-05-13T09:23:55","guid":{"rendered":"https:\/\/roussillonfishing.com\/?post_type=product&#038;p=1387"},"modified":"2023-08-26T10:12:27","modified_gmt":"2023-08-26T10:12:27","slug":"short-pelagic-sharkskin-dorado","status":"publish","type":"product","link":"https:\/\/roussillonfishing.com\/en\/product\/short-pelagic-sharkskin-dorado","title":{"rendered":"SHORT PELAGIC SHARKSKIN DORADO"},"content":{"rendered":"<div>\n<div class=\"product-detail__short-title\">Description<\/div>\n<div class=\"product-detail__short-text-container\">\n<div class=\"product-detail__short-text\">\n<div>\n<ul>\n<li>Men&rsquo;s\u00a0<strong>industry leading<\/strong>\u00a0fishing boardshort<\/li>\n<li>All shorts are designed to be the\u00a0<strong>GREATEST\u00a0<\/strong>performance fishing shorts on the market<\/li>\n<li>21&Prime; outseam<\/li>\n<li>Side velcro and back zipper pockets for\u00a0easy access to tools<\/li>\n<li>Quick-drying capabilities<\/li>\n<\/ul>\n<p><strong>Material:\u00a0<\/strong>88% Polyester 12% Spandex<\/p>\n<\/div>\n<\/div>\n<\/div>\n<div class=\"product-tech-icon__container\">\n<div class=\"product-tech-icon\">\n<figure class=\"product-tech-icon__image-wrap\"><img decoding=\"async\" class=\"product-tech-icon__image\" src=\"https:\/\/cdn.accentuate.io\/23087939662\/1643850969164\/TECH_ICONS_REPREVE.jpg?v=0\" alt=\"\" \/><\/figure>\n<div class=\"product-tech-icon__content\">\n<div class=\"product-tech-icon__title\">Repreve\u00ae Recycled Fibers<\/div>\n<p class=\"product-tech-icon__message\">Material made from 100% recycled plastic bottles.<\/p>\n<\/div>\n<\/div>\n<div class=\"product-tech-icon\">\n<figure class=\"product-tech-icon__image-wrap\"><img decoding=\"async\" class=\"product-tech-icon__image\" src=\"https:\/\/cdn.accentuate.io\/23087939662\/1643851054499\/TECH_ICONS_TIGHT_LINES.jpg?v=0\" alt=\"\" \/><\/figure>\n<div class=\"product-tech-icon__content\">\n<div class=\"product-tech-icon__title\">Tightlines\u2122 Custom-Cinching Drawcord System<\/div>\n<p class=\"product-tech-icon__message\">Integrated drawstring belt system to support heavy pocket loads from tools and phone.<\/p>\n<\/div>\n<\/div>\n<div class=\"product-tech-icon\">\n<figure class=\"product-tech-icon__image-wrap\"><img decoding=\"async\" class=\"product-tech-icon__image\" src=\"https:\/\/cdn.accentuate.io\/23087939662\/1643850688061\/TECH_ICON_WATER_RESISTANT.png?v=0\" alt=\"\" \/><\/figure>\n<div class=\"product-tech-icon__content\">\n<div class=\"product-tech-icon__title\">Water and Stain Repellent<\/div>\n<p class=\"product-tech-icon__message\">Prevents absorption of liquids and reduces staining.<\/p>\n<\/div>\n<\/div>\n<div class=\"product-tech-icon\">\n<figure class=\"product-tech-icon__image-wrap\"><img decoding=\"async\" class=\"product-tech-icon__image\" src=\"https:\/\/cdn.accentuate.io\/23087939662\/1643851103769\/TECH_ICON_PLIER_POCKET.png?v=0\" alt=\"\" \/><\/figure>\n<div class=\"product-tech-icon__content\">\n<div class=\"product-tech-icon__title\">Reinforced Tool &amp; Cell Phone Pockets<\/div>\n<p class=\"product-tech-icon__message\">Ballistic nylon reinforced plier\/tool pocket, and secure phone pocket.<\/p>\n<\/div>\n<\/div>\n<div class=\"product-tech-icon\">\n<figure class=\"product-tech-icon__image-wrap\"><img decoding=\"async\" class=\"product-tech-icon__image\" src=\"https:\/\/cdn.accentuate.io\/23087939662\/1643851165071\/TECH_ICONS_4WAY_STRETCH.png?v=0\" alt=\"\" \/><\/figure>\n<div class=\"product-tech-icon__content\">\n<div class=\"product-tech-icon__title\">4 Way Stretch<\/div>\n<p class=\"product-tech-icon__message\">Allows full movement and zero restriction when fishing.<\/p>\n<\/div>\n<\/div>\n<\/div>\n<\/div>","protected":false},"excerpt":{"rendered":"<p>Description Men&rsquo;s\u00a0industry leading\u00a0fishing boardshort All shorts are designed to be the\u00a0GREATEST\u00a0performance fishing shorts on the market 21&Prime; outseam Side velcro and back zipper pockets for\u00a0easy access to tools Quick-drying capabilities<\/p>","protected":false},"featured_media":1392,"comment_status":"closed","ping_status":"closed","template":"","meta":[],"product_brand":[],"product_cat":[21],"product_tag":[177,178,103,183,34,176,179,36,35,137,138,98,20,181,182,180],"class_list":{"0":"post-1387","1":"product","2":"type-product","3":"status-publish","4":"has-post-thumbnail","6":"product_cat-vetements","7":"product_tag-bikini","8":"product_tag-bombchelle","9":"product_tag-cadeau","10":"product_tag-haut-de-gamme","11":"product_tag-pelagic","12":"product_tag-pelagic-girl","13":"product_tag-rebecca-fishing","14":"product_tag-roussillon-fishing","15":"product_tag-roussillon-fishing-shop","16":"product_tag-short","17":"product_tag-short-de-bain","18":"product_tag-sport","19":"product_tag-t-shirt","20":"product_tag-vacance","21":"product_tag-vetement-techniques","22":"product_tag-women","24":"first","25":"outofstock","26":"taxable","27":"shipping-taxable","28":"purchasable","29":"product-type-variable"},"yoast_head":"<!-- This site is optimized with the Yoast SEO plugin v27.3 - https:\/\/yoast.com\/product\/yoast-seo-wordpress\/ -->\n<title>SHORT PELAGIC SHARKSKIN DORADO - Roussillon Fishing<\/title>\n<meta name=\"description\" content=\"tshirt, v\u00eatements de sport, p\u00eache en mer, p\u00eache sportive, sport fishing, protection solaire, manche longue\" \/>\n<meta name=\"robots\" content=\"index, follow, max-snippet:-1, max-image-preview:large, max-video-preview:-1\" \/>\n<link rel=\"canonical\" href=\"https:\/\/roussillonfishing.com\/en\/product\/short-pelagic-sharkskin-dorado\/\" \/>\n<meta property=\"og:locale\" content=\"en_GB\" \/>\n<meta property=\"og:type\" content=\"article\" \/>\n<meta property=\"og:title\" content=\"SHORT PELAGIC SHARKSKIN DORADO - Roussillon Fishing\" \/>\n<meta property=\"og:description\" content=\"tshirt, v\u00eatements de sport, p\u00eache en mer, p\u00eache sportive, sport fishing, protection solaire, manche longue\" \/>\n<meta property=\"og:url\" content=\"https:\/\/roussillonfishing.com\/en\/product\/short-pelagic-sharkskin-dorado\/\" \/>\n<meta property=\"og:site_name\" content=\"Roussillon Fishing\" \/>\n<meta property=\"article:publisher\" content=\"https:\/\/www.facebook.com\/Samuel.Elgrishi.Fishing.Guide.Instructor\/\" \/>\n<meta property=\"article:modified_time\" content=\"2023-08-26T10:12:27+00:00\" \/>\n<meta property=\"og:image\" content=\"https:\/\/roussillonfishing.com\/wp-content\/uploads\/2022\/05\/short-pelagic-sharkskin-dorado.jpg\" \/>\n\t<meta property=\"og:image:width\" content=\"800\" \/>\n\t<meta property=\"og:image:height\" content=\"800\" \/>\n\t<meta property=\"og:image:type\" content=\"image\/jpeg\" \/>\n<meta name=\"twitter:card\" content=\"summary_large_image\" \/>\n<meta name=\"twitter:label1\" content=\"Estimated reading time\" \/>\n\t<meta name=\"twitter:data1\" content=\"2 minutes\" \/>\n<script type=\"application\/ld+json\" class=\"yoast-schema-graph\">{\"@context\":\"https:\\\/\\\/schema.org\",\"@graph\":[{\"@type\":\"WebPage\",\"@id\":\"https:\\\/\\\/roussillonfishing.com\\\/produit\\\/short-pelagic-sharkskin-dorado\",\"url\":\"https:\\\/\\\/roussillonfishing.com\\\/produit\\\/short-pelagic-sharkskin-dorado\",\"name\":\"SHORT PELAGIC SHARKSKIN DORADO - Roussillon Fishing\",\"isPartOf\":{\"@id\":\"https:\\\/\\\/roussillonfishing.com\\\/en\\\/#website\"},\"primaryImageOfPage\":{\"@id\":\"https:\\\/\\\/roussillonfishing.com\\\/produit\\\/short-pelagic-sharkskin-dorado#primaryimage\"},\"image\":{\"@id\":\"https:\\\/\\\/roussillonfishing.com\\\/produit\\\/short-pelagic-sharkskin-dorado#primaryimage\"},\"thumbnailUrl\":\"https:\\\/\\\/roussillonfishing.com\\\/wp-content\\\/uploads\\\/2022\\\/05\\\/short-pelagic-sharkskin-dorado.jpg\",\"datePublished\":\"2022-05-13T09:23:55+00:00\",\"dateModified\":\"2023-08-26T10:12:27+00:00\",\"description\":\"tshirt, v\u00eatements de sport, p\u00eache en mer, p\u00eache sportive, sport fishing, protection solaire, manche longue\",\"breadcrumb\":{\"@id\":\"https:\\\/\\\/roussillonfishing.com\\\/produit\\\/short-pelagic-sharkskin-dorado#breadcrumb\"},\"inLanguage\":\"en-GB\",\"potentialAction\":[{\"@type\":\"ReadAction\",\"target\":[\"https:\\\/\\\/roussillonfishing.com\\\/produit\\\/short-pelagic-sharkskin-dorado\"]}]},{\"@type\":\"ImageObject\",\"inLanguage\":\"en-GB\",\"@id\":\"https:\\\/\\\/roussillonfishing.com\\\/produit\\\/short-pelagic-sharkskin-dorado#primaryimage\",\"url\":\"https:\\\/\\\/roussillonfishing.com\\\/wp-content\\\/uploads\\\/2022\\\/05\\\/short-pelagic-sharkskin-dorado.jpg\",\"contentUrl\":\"https:\\\/\\\/roussillonfishing.com\\\/wp-content\\\/uploads\\\/2022\\\/05\\\/short-pelagic-sharkskin-dorado.jpg\",\"width\":800,\"height\":800},{\"@type\":\"BreadcrumbList\",\"@id\":\"https:\\\/\\\/roussillonfishing.com\\\/produit\\\/short-pelagic-sharkskin-dorado#breadcrumb\",\"itemListElement\":[{\"@type\":\"ListItem\",\"position\":1,\"name\":\"Accueil\",\"item\":\"https:\\\/\\\/roussillonfishing.com\\\/\"},{\"@type\":\"ListItem\",\"position\":2,\"name\":\"Boutique\",\"item\":\"https:\\\/\\\/roussillonfishing.com\\\/boutique\"},{\"@type\":\"ListItem\",\"position\":3,\"name\":\"SHORT PELAGIC SHARKSKIN DORADO\"}]},{\"@type\":\"WebSite\",\"@id\":\"https:\\\/\\\/roussillonfishing.com\\\/en\\\/#website\",\"url\":\"https:\\\/\\\/roussillonfishing.com\\\/en\\\/\",\"name\":\"Roussillon Fishing\",\"description\":\"Moniteur et Guide de p\u00eache dans Les Pyr\u00e9n\u00e9es Orientales\",\"potentialAction\":[{\"@type\":\"SearchAction\",\"target\":{\"@type\":\"EntryPoint\",\"urlTemplate\":\"https:\\\/\\\/roussillonfishing.com\\\/en\\\/?s={search_term_string}\"},\"query-input\":{\"@type\":\"PropertyValueSpecification\",\"valueRequired\":true,\"valueName\":\"search_term_string\"}}],\"inLanguage\":\"en-GB\"}]}<\/script>\n<!-- \/ Yoast SEO plugin. -->","yoast_head_json":{"title":"SHORT PELAGIC SHARKSKIN DORADO - Roussillon Fishing","description":"tshirt, v\u00eatements de sport, p\u00eache en mer, p\u00eache sportive, sport fishing, protection solaire, manche longue","robots":{"index":"index","follow":"follow","max-snippet":"max-snippet:-1","max-image-preview":"max-image-preview:large","max-video-preview":"max-video-preview:-1"},"canonical":"https:\/\/roussillonfishing.com\/en\/product\/short-pelagic-sharkskin-dorado\/","og_locale":"en_GB","og_type":"article","og_title":"SHORT PELAGIC SHARKSKIN DORADO - Roussillon Fishing","og_description":"tshirt, v\u00eatements de sport, p\u00eache en mer, p\u00eache sportive, sport fishing, protection solaire, manche longue","og_url":"https:\/\/roussillonfishing.com\/en\/product\/short-pelagic-sharkskin-dorado\/","og_site_name":"Roussillon Fishing","article_publisher":"https:\/\/www.facebook.com\/Samuel.Elgrishi.Fishing.Guide.Instructor\/","article_modified_time":"2023-08-26T10:12:27+00:00","og_image":[{"width":800,"height":800,"url":"https:\/\/roussillonfishing.com\/wp-content\/uploads\/2022\/05\/short-pelagic-sharkskin-dorado.jpg","type":"image\/jpeg"}],"twitter_card":"summary_large_image","twitter_misc":{"Estimated reading time":"2 minutes"},"schema":{"@context":"https:\/\/schema.org","@graph":[{"@type":"WebPage","@id":"https:\/\/roussillonfishing.com\/produit\/short-pelagic-sharkskin-dorado","url":"https:\/\/roussillonfishing.com\/produit\/short-pelagic-sharkskin-dorado","name":"SHORT PELAGIC SHARKSKIN DORADO - Roussillon Fishing","isPartOf":{"@id":"https:\/\/roussillonfishing.com\/en\/#website"},"primaryImageOfPage":{"@id":"https:\/\/roussillonfishing.com\/produit\/short-pelagic-sharkskin-dorado#primaryimage"},"image":{"@id":"https:\/\/roussillonfishing.com\/produit\/short-pelagic-sharkskin-dorado#primaryimage"},"thumbnailUrl":"https:\/\/roussillonfishing.com\/wp-content\/uploads\/2022\/05\/short-pelagic-sharkskin-dorado.jpg","datePublished":"2022-05-13T09:23:55+00:00","dateModified":"2023-08-26T10:12:27+00:00","description":"tshirt, v\u00eatements de sport, p\u00eache en mer, p\u00eache sportive, sport fishing, protection solaire, manche longue","breadcrumb":{"@id":"https:\/\/roussillonfishing.com\/produit\/short-pelagic-sharkskin-dorado#breadcrumb"},"inLanguage":"en-GB","potentialAction":[{"@type":"ReadAction","target":["https:\/\/roussillonfishing.com\/produit\/short-pelagic-sharkskin-dorado"]}]},{"@type":"ImageObject","inLanguage":"en-GB","@id":"https:\/\/roussillonfishing.com\/produit\/short-pelagic-sharkskin-dorado#primaryimage","url":"https:\/\/roussillonfishing.com\/wp-content\/uploads\/2022\/05\/short-pelagic-sharkskin-dorado.jpg","contentUrl":"https:\/\/roussillonfishing.com\/wp-content\/uploads\/2022\/05\/short-pelagic-sharkskin-dorado.jpg","width":800,"height":800},{"@type":"BreadcrumbList","@id":"https:\/\/roussillonfishing.com\/produit\/short-pelagic-sharkskin-dorado#breadcrumb","itemListElement":[{"@type":"ListItem","position":1,"name":"Accueil","item":"https:\/\/roussillonfishing.com\/"},{"@type":"ListItem","position":2,"name":"Boutique","item":"https:\/\/roussillonfishing.com\/boutique"},{"@type":"ListItem","position":3,"name":"SHORT PELAGIC SHARKSKIN DORADO"}]},{"@type":"WebSite","@id":"https:\/\/roussillonfishing.com\/en\/#website","url":"https:\/\/roussillonfishing.com\/en\/","name":"Roussillon Fishing","description":"Moniteur et Guide de p\u00eache dans Les Pyr\u00e9n\u00e9es Orientales","potentialAction":[{"@type":"SearchAction","target":{"@type":"EntryPoint","urlTemplate":"https:\/\/roussillonfishing.com\/en\/?s={search_term_string}"},"query-input":{"@type":"PropertyValueSpecification","valueRequired":true,"valueName":"search_term_string"}}],"inLanguage":"en-GB"}]}},"jetpack_sharing_enabled":true,"_links":{"self":[{"href":"https:\/\/roussillonfishing.com\/en\/wp-json\/wp\/v2\/product\/1387","targetHints":{"allow":["GET"]}}],"collection":[{"href":"https:\/\/roussillonfishing.com\/en\/wp-json\/wp\/v2\/product"}],"about":[{"href":"https:\/\/roussillonfishing.com\/en\/wp-json\/wp\/v2\/types\/product"}],"replies":[{"embeddable":true,"href":"https:\/\/roussillonfishing.com\/en\/wp-json\/wp\/v2\/comments?post=1387"}],"wp:featuredmedia":[{"embeddable":true,"href":"https:\/\/roussillonfishing.com\/en\/wp-json\/wp\/v2\/media\/1392"}],"wp:attachment":[{"href":"https:\/\/roussillonfishing.com\/en\/wp-json\/wp\/v2\/media?parent=1387"}],"wp:term":[{"taxonomy":"product_brand","embeddable":true,"href":"https:\/\/roussillonfishing.com\/en\/wp-json\/wp\/v2\/product_brand?post=1387"},{"taxonomy":"product_cat","embeddable":true,"href":"https:\/\/roussillonfishing.com\/en\/wp-json\/wp\/v2\/product_cat?post=1387"},{"taxonomy":"product_tag","embeddable":true,"href":"https:\/\/roussillonfishing.com\/en\/wp-json\/wp\/v2\/product_tag?post=1387"}],"curies":[{"name":"wp","href":"https:\/\/api.w.org\/{rel}","templated":true}]}}