{"id":1394,"date":"2022-05-13T09:36:57","date_gmt":"2022-05-13T09:36:57","guid":{"rendered":"https:\/\/roussillonfishing.com\/?post_type=product&#038;p=1394"},"modified":"2023-08-26T10:11:35","modified_gmt":"2023-08-26T10:11:35","slug":"maui-fishing-leggings-womens","status":"publish","type":"product","link":"https:\/\/roussillonfishing.com\/en\/product\/maui-fishing-leggings-womens","title":{"rendered":"MAUI FISHING LEGGINGS &#8211; WOMEN&rsquo;S"},"content":{"rendered":"<div>Un cadeau original \u00e0 offrir \u00e0 vos femmes !<\/div>\n<div>D&rsquo;autres coloris disponibles sur commande.<\/div>\n<div>Me contacter<\/div>\n<div><\/div>\n<div>\n<div class=\"product-detail__short-title\">Description<\/div>\n<div class=\"product-detail__short-text-container\">\n<div class=\"product-detail__short-text\">\n<div>\n<ul>\n<li>Women&rsquo;s active leggings<\/li>\n<li>Lightweight and high performance poly spandex blend fabric<\/li>\n<li>Moisture wicking breathability<\/li>\n<li>Flatlock panel stitching<\/li>\n<li>Designed and crafted to flatter all sizes<\/li>\n<li>Moderate level of compression to hug your body in all the right ways<\/li>\n<\/ul>\n<p><strong>Material:\u00a0<\/strong>82% Polyester 18% Spandex<\/p>\n<\/div>\n<\/div>\n<\/div>\n<div class=\"product-tech-icon__container\">\n<div class=\"product-tech-icon\">\n<figure class=\"product-tech-icon__image-wrap\"><img decoding=\"async\" class=\"product-tech-icon__image\" src=\"https:\/\/cdn.accentuate.io\/23087939662\/1643850582672\/TECH_ICON_UPF.png?v=0\" alt=\"\" \/><\/figure>\n<div class=\"product-tech-icon__content\">\n<div class=\"product-tech-icon__title\">50+ UPF Protection<\/div>\n<p class=\"product-tech-icon__message\">Ultimate protection from the sun&rsquo;s harmful rays.<\/p>\n<\/div>\n<\/div>\n<div class=\"product-tech-icon\">\n<figure class=\"product-tech-icon__image-wrap\"><img decoding=\"async\" class=\"product-tech-icon__image\" src=\"https:\/\/cdn.accentuate.io\/23087939662\/1643850688061\/TECH_ICON_WATER_RESISTANT.png?v=0\" alt=\"\" \/><\/figure>\n<div class=\"product-tech-icon__content\">\n<div class=\"product-tech-icon__title\">Water and Stain Repellent<\/div>\n<p class=\"product-tech-icon__message\">Prevents absorption of liquids and reduces staining<\/p>\n<\/div>\n<\/div>\n<\/div>\n<\/div>\n<div class=\"product-detail__short-title\"><\/div>","protected":false},"excerpt":{"rendered":"<p>Un cadeau original \u00e0 offrir \u00e0 vos femmes ! D&rsquo;autres coloris disponibles sur commande. Me contacter Description Women&rsquo;s active leggings Lightweight and high performance poly spandex blend fabric Moisture wicking<\/p>","protected":false},"featured_media":1404,"comment_status":"closed","ping_status":"closed","template":"","meta":[],"product_brand":[],"product_cat":[21],"product_tag":[178,103,186,184,34,176,179,36,35,98,20,181,185,180],"class_list":{"0":"post-1394","1":"product","2":"type-product","3":"status-publish","4":"has-post-thumbnail","6":"product_cat-vetements","7":"product_tag-bombchelle","8":"product_tag-cadeau","9":"product_tag-girl-power","10":"product_tag-leggings","11":"product_tag-pelagic","12":"product_tag-pelagic-girl","13":"product_tag-rebecca-fishing","14":"product_tag-roussillon-fishing","15":"product_tag-roussillon-fishing-shop","16":"product_tag-sport","17":"product_tag-t-shirt","18":"product_tag-vacance","19":"product_tag-vetements-femme","20":"product_tag-women","22":"first","23":"outofstock","24":"taxable","25":"shipping-taxable","26":"purchasable","27":"product-type-variable"},"yoast_head":"<!-- This site is optimized with the Yoast SEO plugin v27.3 - https:\/\/yoast.com\/product\/yoast-seo-wordpress\/ -->\n<title>MAUI FISHING LEGGINGS - WOMEN&#039;S - Roussillon Fishing<\/title>\n<meta name=\"description\" content=\"tshirt, v\u00eatements de sport, p\u00eache en mer, p\u00eache sportive, sport fishing, protection solaire, manche longue\" \/>\n<meta name=\"robots\" content=\"index, follow, max-snippet:-1, max-image-preview:large, max-video-preview:-1\" \/>\n<link rel=\"canonical\" href=\"https:\/\/roussillonfishing.com\/en\/product\/maui-fishing-leggings-womens\/\" \/>\n<meta property=\"og:locale\" content=\"en_GB\" \/>\n<meta property=\"og:type\" content=\"article\" \/>\n<meta property=\"og:title\" content=\"MAUI FISHING LEGGINGS - WOMEN&#039;S - Roussillon Fishing\" \/>\n<meta property=\"og:description\" content=\"tshirt, v\u00eatements de sport, p\u00eache en mer, p\u00eache sportive, sport fishing, protection solaire, manche longue\" \/>\n<meta property=\"og:url\" content=\"https:\/\/roussillonfishing.com\/en\/product\/maui-fishing-leggings-womens\/\" \/>\n<meta property=\"og:site_name\" content=\"Roussillon Fishing\" \/>\n<meta property=\"article:publisher\" content=\"https:\/\/www.facebook.com\/Samuel.Elgrishi.Fishing.Guide.Instructor\/\" \/>\n<meta property=\"article:modified_time\" content=\"2023-08-26T10:11:35+00:00\" \/>\n<meta property=\"og:image\" content=\"https:\/\/roussillonfishing.com\/wp-content\/uploads\/2022\/05\/Dorado-Maui-Legging-blue-front_980x980.jpg\" \/>\n\t<meta property=\"og:image:width\" content=\"980\" \/>\n\t<meta property=\"og:image:height\" content=\"980\" \/>\n\t<meta property=\"og:image:type\" content=\"image\/jpeg\" \/>\n<meta name=\"twitter:card\" content=\"summary_large_image\" \/>\n<meta name=\"twitter:label1\" content=\"Estimated reading time\" \/>\n\t<meta name=\"twitter:data1\" content=\"1 minute\" \/>\n<script type=\"application\/ld+json\" class=\"yoast-schema-graph\">{\"@context\":\"https:\\\/\\\/schema.org\",\"@graph\":[{\"@type\":\"WebPage\",\"@id\":\"https:\\\/\\\/roussillonfishing.com\\\/produit\\\/maui-fishing-leggings-womens\",\"url\":\"https:\\\/\\\/roussillonfishing.com\\\/produit\\\/maui-fishing-leggings-womens\",\"name\":\"MAUI FISHING LEGGINGS - WOMEN'S - Roussillon Fishing\",\"isPartOf\":{\"@id\":\"https:\\\/\\\/roussillonfishing.com\\\/en\\\/#website\"},\"primaryImageOfPage\":{\"@id\":\"https:\\\/\\\/roussillonfishing.com\\\/produit\\\/maui-fishing-leggings-womens#primaryimage\"},\"image\":{\"@id\":\"https:\\\/\\\/roussillonfishing.com\\\/produit\\\/maui-fishing-leggings-womens#primaryimage\"},\"thumbnailUrl\":\"https:\\\/\\\/roussillonfishing.com\\\/wp-content\\\/uploads\\\/2022\\\/05\\\/Dorado-Maui-Legging-blue-front_980x980.jpg\",\"datePublished\":\"2022-05-13T09:36:57+00:00\",\"dateModified\":\"2023-08-26T10:11:35+00:00\",\"description\":\"tshirt, v\u00eatements de sport, p\u00eache en mer, p\u00eache sportive, sport fishing, protection solaire, manche longue\",\"breadcrumb\":{\"@id\":\"https:\\\/\\\/roussillonfishing.com\\\/produit\\\/maui-fishing-leggings-womens#breadcrumb\"},\"inLanguage\":\"en-GB\",\"potentialAction\":[{\"@type\":\"ReadAction\",\"target\":[\"https:\\\/\\\/roussillonfishing.com\\\/produit\\\/maui-fishing-leggings-womens\"]}]},{\"@type\":\"ImageObject\",\"inLanguage\":\"en-GB\",\"@id\":\"https:\\\/\\\/roussillonfishing.com\\\/produit\\\/maui-fishing-leggings-womens#primaryimage\",\"url\":\"https:\\\/\\\/roussillonfishing.com\\\/wp-content\\\/uploads\\\/2022\\\/05\\\/Dorado-Maui-Legging-blue-front_980x980.jpg\",\"contentUrl\":\"https:\\\/\\\/roussillonfishing.com\\\/wp-content\\\/uploads\\\/2022\\\/05\\\/Dorado-Maui-Legging-blue-front_980x980.jpg\",\"width\":980,\"height\":980},{\"@type\":\"BreadcrumbList\",\"@id\":\"https:\\\/\\\/roussillonfishing.com\\\/produit\\\/maui-fishing-leggings-womens#breadcrumb\",\"itemListElement\":[{\"@type\":\"ListItem\",\"position\":1,\"name\":\"Accueil\",\"item\":\"https:\\\/\\\/roussillonfishing.com\\\/\"},{\"@type\":\"ListItem\",\"position\":2,\"name\":\"Boutique\",\"item\":\"https:\\\/\\\/roussillonfishing.com\\\/boutique\"},{\"@type\":\"ListItem\",\"position\":3,\"name\":\"MAUI FISHING LEGGINGS &#8211; WOMEN&rsquo;S\"}]},{\"@type\":\"WebSite\",\"@id\":\"https:\\\/\\\/roussillonfishing.com\\\/en\\\/#website\",\"url\":\"https:\\\/\\\/roussillonfishing.com\\\/en\\\/\",\"name\":\"Roussillon Fishing\",\"description\":\"Moniteur et Guide de p\u00eache dans Les Pyr\u00e9n\u00e9es Orientales\",\"potentialAction\":[{\"@type\":\"SearchAction\",\"target\":{\"@type\":\"EntryPoint\",\"urlTemplate\":\"https:\\\/\\\/roussillonfishing.com\\\/en\\\/?s={search_term_string}\"},\"query-input\":{\"@type\":\"PropertyValueSpecification\",\"valueRequired\":true,\"valueName\":\"search_term_string\"}}],\"inLanguage\":\"en-GB\"}]}<\/script>\n<!-- \/ Yoast SEO plugin. -->","yoast_head_json":{"title":"MAUI FISHING LEGGINGS - WOMEN'S - Roussillon Fishing","description":"tshirt, v\u00eatements de sport, p\u00eache en mer, p\u00eache sportive, sport fishing, protection solaire, manche longue","robots":{"index":"index","follow":"follow","max-snippet":"max-snippet:-1","max-image-preview":"max-image-preview:large","max-video-preview":"max-video-preview:-1"},"canonical":"https:\/\/roussillonfishing.com\/en\/product\/maui-fishing-leggings-womens\/","og_locale":"en_GB","og_type":"article","og_title":"MAUI FISHING LEGGINGS - WOMEN'S - Roussillon Fishing","og_description":"tshirt, v\u00eatements de sport, p\u00eache en mer, p\u00eache sportive, sport fishing, protection solaire, manche longue","og_url":"https:\/\/roussillonfishing.com\/en\/product\/maui-fishing-leggings-womens\/","og_site_name":"Roussillon Fishing","article_publisher":"https:\/\/www.facebook.com\/Samuel.Elgrishi.Fishing.Guide.Instructor\/","article_modified_time":"2023-08-26T10:11:35+00:00","og_image":[{"width":980,"height":980,"url":"https:\/\/roussillonfishing.com\/wp-content\/uploads\/2022\/05\/Dorado-Maui-Legging-blue-front_980x980.jpg","type":"image\/jpeg"}],"twitter_card":"summary_large_image","twitter_misc":{"Estimated reading time":"1 minute"},"schema":{"@context":"https:\/\/schema.org","@graph":[{"@type":"WebPage","@id":"https:\/\/roussillonfishing.com\/produit\/maui-fishing-leggings-womens","url":"https:\/\/roussillonfishing.com\/produit\/maui-fishing-leggings-womens","name":"MAUI FISHING LEGGINGS - WOMEN'S - Roussillon Fishing","isPartOf":{"@id":"https:\/\/roussillonfishing.com\/en\/#website"},"primaryImageOfPage":{"@id":"https:\/\/roussillonfishing.com\/produit\/maui-fishing-leggings-womens#primaryimage"},"image":{"@id":"https:\/\/roussillonfishing.com\/produit\/maui-fishing-leggings-womens#primaryimage"},"thumbnailUrl":"https:\/\/roussillonfishing.com\/wp-content\/uploads\/2022\/05\/Dorado-Maui-Legging-blue-front_980x980.jpg","datePublished":"2022-05-13T09:36:57+00:00","dateModified":"2023-08-26T10:11:35+00:00","description":"tshirt, v\u00eatements de sport, p\u00eache en mer, p\u00eache sportive, sport fishing, protection solaire, manche longue","breadcrumb":{"@id":"https:\/\/roussillonfishing.com\/produit\/maui-fishing-leggings-womens#breadcrumb"},"inLanguage":"en-GB","potentialAction":[{"@type":"ReadAction","target":["https:\/\/roussillonfishing.com\/produit\/maui-fishing-leggings-womens"]}]},{"@type":"ImageObject","inLanguage":"en-GB","@id":"https:\/\/roussillonfishing.com\/produit\/maui-fishing-leggings-womens#primaryimage","url":"https:\/\/roussillonfishing.com\/wp-content\/uploads\/2022\/05\/Dorado-Maui-Legging-blue-front_980x980.jpg","contentUrl":"https:\/\/roussillonfishing.com\/wp-content\/uploads\/2022\/05\/Dorado-Maui-Legging-blue-front_980x980.jpg","width":980,"height":980},{"@type":"BreadcrumbList","@id":"https:\/\/roussillonfishing.com\/produit\/maui-fishing-leggings-womens#breadcrumb","itemListElement":[{"@type":"ListItem","position":1,"name":"Accueil","item":"https:\/\/roussillonfishing.com\/"},{"@type":"ListItem","position":2,"name":"Boutique","item":"https:\/\/roussillonfishing.com\/boutique"},{"@type":"ListItem","position":3,"name":"MAUI FISHING LEGGINGS &#8211; WOMEN&rsquo;S"}]},{"@type":"WebSite","@id":"https:\/\/roussillonfishing.com\/en\/#website","url":"https:\/\/roussillonfishing.com\/en\/","name":"Roussillon Fishing","description":"Moniteur et Guide de p\u00eache dans Les Pyr\u00e9n\u00e9es Orientales","potentialAction":[{"@type":"SearchAction","target":{"@type":"EntryPoint","urlTemplate":"https:\/\/roussillonfishing.com\/en\/?s={search_term_string}"},"query-input":{"@type":"PropertyValueSpecification","valueRequired":true,"valueName":"search_term_string"}}],"inLanguage":"en-GB"}]}},"jetpack_sharing_enabled":true,"_links":{"self":[{"href":"https:\/\/roussillonfishing.com\/en\/wp-json\/wp\/v2\/product\/1394","targetHints":{"allow":["GET"]}}],"collection":[{"href":"https:\/\/roussillonfishing.com\/en\/wp-json\/wp\/v2\/product"}],"about":[{"href":"https:\/\/roussillonfishing.com\/en\/wp-json\/wp\/v2\/types\/product"}],"replies":[{"embeddable":true,"href":"https:\/\/roussillonfishing.com\/en\/wp-json\/wp\/v2\/comments?post=1394"}],"wp:featuredmedia":[{"embeddable":true,"href":"https:\/\/roussillonfishing.com\/en\/wp-json\/wp\/v2\/media\/1404"}],"wp:attachment":[{"href":"https:\/\/roussillonfishing.com\/en\/wp-json\/wp\/v2\/media?parent=1394"}],"wp:term":[{"taxonomy":"product_brand","embeddable":true,"href":"https:\/\/roussillonfishing.com\/en\/wp-json\/wp\/v2\/product_brand?post=1394"},{"taxonomy":"product_cat","embeddable":true,"href":"https:\/\/roussillonfishing.com\/en\/wp-json\/wp\/v2\/product_cat?post=1394"},{"taxonomy":"product_tag","embeddable":true,"href":"https:\/\/roussillonfishing.com\/en\/wp-json\/wp\/v2\/product_tag?post=1394"}],"curies":[{"name":"wp","href":"https:\/\/api.w.org\/{rel}","templated":true}]}}