{"id":1405,"date":"2022-05-13T09:50:18","date_gmt":"2022-05-13T09:50:18","guid":{"rendered":"https:\/\/roussillonfishing.com\/?post_type=product&#038;p=1405"},"modified":"2023-08-26T10:11:20","modified_gmt":"2023-08-26T10:11:20","slug":"performance-print-fishing-visor","status":"publish","type":"product","link":"https:\/\/roussillonfishing.com\/en\/product\/performance-print-fishing-visor","title":{"rendered":"PERFORMANCE PRINT FISHING VISOR"},"content":{"rendered":"<p style=\"text-align: left;\">V\u00eatements techniques de renomm\u00e9e, ma casquette Favorite de cette grande marque Pelagic.<\/p>\n<p>Prot\u00e9gez vous du soleil ! Optimisez votre vue !<br \/>\nOn garde le fil<br \/>\n_Sam<\/p>\n<blockquote><p>Sur le devant, la casquette poss\u00e8de le logo texte Pelagic brod\u00e9 ou le logo iconic Pelagic (selon mod\u00e8le).<br \/>\nIl y a aussi une broderie du logo Gamefish Pelagic sur un c\u00f4t\u00e9.<br \/>\nLa partie arri\u00e8re est en maille a\u00e9r\u00e9e.<br \/>\nLa fermeture s&rsquo;effectue gr\u00e2ce \u00e0 une bande velcro r\u00e9glable.<br \/>\nIl y a aussi un bandeau interne absorbant l&rsquo;humidit\u00e9.<br \/>\nLes bords sont incurv\u00e9s.<br \/>\nTaille unique.<\/p><\/blockquote>\n<div class=\"product-detail__short-text-container\">\n<div class=\"product-detail__short-text\">\n<div>\n<ul>\n<li>Front Pelagic\u00a0text\u00a0embroidery<\/li>\n<li>Custom dorado print<\/li>\n<li>Interior quick-dry sweatband<\/li>\n<li>Adjustable velcro closure<\/li>\n<li>Curved brim<\/li>\n<li>One size fits most<\/li>\n<\/ul>\n<p><strong>Material:\u00a0<\/strong>88% Polyester 12% Spandex<\/p>\n<\/div>\n<\/div>\n<\/div>","protected":false},"excerpt":{"rendered":"<p>V\u00eatements techniques de renomm\u00e9e, ma casquette Favorite de cette grande marque Pelagic. Prot\u00e9gez vous du soleil ! Optimisez votre vue ! On garde le fil _Sam Sur le devant, la<\/p>","protected":false},"featured_media":1406,"comment_status":"closed","ping_status":"closed","template":"","meta":[],"product_brand":[],"product_cat":[21],"product_tag":[22,51,49,34,33,176,39,189,188],"class_list":{"0":"post-1405","1":"product","2":"type-product","3":"status-publish","4":"has-post-thumbnail","6":"product_cat-vetements","7":"product_tag-casquette","8":"product_tag-peche-en-mer","9":"product_tag-peche-sportive","10":"product_tag-pelagic","11":"product_tag-pelagic-gear","12":"product_tag-pelagic-girl","13":"product_tag-pelagic-sunglasses","14":"product_tag-protection-solaire","15":"product_tag-vetement-sport","17":"first","18":"outofstock","19":"taxable","20":"shipping-taxable","21":"purchasable","22":"product-type-simple"},"yoast_head":"<!-- This site is optimized with the Yoast SEO plugin v27.3 - https:\/\/yoast.com\/product\/yoast-seo-wordpress\/ -->\n<title>PERFORMANCE PRINT FISHING VISOR - Roussillon Fishing<\/title>\n<meta name=\"description\" content=\"casquette, p\u00eache en mer, protection solaire, p\u00eache en bateau, v\u00eatements, p\u00eache sportive, roussillon fishing crew\" \/>\n<meta name=\"robots\" content=\"index, follow, max-snippet:-1, max-image-preview:large, max-video-preview:-1\" \/>\n<link rel=\"canonical\" href=\"https:\/\/roussillonfishing.com\/en\/product\/performance-print-fishing-visor\/\" \/>\n<meta property=\"og:locale\" content=\"en_GB\" \/>\n<meta property=\"og:type\" content=\"article\" \/>\n<meta property=\"og:title\" content=\"PERFORMANCE PRINT FISHING VISOR - Roussillon Fishing\" \/>\n<meta property=\"og:description\" content=\"casquette, p\u00eache en mer, protection solaire, p\u00eache en bateau, v\u00eatements, p\u00eache sportive, roussillon fishing crew\" \/>\n<meta property=\"og:url\" content=\"https:\/\/roussillonfishing.com\/en\/product\/performance-print-fishing-visor\/\" \/>\n<meta property=\"og:site_name\" content=\"Roussillon Fishing\" \/>\n<meta property=\"article:publisher\" content=\"https:\/\/www.facebook.com\/Samuel.Elgrishi.Fishing.Guide.Instructor\/\" \/>\n<meta property=\"article:modified_time\" content=\"2023-08-26T10:11:20+00:00\" \/>\n<meta property=\"og:image\" content=\"https:\/\/roussillonfishing.com\/wp-content\/uploads\/2022\/05\/visor-front-blue_980x980-1.jpg\" \/>\n\t<meta property=\"og:image:width\" content=\"980\" \/>\n\t<meta property=\"og:image:height\" content=\"980\" \/>\n\t<meta property=\"og:image:type\" content=\"image\/jpeg\" \/>\n<meta name=\"twitter:card\" content=\"summary_large_image\" \/>\n<meta name=\"twitter:label1\" content=\"Estimated reading time\" \/>\n\t<meta name=\"twitter:data1\" content=\"1 minute\" \/>\n<script type=\"application\/ld+json\" class=\"yoast-schema-graph\">{\"@context\":\"https:\\\/\\\/schema.org\",\"@graph\":[{\"@type\":\"WebPage\",\"@id\":\"https:\\\/\\\/roussillonfishing.com\\\/produit\\\/performance-print-fishing-visor\",\"url\":\"https:\\\/\\\/roussillonfishing.com\\\/produit\\\/performance-print-fishing-visor\",\"name\":\"PERFORMANCE PRINT FISHING VISOR - Roussillon Fishing\",\"isPartOf\":{\"@id\":\"https:\\\/\\\/roussillonfishing.com\\\/en\\\/#website\"},\"primaryImageOfPage\":{\"@id\":\"https:\\\/\\\/roussillonfishing.com\\\/produit\\\/performance-print-fishing-visor#primaryimage\"},\"image\":{\"@id\":\"https:\\\/\\\/roussillonfishing.com\\\/produit\\\/performance-print-fishing-visor#primaryimage\"},\"thumbnailUrl\":\"https:\\\/\\\/roussillonfishing.com\\\/wp-content\\\/uploads\\\/2022\\\/05\\\/visor-front-blue_980x980-1.jpg\",\"datePublished\":\"2022-05-13T09:50:18+00:00\",\"dateModified\":\"2023-08-26T10:11:20+00:00\",\"description\":\"casquette, p\u00eache en mer, protection solaire, p\u00eache en bateau, v\u00eatements, p\u00eache sportive, roussillon fishing crew\",\"breadcrumb\":{\"@id\":\"https:\\\/\\\/roussillonfishing.com\\\/produit\\\/performance-print-fishing-visor#breadcrumb\"},\"inLanguage\":\"en-GB\",\"potentialAction\":[{\"@type\":\"ReadAction\",\"target\":[\"https:\\\/\\\/roussillonfishing.com\\\/produit\\\/performance-print-fishing-visor\"]}]},{\"@type\":\"ImageObject\",\"inLanguage\":\"en-GB\",\"@id\":\"https:\\\/\\\/roussillonfishing.com\\\/produit\\\/performance-print-fishing-visor#primaryimage\",\"url\":\"https:\\\/\\\/roussillonfishing.com\\\/wp-content\\\/uploads\\\/2022\\\/05\\\/visor-front-blue_980x980-1.jpg\",\"contentUrl\":\"https:\\\/\\\/roussillonfishing.com\\\/wp-content\\\/uploads\\\/2022\\\/05\\\/visor-front-blue_980x980-1.jpg\",\"width\":980,\"height\":980},{\"@type\":\"BreadcrumbList\",\"@id\":\"https:\\\/\\\/roussillonfishing.com\\\/produit\\\/performance-print-fishing-visor#breadcrumb\",\"itemListElement\":[{\"@type\":\"ListItem\",\"position\":1,\"name\":\"Accueil\",\"item\":\"https:\\\/\\\/roussillonfishing.com\\\/\"},{\"@type\":\"ListItem\",\"position\":2,\"name\":\"Boutique\",\"item\":\"https:\\\/\\\/roussillonfishing.com\\\/boutique\"},{\"@type\":\"ListItem\",\"position\":3,\"name\":\"PERFORMANCE PRINT FISHING VISOR\"}]},{\"@type\":\"WebSite\",\"@id\":\"https:\\\/\\\/roussillonfishing.com\\\/en\\\/#website\",\"url\":\"https:\\\/\\\/roussillonfishing.com\\\/en\\\/\",\"name\":\"Roussillon Fishing\",\"description\":\"Moniteur et Guide de p\u00eache dans Les Pyr\u00e9n\u00e9es Orientales\",\"potentialAction\":[{\"@type\":\"SearchAction\",\"target\":{\"@type\":\"EntryPoint\",\"urlTemplate\":\"https:\\\/\\\/roussillonfishing.com\\\/en\\\/?s={search_term_string}\"},\"query-input\":{\"@type\":\"PropertyValueSpecification\",\"valueRequired\":true,\"valueName\":\"search_term_string\"}}],\"inLanguage\":\"en-GB\"}]}<\/script>\n<!-- \/ Yoast SEO plugin. -->","yoast_head_json":{"title":"PERFORMANCE PRINT FISHING VISOR - Roussillon Fishing","description":"casquette, p\u00eache en mer, protection solaire, p\u00eache en bateau, v\u00eatements, p\u00eache sportive, roussillon fishing crew","robots":{"index":"index","follow":"follow","max-snippet":"max-snippet:-1","max-image-preview":"max-image-preview:large","max-video-preview":"max-video-preview:-1"},"canonical":"https:\/\/roussillonfishing.com\/en\/product\/performance-print-fishing-visor\/","og_locale":"en_GB","og_type":"article","og_title":"PERFORMANCE PRINT FISHING VISOR - Roussillon Fishing","og_description":"casquette, p\u00eache en mer, protection solaire, p\u00eache en bateau, v\u00eatements, p\u00eache sportive, roussillon fishing crew","og_url":"https:\/\/roussillonfishing.com\/en\/product\/performance-print-fishing-visor\/","og_site_name":"Roussillon Fishing","article_publisher":"https:\/\/www.facebook.com\/Samuel.Elgrishi.Fishing.Guide.Instructor\/","article_modified_time":"2023-08-26T10:11:20+00:00","og_image":[{"width":980,"height":980,"url":"https:\/\/roussillonfishing.com\/wp-content\/uploads\/2022\/05\/visor-front-blue_980x980-1.jpg","type":"image\/jpeg"}],"twitter_card":"summary_large_image","twitter_misc":{"Estimated reading time":"1 minute"},"schema":{"@context":"https:\/\/schema.org","@graph":[{"@type":"WebPage","@id":"https:\/\/roussillonfishing.com\/produit\/performance-print-fishing-visor","url":"https:\/\/roussillonfishing.com\/produit\/performance-print-fishing-visor","name":"PERFORMANCE PRINT FISHING VISOR - Roussillon Fishing","isPartOf":{"@id":"https:\/\/roussillonfishing.com\/en\/#website"},"primaryImageOfPage":{"@id":"https:\/\/roussillonfishing.com\/produit\/performance-print-fishing-visor#primaryimage"},"image":{"@id":"https:\/\/roussillonfishing.com\/produit\/performance-print-fishing-visor#primaryimage"},"thumbnailUrl":"https:\/\/roussillonfishing.com\/wp-content\/uploads\/2022\/05\/visor-front-blue_980x980-1.jpg","datePublished":"2022-05-13T09:50:18+00:00","dateModified":"2023-08-26T10:11:20+00:00","description":"casquette, p\u00eache en mer, protection solaire, p\u00eache en bateau, v\u00eatements, p\u00eache sportive, roussillon fishing crew","breadcrumb":{"@id":"https:\/\/roussillonfishing.com\/produit\/performance-print-fishing-visor#breadcrumb"},"inLanguage":"en-GB","potentialAction":[{"@type":"ReadAction","target":["https:\/\/roussillonfishing.com\/produit\/performance-print-fishing-visor"]}]},{"@type":"ImageObject","inLanguage":"en-GB","@id":"https:\/\/roussillonfishing.com\/produit\/performance-print-fishing-visor#primaryimage","url":"https:\/\/roussillonfishing.com\/wp-content\/uploads\/2022\/05\/visor-front-blue_980x980-1.jpg","contentUrl":"https:\/\/roussillonfishing.com\/wp-content\/uploads\/2022\/05\/visor-front-blue_980x980-1.jpg","width":980,"height":980},{"@type":"BreadcrumbList","@id":"https:\/\/roussillonfishing.com\/produit\/performance-print-fishing-visor#breadcrumb","itemListElement":[{"@type":"ListItem","position":1,"name":"Accueil","item":"https:\/\/roussillonfishing.com\/"},{"@type":"ListItem","position":2,"name":"Boutique","item":"https:\/\/roussillonfishing.com\/boutique"},{"@type":"ListItem","position":3,"name":"PERFORMANCE PRINT FISHING VISOR"}]},{"@type":"WebSite","@id":"https:\/\/roussillonfishing.com\/en\/#website","url":"https:\/\/roussillonfishing.com\/en\/","name":"Roussillon Fishing","description":"Moniteur et Guide de p\u00eache dans Les Pyr\u00e9n\u00e9es Orientales","potentialAction":[{"@type":"SearchAction","target":{"@type":"EntryPoint","urlTemplate":"https:\/\/roussillonfishing.com\/en\/?s={search_term_string}"},"query-input":{"@type":"PropertyValueSpecification","valueRequired":true,"valueName":"search_term_string"}}],"inLanguage":"en-GB"}]}},"jetpack_sharing_enabled":true,"_links":{"self":[{"href":"https:\/\/roussillonfishing.com\/en\/wp-json\/wp\/v2\/product\/1405","targetHints":{"allow":["GET"]}}],"collection":[{"href":"https:\/\/roussillonfishing.com\/en\/wp-json\/wp\/v2\/product"}],"about":[{"href":"https:\/\/roussillonfishing.com\/en\/wp-json\/wp\/v2\/types\/product"}],"replies":[{"embeddable":true,"href":"https:\/\/roussillonfishing.com\/en\/wp-json\/wp\/v2\/comments?post=1405"}],"wp:featuredmedia":[{"embeddable":true,"href":"https:\/\/roussillonfishing.com\/en\/wp-json\/wp\/v2\/media\/1406"}],"wp:attachment":[{"href":"https:\/\/roussillonfishing.com\/en\/wp-json\/wp\/v2\/media?parent=1405"}],"wp:term":[{"taxonomy":"product_brand","embeddable":true,"href":"https:\/\/roussillonfishing.com\/en\/wp-json\/wp\/v2\/product_brand?post=1405"},{"taxonomy":"product_cat","embeddable":true,"href":"https:\/\/roussillonfishing.com\/en\/wp-json\/wp\/v2\/product_cat?post=1405"},{"taxonomy":"product_tag","embeddable":true,"href":"https:\/\/roussillonfishing.com\/en\/wp-json\/wp\/v2\/product_tag?post=1405"}],"curies":[{"name":"wp","href":"https:\/\/api.w.org\/{rel}","templated":true}]}}