{"id":1412,"date":"2022-05-13T10:05:55","date_gmt":"2022-05-13T10:05:55","guid":{"rendered":"https:\/\/roussillonfishing.com\/?post_type=product&#038;p=1412"},"modified":"2024-07-02T08:44:43","modified_gmt":"2024-07-02T08:44:43","slug":"pelagic-end-game-pro-gloves","status":"publish","type":"product","link":"https:\/\/roussillonfishing.com\/en\/product\/pelagic-end-game-pro-gloves","title":{"rendered":"Pelagic END GAME PRO GLOVES"},"content":{"rendered":"<div class=\"product-content text\">\n<div class=\"product-detail__short-title\">Description<\/div>\n<div class=\"product-detail__short-text-container\">\n<div class=\"product-detail__short-text\">\n<div>\n<ul>\n<li>\u00ab\u00a0Sure Grip\u00a0\u00bb fishing gloves<\/li>\n<li>Kevlar reinforced<\/li>\n<li>Closed &lsquo;Smart Touch&rsquo; fingertips for maximum protection and convenience<\/li>\n<li>Velcro secured<\/li>\n<li>Stamped with the Pelagic Deluxe Logo<\/li>\n<li>Prevent line cuts<\/li>\n<li>Protect and eliminate blisters<\/li>\n<\/ul>\n<p><strong>Material:<\/strong>\u00a050% PVC Rubber 35% Spandex 5% Keprotec 7% Neoprene 3% TPR<\/p>\n<\/div>\n<\/div>\n<\/div>\n<\/div>","protected":false},"excerpt":{"rendered":"<p>Description \u00ab\u00a0Sure Grip\u00a0\u00bb fishing gloves Kevlar reinforced Closed &lsquo;Smart Touch&rsquo; fingertips for maximum protection and convenience Velcro secured Stamped with the Pelagic Deluxe Logo Prevent line cuts Protect and eliminate<\/p>","protected":false},"featured_media":1420,"comment_status":"open","ping_status":"closed","template":"","meta":[],"product_brand":[],"product_cat":[21],"product_tag":[190,191,192,49,34,193],"class_list":{"0":"post-1412","1":"product","2":"type-product","3":"status-publish","4":"has-post-thumbnail","6":"product_cat-vetements","7":"product_tag-gants","8":"product_tag-gants-de-peche","9":"product_tag-ligner","10":"product_tag-peche-sportive","11":"product_tag-pelagic","12":"product_tag-vetements","14":"first","15":"outofstock","16":"taxable","17":"shipping-taxable","18":"purchasable","19":"product-type-variable","20":"has-default-attributes"},"yoast_head":"<!-- This site is optimized with the Yoast SEO plugin v27.3 - https:\/\/yoast.com\/product\/yoast-seo-wordpress\/ -->\n<title>Pelagic END GAME PRO GLOVES - Roussillon Fishing<\/title>\n<meta name=\"robots\" content=\"index, follow, max-snippet:-1, max-image-preview:large, max-video-preview:-1\" \/>\n<link rel=\"canonical\" href=\"https:\/\/roussillonfishing.com\/en\/product\/pelagic-end-game-pro-gloves\/\" \/>\n<meta property=\"og:locale\" content=\"en_GB\" \/>\n<meta property=\"og:type\" content=\"article\" \/>\n<meta property=\"og:title\" content=\"Pelagic END GAME PRO GLOVES - Roussillon Fishing\" \/>\n<meta property=\"og:description\" content=\"Description \u00ab\u00a0Sure Grip\u00a0\u00bb fishing gloves Kevlar reinforced Closed &lsquo;Smart Touch&rsquo; fingertips for maximum protection and convenience Velcro secured Stamped with the Pelagic Deluxe Logo Prevent line cuts Protect and eliminate\" \/>\n<meta property=\"og:url\" content=\"https:\/\/roussillonfishing.com\/en\/product\/pelagic-end-game-pro-gloves\/\" \/>\n<meta property=\"og:site_name\" content=\"Roussillon Fishing\" \/>\n<meta property=\"article:publisher\" content=\"https:\/\/www.facebook.com\/Samuel.Elgrishi.Fishing.Guide.Instructor\/\" \/>\n<meta property=\"article:modified_time\" content=\"2024-07-02T08:44:43+00:00\" \/>\n<meta property=\"og:image\" content=\"https:\/\/roussillonfishing.com\/wp-content\/uploads\/2022\/05\/END-GAME-PRO-GLOVES_Dorado-Blue_1_980x980.jpg\" \/>\n\t<meta property=\"og:image:width\" content=\"980\" \/>\n\t<meta property=\"og:image:height\" content=\"980\" \/>\n\t<meta property=\"og:image:type\" content=\"image\/jpeg\" \/>\n<meta name=\"twitter:card\" content=\"summary_large_image\" \/>\n<meta name=\"twitter:label1\" content=\"Estimated reading time\" \/>\n\t<meta name=\"twitter:data1\" content=\"1 minute\" \/>\n<script type=\"application\/ld+json\" class=\"yoast-schema-graph\">{\"@context\":\"https:\\\/\\\/schema.org\",\"@graph\":[{\"@type\":\"WebPage\",\"@id\":\"https:\\\/\\\/roussillonfishing.com\\\/produit\\\/pelagic-end-game-pro-gloves\",\"url\":\"https:\\\/\\\/roussillonfishing.com\\\/produit\\\/pelagic-end-game-pro-gloves\",\"name\":\"Pelagic END GAME PRO GLOVES - Roussillon Fishing\",\"isPartOf\":{\"@id\":\"https:\\\/\\\/roussillonfishing.com\\\/en\\\/#website\"},\"primaryImageOfPage\":{\"@id\":\"https:\\\/\\\/roussillonfishing.com\\\/produit\\\/pelagic-end-game-pro-gloves#primaryimage\"},\"image\":{\"@id\":\"https:\\\/\\\/roussillonfishing.com\\\/produit\\\/pelagic-end-game-pro-gloves#primaryimage\"},\"thumbnailUrl\":\"https:\\\/\\\/roussillonfishing.com\\\/wp-content\\\/uploads\\\/2022\\\/05\\\/END-GAME-PRO-GLOVES_Dorado-Blue_1_980x980.jpg\",\"datePublished\":\"2022-05-13T10:05:55+00:00\",\"dateModified\":\"2024-07-02T08:44:43+00:00\",\"breadcrumb\":{\"@id\":\"https:\\\/\\\/roussillonfishing.com\\\/produit\\\/pelagic-end-game-pro-gloves#breadcrumb\"},\"inLanguage\":\"en-GB\",\"potentialAction\":[{\"@type\":\"ReadAction\",\"target\":[\"https:\\\/\\\/roussillonfishing.com\\\/produit\\\/pelagic-end-game-pro-gloves\"]}]},{\"@type\":\"ImageObject\",\"inLanguage\":\"en-GB\",\"@id\":\"https:\\\/\\\/roussillonfishing.com\\\/produit\\\/pelagic-end-game-pro-gloves#primaryimage\",\"url\":\"https:\\\/\\\/roussillonfishing.com\\\/wp-content\\\/uploads\\\/2022\\\/05\\\/END-GAME-PRO-GLOVES_Dorado-Blue_1_980x980.jpg\",\"contentUrl\":\"https:\\\/\\\/roussillonfishing.com\\\/wp-content\\\/uploads\\\/2022\\\/05\\\/END-GAME-PRO-GLOVES_Dorado-Blue_1_980x980.jpg\",\"width\":980,\"height\":980},{\"@type\":\"BreadcrumbList\",\"@id\":\"https:\\\/\\\/roussillonfishing.com\\\/produit\\\/pelagic-end-game-pro-gloves#breadcrumb\",\"itemListElement\":[{\"@type\":\"ListItem\",\"position\":1,\"name\":\"Accueil\",\"item\":\"https:\\\/\\\/roussillonfishing.com\\\/\"},{\"@type\":\"ListItem\",\"position\":2,\"name\":\"Boutique\",\"item\":\"https:\\\/\\\/roussillonfishing.com\\\/boutique\"},{\"@type\":\"ListItem\",\"position\":3,\"name\":\"Pelagic END GAME PRO GLOVES\"}]},{\"@type\":\"WebSite\",\"@id\":\"https:\\\/\\\/roussillonfishing.com\\\/en\\\/#website\",\"url\":\"https:\\\/\\\/roussillonfishing.com\\\/en\\\/\",\"name\":\"Roussillon Fishing\",\"description\":\"Moniteur et Guide de p\u00eache dans Les Pyr\u00e9n\u00e9es Orientales\",\"potentialAction\":[{\"@type\":\"SearchAction\",\"target\":{\"@type\":\"EntryPoint\",\"urlTemplate\":\"https:\\\/\\\/roussillonfishing.com\\\/en\\\/?s={search_term_string}\"},\"query-input\":{\"@type\":\"PropertyValueSpecification\",\"valueRequired\":true,\"valueName\":\"search_term_string\"}}],\"inLanguage\":\"en-GB\"}]}<\/script>\n<!-- \/ Yoast SEO plugin. -->","yoast_head_json":{"title":"Pelagic END GAME PRO GLOVES - Roussillon Fishing","robots":{"index":"index","follow":"follow","max-snippet":"max-snippet:-1","max-image-preview":"max-image-preview:large","max-video-preview":"max-video-preview:-1"},"canonical":"https:\/\/roussillonfishing.com\/en\/product\/pelagic-end-game-pro-gloves\/","og_locale":"en_GB","og_type":"article","og_title":"Pelagic END GAME PRO GLOVES - Roussillon Fishing","og_description":"Description \u00ab\u00a0Sure Grip\u00a0\u00bb fishing gloves Kevlar reinforced Closed &lsquo;Smart Touch&rsquo; fingertips for maximum protection and convenience Velcro secured Stamped with the Pelagic Deluxe Logo Prevent line cuts Protect and eliminate","og_url":"https:\/\/roussillonfishing.com\/en\/product\/pelagic-end-game-pro-gloves\/","og_site_name":"Roussillon Fishing","article_publisher":"https:\/\/www.facebook.com\/Samuel.Elgrishi.Fishing.Guide.Instructor\/","article_modified_time":"2024-07-02T08:44:43+00:00","og_image":[{"width":980,"height":980,"url":"https:\/\/roussillonfishing.com\/wp-content\/uploads\/2022\/05\/END-GAME-PRO-GLOVES_Dorado-Blue_1_980x980.jpg","type":"image\/jpeg"}],"twitter_card":"summary_large_image","twitter_misc":{"Estimated reading time":"1 minute"},"schema":{"@context":"https:\/\/schema.org","@graph":[{"@type":"WebPage","@id":"https:\/\/roussillonfishing.com\/produit\/pelagic-end-game-pro-gloves","url":"https:\/\/roussillonfishing.com\/produit\/pelagic-end-game-pro-gloves","name":"Pelagic END GAME PRO GLOVES - Roussillon Fishing","isPartOf":{"@id":"https:\/\/roussillonfishing.com\/en\/#website"},"primaryImageOfPage":{"@id":"https:\/\/roussillonfishing.com\/produit\/pelagic-end-game-pro-gloves#primaryimage"},"image":{"@id":"https:\/\/roussillonfishing.com\/produit\/pelagic-end-game-pro-gloves#primaryimage"},"thumbnailUrl":"https:\/\/roussillonfishing.com\/wp-content\/uploads\/2022\/05\/END-GAME-PRO-GLOVES_Dorado-Blue_1_980x980.jpg","datePublished":"2022-05-13T10:05:55+00:00","dateModified":"2024-07-02T08:44:43+00:00","breadcrumb":{"@id":"https:\/\/roussillonfishing.com\/produit\/pelagic-end-game-pro-gloves#breadcrumb"},"inLanguage":"en-GB","potentialAction":[{"@type":"ReadAction","target":["https:\/\/roussillonfishing.com\/produit\/pelagic-end-game-pro-gloves"]}]},{"@type":"ImageObject","inLanguage":"en-GB","@id":"https:\/\/roussillonfishing.com\/produit\/pelagic-end-game-pro-gloves#primaryimage","url":"https:\/\/roussillonfishing.com\/wp-content\/uploads\/2022\/05\/END-GAME-PRO-GLOVES_Dorado-Blue_1_980x980.jpg","contentUrl":"https:\/\/roussillonfishing.com\/wp-content\/uploads\/2022\/05\/END-GAME-PRO-GLOVES_Dorado-Blue_1_980x980.jpg","width":980,"height":980},{"@type":"BreadcrumbList","@id":"https:\/\/roussillonfishing.com\/produit\/pelagic-end-game-pro-gloves#breadcrumb","itemListElement":[{"@type":"ListItem","position":1,"name":"Accueil","item":"https:\/\/roussillonfishing.com\/"},{"@type":"ListItem","position":2,"name":"Boutique","item":"https:\/\/roussillonfishing.com\/boutique"},{"@type":"ListItem","position":3,"name":"Pelagic END GAME PRO GLOVES"}]},{"@type":"WebSite","@id":"https:\/\/roussillonfishing.com\/en\/#website","url":"https:\/\/roussillonfishing.com\/en\/","name":"Roussillon Fishing","description":"Moniteur et Guide de p\u00eache dans Les Pyr\u00e9n\u00e9es Orientales","potentialAction":[{"@type":"SearchAction","target":{"@type":"EntryPoint","urlTemplate":"https:\/\/roussillonfishing.com\/en\/?s={search_term_string}"},"query-input":{"@type":"PropertyValueSpecification","valueRequired":true,"valueName":"search_term_string"}}],"inLanguage":"en-GB"}]}},"jetpack_sharing_enabled":true,"_links":{"self":[{"href":"https:\/\/roussillonfishing.com\/en\/wp-json\/wp\/v2\/product\/1412","targetHints":{"allow":["GET"]}}],"collection":[{"href":"https:\/\/roussillonfishing.com\/en\/wp-json\/wp\/v2\/product"}],"about":[{"href":"https:\/\/roussillonfishing.com\/en\/wp-json\/wp\/v2\/types\/product"}],"replies":[{"embeddable":true,"href":"https:\/\/roussillonfishing.com\/en\/wp-json\/wp\/v2\/comments?post=1412"}],"wp:featuredmedia":[{"embeddable":true,"href":"https:\/\/roussillonfishing.com\/en\/wp-json\/wp\/v2\/media\/1420"}],"wp:attachment":[{"href":"https:\/\/roussillonfishing.com\/en\/wp-json\/wp\/v2\/media?parent=1412"}],"wp:term":[{"taxonomy":"product_brand","embeddable":true,"href":"https:\/\/roussillonfishing.com\/en\/wp-json\/wp\/v2\/product_brand?post=1412"},{"taxonomy":"product_cat","embeddable":true,"href":"https:\/\/roussillonfishing.com\/en\/wp-json\/wp\/v2\/product_cat?post=1412"},{"taxonomy":"product_tag","embeddable":true,"href":"https:\/\/roussillonfishing.com\/en\/wp-json\/wp\/v2\/product_tag?post=1412"}],"curies":[{"name":"wp","href":"https:\/\/api.w.org\/{rel}","templated":true}]}}