{"id":1421,"date":"2022-05-13T10:14:09","date_gmt":"2022-05-13T10:14:09","guid":{"rendered":"https:\/\/roussillonfishing.com\/?post_type=product&#038;p=1421"},"modified":"2025-01-06T11:47:14","modified_gmt":"2025-01-06T11:47:14","slug":"pelagic-ocean-master-fishing-shorts-womens","status":"publish","type":"product","link":"https:\/\/roussillonfishing.com\/en\/product\/pelagic-ocean-master-fishing-shorts-womens","title":{"rendered":"Pelagic OCEAN MASTER FISHING SHORTS &#8211; WOMEN&rsquo;S"},"content":{"rendered":"<div class=\"product-detail__short-title\">\n<div class=\"product-detail__short-title\">Description<\/div>\n<div class=\"product-detail__short-text-container\">\n<div class=\"product-detail__short-text\">\n<div>\n<ul>\n<li>Women&rsquo;s fishing shorts<\/li>\n<li>Ocean-inspired designs<\/li>\n<li>Moisture wicking breathability<\/li>\n<li>Triple-threat tool pocket<\/li>\n<li>Side zipper closure pockets<\/li>\n<\/ul>\n<p><strong>Material:\u00a0<\/strong>47% Repreve Recycled Polyester 45% Polyester 8% Elastane<\/p>\n<\/div>\n<\/div>\n<\/div>\n<div class=\"product-tech-icon__container\">\n<div class=\"product-tech-icon\">\n<figure class=\"product-tech-icon__image-wrap\"><img decoding=\"async\" class=\"product-tech-icon__image\" src=\"https:\/\/cdn.accentuate.io\/23087939662\/1643850969164\/TECH_ICONS_REPREVE.jpg?v=0\" alt=\"\" \/><\/figure>\n<div class=\"product-tech-icon__content\">\n<div class=\"product-tech-icon__title\">Repreve\u00ae Recycled Fibers<\/div>\n<p class=\"product-tech-icon__message\">Material made from 100% recycled plastic bottles.<\/p>\n<\/div>\n<\/div>\n<div class=\"product-tech-icon\">\n<figure class=\"product-tech-icon__image-wrap\"><img decoding=\"async\" class=\"product-tech-icon__image\" src=\"https:\/\/cdn.accentuate.io\/23087939662\/1643851054499\/TECH_ICONS_TIGHT_LINES.jpg?v=0\" alt=\"\" \/><\/figure>\n<div class=\"product-tech-icon__content\">\n<div class=\"product-tech-icon__title\">Tightlines\u2122 Custom-Cinching Drawcord System<\/div>\n<p class=\"product-tech-icon__message\">Integrated drawstring belt system to support heavy pocket loads from tools and phone.<\/p>\n<\/div>\n<\/div>\n<div class=\"product-tech-icon\">\n<figure class=\"product-tech-icon__image-wrap\"><img decoding=\"async\" class=\"product-tech-icon__image\" src=\"https:\/\/cdn.accentuate.io\/23087939662\/1643851103769\/TECH_ICON_PLIER_POCKET.png?v=0\" alt=\"\" \/><\/figure>\n<div class=\"product-tech-icon__content\">\n<div class=\"product-tech-icon__title\">Reinforced Tool &amp; Cell Phone Pockets<\/div>\n<p class=\"product-tech-icon__message\">Ballistic nylon reinforced plier\/tool pocket, and secure phone pocket.<\/p>\n<\/div>\n<\/div>\n<div class=\"product-tech-icon\">\n<figure class=\"product-tech-icon__image-wrap\"><img decoding=\"async\" class=\"product-tech-icon__image\" src=\"https:\/\/cdn.accentuate.io\/23087939662\/1643851165071\/TECH_ICONS_4WAY_STRETCH.png?v=0\" alt=\"\" \/><\/figure>\n<div class=\"product-tech-icon__content\">\n<div class=\"product-tech-icon__title\">4 Way Stretch<\/div>\n<p class=\"product-tech-icon__message\">Allows full movement and zero restriction when fishing.<\/p>\n<\/div>\n<\/div>\n<\/div>\n<\/div>","protected":false},"excerpt":{"rendered":"<p>Description Women&rsquo;s fishing shorts Ocean-inspired designs Moisture wicking breathability Triple-threat tool pocket Side zipper closure pockets Material:\u00a047% Repreve Recycled Polyester 45% Polyester 8% Elastane Repreve\u00ae Recycled Fibers Material made from<\/p>","protected":false},"featured_media":1431,"comment_status":"closed","ping_status":"closed","template":"","meta":[],"product_brand":[],"product_cat":[21],"product_tag":[177,103,186,183,34,176,179,36,35,137,138,194,98,20,181,182,185,180],"class_list":{"0":"post-1421","1":"product","2":"type-product","3":"status-publish","4":"has-post-thumbnail","6":"product_cat-vetements","7":"product_tag-bikini","8":"product_tag-cadeau","9":"product_tag-girl-power","10":"product_tag-haut-de-gamme","11":"product_tag-pelagic","12":"product_tag-pelagic-girl","13":"product_tag-rebecca-fishing","14":"product_tag-roussillon-fishing","15":"product_tag-roussillon-fishing-shop","16":"product_tag-short","17":"product_tag-short-de-bain","18":"product_tag-shorty","19":"product_tag-sport","20":"product_tag-t-shirt","21":"product_tag-vacance","22":"product_tag-vetement-techniques","23":"product_tag-vetements-femme","24":"product_tag-women","26":"first","27":"outofstock","28":"taxable","29":"shipping-taxable","30":"purchasable","31":"product-type-variable"},"yoast_head":"<!-- This site is optimized with the Yoast SEO plugin v27.3 - https:\/\/yoast.com\/product\/yoast-seo-wordpress\/ -->\n<title>Pelagic OCEAN MASTER FISHING SHORTS - WOMEN&#039;S - Roussillon Fishing<\/title>\n<meta name=\"description\" content=\"tshirt, v\u00eatements de sport, p\u00eache en mer, p\u00eache sportive, sport fishing, protection solaire, manche longue\" \/>\n<meta name=\"robots\" content=\"index, follow, max-snippet:-1, max-image-preview:large, max-video-preview:-1\" \/>\n<link rel=\"canonical\" href=\"https:\/\/roussillonfishing.com\/en\/product\/pelagic-ocean-master-fishing-shorts-womens\/\" \/>\n<meta property=\"og:locale\" content=\"en_GB\" \/>\n<meta property=\"og:type\" content=\"article\" \/>\n<meta property=\"og:title\" content=\"Pelagic OCEAN MASTER FISHING SHORTS - WOMEN&#039;S - Roussillon Fishing\" \/>\n<meta property=\"og:description\" content=\"tshirt, v\u00eatements de sport, p\u00eache en mer, p\u00eache sportive, sport fishing, protection solaire, manche longue\" \/>\n<meta property=\"og:url\" content=\"https:\/\/roussillonfishing.com\/en\/product\/pelagic-ocean-master-fishing-shorts-womens\/\" \/>\n<meta property=\"og:site_name\" content=\"Roussillon Fishing\" \/>\n<meta property=\"article:publisher\" content=\"https:\/\/www.facebook.com\/Samuel.Elgrishi.Fishing.Guide.Instructor\/\" \/>\n<meta property=\"article:modified_time\" content=\"2025-01-06T11:47:14+00:00\" \/>\n<meta property=\"og:image\" content=\"https:\/\/roussillonfishing.com\/wp-content\/uploads\/2022\/05\/Ocean-Master-blue-front_980x980.jpg\" \/>\n\t<meta property=\"og:image:width\" content=\"980\" \/>\n\t<meta property=\"og:image:height\" content=\"980\" \/>\n\t<meta property=\"og:image:type\" content=\"image\/jpeg\" \/>\n<meta name=\"twitter:card\" content=\"summary_large_image\" \/>\n<meta name=\"twitter:label1\" content=\"Estimated reading time\" \/>\n\t<meta name=\"twitter:data1\" content=\"2 minutes\" \/>\n<script type=\"application\/ld+json\" class=\"yoast-schema-graph\">{\"@context\":\"https:\\\/\\\/schema.org\",\"@graph\":[{\"@type\":\"WebPage\",\"@id\":\"https:\\\/\\\/roussillonfishing.com\\\/produit\\\/pelagic-ocean-master-fishing-shorts-womens\",\"url\":\"https:\\\/\\\/roussillonfishing.com\\\/produit\\\/pelagic-ocean-master-fishing-shorts-womens\",\"name\":\"Pelagic OCEAN MASTER FISHING SHORTS - WOMEN'S - Roussillon Fishing\",\"isPartOf\":{\"@id\":\"https:\\\/\\\/roussillonfishing.com\\\/en\\\/#website\"},\"primaryImageOfPage\":{\"@id\":\"https:\\\/\\\/roussillonfishing.com\\\/produit\\\/pelagic-ocean-master-fishing-shorts-womens#primaryimage\"},\"image\":{\"@id\":\"https:\\\/\\\/roussillonfishing.com\\\/produit\\\/pelagic-ocean-master-fishing-shorts-womens#primaryimage\"},\"thumbnailUrl\":\"https:\\\/\\\/roussillonfishing.com\\\/wp-content\\\/uploads\\\/2022\\\/05\\\/Ocean-Master-blue-front_980x980.jpg\",\"datePublished\":\"2022-05-13T10:14:09+00:00\",\"dateModified\":\"2025-01-06T11:47:14+00:00\",\"description\":\"tshirt, v\u00eatements de sport, p\u00eache en mer, p\u00eache sportive, sport fishing, protection solaire, manche longue\",\"breadcrumb\":{\"@id\":\"https:\\\/\\\/roussillonfishing.com\\\/produit\\\/pelagic-ocean-master-fishing-shorts-womens#breadcrumb\"},\"inLanguage\":\"en-GB\",\"potentialAction\":[{\"@type\":\"ReadAction\",\"target\":[\"https:\\\/\\\/roussillonfishing.com\\\/produit\\\/pelagic-ocean-master-fishing-shorts-womens\"]}]},{\"@type\":\"ImageObject\",\"inLanguage\":\"en-GB\",\"@id\":\"https:\\\/\\\/roussillonfishing.com\\\/produit\\\/pelagic-ocean-master-fishing-shorts-womens#primaryimage\",\"url\":\"https:\\\/\\\/roussillonfishing.com\\\/wp-content\\\/uploads\\\/2022\\\/05\\\/Ocean-Master-blue-front_980x980.jpg\",\"contentUrl\":\"https:\\\/\\\/roussillonfishing.com\\\/wp-content\\\/uploads\\\/2022\\\/05\\\/Ocean-Master-blue-front_980x980.jpg\",\"width\":980,\"height\":980},{\"@type\":\"BreadcrumbList\",\"@id\":\"https:\\\/\\\/roussillonfishing.com\\\/produit\\\/pelagic-ocean-master-fishing-shorts-womens#breadcrumb\",\"itemListElement\":[{\"@type\":\"ListItem\",\"position\":1,\"name\":\"Accueil\",\"item\":\"https:\\\/\\\/roussillonfishing.com\\\/\"},{\"@type\":\"ListItem\",\"position\":2,\"name\":\"Boutique\",\"item\":\"https:\\\/\\\/roussillonfishing.com\\\/boutique\"},{\"@type\":\"ListItem\",\"position\":3,\"name\":\"Pelagic OCEAN MASTER FISHING SHORTS &#8211; WOMEN&rsquo;S\"}]},{\"@type\":\"WebSite\",\"@id\":\"https:\\\/\\\/roussillonfishing.com\\\/en\\\/#website\",\"url\":\"https:\\\/\\\/roussillonfishing.com\\\/en\\\/\",\"name\":\"Roussillon Fishing\",\"description\":\"Moniteur et Guide de p\u00eache dans Les Pyr\u00e9n\u00e9es Orientales\",\"potentialAction\":[{\"@type\":\"SearchAction\",\"target\":{\"@type\":\"EntryPoint\",\"urlTemplate\":\"https:\\\/\\\/roussillonfishing.com\\\/en\\\/?s={search_term_string}\"},\"query-input\":{\"@type\":\"PropertyValueSpecification\",\"valueRequired\":true,\"valueName\":\"search_term_string\"}}],\"inLanguage\":\"en-GB\"}]}<\/script>\n<!-- \/ Yoast SEO plugin. -->","yoast_head_json":{"title":"Pelagic OCEAN MASTER FISHING SHORTS - WOMEN'S - Roussillon Fishing","description":"tshirt, v\u00eatements de sport, p\u00eache en mer, p\u00eache sportive, sport fishing, protection solaire, manche longue","robots":{"index":"index","follow":"follow","max-snippet":"max-snippet:-1","max-image-preview":"max-image-preview:large","max-video-preview":"max-video-preview:-1"},"canonical":"https:\/\/roussillonfishing.com\/en\/product\/pelagic-ocean-master-fishing-shorts-womens\/","og_locale":"en_GB","og_type":"article","og_title":"Pelagic OCEAN MASTER FISHING SHORTS - WOMEN'S - Roussillon Fishing","og_description":"tshirt, v\u00eatements de sport, p\u00eache en mer, p\u00eache sportive, sport fishing, protection solaire, manche longue","og_url":"https:\/\/roussillonfishing.com\/en\/product\/pelagic-ocean-master-fishing-shorts-womens\/","og_site_name":"Roussillon Fishing","article_publisher":"https:\/\/www.facebook.com\/Samuel.Elgrishi.Fishing.Guide.Instructor\/","article_modified_time":"2025-01-06T11:47:14+00:00","og_image":[{"width":980,"height":980,"url":"https:\/\/roussillonfishing.com\/wp-content\/uploads\/2022\/05\/Ocean-Master-blue-front_980x980.jpg","type":"image\/jpeg"}],"twitter_card":"summary_large_image","twitter_misc":{"Estimated reading time":"2 minutes"},"schema":{"@context":"https:\/\/schema.org","@graph":[{"@type":"WebPage","@id":"https:\/\/roussillonfishing.com\/produit\/pelagic-ocean-master-fishing-shorts-womens","url":"https:\/\/roussillonfishing.com\/produit\/pelagic-ocean-master-fishing-shorts-womens","name":"Pelagic OCEAN MASTER FISHING SHORTS - WOMEN'S - Roussillon Fishing","isPartOf":{"@id":"https:\/\/roussillonfishing.com\/en\/#website"},"primaryImageOfPage":{"@id":"https:\/\/roussillonfishing.com\/produit\/pelagic-ocean-master-fishing-shorts-womens#primaryimage"},"image":{"@id":"https:\/\/roussillonfishing.com\/produit\/pelagic-ocean-master-fishing-shorts-womens#primaryimage"},"thumbnailUrl":"https:\/\/roussillonfishing.com\/wp-content\/uploads\/2022\/05\/Ocean-Master-blue-front_980x980.jpg","datePublished":"2022-05-13T10:14:09+00:00","dateModified":"2025-01-06T11:47:14+00:00","description":"tshirt, v\u00eatements de sport, p\u00eache en mer, p\u00eache sportive, sport fishing, protection solaire, manche longue","breadcrumb":{"@id":"https:\/\/roussillonfishing.com\/produit\/pelagic-ocean-master-fishing-shorts-womens#breadcrumb"},"inLanguage":"en-GB","potentialAction":[{"@type":"ReadAction","target":["https:\/\/roussillonfishing.com\/produit\/pelagic-ocean-master-fishing-shorts-womens"]}]},{"@type":"ImageObject","inLanguage":"en-GB","@id":"https:\/\/roussillonfishing.com\/produit\/pelagic-ocean-master-fishing-shorts-womens#primaryimage","url":"https:\/\/roussillonfishing.com\/wp-content\/uploads\/2022\/05\/Ocean-Master-blue-front_980x980.jpg","contentUrl":"https:\/\/roussillonfishing.com\/wp-content\/uploads\/2022\/05\/Ocean-Master-blue-front_980x980.jpg","width":980,"height":980},{"@type":"BreadcrumbList","@id":"https:\/\/roussillonfishing.com\/produit\/pelagic-ocean-master-fishing-shorts-womens#breadcrumb","itemListElement":[{"@type":"ListItem","position":1,"name":"Accueil","item":"https:\/\/roussillonfishing.com\/"},{"@type":"ListItem","position":2,"name":"Boutique","item":"https:\/\/roussillonfishing.com\/boutique"},{"@type":"ListItem","position":3,"name":"Pelagic OCEAN MASTER FISHING SHORTS &#8211; WOMEN&rsquo;S"}]},{"@type":"WebSite","@id":"https:\/\/roussillonfishing.com\/en\/#website","url":"https:\/\/roussillonfishing.com\/en\/","name":"Roussillon Fishing","description":"Moniteur et Guide de p\u00eache dans Les Pyr\u00e9n\u00e9es Orientales","potentialAction":[{"@type":"SearchAction","target":{"@type":"EntryPoint","urlTemplate":"https:\/\/roussillonfishing.com\/en\/?s={search_term_string}"},"query-input":{"@type":"PropertyValueSpecification","valueRequired":true,"valueName":"search_term_string"}}],"inLanguage":"en-GB"}]}},"jetpack_sharing_enabled":true,"_links":{"self":[{"href":"https:\/\/roussillonfishing.com\/en\/wp-json\/wp\/v2\/product\/1421","targetHints":{"allow":["GET"]}}],"collection":[{"href":"https:\/\/roussillonfishing.com\/en\/wp-json\/wp\/v2\/product"}],"about":[{"href":"https:\/\/roussillonfishing.com\/en\/wp-json\/wp\/v2\/types\/product"}],"replies":[{"embeddable":true,"href":"https:\/\/roussillonfishing.com\/en\/wp-json\/wp\/v2\/comments?post=1421"}],"wp:featuredmedia":[{"embeddable":true,"href":"https:\/\/roussillonfishing.com\/en\/wp-json\/wp\/v2\/media\/1431"}],"wp:attachment":[{"href":"https:\/\/roussillonfishing.com\/en\/wp-json\/wp\/v2\/media?parent=1421"}],"wp:term":[{"taxonomy":"product_brand","embeddable":true,"href":"https:\/\/roussillonfishing.com\/en\/wp-json\/wp\/v2\/product_brand?post=1421"},{"taxonomy":"product_cat","embeddable":true,"href":"https:\/\/roussillonfishing.com\/en\/wp-json\/wp\/v2\/product_cat?post=1421"},{"taxonomy":"product_tag","embeddable":true,"href":"https:\/\/roussillonfishing.com\/en\/wp-json\/wp\/v2\/product_tag?post=1421"}],"curies":[{"name":"wp","href":"https:\/\/api.w.org\/{rel}","templated":true}]}}