{"id":1564,"date":"2024-07-02T09:56:30","date_gmt":"2024-07-02T09:56:30","guid":{"rendered":"https:\/\/roussillonfishing.com\/?post_type=product&#038;p=1564"},"modified":"2024-07-02T09:56:54","modified_gmt":"2024-07-02T09:56:54","slug":"porte-canne-inclinable-et-rotatif-360-seanox-inox-complet-copie","status":"publish","type":"product","link":"https:\/\/roussillonfishing.com\/en\/product\/porte-canne-inclinable-et-rotatif-360-seanox-inox-complet-copie","title":{"rendered":"Porte Canne inclinable et rotatif 360\u00b0 Seanox Inox Complet (Copie)"},"content":{"rendered":"<p style=\"padding-left: 40px; text-align: left;\">Ce porte-canne et sa douille encastrable permettent une rotation \u00e0 360\u00b0 et un r\u00e9glage de l\u2019inclinaison de la canne entre 10\u00b0 et 40\u00b0.<\/p>\n<p style=\"padding-left: 40px; text-align: left;\">Il est donc possible de s\u2019adapter au mieux aux conditions de p\u00eache rencontr\u00e9es (selon la d\u00e9rive, le courant) et aux cannes utilis\u00e9es (talons, longueur et nombre).<br \/>\nCe porte-canne de type rocket launcher est en inox 316L, robuste et simple \u00e0 utiliser, il est parfaitement adapt\u00e9 aux p\u00eaches aux app\u00e2ts et au broum\u00e9 pour tous types de poissons (sparid\u00e9s, thons, s\u00e9rioles).<\/p>\n<p style=\"padding-left: 40px; text-align: left;\">\u2022 Longueur du tube : 225mm<br \/>\n\u2022 \u00d8 inter. : 39mm<br \/>\n\u2022 Option : Douille suppl\u00e9mentaire r\u00e9f\u00e9rence 478012.<br \/>\n\u2022 Vendu avec visserie.<\/p>\n<div class=\"mt-3\"><img decoding=\"async\" src=\"https:\/\/static.pecheur.com\/m\/media\/flags\/FR.gif\" \/> Made in France<\/div>","protected":false},"excerpt":{"rendered":"<p>Ce porte-canne et sa douille encastrable permettent une rotation \u00e0 360\u00b0 et un r\u00e9glage de l\u2019inclinaison de la canne entre 10\u00b0 et 40\u00b0. Il est donc possible de s\u2019adapter au<\/p>","protected":false},"featured_media":1448,"comment_status":"closed","ping_status":"closed","template":"","meta":[],"product_brand":[],"product_cat":[23],"product_tag":[66,118,136,133,129,132,96,130,134,198,61,51,127,196,128,197,67,131,135,85],"class_list":{"0":"post-1564","1":"product","2":"type-product","3":"status-publish","4":"has-post-thumbnail","6":"product_cat-accessoires","7":"product_tag-amiaud","8":"product_tag-bateau","9":"product_tag-big-fish","10":"product_tag-big-game","11":"product_tag-boat","12":"product_tag-broume","13":"product_tag-fabrication-francaise","14":"product_tag-fishing","15":"product_tag-live-bait","16":"product_tag-made-in-france","17":"product_tag-peche-au-gros","18":"product_tag-peche-en-mer","19":"product_tag-porte-canne","20":"product_tag-rocket","21":"product_tag-rod-holder","22":"product_tag-rodholder","23":"product_tag-seanox","24":"product_tag-traine","25":"product_tag-trolling","26":"product_tag-tuna","28":"first","29":"instock","30":"sale","31":"featured","32":"taxable","33":"shipping-taxable","34":"purchasable","35":"product-type-simple"},"yoast_head":"<!-- This site is optimized with the Yoast SEO plugin v27.3 - https:\/\/yoast.com\/product\/yoast-seo-wordpress\/ -->\n<title>% - Roussillon Fishing<\/title>\n<meta name=\"description\" content=\"Porte Canne inclinable et rotatif 360\u00b0 Seanox Inox Complet (Copie) - Roussillon Fishing\" \/>\n<meta name=\"robots\" content=\"index, follow, max-snippet:-1, max-image-preview:large, max-video-preview:-1\" \/>\n<link rel=\"canonical\" href=\"https:\/\/roussillonfishing.com\/en\/product\/porte-canne-inclinable-et-rotatif-360-seanox-inox-complet-copie\/\" \/>\n<meta property=\"og:locale\" content=\"en_GB\" \/>\n<meta property=\"og:type\" content=\"article\" \/>\n<meta property=\"og:title\" content=\"% - Roussillon Fishing\" \/>\n<meta property=\"og:description\" content=\"Porte Canne inclinable et rotatif 360\u00b0 Seanox Inox Complet (Copie) - Roussillon Fishing\" \/>\n<meta property=\"og:url\" content=\"https:\/\/roussillonfishing.com\/en\/product\/porte-canne-inclinable-et-rotatif-360-seanox-inox-complet-copie\/\" \/>\n<meta property=\"og:site_name\" content=\"Roussillon Fishing\" \/>\n<meta property=\"article:publisher\" content=\"https:\/\/www.facebook.com\/Samuel.Elgrishi.Fishing.Guide.Instructor\/\" \/>\n<meta property=\"article:modified_time\" content=\"2024-07-02T09:56:54+00:00\" \/>\n<meta property=\"og:image\" content=\"https:\/\/roussillonfishing.com\/wp-content\/uploads\/2022\/07\/porte-canne-inclinable-et-360-1.jpg\" \/>\n\t<meta property=\"og:image:width\" content=\"800\" \/>\n\t<meta property=\"og:image:height\" content=\"800\" \/>\n\t<meta property=\"og:image:type\" content=\"image\/jpeg\" \/>\n<meta name=\"twitter:card\" content=\"summary_large_image\" \/>\n<meta name=\"twitter:label1\" content=\"Estimated reading time\" \/>\n\t<meta name=\"twitter:data1\" content=\"1 minute\" \/>\n<script type=\"application\/ld+json\" class=\"yoast-schema-graph\">{\"@context\":\"https:\\\/\\\/schema.org\",\"@graph\":[{\"@type\":\"WebPage\",\"@id\":\"https:\\\/\\\/roussillonfishing.com\\\/produit\\\/porte-canne-inclinable-et-rotatif-360-seanox-inox-complet-copie\",\"url\":\"https:\\\/\\\/roussillonfishing.com\\\/produit\\\/porte-canne-inclinable-et-rotatif-360-seanox-inox-complet-copie\",\"name\":\"% - Roussillon Fishing\",\"isPartOf\":{\"@id\":\"https:\\\/\\\/roussillonfishing.com\\\/en\\\/#website\"},\"primaryImageOfPage\":{\"@id\":\"https:\\\/\\\/roussillonfishing.com\\\/produit\\\/porte-canne-inclinable-et-rotatif-360-seanox-inox-complet-copie#primaryimage\"},\"image\":{\"@id\":\"https:\\\/\\\/roussillonfishing.com\\\/produit\\\/porte-canne-inclinable-et-rotatif-360-seanox-inox-complet-copie#primaryimage\"},\"thumbnailUrl\":\"https:\\\/\\\/roussillonfishing.com\\\/wp-content\\\/uploads\\\/2022\\\/07\\\/porte-canne-inclinable-et-360-1.jpg\",\"datePublished\":\"2024-07-02T09:56:30+00:00\",\"dateModified\":\"2024-07-02T09:56:54+00:00\",\"description\":\"Porte Canne inclinable et rotatif 360\u00b0 Seanox Inox Complet (Copie) - Roussillon Fishing\",\"breadcrumb\":{\"@id\":\"https:\\\/\\\/roussillonfishing.com\\\/produit\\\/porte-canne-inclinable-et-rotatif-360-seanox-inox-complet-copie#breadcrumb\"},\"inLanguage\":\"en-GB\",\"potentialAction\":[{\"@type\":\"ReadAction\",\"target\":[\"https:\\\/\\\/roussillonfishing.com\\\/produit\\\/porte-canne-inclinable-et-rotatif-360-seanox-inox-complet-copie\"]}]},{\"@type\":\"ImageObject\",\"inLanguage\":\"en-GB\",\"@id\":\"https:\\\/\\\/roussillonfishing.com\\\/produit\\\/porte-canne-inclinable-et-rotatif-360-seanox-inox-complet-copie#primaryimage\",\"url\":\"https:\\\/\\\/roussillonfishing.com\\\/wp-content\\\/uploads\\\/2022\\\/07\\\/porte-canne-inclinable-et-360-1.jpg\",\"contentUrl\":\"https:\\\/\\\/roussillonfishing.com\\\/wp-content\\\/uploads\\\/2022\\\/07\\\/porte-canne-inclinable-et-360-1.jpg\",\"width\":800,\"height\":800},{\"@type\":\"BreadcrumbList\",\"@id\":\"https:\\\/\\\/roussillonfishing.com\\\/produit\\\/porte-canne-inclinable-et-rotatif-360-seanox-inox-complet-copie#breadcrumb\",\"itemListElement\":[{\"@type\":\"ListItem\",\"position\":1,\"name\":\"Accueil\",\"item\":\"https:\\\/\\\/roussillonfishing.com\\\/\"},{\"@type\":\"ListItem\",\"position\":2,\"name\":\"Boutique\",\"item\":\"https:\\\/\\\/roussillonfishing.com\\\/boutique\"},{\"@type\":\"ListItem\",\"position\":3,\"name\":\"Porte Canne inclinable et rotatif 360\u00b0 Seanox Inox Complet (Copie)\"}]},{\"@type\":\"WebSite\",\"@id\":\"https:\\\/\\\/roussillonfishing.com\\\/en\\\/#website\",\"url\":\"https:\\\/\\\/roussillonfishing.com\\\/en\\\/\",\"name\":\"Roussillon Fishing\",\"description\":\"Moniteur et Guide de p\u00eache dans Les Pyr\u00e9n\u00e9es Orientales\",\"potentialAction\":[{\"@type\":\"SearchAction\",\"target\":{\"@type\":\"EntryPoint\",\"urlTemplate\":\"https:\\\/\\\/roussillonfishing.com\\\/en\\\/?s={search_term_string}\"},\"query-input\":{\"@type\":\"PropertyValueSpecification\",\"valueRequired\":true,\"valueName\":\"search_term_string\"}}],\"inLanguage\":\"en-GB\"}]}<\/script>\n<!-- \/ Yoast SEO plugin. -->","yoast_head_json":{"title":"% - Roussillon Fishing","description":"Porte Canne inclinable et rotatif 360\u00b0 Seanox Inox Complet (Copie) - Roussillon Fishing","robots":{"index":"index","follow":"follow","max-snippet":"max-snippet:-1","max-image-preview":"max-image-preview:large","max-video-preview":"max-video-preview:-1"},"canonical":"https:\/\/roussillonfishing.com\/en\/product\/porte-canne-inclinable-et-rotatif-360-seanox-inox-complet-copie\/","og_locale":"en_GB","og_type":"article","og_title":"% - Roussillon Fishing","og_description":"Porte Canne inclinable et rotatif 360\u00b0 Seanox Inox Complet (Copie) - Roussillon Fishing","og_url":"https:\/\/roussillonfishing.com\/en\/product\/porte-canne-inclinable-et-rotatif-360-seanox-inox-complet-copie\/","og_site_name":"Roussillon Fishing","article_publisher":"https:\/\/www.facebook.com\/Samuel.Elgrishi.Fishing.Guide.Instructor\/","article_modified_time":"2024-07-02T09:56:54+00:00","og_image":[{"width":800,"height":800,"url":"https:\/\/roussillonfishing.com\/wp-content\/uploads\/2022\/07\/porte-canne-inclinable-et-360-1.jpg","type":"image\/jpeg"}],"twitter_card":"summary_large_image","twitter_misc":{"Estimated reading time":"1 minute"},"schema":{"@context":"https:\/\/schema.org","@graph":[{"@type":"WebPage","@id":"https:\/\/roussillonfishing.com\/produit\/porte-canne-inclinable-et-rotatif-360-seanox-inox-complet-copie","url":"https:\/\/roussillonfishing.com\/produit\/porte-canne-inclinable-et-rotatif-360-seanox-inox-complet-copie","name":"% - Roussillon Fishing","isPartOf":{"@id":"https:\/\/roussillonfishing.com\/en\/#website"},"primaryImageOfPage":{"@id":"https:\/\/roussillonfishing.com\/produit\/porte-canne-inclinable-et-rotatif-360-seanox-inox-complet-copie#primaryimage"},"image":{"@id":"https:\/\/roussillonfishing.com\/produit\/porte-canne-inclinable-et-rotatif-360-seanox-inox-complet-copie#primaryimage"},"thumbnailUrl":"https:\/\/roussillonfishing.com\/wp-content\/uploads\/2022\/07\/porte-canne-inclinable-et-360-1.jpg","datePublished":"2024-07-02T09:56:30+00:00","dateModified":"2024-07-02T09:56:54+00:00","description":"Porte Canne inclinable et rotatif 360\u00b0 Seanox Inox Complet (Copie) - Roussillon Fishing","breadcrumb":{"@id":"https:\/\/roussillonfishing.com\/produit\/porte-canne-inclinable-et-rotatif-360-seanox-inox-complet-copie#breadcrumb"},"inLanguage":"en-GB","potentialAction":[{"@type":"ReadAction","target":["https:\/\/roussillonfishing.com\/produit\/porte-canne-inclinable-et-rotatif-360-seanox-inox-complet-copie"]}]},{"@type":"ImageObject","inLanguage":"en-GB","@id":"https:\/\/roussillonfishing.com\/produit\/porte-canne-inclinable-et-rotatif-360-seanox-inox-complet-copie#primaryimage","url":"https:\/\/roussillonfishing.com\/wp-content\/uploads\/2022\/07\/porte-canne-inclinable-et-360-1.jpg","contentUrl":"https:\/\/roussillonfishing.com\/wp-content\/uploads\/2022\/07\/porte-canne-inclinable-et-360-1.jpg","width":800,"height":800},{"@type":"BreadcrumbList","@id":"https:\/\/roussillonfishing.com\/produit\/porte-canne-inclinable-et-rotatif-360-seanox-inox-complet-copie#breadcrumb","itemListElement":[{"@type":"ListItem","position":1,"name":"Accueil","item":"https:\/\/roussillonfishing.com\/"},{"@type":"ListItem","position":2,"name":"Boutique","item":"https:\/\/roussillonfishing.com\/boutique"},{"@type":"ListItem","position":3,"name":"Porte Canne inclinable et rotatif 360\u00b0 Seanox Inox Complet (Copie)"}]},{"@type":"WebSite","@id":"https:\/\/roussillonfishing.com\/en\/#website","url":"https:\/\/roussillonfishing.com\/en\/","name":"Roussillon Fishing","description":"Moniteur et Guide de p\u00eache dans Les Pyr\u00e9n\u00e9es Orientales","potentialAction":[{"@type":"SearchAction","target":{"@type":"EntryPoint","urlTemplate":"https:\/\/roussillonfishing.com\/en\/?s={search_term_string}"},"query-input":{"@type":"PropertyValueSpecification","valueRequired":true,"valueName":"search_term_string"}}],"inLanguage":"en-GB"}]}},"jetpack_sharing_enabled":true,"_links":{"self":[{"href":"https:\/\/roussillonfishing.com\/en\/wp-json\/wp\/v2\/product\/1564","targetHints":{"allow":["GET"]}}],"collection":[{"href":"https:\/\/roussillonfishing.com\/en\/wp-json\/wp\/v2\/product"}],"about":[{"href":"https:\/\/roussillonfishing.com\/en\/wp-json\/wp\/v2\/types\/product"}],"replies":[{"embeddable":true,"href":"https:\/\/roussillonfishing.com\/en\/wp-json\/wp\/v2\/comments?post=1564"}],"wp:featuredmedia":[{"embeddable":true,"href":"https:\/\/roussillonfishing.com\/en\/wp-json\/wp\/v2\/media\/1448"}],"wp:attachment":[{"href":"https:\/\/roussillonfishing.com\/en\/wp-json\/wp\/v2\/media?parent=1564"}],"wp:term":[{"taxonomy":"product_brand","embeddable":true,"href":"https:\/\/roussillonfishing.com\/en\/wp-json\/wp\/v2\/product_brand?post=1564"},{"taxonomy":"product_cat","embeddable":true,"href":"https:\/\/roussillonfishing.com\/en\/wp-json\/wp\/v2\/product_cat?post=1564"},{"taxonomy":"product_tag","embeddable":true,"href":"https:\/\/roussillonfishing.com\/en\/wp-json\/wp\/v2\/product_tag?post=1564"}],"curies":[{"name":"wp","href":"https:\/\/api.w.org\/{rel}","templated":true}]}}