{"id":307,"date":"2020-04-10T13:03:08","date_gmt":"2020-04-10T13:03:08","guid":{"rendered":"http:\/\/roussillonfishing.rodmaps.com\/?post_type=product&#038;p=307"},"modified":"2024-07-02T08:54:38","modified_gmt":"2024-07-02T08:54:38","slug":"bon-cadeau","status":"publish","type":"product","link":"https:\/\/roussillonfishing.com\/en\/product\/bon-cadeau","title":{"rendered":"Fishing Gift Roussillon Fishing"},"content":{"rendered":"<p>Offrez quelque chose d&rsquo;original.<br \/>\nQue ce soit les prestations de p\u00eache en mer ou bien pour la boutique Roussillon Fishing, des id\u00e9es de bon cadeau \u00e0 offrir qui sortent du lot!<\/p>\n<p>No\u00ebl, anniversaires, f\u00eate des p\u00e8res, f\u00eates des m\u00e8res, st Valentin, enterrement de vie de gar\u00e7on ou fille, mariage, divorce ?! toutes excuses seront bonnes pour offrir un cadeau Original!<br \/>\nOffrez un cadeau original \u00e0 vos proches ou amis.<\/p>","protected":false},"excerpt":{"rendered":"<p>Offrez quelque chose d&rsquo;original. Que ce soit les prestations de p\u00eache en mer ou bien pour la boutique Roussillon Fishing, des id\u00e9es de bon cadeau \u00e0 offrir qui sortent du<\/p>","protected":false},"featured_media":1560,"comment_status":"closed","ping_status":"closed","template":"","meta":[],"product_brand":[],"product_cat":[25],"product_tag":[107,118,106,104,103,113,111,112,109,108,105,116,117,110,115,51,49,114],"class_list":{"0":"post-307","1":"product","2":"type-product","3":"status-publish","4":"has-post-thumbnail","6":"product_cat-goodies","7":"product_tag-anniversaire","8":"product_tag-bateau","9":"product_tag-birthday","10":"product_tag-bon-cadeau","11":"product_tag-cadeau","12":"product_tag-ce","13":"product_tag-christmas","14":"product_tag-comite-dentreprise","15":"product_tag-fathers-day","16":"product_tag-fete-des-peres","17":"product_tag-gift","18":"product_tag-guide-de-peche","19":"product_tag-moniteur-de-peche","20":"product_tag-noel","21":"product_tag-peche","22":"product_tag-peche-en-mer","23":"product_tag-peche-sportive","24":"product_tag-team-building","26":"first","27":"instock","28":"featured","29":"taxable","30":"shipping-taxable","31":"purchasable","32":"product-type-variable"},"yoast_head":"<!-- This site is optimized with the Yoast SEO plugin v27.3 - https:\/\/yoast.com\/product\/yoast-seo-wordpress\/ -->\n<title>Bon cadeau Roussillon Fishing - Roussillon Fishing<\/title>\n<meta name=\"description\" content=\"bon cadeau, f\u00eate, f\u00eate des p\u00e8res, anniversaire, mariage, No\u00ebl, saint valentin, gift, valentine day, birthday, enterrement de vie de gar\u00e7on\" \/>\n<meta name=\"robots\" content=\"index, follow, max-snippet:-1, max-image-preview:large, max-video-preview:-1\" \/>\n<link rel=\"canonical\" href=\"https:\/\/roussillonfishing.com\/en\/product\/bon-cadeau\/\" \/>\n<meta property=\"og:locale\" content=\"en_GB\" \/>\n<meta property=\"og:type\" content=\"article\" \/>\n<meta property=\"og:title\" content=\"Bon cadeau Roussillon Fishing - Roussillon Fishing\" \/>\n<meta property=\"og:description\" content=\"bon cadeau, f\u00eate, f\u00eate des p\u00e8res, anniversaire, mariage, No\u00ebl, saint valentin, gift, valentine day, birthday, enterrement de vie de gar\u00e7on\" \/>\n<meta property=\"og:url\" content=\"https:\/\/roussillonfishing.com\/en\/product\/bon-cadeau\/\" \/>\n<meta property=\"og:site_name\" content=\"Roussillon Fishing\" \/>\n<meta property=\"article:publisher\" content=\"https:\/\/www.facebook.com\/Samuel.Elgrishi.Fishing.Guide.Instructor\/\" \/>\n<meta property=\"article:modified_time\" content=\"2024-07-02T08:54:38+00:00\" \/>\n<meta property=\"og:image\" content=\"https:\/\/roussillonfishing.com\/wp-content\/uploads\/2020\/04\/Bon-cadeau-Roussillon-Fishing.jpg\" \/>\n\t<meta property=\"og:image:width\" content=\"611\" \/>\n\t<meta property=\"og:image:height\" content=\"648\" \/>\n\t<meta property=\"og:image:type\" content=\"image\/jpeg\" \/>\n<meta name=\"twitter:card\" content=\"summary_large_image\" \/>\n<meta name=\"twitter:label1\" content=\"Estimated reading time\" \/>\n\t<meta name=\"twitter:data1\" content=\"1 minute\" \/>\n<script type=\"application\/ld+json\" class=\"yoast-schema-graph\">{\"@context\":\"https:\\\/\\\/schema.org\",\"@graph\":[{\"@type\":\"WebPage\",\"@id\":\"https:\\\/\\\/roussillonfishing.com\\\/produit\\\/bon-cadeau\",\"url\":\"https:\\\/\\\/roussillonfishing.com\\\/produit\\\/bon-cadeau\",\"name\":\"Bon cadeau Roussillon Fishing - Roussillon Fishing\",\"isPartOf\":{\"@id\":\"https:\\\/\\\/roussillonfishing.com\\\/en\\\/#website\"},\"primaryImageOfPage\":{\"@id\":\"https:\\\/\\\/roussillonfishing.com\\\/produit\\\/bon-cadeau#primaryimage\"},\"image\":{\"@id\":\"https:\\\/\\\/roussillonfishing.com\\\/produit\\\/bon-cadeau#primaryimage\"},\"thumbnailUrl\":\"https:\\\/\\\/roussillonfishing.com\\\/wp-content\\\/uploads\\\/2020\\\/04\\\/Bon-cadeau-Roussillon-Fishing.jpg\",\"datePublished\":\"2020-04-10T13:03:08+00:00\",\"dateModified\":\"2024-07-02T08:54:38+00:00\",\"description\":\"bon cadeau, f\u00eate, f\u00eate des p\u00e8res, anniversaire, mariage, No\u00ebl, saint valentin, gift, valentine day, birthday, enterrement de vie de gar\u00e7on\",\"breadcrumb\":{\"@id\":\"https:\\\/\\\/roussillonfishing.com\\\/produit\\\/bon-cadeau#breadcrumb\"},\"inLanguage\":\"en-GB\",\"potentialAction\":[{\"@type\":\"ReadAction\",\"target\":[\"https:\\\/\\\/roussillonfishing.com\\\/produit\\\/bon-cadeau\"]}]},{\"@type\":\"ImageObject\",\"inLanguage\":\"en-GB\",\"@id\":\"https:\\\/\\\/roussillonfishing.com\\\/produit\\\/bon-cadeau#primaryimage\",\"url\":\"https:\\\/\\\/roussillonfishing.com\\\/wp-content\\\/uploads\\\/2020\\\/04\\\/Bon-cadeau-Roussillon-Fishing.jpg\",\"contentUrl\":\"https:\\\/\\\/roussillonfishing.com\\\/wp-content\\\/uploads\\\/2020\\\/04\\\/Bon-cadeau-Roussillon-Fishing.jpg\",\"width\":611,\"height\":648},{\"@type\":\"BreadcrumbList\",\"@id\":\"https:\\\/\\\/roussillonfishing.com\\\/produit\\\/bon-cadeau#breadcrumb\",\"itemListElement\":[{\"@type\":\"ListItem\",\"position\":1,\"name\":\"Accueil\",\"item\":\"https:\\\/\\\/roussillonfishing.com\\\/\"},{\"@type\":\"ListItem\",\"position\":2,\"name\":\"Boutique\",\"item\":\"https:\\\/\\\/roussillonfishing.com\\\/boutique\"},{\"@type\":\"ListItem\",\"position\":3,\"name\":\"Bon cadeau Roussillon Fishing\"}]},{\"@type\":\"WebSite\",\"@id\":\"https:\\\/\\\/roussillonfishing.com\\\/en\\\/#website\",\"url\":\"https:\\\/\\\/roussillonfishing.com\\\/en\\\/\",\"name\":\"Roussillon Fishing\",\"description\":\"Moniteur et Guide de p\u00eache dans Les Pyr\u00e9n\u00e9es Orientales\",\"potentialAction\":[{\"@type\":\"SearchAction\",\"target\":{\"@type\":\"EntryPoint\",\"urlTemplate\":\"https:\\\/\\\/roussillonfishing.com\\\/en\\\/?s={search_term_string}\"},\"query-input\":{\"@type\":\"PropertyValueSpecification\",\"valueRequired\":true,\"valueName\":\"search_term_string\"}}],\"inLanguage\":\"en-GB\"}]}<\/script>\n<!-- \/ Yoast SEO plugin. -->","yoast_head_json":{"title":"Bon cadeau Roussillon Fishing - Roussillon Fishing","description":"bon cadeau, f\u00eate, f\u00eate des p\u00e8res, anniversaire, mariage, No\u00ebl, saint valentin, gift, valentine day, birthday, enterrement de vie de gar\u00e7on","robots":{"index":"index","follow":"follow","max-snippet":"max-snippet:-1","max-image-preview":"max-image-preview:large","max-video-preview":"max-video-preview:-1"},"canonical":"https:\/\/roussillonfishing.com\/en\/product\/bon-cadeau\/","og_locale":"en_GB","og_type":"article","og_title":"Bon cadeau Roussillon Fishing - Roussillon Fishing","og_description":"bon cadeau, f\u00eate, f\u00eate des p\u00e8res, anniversaire, mariage, No\u00ebl, saint valentin, gift, valentine day, birthday, enterrement de vie de gar\u00e7on","og_url":"https:\/\/roussillonfishing.com\/en\/product\/bon-cadeau\/","og_site_name":"Roussillon Fishing","article_publisher":"https:\/\/www.facebook.com\/Samuel.Elgrishi.Fishing.Guide.Instructor\/","article_modified_time":"2024-07-02T08:54:38+00:00","og_image":[{"width":611,"height":648,"url":"https:\/\/roussillonfishing.com\/wp-content\/uploads\/2020\/04\/Bon-cadeau-Roussillon-Fishing.jpg","type":"image\/jpeg"}],"twitter_card":"summary_large_image","twitter_misc":{"Estimated reading time":"1 minute"},"schema":{"@context":"https:\/\/schema.org","@graph":[{"@type":"WebPage","@id":"https:\/\/roussillonfishing.com\/produit\/bon-cadeau","url":"https:\/\/roussillonfishing.com\/produit\/bon-cadeau","name":"Bon cadeau Roussillon Fishing - Roussillon Fishing","isPartOf":{"@id":"https:\/\/roussillonfishing.com\/en\/#website"},"primaryImageOfPage":{"@id":"https:\/\/roussillonfishing.com\/produit\/bon-cadeau#primaryimage"},"image":{"@id":"https:\/\/roussillonfishing.com\/produit\/bon-cadeau#primaryimage"},"thumbnailUrl":"https:\/\/roussillonfishing.com\/wp-content\/uploads\/2020\/04\/Bon-cadeau-Roussillon-Fishing.jpg","datePublished":"2020-04-10T13:03:08+00:00","dateModified":"2024-07-02T08:54:38+00:00","description":"bon cadeau, f\u00eate, f\u00eate des p\u00e8res, anniversaire, mariage, No\u00ebl, saint valentin, gift, valentine day, birthday, enterrement de vie de gar\u00e7on","breadcrumb":{"@id":"https:\/\/roussillonfishing.com\/produit\/bon-cadeau#breadcrumb"},"inLanguage":"en-GB","potentialAction":[{"@type":"ReadAction","target":["https:\/\/roussillonfishing.com\/produit\/bon-cadeau"]}]},{"@type":"ImageObject","inLanguage":"en-GB","@id":"https:\/\/roussillonfishing.com\/produit\/bon-cadeau#primaryimage","url":"https:\/\/roussillonfishing.com\/wp-content\/uploads\/2020\/04\/Bon-cadeau-Roussillon-Fishing.jpg","contentUrl":"https:\/\/roussillonfishing.com\/wp-content\/uploads\/2020\/04\/Bon-cadeau-Roussillon-Fishing.jpg","width":611,"height":648},{"@type":"BreadcrumbList","@id":"https:\/\/roussillonfishing.com\/produit\/bon-cadeau#breadcrumb","itemListElement":[{"@type":"ListItem","position":1,"name":"Accueil","item":"https:\/\/roussillonfishing.com\/"},{"@type":"ListItem","position":2,"name":"Boutique","item":"https:\/\/roussillonfishing.com\/boutique"},{"@type":"ListItem","position":3,"name":"Bon cadeau Roussillon Fishing"}]},{"@type":"WebSite","@id":"https:\/\/roussillonfishing.com\/en\/#website","url":"https:\/\/roussillonfishing.com\/en\/","name":"Roussillon Fishing","description":"Moniteur et Guide de p\u00eache dans Les Pyr\u00e9n\u00e9es Orientales","potentialAction":[{"@type":"SearchAction","target":{"@type":"EntryPoint","urlTemplate":"https:\/\/roussillonfishing.com\/en\/?s={search_term_string}"},"query-input":{"@type":"PropertyValueSpecification","valueRequired":true,"valueName":"search_term_string"}}],"inLanguage":"en-GB"}]}},"jetpack_sharing_enabled":true,"_links":{"self":[{"href":"https:\/\/roussillonfishing.com\/en\/wp-json\/wp\/v2\/product\/307","targetHints":{"allow":["GET"]}}],"collection":[{"href":"https:\/\/roussillonfishing.com\/en\/wp-json\/wp\/v2\/product"}],"about":[{"href":"https:\/\/roussillonfishing.com\/en\/wp-json\/wp\/v2\/types\/product"}],"replies":[{"embeddable":true,"href":"https:\/\/roussillonfishing.com\/en\/wp-json\/wp\/v2\/comments?post=307"}],"wp:featuredmedia":[{"embeddable":true,"href":"https:\/\/roussillonfishing.com\/en\/wp-json\/wp\/v2\/media\/1560"}],"wp:attachment":[{"href":"https:\/\/roussillonfishing.com\/en\/wp-json\/wp\/v2\/media?parent=307"}],"wp:term":[{"taxonomy":"product_brand","embeddable":true,"href":"https:\/\/roussillonfishing.com\/en\/wp-json\/wp\/v2\/product_brand?post=307"},{"taxonomy":"product_cat","embeddable":true,"href":"https:\/\/roussillonfishing.com\/en\/wp-json\/wp\/v2\/product_cat?post=307"},{"taxonomy":"product_tag","embeddable":true,"href":"https:\/\/roussillonfishing.com\/en\/wp-json\/wp\/v2\/product_tag?post=307"}],"curies":[{"name":"wp","href":"https:\/\/api.w.org\/{rel}","templated":true}]}}