{"id":316,"date":"2020-04-10T14:07:44","date_gmt":"2020-04-10T14:07:44","guid":{"rendered":"http:\/\/roussillonfishing.rodmaps.com\/?post_type=product&#038;p=316"},"modified":"2024-07-02T08:46:27","modified_gmt":"2024-07-02T08:46:27","slug":"t-shirt-roussillon-fishing","status":"publish","type":"product","link":"https:\/\/roussillonfishing.com\/en\/product\/t-shirt-roussillon-fishing","title":{"rendered":"T-Shirt Roussillon Fishing"},"content":{"rendered":"<p>T &#8211; Shirt polyester anti UV manche longue<br \/>\n6 Tailles S M L XL XXL XXXL<br \/>\nExcellente id\u00e9e cadeau encore, et indispensable aux membres du \u00a0\u00bb Roussillon Fishing Crew \u00a0\u00bb !<\/p>\n<p><img loading=\"lazy\" decoding=\"async\" class=\"alignnone size-full wp-image-663\" src=\"https:\/\/roussillonfishing.com\/wp-content\/uploads\/2020\/04\/44913622_1151946018305314_1123683214091616256_n.jpg\" alt=\"\" width=\"509\" height=\"591\" srcset=\"https:\/\/roussillonfishing.com\/wp-content\/uploads\/2020\/04\/44913622_1151946018305314_1123683214091616256_n.jpg 509w, https:\/\/roussillonfishing.com\/wp-content\/uploads\/2020\/04\/44913622_1151946018305314_1123683214091616256_n-258x300.jpg 258w\" sizes=\"auto, (max-width: 509px) 100vw, 509px\" \/>Long sleeve polyester tshirt S M L XL XXL<\/p>","protected":false},"excerpt":{"rendered":"<p>T &#8211; Shirt polyester anti UV manche longue 6 Tailles S M L XL XXL XXXL Excellente id\u00e9e cadeau encore, et indispensable aux membres du \u00a0\u00bb Roussillon Fishing Crew \u00a0\u00bb<\/p>","protected":false},"featured_media":660,"comment_status":"closed","ping_status":"closed","template":"","meta":[],"product_brand":[],"product_cat":[21],"product_tag":[20],"class_list":{"0":"post-316","1":"product","2":"type-product","3":"status-publish","4":"has-post-thumbnail","6":"product_cat-vetements","7":"product_tag-t-shirt","9":"first","10":"instock","11":"taxable","12":"shipping-taxable","13":"purchasable","14":"product-type-variable"},"yoast_head":"<!-- This site is optimized with the Yoast SEO plugin v27.3 - https:\/\/yoast.com\/product\/yoast-seo-wordpress\/ -->\n<title>T-Shirt Roussillon Fishing - Roussillon Fishing<\/title>\n<meta name=\"description\" content=\"tshirt, v\u00eatements de sport, p\u00eache en mer, p\u00eache sportive, sport fishing, protection solaire, manche longue\" \/>\n<meta name=\"robots\" content=\"index, follow, max-snippet:-1, max-image-preview:large, max-video-preview:-1\" \/>\n<link rel=\"canonical\" href=\"https:\/\/roussillonfishing.com\/en\/product\/t-shirt-roussillon-fishing\/\" \/>\n<meta property=\"og:locale\" content=\"en_GB\" \/>\n<meta property=\"og:type\" content=\"article\" \/>\n<meta property=\"og:title\" content=\"T-Shirt Roussillon Fishing - Roussillon Fishing\" \/>\n<meta property=\"og:description\" content=\"tshirt, v\u00eatements de sport, p\u00eache en mer, p\u00eache sportive, sport fishing, protection solaire, manche longue\" \/>\n<meta property=\"og:url\" content=\"https:\/\/roussillonfishing.com\/en\/product\/t-shirt-roussillon-fishing\/\" \/>\n<meta property=\"og:site_name\" content=\"Roussillon Fishing\" \/>\n<meta property=\"article:publisher\" content=\"https:\/\/www.facebook.com\/Samuel.Elgrishi.Fishing.Guide.Instructor\/\" \/>\n<meta property=\"article:modified_time\" content=\"2024-07-02T08:46:27+00:00\" \/>\n<meta property=\"og:image\" content=\"https:\/\/roussillonfishing.com\/wp-content\/uploads\/2020\/04\/IMG_8926-scaled.jpg\" \/>\n\t<meta property=\"og:image:width\" content=\"2560\" \/>\n\t<meta property=\"og:image:height\" content=\"1707\" \/>\n\t<meta property=\"og:image:type\" content=\"image\/jpeg\" \/>\n<meta name=\"twitter:card\" content=\"summary_large_image\" \/>\n<script type=\"application\/ld+json\" class=\"yoast-schema-graph\">{\"@context\":\"https:\\\/\\\/schema.org\",\"@graph\":[{\"@type\":\"WebPage\",\"@id\":\"https:\\\/\\\/roussillonfishing.com\\\/produit\\\/t-shirt-roussillon-fishing\",\"url\":\"https:\\\/\\\/roussillonfishing.com\\\/produit\\\/t-shirt-roussillon-fishing\",\"name\":\"T-Shirt Roussillon Fishing - Roussillon Fishing\",\"isPartOf\":{\"@id\":\"https:\\\/\\\/roussillonfishing.com\\\/en\\\/#website\"},\"primaryImageOfPage\":{\"@id\":\"https:\\\/\\\/roussillonfishing.com\\\/produit\\\/t-shirt-roussillon-fishing#primaryimage\"},\"image\":{\"@id\":\"https:\\\/\\\/roussillonfishing.com\\\/produit\\\/t-shirt-roussillon-fishing#primaryimage\"},\"thumbnailUrl\":\"https:\\\/\\\/roussillonfishing.com\\\/wp-content\\\/uploads\\\/2020\\\/04\\\/IMG_8926-scaled.jpg\",\"datePublished\":\"2020-04-10T14:07:44+00:00\",\"dateModified\":\"2024-07-02T08:46:27+00:00\",\"description\":\"tshirt, v\u00eatements de sport, p\u00eache en mer, p\u00eache sportive, sport fishing, protection solaire, manche longue\",\"breadcrumb\":{\"@id\":\"https:\\\/\\\/roussillonfishing.com\\\/produit\\\/t-shirt-roussillon-fishing#breadcrumb\"},\"inLanguage\":\"en-GB\",\"potentialAction\":[{\"@type\":\"ReadAction\",\"target\":[\"https:\\\/\\\/roussillonfishing.com\\\/produit\\\/t-shirt-roussillon-fishing\"]}]},{\"@type\":\"ImageObject\",\"inLanguage\":\"en-GB\",\"@id\":\"https:\\\/\\\/roussillonfishing.com\\\/produit\\\/t-shirt-roussillon-fishing#primaryimage\",\"url\":\"https:\\\/\\\/roussillonfishing.com\\\/wp-content\\\/uploads\\\/2020\\\/04\\\/IMG_8926-scaled.jpg\",\"contentUrl\":\"https:\\\/\\\/roussillonfishing.com\\\/wp-content\\\/uploads\\\/2020\\\/04\\\/IMG_8926-scaled.jpg\",\"width\":2560,\"height\":1707},{\"@type\":\"BreadcrumbList\",\"@id\":\"https:\\\/\\\/roussillonfishing.com\\\/produit\\\/t-shirt-roussillon-fishing#breadcrumb\",\"itemListElement\":[{\"@type\":\"ListItem\",\"position\":1,\"name\":\"Accueil\",\"item\":\"https:\\\/\\\/roussillonfishing.com\\\/\"},{\"@type\":\"ListItem\",\"position\":2,\"name\":\"Boutique\",\"item\":\"https:\\\/\\\/roussillonfishing.com\\\/boutique\"},{\"@type\":\"ListItem\",\"position\":3,\"name\":\"T-Shirt Roussillon Fishing\"}]},{\"@type\":\"WebSite\",\"@id\":\"https:\\\/\\\/roussillonfishing.com\\\/en\\\/#website\",\"url\":\"https:\\\/\\\/roussillonfishing.com\\\/en\\\/\",\"name\":\"Roussillon Fishing\",\"description\":\"Moniteur et Guide de p\u00eache dans Les Pyr\u00e9n\u00e9es Orientales\",\"potentialAction\":[{\"@type\":\"SearchAction\",\"target\":{\"@type\":\"EntryPoint\",\"urlTemplate\":\"https:\\\/\\\/roussillonfishing.com\\\/en\\\/?s={search_term_string}\"},\"query-input\":{\"@type\":\"PropertyValueSpecification\",\"valueRequired\":true,\"valueName\":\"search_term_string\"}}],\"inLanguage\":\"en-GB\"}]}<\/script>\n<!-- \/ Yoast SEO plugin. -->","yoast_head_json":{"title":"T-Shirt Roussillon Fishing - Roussillon Fishing","description":"tshirt, v\u00eatements de sport, p\u00eache en mer, p\u00eache sportive, sport fishing, protection solaire, manche longue","robots":{"index":"index","follow":"follow","max-snippet":"max-snippet:-1","max-image-preview":"max-image-preview:large","max-video-preview":"max-video-preview:-1"},"canonical":"https:\/\/roussillonfishing.com\/en\/product\/t-shirt-roussillon-fishing\/","og_locale":"en_GB","og_type":"article","og_title":"T-Shirt Roussillon Fishing - Roussillon Fishing","og_description":"tshirt, v\u00eatements de sport, p\u00eache en mer, p\u00eache sportive, sport fishing, protection solaire, manche longue","og_url":"https:\/\/roussillonfishing.com\/en\/product\/t-shirt-roussillon-fishing\/","og_site_name":"Roussillon Fishing","article_publisher":"https:\/\/www.facebook.com\/Samuel.Elgrishi.Fishing.Guide.Instructor\/","article_modified_time":"2024-07-02T08:46:27+00:00","og_image":[{"width":2560,"height":1707,"url":"https:\/\/roussillonfishing.com\/wp-content\/uploads\/2020\/04\/IMG_8926-scaled.jpg","type":"image\/jpeg"}],"twitter_card":"summary_large_image","schema":{"@context":"https:\/\/schema.org","@graph":[{"@type":"WebPage","@id":"https:\/\/roussillonfishing.com\/produit\/t-shirt-roussillon-fishing","url":"https:\/\/roussillonfishing.com\/produit\/t-shirt-roussillon-fishing","name":"T-Shirt Roussillon Fishing - Roussillon Fishing","isPartOf":{"@id":"https:\/\/roussillonfishing.com\/en\/#website"},"primaryImageOfPage":{"@id":"https:\/\/roussillonfishing.com\/produit\/t-shirt-roussillon-fishing#primaryimage"},"image":{"@id":"https:\/\/roussillonfishing.com\/produit\/t-shirt-roussillon-fishing#primaryimage"},"thumbnailUrl":"https:\/\/roussillonfishing.com\/wp-content\/uploads\/2020\/04\/IMG_8926-scaled.jpg","datePublished":"2020-04-10T14:07:44+00:00","dateModified":"2024-07-02T08:46:27+00:00","description":"tshirt, v\u00eatements de sport, p\u00eache en mer, p\u00eache sportive, sport fishing, protection solaire, manche longue","breadcrumb":{"@id":"https:\/\/roussillonfishing.com\/produit\/t-shirt-roussillon-fishing#breadcrumb"},"inLanguage":"en-GB","potentialAction":[{"@type":"ReadAction","target":["https:\/\/roussillonfishing.com\/produit\/t-shirt-roussillon-fishing"]}]},{"@type":"ImageObject","inLanguage":"en-GB","@id":"https:\/\/roussillonfishing.com\/produit\/t-shirt-roussillon-fishing#primaryimage","url":"https:\/\/roussillonfishing.com\/wp-content\/uploads\/2020\/04\/IMG_8926-scaled.jpg","contentUrl":"https:\/\/roussillonfishing.com\/wp-content\/uploads\/2020\/04\/IMG_8926-scaled.jpg","width":2560,"height":1707},{"@type":"BreadcrumbList","@id":"https:\/\/roussillonfishing.com\/produit\/t-shirt-roussillon-fishing#breadcrumb","itemListElement":[{"@type":"ListItem","position":1,"name":"Accueil","item":"https:\/\/roussillonfishing.com\/"},{"@type":"ListItem","position":2,"name":"Boutique","item":"https:\/\/roussillonfishing.com\/boutique"},{"@type":"ListItem","position":3,"name":"T-Shirt Roussillon Fishing"}]},{"@type":"WebSite","@id":"https:\/\/roussillonfishing.com\/en\/#website","url":"https:\/\/roussillonfishing.com\/en\/","name":"Roussillon Fishing","description":"Moniteur et Guide de p\u00eache dans Les Pyr\u00e9n\u00e9es Orientales","potentialAction":[{"@type":"SearchAction","target":{"@type":"EntryPoint","urlTemplate":"https:\/\/roussillonfishing.com\/en\/?s={search_term_string}"},"query-input":{"@type":"PropertyValueSpecification","valueRequired":true,"valueName":"search_term_string"}}],"inLanguage":"en-GB"}]}},"jetpack_sharing_enabled":true,"_links":{"self":[{"href":"https:\/\/roussillonfishing.com\/en\/wp-json\/wp\/v2\/product\/316","targetHints":{"allow":["GET"]}}],"collection":[{"href":"https:\/\/roussillonfishing.com\/en\/wp-json\/wp\/v2\/product"}],"about":[{"href":"https:\/\/roussillonfishing.com\/en\/wp-json\/wp\/v2\/types\/product"}],"replies":[{"embeddable":true,"href":"https:\/\/roussillonfishing.com\/en\/wp-json\/wp\/v2\/comments?post=316"}],"wp:featuredmedia":[{"embeddable":true,"href":"https:\/\/roussillonfishing.com\/en\/wp-json\/wp\/v2\/media\/660"}],"wp:attachment":[{"href":"https:\/\/roussillonfishing.com\/en\/wp-json\/wp\/v2\/media?parent=316"}],"wp:term":[{"taxonomy":"product_brand","embeddable":true,"href":"https:\/\/roussillonfishing.com\/en\/wp-json\/wp\/v2\/product_brand?post=316"},{"taxonomy":"product_cat","embeddable":true,"href":"https:\/\/roussillonfishing.com\/en\/wp-json\/wp\/v2\/product_cat?post=316"},{"taxonomy":"product_tag","embeddable":true,"href":"https:\/\/roussillonfishing.com\/en\/wp-json\/wp\/v2\/product_tag?post=316"}],"curies":[{"name":"wp","href":"https:\/\/api.w.org\/{rel}","templated":true}]}}