{"id":325,"date":"2020-04-10T14:11:13","date_gmt":"2020-04-10T14:11:13","guid":{"rendered":"http:\/\/roussillonfishing.rodmaps.com\/?post_type=product&#038;p=325"},"modified":"2024-07-02T08:46:05","modified_gmt":"2024-07-02T08:46:05","slug":"casquette-roussillon-fishing-peche-en-mer-peche-sportive-vetements","status":"publish","type":"product","link":"https:\/\/roussillonfishing.com\/en\/product\/casquette-roussillon-fishing-peche-en-mer-peche-sportive-vetements","title":{"rendered":"Cap Roussillon Fishing"},"content":{"rendered":"<p>Caquette format \u00a0\u00bb trucker \u00a0\u00bb<br \/>\nIndispensable aussi aux membres du \u00a0\u00bb Roussillon Fishing Crew \u00a0\u00bb et les Very Important Pescadores !<br \/>\nProt\u00e9gez vous du soleil ! Optimisez votre vue !<br \/>\nOn garde le fil<br \/>\n_Sam<\/p>","protected":false},"excerpt":{"rendered":"<p>Caquette format \u00a0\u00bb trucker \u00a0\u00bb Indispensable aussi aux membres du \u00a0\u00bb Roussillon Fishing Crew \u00a0\u00bb et les Very Important Pescadores ! Prot\u00e9gez vous du soleil ! Optimisez votre vue !<\/p>","protected":false},"featured_media":326,"comment_status":"closed","ping_status":"closed","template":"","meta":[],"product_brand":[],"product_cat":[21],"product_tag":[22,51,49],"class_list":{"0":"post-325","1":"product","2":"type-product","3":"status-publish","4":"has-post-thumbnail","6":"product_cat-vetements","7":"product_tag-casquette","8":"product_tag-peche-en-mer","9":"product_tag-peche-sportive","11":"first","12":"onbackorder","13":"taxable","14":"shipping-taxable","15":"purchasable","16":"product-type-simple"},"yoast_head":"<!-- This site is optimized with the Yoast SEO plugin v27.3 - https:\/\/yoast.com\/product\/yoast-seo-wordpress\/ -->\n<title>Casquette Roussillon Fishing - Roussillon Fishing<\/title>\n<meta name=\"description\" content=\"casquette, p\u00eache en mer, protection solaire, p\u00eache en bateau, v\u00eatements, p\u00eache sportive, roussillon fishing crew\" \/>\n<meta name=\"robots\" content=\"index, follow, max-snippet:-1, max-image-preview:large, max-video-preview:-1\" \/>\n<link rel=\"canonical\" href=\"https:\/\/roussillonfishing.com\/en\/product\/casquette-roussillon-fishing-peche-en-mer-peche-sportive-vetements\/\" \/>\n<meta property=\"og:locale\" content=\"en_GB\" \/>\n<meta property=\"og:type\" content=\"article\" \/>\n<meta property=\"og:title\" content=\"Casquette Roussillon Fishing - Roussillon Fishing\" \/>\n<meta property=\"og:description\" content=\"casquette, p\u00eache en mer, protection solaire, p\u00eache en bateau, v\u00eatements, p\u00eache sportive, roussillon fishing crew\" \/>\n<meta property=\"og:url\" content=\"https:\/\/roussillonfishing.com\/en\/product\/casquette-roussillon-fishing-peche-en-mer-peche-sportive-vetements\/\" \/>\n<meta property=\"og:site_name\" content=\"Roussillon Fishing\" \/>\n<meta property=\"article:publisher\" content=\"https:\/\/www.facebook.com\/Samuel.Elgrishi.Fishing.Guide.Instructor\/\" \/>\n<meta property=\"article:modified_time\" content=\"2024-07-02T08:46:05+00:00\" \/>\n<meta property=\"og:image\" content=\"https:\/\/roussillonfishing.com\/wp-content\/uploads\/2020\/04\/90528989_1558053157694596_1268607256178458624_o-1.jpg\" \/>\n\t<meta property=\"og:image:width\" content=\"750\" \/>\n\t<meta property=\"og:image:height\" content=\"610\" \/>\n\t<meta property=\"og:image:type\" content=\"image\/jpeg\" \/>\n<meta name=\"twitter:card\" content=\"summary_large_image\" \/>\n<script type=\"application\/ld+json\" class=\"yoast-schema-graph\">{\"@context\":\"https:\\\/\\\/schema.org\",\"@graph\":[{\"@type\":\"WebPage\",\"@id\":\"https:\\\/\\\/roussillonfishing.com\\\/produit\\\/casquette-roussillon-fishing-peche-en-mer-peche-sportive-vetements\",\"url\":\"https:\\\/\\\/roussillonfishing.com\\\/produit\\\/casquette-roussillon-fishing-peche-en-mer-peche-sportive-vetements\",\"name\":\"Casquette Roussillon Fishing - Roussillon Fishing\",\"isPartOf\":{\"@id\":\"https:\\\/\\\/roussillonfishing.com\\\/en\\\/#website\"},\"primaryImageOfPage\":{\"@id\":\"https:\\\/\\\/roussillonfishing.com\\\/produit\\\/casquette-roussillon-fishing-peche-en-mer-peche-sportive-vetements#primaryimage\"},\"image\":{\"@id\":\"https:\\\/\\\/roussillonfishing.com\\\/produit\\\/casquette-roussillon-fishing-peche-en-mer-peche-sportive-vetements#primaryimage\"},\"thumbnailUrl\":\"https:\\\/\\\/roussillonfishing.com\\\/wp-content\\\/uploads\\\/2020\\\/04\\\/90528989_1558053157694596_1268607256178458624_o-1.jpg\",\"datePublished\":\"2020-04-10T14:11:13+00:00\",\"dateModified\":\"2024-07-02T08:46:05+00:00\",\"description\":\"casquette, p\u00eache en mer, protection solaire, p\u00eache en bateau, v\u00eatements, p\u00eache sportive, roussillon fishing crew\",\"breadcrumb\":{\"@id\":\"https:\\\/\\\/roussillonfishing.com\\\/produit\\\/casquette-roussillon-fishing-peche-en-mer-peche-sportive-vetements#breadcrumb\"},\"inLanguage\":\"en-GB\",\"potentialAction\":[{\"@type\":\"ReadAction\",\"target\":[\"https:\\\/\\\/roussillonfishing.com\\\/produit\\\/casquette-roussillon-fishing-peche-en-mer-peche-sportive-vetements\"]}]},{\"@type\":\"ImageObject\",\"inLanguage\":\"en-GB\",\"@id\":\"https:\\\/\\\/roussillonfishing.com\\\/produit\\\/casquette-roussillon-fishing-peche-en-mer-peche-sportive-vetements#primaryimage\",\"url\":\"https:\\\/\\\/roussillonfishing.com\\\/wp-content\\\/uploads\\\/2020\\\/04\\\/90528989_1558053157694596_1268607256178458624_o-1.jpg\",\"contentUrl\":\"https:\\\/\\\/roussillonfishing.com\\\/wp-content\\\/uploads\\\/2020\\\/04\\\/90528989_1558053157694596_1268607256178458624_o-1.jpg\",\"width\":750,\"height\":610},{\"@type\":\"BreadcrumbList\",\"@id\":\"https:\\\/\\\/roussillonfishing.com\\\/produit\\\/casquette-roussillon-fishing-peche-en-mer-peche-sportive-vetements#breadcrumb\",\"itemListElement\":[{\"@type\":\"ListItem\",\"position\":1,\"name\":\"Accueil\",\"item\":\"https:\\\/\\\/roussillonfishing.com\\\/\"},{\"@type\":\"ListItem\",\"position\":2,\"name\":\"Boutique\",\"item\":\"https:\\\/\\\/roussillonfishing.com\\\/boutique\"},{\"@type\":\"ListItem\",\"position\":3,\"name\":\"Casquette Roussillon Fishing\"}]},{\"@type\":\"WebSite\",\"@id\":\"https:\\\/\\\/roussillonfishing.com\\\/en\\\/#website\",\"url\":\"https:\\\/\\\/roussillonfishing.com\\\/en\\\/\",\"name\":\"Roussillon Fishing\",\"description\":\"Moniteur et Guide de p\u00eache dans Les Pyr\u00e9n\u00e9es Orientales\",\"potentialAction\":[{\"@type\":\"SearchAction\",\"target\":{\"@type\":\"EntryPoint\",\"urlTemplate\":\"https:\\\/\\\/roussillonfishing.com\\\/en\\\/?s={search_term_string}\"},\"query-input\":{\"@type\":\"PropertyValueSpecification\",\"valueRequired\":true,\"valueName\":\"search_term_string\"}}],\"inLanguage\":\"en-GB\"}]}<\/script>\n<!-- \/ Yoast SEO plugin. -->","yoast_head_json":{"title":"Casquette Roussillon Fishing - Roussillon Fishing","description":"casquette, p\u00eache en mer, protection solaire, p\u00eache en bateau, v\u00eatements, p\u00eache sportive, roussillon fishing crew","robots":{"index":"index","follow":"follow","max-snippet":"max-snippet:-1","max-image-preview":"max-image-preview:large","max-video-preview":"max-video-preview:-1"},"canonical":"https:\/\/roussillonfishing.com\/en\/product\/casquette-roussillon-fishing-peche-en-mer-peche-sportive-vetements\/","og_locale":"en_GB","og_type":"article","og_title":"Casquette Roussillon Fishing - Roussillon Fishing","og_description":"casquette, p\u00eache en mer, protection solaire, p\u00eache en bateau, v\u00eatements, p\u00eache sportive, roussillon fishing crew","og_url":"https:\/\/roussillonfishing.com\/en\/product\/casquette-roussillon-fishing-peche-en-mer-peche-sportive-vetements\/","og_site_name":"Roussillon Fishing","article_publisher":"https:\/\/www.facebook.com\/Samuel.Elgrishi.Fishing.Guide.Instructor\/","article_modified_time":"2024-07-02T08:46:05+00:00","og_image":[{"width":750,"height":610,"url":"https:\/\/roussillonfishing.com\/wp-content\/uploads\/2020\/04\/90528989_1558053157694596_1268607256178458624_o-1.jpg","type":"image\/jpeg"}],"twitter_card":"summary_large_image","schema":{"@context":"https:\/\/schema.org","@graph":[{"@type":"WebPage","@id":"https:\/\/roussillonfishing.com\/produit\/casquette-roussillon-fishing-peche-en-mer-peche-sportive-vetements","url":"https:\/\/roussillonfishing.com\/produit\/casquette-roussillon-fishing-peche-en-mer-peche-sportive-vetements","name":"Casquette Roussillon Fishing - Roussillon Fishing","isPartOf":{"@id":"https:\/\/roussillonfishing.com\/en\/#website"},"primaryImageOfPage":{"@id":"https:\/\/roussillonfishing.com\/produit\/casquette-roussillon-fishing-peche-en-mer-peche-sportive-vetements#primaryimage"},"image":{"@id":"https:\/\/roussillonfishing.com\/produit\/casquette-roussillon-fishing-peche-en-mer-peche-sportive-vetements#primaryimage"},"thumbnailUrl":"https:\/\/roussillonfishing.com\/wp-content\/uploads\/2020\/04\/90528989_1558053157694596_1268607256178458624_o-1.jpg","datePublished":"2020-04-10T14:11:13+00:00","dateModified":"2024-07-02T08:46:05+00:00","description":"casquette, p\u00eache en mer, protection solaire, p\u00eache en bateau, v\u00eatements, p\u00eache sportive, roussillon fishing crew","breadcrumb":{"@id":"https:\/\/roussillonfishing.com\/produit\/casquette-roussillon-fishing-peche-en-mer-peche-sportive-vetements#breadcrumb"},"inLanguage":"en-GB","potentialAction":[{"@type":"ReadAction","target":["https:\/\/roussillonfishing.com\/produit\/casquette-roussillon-fishing-peche-en-mer-peche-sportive-vetements"]}]},{"@type":"ImageObject","inLanguage":"en-GB","@id":"https:\/\/roussillonfishing.com\/produit\/casquette-roussillon-fishing-peche-en-mer-peche-sportive-vetements#primaryimage","url":"https:\/\/roussillonfishing.com\/wp-content\/uploads\/2020\/04\/90528989_1558053157694596_1268607256178458624_o-1.jpg","contentUrl":"https:\/\/roussillonfishing.com\/wp-content\/uploads\/2020\/04\/90528989_1558053157694596_1268607256178458624_o-1.jpg","width":750,"height":610},{"@type":"BreadcrumbList","@id":"https:\/\/roussillonfishing.com\/produit\/casquette-roussillon-fishing-peche-en-mer-peche-sportive-vetements#breadcrumb","itemListElement":[{"@type":"ListItem","position":1,"name":"Accueil","item":"https:\/\/roussillonfishing.com\/"},{"@type":"ListItem","position":2,"name":"Boutique","item":"https:\/\/roussillonfishing.com\/boutique"},{"@type":"ListItem","position":3,"name":"Casquette Roussillon Fishing"}]},{"@type":"WebSite","@id":"https:\/\/roussillonfishing.com\/en\/#website","url":"https:\/\/roussillonfishing.com\/en\/","name":"Roussillon Fishing","description":"Moniteur et Guide de p\u00eache dans Les Pyr\u00e9n\u00e9es Orientales","potentialAction":[{"@type":"SearchAction","target":{"@type":"EntryPoint","urlTemplate":"https:\/\/roussillonfishing.com\/en\/?s={search_term_string}"},"query-input":{"@type":"PropertyValueSpecification","valueRequired":true,"valueName":"search_term_string"}}],"inLanguage":"en-GB"}]}},"jetpack_sharing_enabled":true,"_links":{"self":[{"href":"https:\/\/roussillonfishing.com\/en\/wp-json\/wp\/v2\/product\/325","targetHints":{"allow":["GET"]}}],"collection":[{"href":"https:\/\/roussillonfishing.com\/en\/wp-json\/wp\/v2\/product"}],"about":[{"href":"https:\/\/roussillonfishing.com\/en\/wp-json\/wp\/v2\/types\/product"}],"replies":[{"embeddable":true,"href":"https:\/\/roussillonfishing.com\/en\/wp-json\/wp\/v2\/comments?post=325"}],"wp:featuredmedia":[{"embeddable":true,"href":"https:\/\/roussillonfishing.com\/en\/wp-json\/wp\/v2\/media\/326"}],"wp:attachment":[{"href":"https:\/\/roussillonfishing.com\/en\/wp-json\/wp\/v2\/media?parent=325"}],"wp:term":[{"taxonomy":"product_brand","embeddable":true,"href":"https:\/\/roussillonfishing.com\/en\/wp-json\/wp\/v2\/product_brand?post=325"},{"taxonomy":"product_cat","embeddable":true,"href":"https:\/\/roussillonfishing.com\/en\/wp-json\/wp\/v2\/product_cat?post=325"},{"taxonomy":"product_tag","embeddable":true,"href":"https:\/\/roussillonfishing.com\/en\/wp-json\/wp\/v2\/product_tag?post=325"}],"curies":[{"name":"wp","href":"https:\/\/api.w.org\/{rel}","templated":true}]}}