{"id":479,"date":"2020-06-03T16:38:20","date_gmt":"2020-06-03T16:38:20","guid":{"rendered":"http:\/\/roussillonfishing.rodmaps.com\/?post_type=product&#038;p=479"},"modified":"2026-02-11T19:18:54","modified_gmt":"2026-02-11T19:18:54","slug":"pince-big-game-seanox-peche-au-gros-peche-sportive","status":"publish","type":"product","link":"https:\/\/roussillonfishing.com\/en\/product\/pince-big-game-seanox-peche-au-gros-peche-sportive","title":{"rendered":"Plier Big Game Seanox"},"content":{"rendered":"<p><iframe loading=\"lazy\" title=\"Amiaud fishing : Pince &quot;big game&quot; 2018 par Samuel Elgrishi\" width=\"1200\" height=\"675\" src=\"https:\/\/www.youtube.com\/embed\/t_z9evzOulQ?feature=oembed\" frameborder=\"0\" allow=\"accelerometer; autoplay; clipboard-write; encrypted-media; gyroscope; picture-in-picture; web-share\" referrerpolicy=\"strict-origin-when-cross-origin\" allowfullscreen><\/iframe><\/p>\n<p>Un outil dont je ne me s\u00e9pare plus lors des sessions de p\u00eache au gros, notamment orient\u00e9 vers le thon rouge.<br \/>\nLe sport, le respect des r\u00e8gles, de son adversaire, la p\u00eache sportive, c&rsquo;est un poisson dans l&rsquo;eau, manipul\u00e9 le moins possible, d\u00e9croch\u00e9 et r\u00e9oxyg\u00e9n\u00e9 dans les meilleures conditions.<br \/>\nL&rsquo;\u00e9go de l&rsquo;Homme et des p\u00eacheurs est une chose, brandir un poisson dans son bateau ou sa cuisine aussi.<br \/>\nD\u00e9sormais, pour les photos avec vos prises \u00a0\u00bb TROPH\u00e9E \u00ab\u00a0, vous aurez tout le temps d&rsquo;en faire le long du bateau avant de rel\u00e2cher votre adversaire.<\/p>\n<p>La pince \u00e0 thon pour la p\u00eache au gros de notre marque Seanox est \u00e9tudi\u00e9e pour immobiliser les gros poissons marins et les d\u00e9crocher en toute s\u00e9curit\u00e9 sans les sortir de l&rsquo;eau.<br \/>\nFabriqu\u00e9e en France, nous l&rsquo;avons con\u00e7u pour ne pas blesser les poissons tout en assurant une prise ferme aux p\u00eacheurs m\u00eame sur les plus gros sp\u00e9cimens, jusqu&rsquo;\u00e0 300kgs. Elle vous permettra de rel\u00e2cher en toute tranquillit\u00e9 vos prises avec un minimum de traumatisme pour le poisson.<br \/>\nLa pince est assez robuste pour vous aider \u00e0 hisser vos prises \u00e0 bord de votre embarcation.<br \/>\nTest\u00e9e et approuv\u00e9e par des guides de p\u00eache au thon, la pince \u00e0 thon Seanox est robuste et fiable. Elle deviendra un accessoire indispensable pour vos sessions Big Game !<\/p>\n<h2 class=\"h2 hidden-sm-down\">Description<\/h2>\n<div class=\"product-description\">La pince \u00e0 thon V.3 Seanox est \u00e9tudi\u00e9e pour immobiliser les gros poissons marins et les d\u00e9crocher en toute s\u00e9curit\u00e9 sans les sortir de l&rsquo;eau.<br \/>\nFabriqu\u00e9e en France, nous l&rsquo;avons con\u00e7u pour ne pas blesser les poissons tout en assurant une prise ferme aux p\u00eacheurs m\u00eame sur les plus gros sp\u00e9cimens, jusqu&rsquo;\u00e0 300kgs. Elle vous permettra de rel\u00e2cher en toute tranquillit\u00e9 vos prises avec un minimum de traumatisme pour le poisson.<br \/>\nLa pincevous aidera \u00e0 hisser vos prises \u00e0 bord de votre embarcation.<br \/>\nTest\u00e9e et approuv\u00e9e, la pince \u00e0 thon Seanox est robuste et fiable. Elle deviendra un accessoire indispensable pour vos sessions Big Game !Mati\u00e8re \ud83d\ude2e Manche en Alu<br \/>\no Pince en Inox 6mm<br \/>\no Grip thermor\u00e9tractable antid\u00e9rapant hydrophobe et imperm\u00e9able<br \/>\no Peinture \u00e9poxy noireDimensions \ud83d\ude2e Ouverture m\u00e2choire : 7 cm<br \/>\no Longueur : 1,30 m<br \/>\no Poids : 1.940 kilosSp\u00e9cificit\u00e9 de notre pince<\/p>\n<p>o Grande m\u00e2choire avec stries pour emp\u00eacher le glissement de la pince dans la bouche du poisson<br \/>\no Un loop en dyneema d&rsquo;accroche antiperte au niveau du manche pour assurer la pince<br \/>\no Impossible d&rsquo;ouvrir sans actionner la g\u00e2chette<br \/>\no Fermeture rapide (puissant ressort inox de 9 kilos)<br \/>\no Grip r\u00e9sistant et ne glisse pas, m\u00eame mains mouill\u00e9es<br \/>\no R\u00e9sistance 300 kilos \u00e0 l&rsquo;ouverture<br \/>\no G\u00e2chette large, permet de glisser toute la main pour plus de confort et de s\u00e9curit\u00e9<br \/>\no Peinture \u00e9poxy noire pour plus de r\u00e9sistance au sel<\/p>\n<\/div>\n<p>&nbsp;<\/p>\n<p>&nbsp;<\/p>","protected":false},"excerpt":{"rendered":"<p>Un outil dont je ne me s\u00e9pare plus lors des sessions de p\u00eache au gros, notamment orient\u00e9 vers le thon rouge. Le sport, le respect des r\u00e8gles, de son adversaire,<\/p>","protected":false},"featured_media":1142,"comment_status":"closed","ping_status":"closed","template":"","meta":[],"product_brand":[],"product_cat":[23],"product_tag":[24,63,61,49,64,62],"class_list":{"0":"post-479","1":"product","2":"type-product","3":"status-publish","4":"has-post-thumbnail","6":"product_cat-accessoires","7":"product_tag-accessoires","8":"product_tag-big-game-fishing","9":"product_tag-peche-au-gros","10":"product_tag-peche-sportive","11":"product_tag-pince-a-thon","12":"product_tag-pince-big-game","14":"first","15":"instock","16":"sale","17":"featured","18":"taxable","19":"shipping-taxable","20":"purchasable","21":"product-type-simple"},"yoast_head":"<!-- This site is optimized with the Yoast SEO plugin v27.5 - https:\/\/yoast.com\/product\/yoast-seo-wordpress\/ -->\n<title>Pince Big Game Seanox - Roussillon Fishing %<\/title>\n<meta name=\"description\" content=\"pince big game, p\u00eache au gros, p\u00eache sportive, big game fishing Roussillon Fishing - Pince Big Game Seanox\" \/>\n<meta name=\"robots\" content=\"index, follow, max-snippet:-1, max-image-preview:large, max-video-preview:-1\" \/>\n<link rel=\"canonical\" href=\"https:\/\/roussillonfishing.com\/en\/product\/pince-big-game-seanox-peche-au-gros-peche-sportive\/\" \/>\n<meta property=\"og:locale\" content=\"en_GB\" \/>\n<meta property=\"og:type\" content=\"article\" \/>\n<meta property=\"og:title\" content=\"Pince Big Game Seanox - Roussillon Fishing %\" \/>\n<meta property=\"og:description\" content=\"pince big game, p\u00eache au gros, p\u00eache sportive, big game fishing Roussillon Fishing - Pince Big Game Seanox\" \/>\n<meta property=\"og:url\" content=\"https:\/\/roussillonfishing.com\/en\/product\/pince-big-game-seanox-peche-au-gros-peche-sportive\/\" \/>\n<meta property=\"og:site_name\" content=\"Roussillon Fishing\" \/>\n<meta property=\"article:publisher\" content=\"https:\/\/www.facebook.com\/Samuel.Elgrishi.Fishing.Guide.Instructor\/\" \/>\n<meta property=\"article:modified_time\" content=\"2026-02-11T19:18:54+00:00\" \/>\n<meta property=\"og:image\" content=\"https:\/\/roussillonfishing.com\/wp-content\/uploads\/2020\/06\/pince-a-thon-seanox-v3.jpg\" \/>\n\t<meta property=\"og:image:width\" content=\"800\" \/>\n\t<meta property=\"og:image:height\" content=\"800\" \/>\n\t<meta property=\"og:image:type\" content=\"image\/jpeg\" \/>\n<meta name=\"twitter:card\" content=\"summary_large_image\" \/>\n<meta name=\"twitter:label1\" content=\"Estimated reading time\" \/>\n\t<meta name=\"twitter:data1\" content=\"3 minutes\" \/>\n<script type=\"application\/ld+json\" class=\"yoast-schema-graph\">{\"@context\":\"https:\\\/\\\/schema.org\",\"@graph\":[{\"@type\":\"WebPage\",\"@id\":\"https:\\\/\\\/roussillonfishing.com\\\/produit\\\/pince-big-game-seanox-peche-au-gros-peche-sportive\",\"url\":\"https:\\\/\\\/roussillonfishing.com\\\/produit\\\/pince-big-game-seanox-peche-au-gros-peche-sportive\",\"name\":\"Pince Big Game Seanox - Roussillon Fishing %\",\"isPartOf\":{\"@id\":\"https:\\\/\\\/roussillonfishing.com\\\/en\\\/#website\"},\"primaryImageOfPage\":{\"@id\":\"https:\\\/\\\/roussillonfishing.com\\\/produit\\\/pince-big-game-seanox-peche-au-gros-peche-sportive#primaryimage\"},\"image\":{\"@id\":\"https:\\\/\\\/roussillonfishing.com\\\/produit\\\/pince-big-game-seanox-peche-au-gros-peche-sportive#primaryimage\"},\"thumbnailUrl\":\"https:\\\/\\\/roussillonfishing.com\\\/wp-content\\\/uploads\\\/2020\\\/06\\\/pince-a-thon-seanox-v3.jpg\",\"datePublished\":\"2020-06-03T16:38:20+00:00\",\"dateModified\":\"2026-02-11T19:18:54+00:00\",\"description\":\"pince big game, p\u00eache au gros, p\u00eache sportive, big game fishing Roussillon Fishing - Pince Big Game Seanox\",\"breadcrumb\":{\"@id\":\"https:\\\/\\\/roussillonfishing.com\\\/produit\\\/pince-big-game-seanox-peche-au-gros-peche-sportive#breadcrumb\"},\"inLanguage\":\"en-GB\",\"potentialAction\":[{\"@type\":\"ReadAction\",\"target\":[\"https:\\\/\\\/roussillonfishing.com\\\/produit\\\/pince-big-game-seanox-peche-au-gros-peche-sportive\"]}]},{\"@type\":\"ImageObject\",\"inLanguage\":\"en-GB\",\"@id\":\"https:\\\/\\\/roussillonfishing.com\\\/produit\\\/pince-big-game-seanox-peche-au-gros-peche-sportive#primaryimage\",\"url\":\"https:\\\/\\\/roussillonfishing.com\\\/wp-content\\\/uploads\\\/2020\\\/06\\\/pince-a-thon-seanox-v3.jpg\",\"contentUrl\":\"https:\\\/\\\/roussillonfishing.com\\\/wp-content\\\/uploads\\\/2020\\\/06\\\/pince-a-thon-seanox-v3.jpg\",\"width\":800,\"height\":800,\"caption\":\"pince big game Seanox Amiaud\"},{\"@type\":\"BreadcrumbList\",\"@id\":\"https:\\\/\\\/roussillonfishing.com\\\/produit\\\/pince-big-game-seanox-peche-au-gros-peche-sportive#breadcrumb\",\"itemListElement\":[{\"@type\":\"ListItem\",\"position\":1,\"name\":\"Accueil\",\"item\":\"https:\\\/\\\/roussillonfishing.com\\\/\"},{\"@type\":\"ListItem\",\"position\":2,\"name\":\"Boutique\",\"item\":\"https:\\\/\\\/roussillonfishing.com\\\/boutique\"},{\"@type\":\"ListItem\",\"position\":3,\"name\":\"Pince Big Game Seanox\"}]},{\"@type\":\"WebSite\",\"@id\":\"https:\\\/\\\/roussillonfishing.com\\\/en\\\/#website\",\"url\":\"https:\\\/\\\/roussillonfishing.com\\\/en\\\/\",\"name\":\"Roussillon Fishing\",\"description\":\"Moniteur et Guide de p\u00eache dans Les Pyr\u00e9n\u00e9es Orientales\",\"potentialAction\":[{\"@type\":\"SearchAction\",\"target\":{\"@type\":\"EntryPoint\",\"urlTemplate\":\"https:\\\/\\\/roussillonfishing.com\\\/en\\\/?s={search_term_string}\"},\"query-input\":{\"@type\":\"PropertyValueSpecification\",\"valueRequired\":true,\"valueName\":\"search_term_string\"}}],\"inLanguage\":\"en-GB\"}]}<\/script>\n<!-- \/ Yoast SEO plugin. -->","yoast_head_json":{"title":"Pince Big Game Seanox - Roussillon Fishing %","description":"pince big game, p\u00eache au gros, p\u00eache sportive, big game fishing Roussillon Fishing - Pince Big Game Seanox","robots":{"index":"index","follow":"follow","max-snippet":"max-snippet:-1","max-image-preview":"max-image-preview:large","max-video-preview":"max-video-preview:-1"},"canonical":"https:\/\/roussillonfishing.com\/en\/product\/pince-big-game-seanox-peche-au-gros-peche-sportive\/","og_locale":"en_GB","og_type":"article","og_title":"Pince Big Game Seanox - Roussillon Fishing %","og_description":"pince big game, p\u00eache au gros, p\u00eache sportive, big game fishing Roussillon Fishing - Pince Big Game Seanox","og_url":"https:\/\/roussillonfishing.com\/en\/product\/pince-big-game-seanox-peche-au-gros-peche-sportive\/","og_site_name":"Roussillon Fishing","article_publisher":"https:\/\/www.facebook.com\/Samuel.Elgrishi.Fishing.Guide.Instructor\/","article_modified_time":"2026-02-11T19:18:54+00:00","og_image":[{"width":800,"height":800,"url":"https:\/\/roussillonfishing.com\/wp-content\/uploads\/2020\/06\/pince-a-thon-seanox-v3.jpg","type":"image\/jpeg"}],"twitter_card":"summary_large_image","twitter_misc":{"Estimated reading time":"3 minutes"},"schema":{"@context":"https:\/\/schema.org","@graph":[{"@type":"WebPage","@id":"https:\/\/roussillonfishing.com\/produit\/pince-big-game-seanox-peche-au-gros-peche-sportive","url":"https:\/\/roussillonfishing.com\/produit\/pince-big-game-seanox-peche-au-gros-peche-sportive","name":"Pince Big Game Seanox - Roussillon Fishing %","isPartOf":{"@id":"https:\/\/roussillonfishing.com\/en\/#website"},"primaryImageOfPage":{"@id":"https:\/\/roussillonfishing.com\/produit\/pince-big-game-seanox-peche-au-gros-peche-sportive#primaryimage"},"image":{"@id":"https:\/\/roussillonfishing.com\/produit\/pince-big-game-seanox-peche-au-gros-peche-sportive#primaryimage"},"thumbnailUrl":"https:\/\/roussillonfishing.com\/wp-content\/uploads\/2020\/06\/pince-a-thon-seanox-v3.jpg","datePublished":"2020-06-03T16:38:20+00:00","dateModified":"2026-02-11T19:18:54+00:00","description":"pince big game, p\u00eache au gros, p\u00eache sportive, big game fishing Roussillon Fishing - Pince Big Game Seanox","breadcrumb":{"@id":"https:\/\/roussillonfishing.com\/produit\/pince-big-game-seanox-peche-au-gros-peche-sportive#breadcrumb"},"inLanguage":"en-GB","potentialAction":[{"@type":"ReadAction","target":["https:\/\/roussillonfishing.com\/produit\/pince-big-game-seanox-peche-au-gros-peche-sportive"]}]},{"@type":"ImageObject","inLanguage":"en-GB","@id":"https:\/\/roussillonfishing.com\/produit\/pince-big-game-seanox-peche-au-gros-peche-sportive#primaryimage","url":"https:\/\/roussillonfishing.com\/wp-content\/uploads\/2020\/06\/pince-a-thon-seanox-v3.jpg","contentUrl":"https:\/\/roussillonfishing.com\/wp-content\/uploads\/2020\/06\/pince-a-thon-seanox-v3.jpg","width":800,"height":800,"caption":"pince big game Seanox Amiaud"},{"@type":"BreadcrumbList","@id":"https:\/\/roussillonfishing.com\/produit\/pince-big-game-seanox-peche-au-gros-peche-sportive#breadcrumb","itemListElement":[{"@type":"ListItem","position":1,"name":"Accueil","item":"https:\/\/roussillonfishing.com\/"},{"@type":"ListItem","position":2,"name":"Boutique","item":"https:\/\/roussillonfishing.com\/boutique"},{"@type":"ListItem","position":3,"name":"Pince Big Game Seanox"}]},{"@type":"WebSite","@id":"https:\/\/roussillonfishing.com\/en\/#website","url":"https:\/\/roussillonfishing.com\/en\/","name":"Roussillon Fishing","description":"Moniteur et Guide de p\u00eache dans Les Pyr\u00e9n\u00e9es Orientales","potentialAction":[{"@type":"SearchAction","target":{"@type":"EntryPoint","urlTemplate":"https:\/\/roussillonfishing.com\/en\/?s={search_term_string}"},"query-input":{"@type":"PropertyValueSpecification","valueRequired":true,"valueName":"search_term_string"}}],"inLanguage":"en-GB"}]}},"jetpack_sharing_enabled":true,"_links":{"self":[{"href":"https:\/\/roussillonfishing.com\/en\/wp-json\/wp\/v2\/product\/479","targetHints":{"allow":["GET"]}}],"collection":[{"href":"https:\/\/roussillonfishing.com\/en\/wp-json\/wp\/v2\/product"}],"about":[{"href":"https:\/\/roussillonfishing.com\/en\/wp-json\/wp\/v2\/types\/product"}],"replies":[{"embeddable":true,"href":"https:\/\/roussillonfishing.com\/en\/wp-json\/wp\/v2\/comments?post=479"}],"wp:featuredmedia":[{"embeddable":true,"href":"https:\/\/roussillonfishing.com\/en\/wp-json\/wp\/v2\/media\/1142"}],"wp:attachment":[{"href":"https:\/\/roussillonfishing.com\/en\/wp-json\/wp\/v2\/media?parent=479"}],"wp:term":[{"taxonomy":"product_brand","embeddable":true,"href":"https:\/\/roussillonfishing.com\/en\/wp-json\/wp\/v2\/product_brand?post=479"},{"taxonomy":"product_cat","embeddable":true,"href":"https:\/\/roussillonfishing.com\/en\/wp-json\/wp\/v2\/product_cat?post=479"},{"taxonomy":"product_tag","embeddable":true,"href":"https:\/\/roussillonfishing.com\/en\/wp-json\/wp\/v2\/product_tag?post=479"}],"curies":[{"name":"wp","href":"https:\/\/api.w.org\/{rel}","templated":true}]}}