{"id":632,"date":"2020-08-28T21:29:42","date_gmt":"2020-08-28T21:29:42","guid":{"rendered":"https:\/\/roussillonfishing.com\/?post_type=product&#038;p=632"},"modified":"2021-05-27T10:28:08","modified_gmt":"2021-05-27T10:28:08","slug":"porte-cle-roussillon-fishing","status":"publish","type":"product","link":"https:\/\/roussillonfishing.com\/en\/product\/porte-cle-roussillon-fishing","title":{"rendered":"Porte cl\u00e9 Roussillon Fishing"},"content":{"rendered":"<p><img loading=\"lazy\" decoding=\"async\" class=\"alignnone size-large wp-image-633\" src=\"https:\/\/roussillonfishing.com\/wp-content\/uploads\/2020\/08\/20200822122603_IMG_9959-1024x683.jpg\" alt=\"\" width=\"1024\" height=\"683\" srcset=\"https:\/\/roussillonfishing.com\/wp-content\/uploads\/2020\/08\/20200822122603_IMG_9959-1024x683.jpg 1024w, https:\/\/roussillonfishing.com\/wp-content\/uploads\/2020\/08\/20200822122603_IMG_9959-300x200.jpg 300w, https:\/\/roussillonfishing.com\/wp-content\/uploads\/2020\/08\/20200822122603_IMG_9959-768x512.jpg 768w, https:\/\/roussillonfishing.com\/wp-content\/uploads\/2020\/08\/20200822122603_IMG_9959-1536x1024.jpg 1536w, https:\/\/roussillonfishing.com\/wp-content\/uploads\/2020\/08\/20200822122603_IMG_9959-2048x1365.jpg 2048w, https:\/\/roussillonfishing.com\/wp-content\/uploads\/2020\/08\/20200822122603_IMG_9959-600x400.jpg 600w\" sizes=\"auto, (max-width: 1024px) 100vw, 1024px\" \/><\/p>","protected":false},"excerpt":{"rendered":"","protected":false},"featured_media":633,"comment_status":"open","ping_status":"closed","template":"","meta":[],"product_brand":[],"product_cat":[25],"product_tag":[28,29],"class_list":{"0":"post-632","1":"product","2":"type-product","3":"status-publish","4":"has-post-thumbnail","6":"product_cat-goodies","7":"product_tag-occitan-fabrik","8":"product_tag-porte-cle","10":"first","11":"instock","12":"taxable","13":"shipping-taxable","14":"purchasable","15":"product-type-simple"},"yoast_head":"<!-- This site is optimized with the Yoast SEO plugin v27.3 - https:\/\/yoast.com\/product\/yoast-seo-wordpress\/ -->\n<title>Porte cl\u00e9 Roussillon Fishing - Roussillon Fishing<\/title>\n<meta name=\"robots\" content=\"index, follow, max-snippet:-1, max-image-preview:large, max-video-preview:-1\" \/>\n<link rel=\"canonical\" href=\"https:\/\/roussillonfishing.com\/en\/product\/porte-cle-roussillon-fishing\" \/>\n<meta property=\"og:locale\" content=\"en_GB\" \/>\n<meta property=\"og:type\" content=\"article\" \/>\n<meta property=\"og:title\" content=\"Porte cl\u00e9 Roussillon Fishing - Roussillon Fishing\" \/>\n<meta property=\"og:url\" content=\"https:\/\/roussillonfishing.com\/en\/product\/porte-cle-roussillon-fishing\" \/>\n<meta property=\"og:site_name\" content=\"Roussillon Fishing\" \/>\n<meta property=\"article:publisher\" content=\"https:\/\/www.facebook.com\/Samuel.Elgrishi.Fishing.Guide.Instructor\/\" \/>\n<meta property=\"article:modified_time\" content=\"2021-05-27T10:28:08+00:00\" \/>\n<meta property=\"og:image\" content=\"https:\/\/roussillonfishing.com\/wp-content\/uploads\/2020\/08\/20200822122603_IMG_9959-scaled.jpg\" \/>\n\t<meta property=\"og:image:width\" content=\"2560\" \/>\n\t<meta property=\"og:image:height\" content=\"1707\" \/>\n\t<meta property=\"og:image:type\" content=\"image\/jpeg\" \/>\n<meta name=\"twitter:card\" content=\"summary_large_image\" \/>\n<script type=\"application\/ld+json\" class=\"yoast-schema-graph\">{\"@context\":\"https:\\\/\\\/schema.org\",\"@graph\":[{\"@type\":\"WebPage\",\"@id\":\"https:\\\/\\\/roussillonfishing.com\\\/en\\\/product\\\/porte-cle-roussillon-fishing\",\"url\":\"https:\\\/\\\/roussillonfishing.com\\\/en\\\/product\\\/porte-cle-roussillon-fishing\",\"name\":\"Porte cl\u00e9 Roussillon Fishing - Roussillon Fishing\",\"isPartOf\":{\"@id\":\"https:\\\/\\\/roussillonfishing.com\\\/en\\\/#website\"},\"primaryImageOfPage\":{\"@id\":\"https:\\\/\\\/roussillonfishing.com\\\/en\\\/product\\\/porte-cle-roussillon-fishing#primaryimage\"},\"image\":{\"@id\":\"https:\\\/\\\/roussillonfishing.com\\\/en\\\/product\\\/porte-cle-roussillon-fishing#primaryimage\"},\"thumbnailUrl\":\"https:\\\/\\\/roussillonfishing.com\\\/wp-content\\\/uploads\\\/2020\\\/08\\\/20200822122603_IMG_9959-scaled.jpg\",\"datePublished\":\"2020-08-28T21:29:42+00:00\",\"dateModified\":\"2021-05-27T10:28:08+00:00\",\"breadcrumb\":{\"@id\":\"https:\\\/\\\/roussillonfishing.com\\\/en\\\/product\\\/porte-cle-roussillon-fishing#breadcrumb\"},\"inLanguage\":\"en-GB\",\"potentialAction\":[{\"@type\":\"ReadAction\",\"target\":[\"https:\\\/\\\/roussillonfishing.com\\\/en\\\/product\\\/porte-cle-roussillon-fishing\"]}]},{\"@type\":\"ImageObject\",\"inLanguage\":\"en-GB\",\"@id\":\"https:\\\/\\\/roussillonfishing.com\\\/en\\\/product\\\/porte-cle-roussillon-fishing#primaryimage\",\"url\":\"https:\\\/\\\/roussillonfishing.com\\\/wp-content\\\/uploads\\\/2020\\\/08\\\/20200822122603_IMG_9959-scaled.jpg\",\"contentUrl\":\"https:\\\/\\\/roussillonfishing.com\\\/wp-content\\\/uploads\\\/2020\\\/08\\\/20200822122603_IMG_9959-scaled.jpg\",\"width\":2560,\"height\":1707},{\"@type\":\"BreadcrumbList\",\"@id\":\"https:\\\/\\\/roussillonfishing.com\\\/en\\\/product\\\/porte-cle-roussillon-fishing#breadcrumb\",\"itemListElement\":[{\"@type\":\"ListItem\",\"position\":1,\"name\":\"Accueil\",\"item\":\"https:\\\/\\\/roussillonfishing.com\\\/\"},{\"@type\":\"ListItem\",\"position\":2,\"name\":\"Boutique\",\"item\":\"https:\\\/\\\/roussillonfishing.com\\\/boutique\"},{\"@type\":\"ListItem\",\"position\":3,\"name\":\"Porte cl\u00e9 Roussillon Fishing\"}]},{\"@type\":\"WebSite\",\"@id\":\"https:\\\/\\\/roussillonfishing.com\\\/en\\\/#website\",\"url\":\"https:\\\/\\\/roussillonfishing.com\\\/en\\\/\",\"name\":\"Roussillon Fishing\",\"description\":\"Moniteur et Guide de p\u00eache dans Les Pyr\u00e9n\u00e9es Orientales\",\"potentialAction\":[{\"@type\":\"SearchAction\",\"target\":{\"@type\":\"EntryPoint\",\"urlTemplate\":\"https:\\\/\\\/roussillonfishing.com\\\/en\\\/?s={search_term_string}\"},\"query-input\":{\"@type\":\"PropertyValueSpecification\",\"valueRequired\":true,\"valueName\":\"search_term_string\"}}],\"inLanguage\":\"en-GB\"}]}<\/script>\n<!-- \/ Yoast SEO plugin. -->","yoast_head_json":{"title":"Porte cl\u00e9 Roussillon Fishing - Roussillon Fishing","robots":{"index":"index","follow":"follow","max-snippet":"max-snippet:-1","max-image-preview":"max-image-preview:large","max-video-preview":"max-video-preview:-1"},"canonical":"https:\/\/roussillonfishing.com\/en\/product\/porte-cle-roussillon-fishing","og_locale":"en_GB","og_type":"article","og_title":"Porte cl\u00e9 Roussillon Fishing - Roussillon Fishing","og_url":"https:\/\/roussillonfishing.com\/en\/product\/porte-cle-roussillon-fishing","og_site_name":"Roussillon Fishing","article_publisher":"https:\/\/www.facebook.com\/Samuel.Elgrishi.Fishing.Guide.Instructor\/","article_modified_time":"2021-05-27T10:28:08+00:00","og_image":[{"width":2560,"height":1707,"url":"https:\/\/roussillonfishing.com\/wp-content\/uploads\/2020\/08\/20200822122603_IMG_9959-scaled.jpg","type":"image\/jpeg"}],"twitter_card":"summary_large_image","schema":{"@context":"https:\/\/schema.org","@graph":[{"@type":"WebPage","@id":"https:\/\/roussillonfishing.com\/en\/product\/porte-cle-roussillon-fishing","url":"https:\/\/roussillonfishing.com\/en\/product\/porte-cle-roussillon-fishing","name":"Porte cl\u00e9 Roussillon Fishing - Roussillon Fishing","isPartOf":{"@id":"https:\/\/roussillonfishing.com\/en\/#website"},"primaryImageOfPage":{"@id":"https:\/\/roussillonfishing.com\/en\/product\/porte-cle-roussillon-fishing#primaryimage"},"image":{"@id":"https:\/\/roussillonfishing.com\/en\/product\/porte-cle-roussillon-fishing#primaryimage"},"thumbnailUrl":"https:\/\/roussillonfishing.com\/wp-content\/uploads\/2020\/08\/20200822122603_IMG_9959-scaled.jpg","datePublished":"2020-08-28T21:29:42+00:00","dateModified":"2021-05-27T10:28:08+00:00","breadcrumb":{"@id":"https:\/\/roussillonfishing.com\/en\/product\/porte-cle-roussillon-fishing#breadcrumb"},"inLanguage":"en-GB","potentialAction":[{"@type":"ReadAction","target":["https:\/\/roussillonfishing.com\/en\/product\/porte-cle-roussillon-fishing"]}]},{"@type":"ImageObject","inLanguage":"en-GB","@id":"https:\/\/roussillonfishing.com\/en\/product\/porte-cle-roussillon-fishing#primaryimage","url":"https:\/\/roussillonfishing.com\/wp-content\/uploads\/2020\/08\/20200822122603_IMG_9959-scaled.jpg","contentUrl":"https:\/\/roussillonfishing.com\/wp-content\/uploads\/2020\/08\/20200822122603_IMG_9959-scaled.jpg","width":2560,"height":1707},{"@type":"BreadcrumbList","@id":"https:\/\/roussillonfishing.com\/en\/product\/porte-cle-roussillon-fishing#breadcrumb","itemListElement":[{"@type":"ListItem","position":1,"name":"Accueil","item":"https:\/\/roussillonfishing.com\/"},{"@type":"ListItem","position":2,"name":"Boutique","item":"https:\/\/roussillonfishing.com\/boutique"},{"@type":"ListItem","position":3,"name":"Porte cl\u00e9 Roussillon Fishing"}]},{"@type":"WebSite","@id":"https:\/\/roussillonfishing.com\/en\/#website","url":"https:\/\/roussillonfishing.com\/en\/","name":"Roussillon Fishing","description":"Moniteur et Guide de p\u00eache dans Les Pyr\u00e9n\u00e9es Orientales","potentialAction":[{"@type":"SearchAction","target":{"@type":"EntryPoint","urlTemplate":"https:\/\/roussillonfishing.com\/en\/?s={search_term_string}"},"query-input":{"@type":"PropertyValueSpecification","valueRequired":true,"valueName":"search_term_string"}}],"inLanguage":"en-GB"}]}},"jetpack_sharing_enabled":true,"_links":{"self":[{"href":"https:\/\/roussillonfishing.com\/en\/wp-json\/wp\/v2\/product\/632","targetHints":{"allow":["GET"]}}],"collection":[{"href":"https:\/\/roussillonfishing.com\/en\/wp-json\/wp\/v2\/product"}],"about":[{"href":"https:\/\/roussillonfishing.com\/en\/wp-json\/wp\/v2\/types\/product"}],"replies":[{"embeddable":true,"href":"https:\/\/roussillonfishing.com\/en\/wp-json\/wp\/v2\/comments?post=632"}],"wp:featuredmedia":[{"embeddable":true,"href":"https:\/\/roussillonfishing.com\/en\/wp-json\/wp\/v2\/media\/633"}],"wp:attachment":[{"href":"https:\/\/roussillonfishing.com\/en\/wp-json\/wp\/v2\/media?parent=632"}],"wp:term":[{"taxonomy":"product_brand","embeddable":true,"href":"https:\/\/roussillonfishing.com\/en\/wp-json\/wp\/v2\/product_brand?post=632"},{"taxonomy":"product_cat","embeddable":true,"href":"https:\/\/roussillonfishing.com\/en\/wp-json\/wp\/v2\/product_cat?post=632"},{"taxonomy":"product_tag","embeddable":true,"href":"https:\/\/roussillonfishing.com\/en\/wp-json\/wp\/v2\/product_tag?post=632"}],"curies":[{"name":"wp","href":"https:\/\/api.w.org\/{rel}","templated":true}]}}