{"id":641,"date":"2020-09-01T10:08:06","date_gmt":"2020-09-01T10:08:06","guid":{"rendered":"https:\/\/roussillonfishing.com\/?post_type=product&#038;p=641"},"modified":"2024-07-02T08:34:45","modified_gmt":"2024-07-02T08:34:45","slug":"lunette-polarisante-verre-mineral-pelagic-poursuit","status":"publish","type":"product","link":"https:\/\/roussillonfishing.com\/en\/product\/lunette-polarisante-verre-mineral-pelagic-poursuit","title":{"rendered":"Lunette Polarisante Verre Min\u00e9ral \u00a0\u00bb Pelagic Poursuit \u00a0\u00bb BLUE HELIX"},"content":{"rendered":"<p>Ref: 1520181001-BHBL<br \/>\nBLUE HELIX &#8211; BLUE<\/p>\n<p>&nbsp;<\/p>\n<p>Fabriqu\u00e9e en Italie<br \/>\nElles offrent le contraste le plus naturel selon la plupart des luminosit\u00e9s et profondeurs, tr\u00e8s r\u00e9sistantes, en verre min\u00e9ral, montures en polyur\u00e9thane renforc\u00e9es.<br \/>\nOn dit qu&rsquo;il faut trouver chaussures \u00e0 son pied, mais pour un p\u00eacheur, les yeux c&rsquo;est important. Une protection parfaite, une grande qualit\u00e9, je ne m&rsquo;en s\u00e9pare plus.<\/p>\n<p>FRAME<br \/>\n8 base mold injected<br \/>\nOPTICS<br \/>\nPMG Polarized Mineral Glass with 7-layer lens system<br \/>\nMEASUREMENTS<br \/>\n45h &#8211; 140w &#8211; 115l<\/p>\n<p><img loading=\"lazy\" decoding=\"async\" class=\"alignnone size-large wp-image-643\" src=\"https:\/\/roussillonfishing.com\/wp-content\/uploads\/2020\/09\/Pursuit_Glass_BHBL_1_1200x1200-1024x1024.jpg\" alt=\"\" width=\"1024\" height=\"1024\" srcset=\"https:\/\/roussillonfishing.com\/wp-content\/uploads\/2020\/09\/Pursuit_Glass_BHBL_1_1200x1200-1024x1024.jpg 1024w, https:\/\/roussillonfishing.com\/wp-content\/uploads\/2020\/09\/Pursuit_Glass_BHBL_1_1200x1200-300x300.jpg 300w, https:\/\/roussillonfishing.com\/wp-content\/uploads\/2020\/09\/Pursuit_Glass_BHBL_1_1200x1200-150x150.jpg 150w, https:\/\/roussillonfishing.com\/wp-content\/uploads\/2020\/09\/Pursuit_Glass_BHBL_1_1200x1200-768x768.jpg 768w, https:\/\/roussillonfishing.com\/wp-content\/uploads\/2020\/09\/Pursuit_Glass_BHBL_1_1200x1200-600x600.jpg 600w, https:\/\/roussillonfishing.com\/wp-content\/uploads\/2020\/09\/Pursuit_Glass_BHBL_1_1200x1200-100x100.jpg 100w, https:\/\/roussillonfishing.com\/wp-content\/uploads\/2020\/09\/Pursuit_Glass_BHBL_1_1200x1200.jpg 1200w\" sizes=\"auto, (max-width: 1024px) 100vw, 1024px\" \/><\/p>\n<p><img loading=\"lazy\" decoding=\"async\" class=\"alignnone size-large wp-image-644\" src=\"https:\/\/roussillonfishing.com\/wp-content\/uploads\/2020\/09\/Pursuit_Glass_BHBL_2_1200x1200-1024x1024.jpg\" alt=\"\" width=\"1024\" height=\"1024\" srcset=\"https:\/\/roussillonfishing.com\/wp-content\/uploads\/2020\/09\/Pursuit_Glass_BHBL_2_1200x1200-1024x1024.jpg 1024w, https:\/\/roussillonfishing.com\/wp-content\/uploads\/2020\/09\/Pursuit_Glass_BHBL_2_1200x1200-300x300.jpg 300w, https:\/\/roussillonfishing.com\/wp-content\/uploads\/2020\/09\/Pursuit_Glass_BHBL_2_1200x1200-150x150.jpg 150w, https:\/\/roussillonfishing.com\/wp-content\/uploads\/2020\/09\/Pursuit_Glass_BHBL_2_1200x1200-768x768.jpg 768w, https:\/\/roussillonfishing.com\/wp-content\/uploads\/2020\/09\/Pursuit_Glass_BHBL_2_1200x1200-600x600.jpg 600w, https:\/\/roussillonfishing.com\/wp-content\/uploads\/2020\/09\/Pursuit_Glass_BHBL_2_1200x1200-100x100.jpg 100w, https:\/\/roussillonfishing.com\/wp-content\/uploads\/2020\/09\/Pursuit_Glass_BHBL_2_1200x1200.jpg 1200w\" sizes=\"auto, (max-width: 1024px) 100vw, 1024px\" \/><\/p>\n<p><img loading=\"lazy\" decoding=\"async\" class=\"alignnone size-large wp-image-645\" src=\"https:\/\/roussillonfishing.com\/wp-content\/uploads\/2020\/09\/Pursuit_Glass_BHBL_3_1200x1200-1024x1024.jpg\" alt=\"\" width=\"1024\" height=\"1024\" srcset=\"https:\/\/roussillonfishing.com\/wp-content\/uploads\/2020\/09\/Pursuit_Glass_BHBL_3_1200x1200-1024x1024.jpg 1024w, https:\/\/roussillonfishing.com\/wp-content\/uploads\/2020\/09\/Pursuit_Glass_BHBL_3_1200x1200-300x300.jpg 300w, https:\/\/roussillonfishing.com\/wp-content\/uploads\/2020\/09\/Pursuit_Glass_BHBL_3_1200x1200-150x150.jpg 150w, https:\/\/roussillonfishing.com\/wp-content\/uploads\/2020\/09\/Pursuit_Glass_BHBL_3_1200x1200-768x768.jpg 768w, https:\/\/roussillonfishing.com\/wp-content\/uploads\/2020\/09\/Pursuit_Glass_BHBL_3_1200x1200-600x600.jpg 600w, https:\/\/roussillonfishing.com\/wp-content\/uploads\/2020\/09\/Pursuit_Glass_BHBL_3_1200x1200-100x100.jpg 100w, https:\/\/roussillonfishing.com\/wp-content\/uploads\/2020\/09\/Pursuit_Glass_BHBL_3_1200x1200.jpg 1200w\" sizes=\"auto, (max-width: 1024px) 100vw, 1024px\" \/><\/p>\n<p><img loading=\"lazy\" decoding=\"async\" class=\"alignnone size-large wp-image-646\" src=\"https:\/\/roussillonfishing.com\/wp-content\/uploads\/2020\/09\/Pursuit_Glass_BHBL_4_1200x1200-1024x1024.jpg\" alt=\"\" width=\"1024\" height=\"1024\" srcset=\"https:\/\/roussillonfishing.com\/wp-content\/uploads\/2020\/09\/Pursuit_Glass_BHBL_4_1200x1200-1024x1024.jpg 1024w, https:\/\/roussillonfishing.com\/wp-content\/uploads\/2020\/09\/Pursuit_Glass_BHBL_4_1200x1200-300x300.jpg 300w, https:\/\/roussillonfishing.com\/wp-content\/uploads\/2020\/09\/Pursuit_Glass_BHBL_4_1200x1200-150x150.jpg 150w, https:\/\/roussillonfishing.com\/wp-content\/uploads\/2020\/09\/Pursuit_Glass_BHBL_4_1200x1200-768x768.jpg 768w, https:\/\/roussillonfishing.com\/wp-content\/uploads\/2020\/09\/Pursuit_Glass_BHBL_4_1200x1200-600x600.jpg 600w, https:\/\/roussillonfishing.com\/wp-content\/uploads\/2020\/09\/Pursuit_Glass_BHBL_4_1200x1200-100x100.jpg 100w, https:\/\/roussillonfishing.com\/wp-content\/uploads\/2020\/09\/Pursuit_Glass_BHBL_4_1200x1200.jpg 1200w\" sizes=\"auto, (max-width: 1024px) 100vw, 1024px\" \/><\/p>\n<p><img loading=\"lazy\" decoding=\"async\" class=\"alignnone size-large wp-image-647\" src=\"https:\/\/roussillonfishing.com\/wp-content\/uploads\/2020\/09\/pursuit-2-blue-helix-blue-mirror-6-62aa_1200x1200-887x1024.jpg\" alt=\"\" width=\"887\" height=\"1024\" srcset=\"https:\/\/roussillonfishing.com\/wp-content\/uploads\/2020\/09\/pursuit-2-blue-helix-blue-mirror-6-62aa_1200x1200-887x1024.jpg 887w, https:\/\/roussillonfishing.com\/wp-content\/uploads\/2020\/09\/pursuit-2-blue-helix-blue-mirror-6-62aa_1200x1200-260x300.jpg 260w, https:\/\/roussillonfishing.com\/wp-content\/uploads\/2020\/09\/pursuit-2-blue-helix-blue-mirror-6-62aa_1200x1200-768x887.jpg 768w, https:\/\/roussillonfishing.com\/wp-content\/uploads\/2020\/09\/pursuit-2-blue-helix-blue-mirror-6-62aa_1200x1200-600x693.jpg 600w, https:\/\/roussillonfishing.com\/wp-content\/uploads\/2020\/09\/pursuit-2-blue-helix-blue-mirror-6-62aa_1200x1200.jpg 1039w\" sizes=\"auto, (max-width: 887px) 100vw, 887px\" \/><\/p>","protected":false},"excerpt":{"rendered":"<p>Ref: 1520181001-BHBL BLUE HELIX &#8211; BLUE &nbsp; Fabriqu\u00e9e en Italie Elles offrent le contraste le plus naturel selon la plupart des luminosit\u00e9s et profondeurs, tr\u00e8s r\u00e9sistantes, en verre min\u00e9ral, montures<\/p>","protected":false},"featured_media":643,"comment_status":"open","ping_status":"closed","template":"","meta":[],"product_brand":[],"product_cat":[23,21],"product_tag":[30,37,34,33,39,31,36,35,38,32],"class_list":{"0":"post-641","1":"product","2":"type-product","3":"status-publish","4":"has-post-thumbnail","6":"product_cat-accessoires","7":"product_cat-vetements","8":"product_tag-lunette","9":"product_tag-lunette-de-soleil","10":"product_tag-pelagic","11":"product_tag-pelagic-gear","12":"product_tag-pelagic-sunglasses","13":"product_tag-polarisante","14":"product_tag-roussillon-fishing","15":"product_tag-roussillon-fishing-shop","16":"product_tag-sunglasses","17":"product_tag-verre-mineral","19":"first","20":"outofstock","21":"featured","22":"taxable","23":"shipping-taxable","24":"purchasable","25":"product-type-simple"},"yoast_head":"<!-- This site is optimized with the Yoast SEO plugin v27.3 - https:\/\/yoast.com\/product\/yoast-seo-wordpress\/ -->\n<title>Lunette Polarisante Verre Min\u00e9ral &quot; Pelagic Poursuit &quot; BLUE HELIX - Roussillon Fishing<\/title>\n<meta name=\"description\" content=\"Lunette Polarisante Verre Min\u00e9ral &quot; Pelagic Poursuit &quot; Fabriqu\u00e9 en Italie\" \/>\n<meta name=\"robots\" content=\"index, follow, max-snippet:-1, max-image-preview:large, max-video-preview:-1\" \/>\n<link rel=\"canonical\" href=\"https:\/\/roussillonfishing.com\/en\/product\/lunette-polarisante-verre-mineral-pelagic-poursuit\/\" \/>\n<meta property=\"og:locale\" content=\"en_GB\" \/>\n<meta property=\"og:type\" content=\"article\" \/>\n<meta property=\"og:title\" content=\"Lunette Polarisante Verre Min\u00e9ral &quot; Pelagic Poursuit &quot; BLUE HELIX - Roussillon Fishing\" \/>\n<meta property=\"og:description\" content=\"Lunette Polarisante Verre Min\u00e9ral &quot; Pelagic Poursuit &quot; Fabriqu\u00e9 en Italie\" \/>\n<meta property=\"og:url\" content=\"https:\/\/roussillonfishing.com\/en\/product\/lunette-polarisante-verre-mineral-pelagic-poursuit\/\" \/>\n<meta property=\"og:site_name\" content=\"Roussillon Fishing\" \/>\n<meta property=\"article:publisher\" content=\"https:\/\/www.facebook.com\/Samuel.Elgrishi.Fishing.Guide.Instructor\/\" \/>\n<meta property=\"article:modified_time\" content=\"2024-07-02T08:34:45+00:00\" \/>\n<meta property=\"og:image\" content=\"https:\/\/roussillonfishing.com\/wp-content\/uploads\/2020\/09\/Pursuit_Glass_BHBL_1_1200x1200.jpg\" \/>\n\t<meta property=\"og:image:width\" content=\"1200\" \/>\n\t<meta property=\"og:image:height\" content=\"1200\" \/>\n\t<meta property=\"og:image:type\" content=\"image\/jpeg\" \/>\n<meta name=\"twitter:card\" content=\"summary_large_image\" \/>\n<meta name=\"twitter:label1\" content=\"Estimated reading time\" \/>\n\t<meta name=\"twitter:data1\" content=\"2 minutes\" \/>\n<script type=\"application\/ld+json\" class=\"yoast-schema-graph\">{\"@context\":\"https:\\\/\\\/schema.org\",\"@graph\":[{\"@type\":\"WebPage\",\"@id\":\"https:\\\/\\\/roussillonfishing.com\\\/produit\\\/lunette-polarisante-verre-mineral-pelagic-poursuit\",\"url\":\"https:\\\/\\\/roussillonfishing.com\\\/produit\\\/lunette-polarisante-verre-mineral-pelagic-poursuit\",\"name\":\"Lunette Polarisante Verre Min\u00e9ral \\\" Pelagic Poursuit \\\" BLUE HELIX - Roussillon Fishing\",\"isPartOf\":{\"@id\":\"https:\\\/\\\/roussillonfishing.com\\\/en\\\/#website\"},\"primaryImageOfPage\":{\"@id\":\"https:\\\/\\\/roussillonfishing.com\\\/produit\\\/lunette-polarisante-verre-mineral-pelagic-poursuit#primaryimage\"},\"image\":{\"@id\":\"https:\\\/\\\/roussillonfishing.com\\\/produit\\\/lunette-polarisante-verre-mineral-pelagic-poursuit#primaryimage\"},\"thumbnailUrl\":\"https:\\\/\\\/roussillonfishing.com\\\/wp-content\\\/uploads\\\/2020\\\/09\\\/Pursuit_Glass_BHBL_1_1200x1200.jpg\",\"datePublished\":\"2020-09-01T10:08:06+00:00\",\"dateModified\":\"2024-07-02T08:34:45+00:00\",\"description\":\"Lunette Polarisante Verre Min\u00e9ral \\\" Pelagic Poursuit \\\" Fabriqu\u00e9 en Italie\",\"breadcrumb\":{\"@id\":\"https:\\\/\\\/roussillonfishing.com\\\/produit\\\/lunette-polarisante-verre-mineral-pelagic-poursuit#breadcrumb\"},\"inLanguage\":\"en-GB\",\"potentialAction\":[{\"@type\":\"ReadAction\",\"target\":[\"https:\\\/\\\/roussillonfishing.com\\\/produit\\\/lunette-polarisante-verre-mineral-pelagic-poursuit\"]}]},{\"@type\":\"ImageObject\",\"inLanguage\":\"en-GB\",\"@id\":\"https:\\\/\\\/roussillonfishing.com\\\/produit\\\/lunette-polarisante-verre-mineral-pelagic-poursuit#primaryimage\",\"url\":\"https:\\\/\\\/roussillonfishing.com\\\/wp-content\\\/uploads\\\/2020\\\/09\\\/Pursuit_Glass_BHBL_1_1200x1200.jpg\",\"contentUrl\":\"https:\\\/\\\/roussillonfishing.com\\\/wp-content\\\/uploads\\\/2020\\\/09\\\/Pursuit_Glass_BHBL_1_1200x1200.jpg\",\"width\":1200,\"height\":1200},{\"@type\":\"BreadcrumbList\",\"@id\":\"https:\\\/\\\/roussillonfishing.com\\\/produit\\\/lunette-polarisante-verre-mineral-pelagic-poursuit#breadcrumb\",\"itemListElement\":[{\"@type\":\"ListItem\",\"position\":1,\"name\":\"Accueil\",\"item\":\"https:\\\/\\\/roussillonfishing.com\\\/\"},{\"@type\":\"ListItem\",\"position\":2,\"name\":\"Boutique\",\"item\":\"https:\\\/\\\/roussillonfishing.com\\\/boutique\"},{\"@type\":\"ListItem\",\"position\":3,\"name\":\"Lunette Polarisante Verre Min\u00e9ral \u00a0\u00bb Pelagic Poursuit \u00a0\u00bb BLUE HELIX\"}]},{\"@type\":\"WebSite\",\"@id\":\"https:\\\/\\\/roussillonfishing.com\\\/en\\\/#website\",\"url\":\"https:\\\/\\\/roussillonfishing.com\\\/en\\\/\",\"name\":\"Roussillon Fishing\",\"description\":\"Moniteur et Guide de p\u00eache dans Les Pyr\u00e9n\u00e9es Orientales\",\"potentialAction\":[{\"@type\":\"SearchAction\",\"target\":{\"@type\":\"EntryPoint\",\"urlTemplate\":\"https:\\\/\\\/roussillonfishing.com\\\/en\\\/?s={search_term_string}\"},\"query-input\":{\"@type\":\"PropertyValueSpecification\",\"valueRequired\":true,\"valueName\":\"search_term_string\"}}],\"inLanguage\":\"en-GB\"}]}<\/script>\n<!-- \/ Yoast SEO plugin. -->","yoast_head_json":{"title":"Lunette Polarisante Verre Min\u00e9ral \" Pelagic Poursuit \" BLUE HELIX - Roussillon Fishing","description":"Lunette Polarisante Verre Min\u00e9ral \" Pelagic Poursuit \" Fabriqu\u00e9 en Italie","robots":{"index":"index","follow":"follow","max-snippet":"max-snippet:-1","max-image-preview":"max-image-preview:large","max-video-preview":"max-video-preview:-1"},"canonical":"https:\/\/roussillonfishing.com\/en\/product\/lunette-polarisante-verre-mineral-pelagic-poursuit\/","og_locale":"en_GB","og_type":"article","og_title":"Lunette Polarisante Verre Min\u00e9ral \" Pelagic Poursuit \" BLUE HELIX - Roussillon Fishing","og_description":"Lunette Polarisante Verre Min\u00e9ral \" Pelagic Poursuit \" Fabriqu\u00e9 en Italie","og_url":"https:\/\/roussillonfishing.com\/en\/product\/lunette-polarisante-verre-mineral-pelagic-poursuit\/","og_site_name":"Roussillon Fishing","article_publisher":"https:\/\/www.facebook.com\/Samuel.Elgrishi.Fishing.Guide.Instructor\/","article_modified_time":"2024-07-02T08:34:45+00:00","og_image":[{"width":1200,"height":1200,"url":"https:\/\/roussillonfishing.com\/wp-content\/uploads\/2020\/09\/Pursuit_Glass_BHBL_1_1200x1200.jpg","type":"image\/jpeg"}],"twitter_card":"summary_large_image","twitter_misc":{"Estimated reading time":"2 minutes"},"schema":{"@context":"https:\/\/schema.org","@graph":[{"@type":"WebPage","@id":"https:\/\/roussillonfishing.com\/produit\/lunette-polarisante-verre-mineral-pelagic-poursuit","url":"https:\/\/roussillonfishing.com\/produit\/lunette-polarisante-verre-mineral-pelagic-poursuit","name":"Lunette Polarisante Verre Min\u00e9ral \" Pelagic Poursuit \" BLUE HELIX - Roussillon Fishing","isPartOf":{"@id":"https:\/\/roussillonfishing.com\/en\/#website"},"primaryImageOfPage":{"@id":"https:\/\/roussillonfishing.com\/produit\/lunette-polarisante-verre-mineral-pelagic-poursuit#primaryimage"},"image":{"@id":"https:\/\/roussillonfishing.com\/produit\/lunette-polarisante-verre-mineral-pelagic-poursuit#primaryimage"},"thumbnailUrl":"https:\/\/roussillonfishing.com\/wp-content\/uploads\/2020\/09\/Pursuit_Glass_BHBL_1_1200x1200.jpg","datePublished":"2020-09-01T10:08:06+00:00","dateModified":"2024-07-02T08:34:45+00:00","description":"Lunette Polarisante Verre Min\u00e9ral \" Pelagic Poursuit \" Fabriqu\u00e9 en Italie","breadcrumb":{"@id":"https:\/\/roussillonfishing.com\/produit\/lunette-polarisante-verre-mineral-pelagic-poursuit#breadcrumb"},"inLanguage":"en-GB","potentialAction":[{"@type":"ReadAction","target":["https:\/\/roussillonfishing.com\/produit\/lunette-polarisante-verre-mineral-pelagic-poursuit"]}]},{"@type":"ImageObject","inLanguage":"en-GB","@id":"https:\/\/roussillonfishing.com\/produit\/lunette-polarisante-verre-mineral-pelagic-poursuit#primaryimage","url":"https:\/\/roussillonfishing.com\/wp-content\/uploads\/2020\/09\/Pursuit_Glass_BHBL_1_1200x1200.jpg","contentUrl":"https:\/\/roussillonfishing.com\/wp-content\/uploads\/2020\/09\/Pursuit_Glass_BHBL_1_1200x1200.jpg","width":1200,"height":1200},{"@type":"BreadcrumbList","@id":"https:\/\/roussillonfishing.com\/produit\/lunette-polarisante-verre-mineral-pelagic-poursuit#breadcrumb","itemListElement":[{"@type":"ListItem","position":1,"name":"Accueil","item":"https:\/\/roussillonfishing.com\/"},{"@type":"ListItem","position":2,"name":"Boutique","item":"https:\/\/roussillonfishing.com\/boutique"},{"@type":"ListItem","position":3,"name":"Lunette Polarisante Verre Min\u00e9ral \u00a0\u00bb Pelagic Poursuit \u00a0\u00bb BLUE HELIX"}]},{"@type":"WebSite","@id":"https:\/\/roussillonfishing.com\/en\/#website","url":"https:\/\/roussillonfishing.com\/en\/","name":"Roussillon Fishing","description":"Moniteur et Guide de p\u00eache dans Les Pyr\u00e9n\u00e9es Orientales","potentialAction":[{"@type":"SearchAction","target":{"@type":"EntryPoint","urlTemplate":"https:\/\/roussillonfishing.com\/en\/?s={search_term_string}"},"query-input":{"@type":"PropertyValueSpecification","valueRequired":true,"valueName":"search_term_string"}}],"inLanguage":"en-GB"}]}},"jetpack_sharing_enabled":true,"_links":{"self":[{"href":"https:\/\/roussillonfishing.com\/en\/wp-json\/wp\/v2\/product\/641","targetHints":{"allow":["GET"]}}],"collection":[{"href":"https:\/\/roussillonfishing.com\/en\/wp-json\/wp\/v2\/product"}],"about":[{"href":"https:\/\/roussillonfishing.com\/en\/wp-json\/wp\/v2\/types\/product"}],"replies":[{"embeddable":true,"href":"https:\/\/roussillonfishing.com\/en\/wp-json\/wp\/v2\/comments?post=641"}],"wp:featuredmedia":[{"embeddable":true,"href":"https:\/\/roussillonfishing.com\/en\/wp-json\/wp\/v2\/media\/643"}],"wp:attachment":[{"href":"https:\/\/roussillonfishing.com\/en\/wp-json\/wp\/v2\/media?parent=641"}],"wp:term":[{"taxonomy":"product_brand","embeddable":true,"href":"https:\/\/roussillonfishing.com\/en\/wp-json\/wp\/v2\/product_brand?post=641"},{"taxonomy":"product_cat","embeddable":true,"href":"https:\/\/roussillonfishing.com\/en\/wp-json\/wp\/v2\/product_cat?post=641"},{"taxonomy":"product_tag","embeddable":true,"href":"https:\/\/roussillonfishing.com\/en\/wp-json\/wp\/v2\/product_tag?post=641"}],"curies":[{"name":"wp","href":"https:\/\/api.w.org\/{rel}","templated":true}]}}