{"id":648,"date":"2020-09-01T10:13:40","date_gmt":"2020-09-01T10:13:40","guid":{"rendered":"https:\/\/roussillonfishing.com\/?post_type=product&#038;p=648"},"modified":"2023-10-17T14:30:27","modified_gmt":"2023-10-17T14:30:27","slug":"sac-etanche-pelagic","status":"publish","type":"product","link":"https:\/\/roussillonfishing.com\/en\/product\/sac-etanche-pelagic","title":{"rendered":"Sac \u00e9tanche Pelagic"},"content":{"rendered":"<p><img loading=\"lazy\" decoding=\"async\" class=\"alignnone size-large wp-image-649\" src=\"https:\/\/roussillonfishing.com\/wp-content\/uploads\/2020\/09\/bf5d92668735c8da886a7c990c402134_1200x1200-1024x1024.jpg\" alt=\"\" width=\"1024\" height=\"1024\" srcset=\"https:\/\/roussillonfishing.com\/wp-content\/uploads\/2020\/09\/bf5d92668735c8da886a7c990c402134_1200x1200-1024x1024.jpg 1024w, https:\/\/roussillonfishing.com\/wp-content\/uploads\/2020\/09\/bf5d92668735c8da886a7c990c402134_1200x1200-300x300.jpg 300w, https:\/\/roussillonfishing.com\/wp-content\/uploads\/2020\/09\/bf5d92668735c8da886a7c990c402134_1200x1200-150x150.jpg 150w, https:\/\/roussillonfishing.com\/wp-content\/uploads\/2020\/09\/bf5d92668735c8da886a7c990c402134_1200x1200-768x768.jpg 768w, https:\/\/roussillonfishing.com\/wp-content\/uploads\/2020\/09\/bf5d92668735c8da886a7c990c402134_1200x1200-600x600.jpg 600w, https:\/\/roussillonfishing.com\/wp-content\/uploads\/2020\/09\/bf5d92668735c8da886a7c990c402134_1200x1200-100x100.jpg 100w, https:\/\/roussillonfishing.com\/wp-content\/uploads\/2020\/09\/bf5d92668735c8da886a7c990c402134_1200x1200.jpg 1200w\" sizes=\"auto, (max-width: 1024px) 100vw, 1024px\" \/><\/p>\n<p><img loading=\"lazy\" decoding=\"async\" class=\"alignnone size-large wp-image-650\" src=\"https:\/\/roussillonfishing.com\/wp-content\/uploads\/2020\/09\/DUFFLE_DETAIL_1_c71855c4-a6d5-4f5a-8e12-5636a11aca90_1200x1200-1024x1024.jpg\" alt=\"\" width=\"1024\" height=\"1024\" srcset=\"https:\/\/roussillonfishing.com\/wp-content\/uploads\/2020\/09\/DUFFLE_DETAIL_1_c71855c4-a6d5-4f5a-8e12-5636a11aca90_1200x1200-1024x1024.jpg 1024w, https:\/\/roussillonfishing.com\/wp-content\/uploads\/2020\/09\/DUFFLE_DETAIL_1_c71855c4-a6d5-4f5a-8e12-5636a11aca90_1200x1200-300x300.jpg 300w, https:\/\/roussillonfishing.com\/wp-content\/uploads\/2020\/09\/DUFFLE_DETAIL_1_c71855c4-a6d5-4f5a-8e12-5636a11aca90_1200x1200-150x150.jpg 150w, https:\/\/roussillonfishing.com\/wp-content\/uploads\/2020\/09\/DUFFLE_DETAIL_1_c71855c4-a6d5-4f5a-8e12-5636a11aca90_1200x1200-768x768.jpg 768w, https:\/\/roussillonfishing.com\/wp-content\/uploads\/2020\/09\/DUFFLE_DETAIL_1_c71855c4-a6d5-4f5a-8e12-5636a11aca90_1200x1200-600x600.jpg 600w, https:\/\/roussillonfishing.com\/wp-content\/uploads\/2020\/09\/DUFFLE_DETAIL_1_c71855c4-a6d5-4f5a-8e12-5636a11aca90_1200x1200-100x100.jpg 100w, https:\/\/roussillonfishing.com\/wp-content\/uploads\/2020\/09\/DUFFLE_DETAIL_1_c71855c4-a6d5-4f5a-8e12-5636a11aca90_1200x1200.jpg 1200w\" sizes=\"auto, (max-width: 1024px) 100vw, 1024px\" \/><\/p>","protected":false},"excerpt":{"rendered":"","protected":false},"featured_media":649,"comment_status":"open","ping_status":"closed","template":"","meta":[],"product_brand":[],"product_cat":[45],"product_tag":[42,41,40,44,43],"class_list":{"0":"post-648","1":"product","2":"type-product","3":"status-publish","4":"has-post-thumbnail","6":"product_cat-bagagerie","7":"product_tag-sac-de-peche","8":"product_tag-sac-de-voyage","9":"product_tag-sac-etanche","10":"product_tag-sportfishing","11":"product_tag-waterproof-bag","13":"first","14":"outofstock","15":"taxable","16":"shipping-taxable","17":"purchasable","18":"product-type-simple"},"yoast_head":"<!-- This site is optimized with the Yoast SEO plugin v27.3 - https:\/\/yoast.com\/product\/yoast-seo-wordpress\/ -->\n<title>Sac \u00e9tanche Pelagic - Roussillon Fishing<\/title>\n<meta name=\"robots\" content=\"index, follow, max-snippet:-1, max-image-preview:large, max-video-preview:-1\" \/>\n<link rel=\"canonical\" href=\"https:\/\/roussillonfishing.com\/en\/product\/sac-etanche-pelagic\/\" \/>\n<meta property=\"og:locale\" content=\"en_GB\" \/>\n<meta property=\"og:type\" content=\"article\" \/>\n<meta property=\"og:title\" content=\"Sac \u00e9tanche Pelagic - Roussillon Fishing\" \/>\n<meta property=\"og:url\" content=\"https:\/\/roussillonfishing.com\/en\/product\/sac-etanche-pelagic\/\" \/>\n<meta property=\"og:site_name\" content=\"Roussillon Fishing\" \/>\n<meta property=\"article:publisher\" content=\"https:\/\/www.facebook.com\/Samuel.Elgrishi.Fishing.Guide.Instructor\/\" \/>\n<meta property=\"article:modified_time\" content=\"2023-10-17T14:30:27+00:00\" \/>\n<meta property=\"og:image\" content=\"https:\/\/roussillonfishing.com\/wp-content\/uploads\/2020\/09\/bf5d92668735c8da886a7c990c402134_1200x1200.jpg\" \/>\n\t<meta property=\"og:image:width\" content=\"1200\" \/>\n\t<meta property=\"og:image:height\" content=\"1200\" \/>\n\t<meta property=\"og:image:type\" content=\"image\/jpeg\" \/>\n<meta name=\"twitter:card\" content=\"summary_large_image\" \/>\n<script type=\"application\/ld+json\" class=\"yoast-schema-graph\">{\"@context\":\"https:\\\/\\\/schema.org\",\"@graph\":[{\"@type\":\"WebPage\",\"@id\":\"https:\\\/\\\/roussillonfishing.com\\\/produit\\\/sac-etanche-pelagic\",\"url\":\"https:\\\/\\\/roussillonfishing.com\\\/produit\\\/sac-etanche-pelagic\",\"name\":\"Sac \u00e9tanche Pelagic - Roussillon Fishing\",\"isPartOf\":{\"@id\":\"https:\\\/\\\/roussillonfishing.com\\\/en\\\/#website\"},\"primaryImageOfPage\":{\"@id\":\"https:\\\/\\\/roussillonfishing.com\\\/produit\\\/sac-etanche-pelagic#primaryimage\"},\"image\":{\"@id\":\"https:\\\/\\\/roussillonfishing.com\\\/produit\\\/sac-etanche-pelagic#primaryimage\"},\"thumbnailUrl\":\"https:\\\/\\\/roussillonfishing.com\\\/wp-content\\\/uploads\\\/2020\\\/09\\\/bf5d92668735c8da886a7c990c402134_1200x1200.jpg\",\"datePublished\":\"2020-09-01T10:13:40+00:00\",\"dateModified\":\"2023-10-17T14:30:27+00:00\",\"breadcrumb\":{\"@id\":\"https:\\\/\\\/roussillonfishing.com\\\/produit\\\/sac-etanche-pelagic#breadcrumb\"},\"inLanguage\":\"en-GB\",\"potentialAction\":[{\"@type\":\"ReadAction\",\"target\":[\"https:\\\/\\\/roussillonfishing.com\\\/produit\\\/sac-etanche-pelagic\"]}]},{\"@type\":\"ImageObject\",\"inLanguage\":\"en-GB\",\"@id\":\"https:\\\/\\\/roussillonfishing.com\\\/produit\\\/sac-etanche-pelagic#primaryimage\",\"url\":\"https:\\\/\\\/roussillonfishing.com\\\/wp-content\\\/uploads\\\/2020\\\/09\\\/bf5d92668735c8da886a7c990c402134_1200x1200.jpg\",\"contentUrl\":\"https:\\\/\\\/roussillonfishing.com\\\/wp-content\\\/uploads\\\/2020\\\/09\\\/bf5d92668735c8da886a7c990c402134_1200x1200.jpg\",\"width\":1200,\"height\":1200},{\"@type\":\"BreadcrumbList\",\"@id\":\"https:\\\/\\\/roussillonfishing.com\\\/produit\\\/sac-etanche-pelagic#breadcrumb\",\"itemListElement\":[{\"@type\":\"ListItem\",\"position\":1,\"name\":\"Accueil\",\"item\":\"https:\\\/\\\/roussillonfishing.com\\\/\"},{\"@type\":\"ListItem\",\"position\":2,\"name\":\"Boutique\",\"item\":\"https:\\\/\\\/roussillonfishing.com\\\/boutique\"},{\"@type\":\"ListItem\",\"position\":3,\"name\":\"Sac \u00e9tanche Pelagic\"}]},{\"@type\":\"WebSite\",\"@id\":\"https:\\\/\\\/roussillonfishing.com\\\/en\\\/#website\",\"url\":\"https:\\\/\\\/roussillonfishing.com\\\/en\\\/\",\"name\":\"Roussillon Fishing\",\"description\":\"Moniteur et Guide de p\u00eache dans Les Pyr\u00e9n\u00e9es Orientales\",\"potentialAction\":[{\"@type\":\"SearchAction\",\"target\":{\"@type\":\"EntryPoint\",\"urlTemplate\":\"https:\\\/\\\/roussillonfishing.com\\\/en\\\/?s={search_term_string}\"},\"query-input\":{\"@type\":\"PropertyValueSpecification\",\"valueRequired\":true,\"valueName\":\"search_term_string\"}}],\"inLanguage\":\"en-GB\"}]}<\/script>\n<!-- \/ Yoast SEO plugin. -->","yoast_head_json":{"title":"Sac \u00e9tanche Pelagic - Roussillon Fishing","robots":{"index":"index","follow":"follow","max-snippet":"max-snippet:-1","max-image-preview":"max-image-preview:large","max-video-preview":"max-video-preview:-1"},"canonical":"https:\/\/roussillonfishing.com\/en\/product\/sac-etanche-pelagic\/","og_locale":"en_GB","og_type":"article","og_title":"Sac \u00e9tanche Pelagic - Roussillon Fishing","og_url":"https:\/\/roussillonfishing.com\/en\/product\/sac-etanche-pelagic\/","og_site_name":"Roussillon Fishing","article_publisher":"https:\/\/www.facebook.com\/Samuel.Elgrishi.Fishing.Guide.Instructor\/","article_modified_time":"2023-10-17T14:30:27+00:00","og_image":[{"width":1200,"height":1200,"url":"https:\/\/roussillonfishing.com\/wp-content\/uploads\/2020\/09\/bf5d92668735c8da886a7c990c402134_1200x1200.jpg","type":"image\/jpeg"}],"twitter_card":"summary_large_image","schema":{"@context":"https:\/\/schema.org","@graph":[{"@type":"WebPage","@id":"https:\/\/roussillonfishing.com\/produit\/sac-etanche-pelagic","url":"https:\/\/roussillonfishing.com\/produit\/sac-etanche-pelagic","name":"Sac \u00e9tanche Pelagic - Roussillon Fishing","isPartOf":{"@id":"https:\/\/roussillonfishing.com\/en\/#website"},"primaryImageOfPage":{"@id":"https:\/\/roussillonfishing.com\/produit\/sac-etanche-pelagic#primaryimage"},"image":{"@id":"https:\/\/roussillonfishing.com\/produit\/sac-etanche-pelagic#primaryimage"},"thumbnailUrl":"https:\/\/roussillonfishing.com\/wp-content\/uploads\/2020\/09\/bf5d92668735c8da886a7c990c402134_1200x1200.jpg","datePublished":"2020-09-01T10:13:40+00:00","dateModified":"2023-10-17T14:30:27+00:00","breadcrumb":{"@id":"https:\/\/roussillonfishing.com\/produit\/sac-etanche-pelagic#breadcrumb"},"inLanguage":"en-GB","potentialAction":[{"@type":"ReadAction","target":["https:\/\/roussillonfishing.com\/produit\/sac-etanche-pelagic"]}]},{"@type":"ImageObject","inLanguage":"en-GB","@id":"https:\/\/roussillonfishing.com\/produit\/sac-etanche-pelagic#primaryimage","url":"https:\/\/roussillonfishing.com\/wp-content\/uploads\/2020\/09\/bf5d92668735c8da886a7c990c402134_1200x1200.jpg","contentUrl":"https:\/\/roussillonfishing.com\/wp-content\/uploads\/2020\/09\/bf5d92668735c8da886a7c990c402134_1200x1200.jpg","width":1200,"height":1200},{"@type":"BreadcrumbList","@id":"https:\/\/roussillonfishing.com\/produit\/sac-etanche-pelagic#breadcrumb","itemListElement":[{"@type":"ListItem","position":1,"name":"Accueil","item":"https:\/\/roussillonfishing.com\/"},{"@type":"ListItem","position":2,"name":"Boutique","item":"https:\/\/roussillonfishing.com\/boutique"},{"@type":"ListItem","position":3,"name":"Sac \u00e9tanche Pelagic"}]},{"@type":"WebSite","@id":"https:\/\/roussillonfishing.com\/en\/#website","url":"https:\/\/roussillonfishing.com\/en\/","name":"Roussillon Fishing","description":"Moniteur et Guide de p\u00eache dans Les Pyr\u00e9n\u00e9es Orientales","potentialAction":[{"@type":"SearchAction","target":{"@type":"EntryPoint","urlTemplate":"https:\/\/roussillonfishing.com\/en\/?s={search_term_string}"},"query-input":{"@type":"PropertyValueSpecification","valueRequired":true,"valueName":"search_term_string"}}],"inLanguage":"en-GB"}]}},"jetpack_sharing_enabled":true,"_links":{"self":[{"href":"https:\/\/roussillonfishing.com\/en\/wp-json\/wp\/v2\/product\/648","targetHints":{"allow":["GET"]}}],"collection":[{"href":"https:\/\/roussillonfishing.com\/en\/wp-json\/wp\/v2\/product"}],"about":[{"href":"https:\/\/roussillonfishing.com\/en\/wp-json\/wp\/v2\/types\/product"}],"replies":[{"embeddable":true,"href":"https:\/\/roussillonfishing.com\/en\/wp-json\/wp\/v2\/comments?post=648"}],"wp:featuredmedia":[{"embeddable":true,"href":"https:\/\/roussillonfishing.com\/en\/wp-json\/wp\/v2\/media\/649"}],"wp:attachment":[{"href":"https:\/\/roussillonfishing.com\/en\/wp-json\/wp\/v2\/media?parent=648"}],"wp:term":[{"taxonomy":"product_brand","embeddable":true,"href":"https:\/\/roussillonfishing.com\/en\/wp-json\/wp\/v2\/product_brand?post=648"},{"taxonomy":"product_cat","embeddable":true,"href":"https:\/\/roussillonfishing.com\/en\/wp-json\/wp\/v2\/product_cat?post=648"},{"taxonomy":"product_tag","embeddable":true,"href":"https:\/\/roussillonfishing.com\/en\/wp-json\/wp\/v2\/product_tag?post=648"}],"curies":[{"name":"wp","href":"https:\/\/api.w.org\/{rel}","templated":true}]}}