{"id":665,"date":"2020-09-08T17:22:09","date_gmt":"2020-09-08T17:22:09","guid":{"rendered":"https:\/\/roussillonfishing.com\/?post_type=product&#038;p=665"},"modified":"2023-01-25T17:36:53","modified_gmt":"2023-01-25T17:36:53","slug":"camera-de-peche-spydro","status":"publish","type":"product","link":"https:\/\/roussillonfishing.com\/en\/product\/camera-de-peche-spydro","title":{"rendered":"Cam\u00e9ra de p\u00eache SPYDRO"},"content":{"rendered":"<h4>Mais que se passe t&rsquo;il sous l&rsquo;eau ??<br \/>\nD\u00e9couvrir ce qui se cache derri\u00e8re ce grand miroir ? Comment se comportent nos leurres, nos app\u00e2ts, nos poissons?<br \/>\nSe moquent t&rsquo;ils de nous ?<\/h4>\n<h4><span lang=\"fr\">Son hydrodynamisme parfait, son alimentation haute capacit\u00e9 et son fonctionnement mains libres intuitif renforcent v\u00e9ritablement l&rsquo;exp\u00e9rience de p\u00eache.<br \/>\n<\/span><\/h4>\n<h4><span lang=\"fr\">Synchronis\u00e9 avec notre application mobile, il cr\u00e9e automatiquement un journal de p\u00eache disponible pour l&rsquo;analyse et le partage vos exp\u00e9riences halieutiques<\/span>Un accessoire qui vous fera progresser dans vos p\u00eache en mer comme en eau douce.<br \/>\nDe nombreux accessoires et options, tr\u00e8s robuste et \u00e9videment \u00e9tanche.<\/h4>\n<p><span lang=\"fr\"><br \/>\n.<\/span><\/p>\n<p>&nbsp;<\/p>","protected":false},"excerpt":{"rendered":"<p>Mais que se passe t&rsquo;il sous l&rsquo;eau ?? D\u00e9couvrir ce qui se cache derri\u00e8re ce grand miroir ? Comment se comportent nos leurres, nos app\u00e2ts, nos poissons? Se moquent t&rsquo;ils<\/p>","protected":false},"featured_media":666,"comment_status":"open","ping_status":"closed","template":"","meta":[],"product_brand":[],"product_cat":[23],"product_tag":[52],"class_list":{"0":"post-665","1":"product","2":"type-product","3":"status-publish","4":"has-post-thumbnail","6":"product_cat-accessoires","7":"product_tag-camera-water-proof-etanche-peche-sportive","9":"first","10":"outofstock","11":"taxable","12":"shipping-taxable","13":"purchasable","14":"product-type-simple"},"yoast_head":"<!-- This site is optimized with the Yoast SEO plugin v27.3 - https:\/\/yoast.com\/product\/yoast-seo-wordpress\/ -->\n<title>Cam\u00e9ra de p\u00eache SPYDRO - Roussillon Fishing<\/title>\n<meta name=\"robots\" content=\"index, follow, max-snippet:-1, max-image-preview:large, max-video-preview:-1\" \/>\n<link rel=\"canonical\" href=\"https:\/\/roussillonfishing.com\/en\/product\/camera-de-peche-spydro\/\" \/>\n<meta property=\"og:locale\" content=\"en_GB\" \/>\n<meta property=\"og:type\" content=\"article\" \/>\n<meta property=\"og:title\" content=\"Cam\u00e9ra de p\u00eache SPYDRO - Roussillon Fishing\" \/>\n<meta property=\"og:description\" content=\"Mais que se passe t&rsquo;il sous l&rsquo;eau ?? D\u00e9couvrir ce qui se cache derri\u00e8re ce grand miroir ? Comment se comportent nos leurres, nos app\u00e2ts, nos poissons? Se moquent t&rsquo;ils\" \/>\n<meta property=\"og:url\" content=\"https:\/\/roussillonfishing.com\/en\/product\/camera-de-peche-spydro\/\" \/>\n<meta property=\"og:site_name\" content=\"Roussillon Fishing\" \/>\n<meta property=\"article:publisher\" content=\"https:\/\/www.facebook.com\/Samuel.Elgrishi.Fishing.Guide.Instructor\/\" \/>\n<meta property=\"article:modified_time\" content=\"2023-01-25T17:36:53+00:00\" \/>\n<meta property=\"og:image\" content=\"https:\/\/roussillonfishing.com\/wp-content\/uploads\/2020\/09\/Sans-titre.png\" \/>\n\t<meta property=\"og:image:width\" content=\"965\" \/>\n\t<meta property=\"og:image:height\" content=\"499\" \/>\n\t<meta property=\"og:image:type\" content=\"image\/png\" \/>\n<meta name=\"twitter:card\" content=\"summary_large_image\" \/>\n<meta name=\"twitter:label1\" content=\"Estimated reading time\" \/>\n\t<meta name=\"twitter:data1\" content=\"1 minute\" \/>\n<script type=\"application\/ld+json\" class=\"yoast-schema-graph\">{\"@context\":\"https:\\\/\\\/schema.org\",\"@graph\":[{\"@type\":\"WebPage\",\"@id\":\"https:\\\/\\\/roussillonfishing.com\\\/produit\\\/camera-de-peche-spydro\",\"url\":\"https:\\\/\\\/roussillonfishing.com\\\/produit\\\/camera-de-peche-spydro\",\"name\":\"Cam\u00e9ra de p\u00eache SPYDRO - Roussillon Fishing\",\"isPartOf\":{\"@id\":\"https:\\\/\\\/roussillonfishing.com\\\/en\\\/#website\"},\"primaryImageOfPage\":{\"@id\":\"https:\\\/\\\/roussillonfishing.com\\\/produit\\\/camera-de-peche-spydro#primaryimage\"},\"image\":{\"@id\":\"https:\\\/\\\/roussillonfishing.com\\\/produit\\\/camera-de-peche-spydro#primaryimage\"},\"thumbnailUrl\":\"https:\\\/\\\/roussillonfishing.com\\\/wp-content\\\/uploads\\\/2020\\\/09\\\/Sans-titre.png\",\"datePublished\":\"2020-09-08T17:22:09+00:00\",\"dateModified\":\"2023-01-25T17:36:53+00:00\",\"breadcrumb\":{\"@id\":\"https:\\\/\\\/roussillonfishing.com\\\/produit\\\/camera-de-peche-spydro#breadcrumb\"},\"inLanguage\":\"en-GB\",\"potentialAction\":[{\"@type\":\"ReadAction\",\"target\":[\"https:\\\/\\\/roussillonfishing.com\\\/produit\\\/camera-de-peche-spydro\"]}]},{\"@type\":\"ImageObject\",\"inLanguage\":\"en-GB\",\"@id\":\"https:\\\/\\\/roussillonfishing.com\\\/produit\\\/camera-de-peche-spydro#primaryimage\",\"url\":\"https:\\\/\\\/roussillonfishing.com\\\/wp-content\\\/uploads\\\/2020\\\/09\\\/Sans-titre.png\",\"contentUrl\":\"https:\\\/\\\/roussillonfishing.com\\\/wp-content\\\/uploads\\\/2020\\\/09\\\/Sans-titre.png\",\"width\":965,\"height\":499,\"caption\":\"Get Spydro\"},{\"@type\":\"BreadcrumbList\",\"@id\":\"https:\\\/\\\/roussillonfishing.com\\\/produit\\\/camera-de-peche-spydro#breadcrumb\",\"itemListElement\":[{\"@type\":\"ListItem\",\"position\":1,\"name\":\"Accueil\",\"item\":\"https:\\\/\\\/roussillonfishing.com\\\/\"},{\"@type\":\"ListItem\",\"position\":2,\"name\":\"Boutique\",\"item\":\"https:\\\/\\\/roussillonfishing.com\\\/boutique\"},{\"@type\":\"ListItem\",\"position\":3,\"name\":\"Cam\u00e9ra de p\u00eache SPYDRO\"}]},{\"@type\":\"WebSite\",\"@id\":\"https:\\\/\\\/roussillonfishing.com\\\/en\\\/#website\",\"url\":\"https:\\\/\\\/roussillonfishing.com\\\/en\\\/\",\"name\":\"Roussillon Fishing\",\"description\":\"Moniteur et Guide de p\u00eache dans Les Pyr\u00e9n\u00e9es Orientales\",\"potentialAction\":[{\"@type\":\"SearchAction\",\"target\":{\"@type\":\"EntryPoint\",\"urlTemplate\":\"https:\\\/\\\/roussillonfishing.com\\\/en\\\/?s={search_term_string}\"},\"query-input\":{\"@type\":\"PropertyValueSpecification\",\"valueRequired\":true,\"valueName\":\"search_term_string\"}}],\"inLanguage\":\"en-GB\"}]}<\/script>\n<!-- \/ Yoast SEO plugin. -->","yoast_head_json":{"title":"Cam\u00e9ra de p\u00eache SPYDRO - Roussillon Fishing","robots":{"index":"index","follow":"follow","max-snippet":"max-snippet:-1","max-image-preview":"max-image-preview:large","max-video-preview":"max-video-preview:-1"},"canonical":"https:\/\/roussillonfishing.com\/en\/product\/camera-de-peche-spydro\/","og_locale":"en_GB","og_type":"article","og_title":"Cam\u00e9ra de p\u00eache SPYDRO - Roussillon Fishing","og_description":"Mais que se passe t&rsquo;il sous l&rsquo;eau ?? D\u00e9couvrir ce qui se cache derri\u00e8re ce grand miroir ? Comment se comportent nos leurres, nos app\u00e2ts, nos poissons? Se moquent t&rsquo;ils","og_url":"https:\/\/roussillonfishing.com\/en\/product\/camera-de-peche-spydro\/","og_site_name":"Roussillon Fishing","article_publisher":"https:\/\/www.facebook.com\/Samuel.Elgrishi.Fishing.Guide.Instructor\/","article_modified_time":"2023-01-25T17:36:53+00:00","og_image":[{"width":965,"height":499,"url":"https:\/\/roussillonfishing.com\/wp-content\/uploads\/2020\/09\/Sans-titre.png","type":"image\/png"}],"twitter_card":"summary_large_image","twitter_misc":{"Estimated reading time":"1 minute"},"schema":{"@context":"https:\/\/schema.org","@graph":[{"@type":"WebPage","@id":"https:\/\/roussillonfishing.com\/produit\/camera-de-peche-spydro","url":"https:\/\/roussillonfishing.com\/produit\/camera-de-peche-spydro","name":"Cam\u00e9ra de p\u00eache SPYDRO - Roussillon Fishing","isPartOf":{"@id":"https:\/\/roussillonfishing.com\/en\/#website"},"primaryImageOfPage":{"@id":"https:\/\/roussillonfishing.com\/produit\/camera-de-peche-spydro#primaryimage"},"image":{"@id":"https:\/\/roussillonfishing.com\/produit\/camera-de-peche-spydro#primaryimage"},"thumbnailUrl":"https:\/\/roussillonfishing.com\/wp-content\/uploads\/2020\/09\/Sans-titre.png","datePublished":"2020-09-08T17:22:09+00:00","dateModified":"2023-01-25T17:36:53+00:00","breadcrumb":{"@id":"https:\/\/roussillonfishing.com\/produit\/camera-de-peche-spydro#breadcrumb"},"inLanguage":"en-GB","potentialAction":[{"@type":"ReadAction","target":["https:\/\/roussillonfishing.com\/produit\/camera-de-peche-spydro"]}]},{"@type":"ImageObject","inLanguage":"en-GB","@id":"https:\/\/roussillonfishing.com\/produit\/camera-de-peche-spydro#primaryimage","url":"https:\/\/roussillonfishing.com\/wp-content\/uploads\/2020\/09\/Sans-titre.png","contentUrl":"https:\/\/roussillonfishing.com\/wp-content\/uploads\/2020\/09\/Sans-titre.png","width":965,"height":499,"caption":"Get Spydro"},{"@type":"BreadcrumbList","@id":"https:\/\/roussillonfishing.com\/produit\/camera-de-peche-spydro#breadcrumb","itemListElement":[{"@type":"ListItem","position":1,"name":"Accueil","item":"https:\/\/roussillonfishing.com\/"},{"@type":"ListItem","position":2,"name":"Boutique","item":"https:\/\/roussillonfishing.com\/boutique"},{"@type":"ListItem","position":3,"name":"Cam\u00e9ra de p\u00eache SPYDRO"}]},{"@type":"WebSite","@id":"https:\/\/roussillonfishing.com\/en\/#website","url":"https:\/\/roussillonfishing.com\/en\/","name":"Roussillon Fishing","description":"Moniteur et Guide de p\u00eache dans Les Pyr\u00e9n\u00e9es Orientales","potentialAction":[{"@type":"SearchAction","target":{"@type":"EntryPoint","urlTemplate":"https:\/\/roussillonfishing.com\/en\/?s={search_term_string}"},"query-input":{"@type":"PropertyValueSpecification","valueRequired":true,"valueName":"search_term_string"}}],"inLanguage":"en-GB"}]}},"jetpack_sharing_enabled":true,"_links":{"self":[{"href":"https:\/\/roussillonfishing.com\/en\/wp-json\/wp\/v2\/product\/665","targetHints":{"allow":["GET"]}}],"collection":[{"href":"https:\/\/roussillonfishing.com\/en\/wp-json\/wp\/v2\/product"}],"about":[{"href":"https:\/\/roussillonfishing.com\/en\/wp-json\/wp\/v2\/types\/product"}],"replies":[{"embeddable":true,"href":"https:\/\/roussillonfishing.com\/en\/wp-json\/wp\/v2\/comments?post=665"}],"wp:featuredmedia":[{"embeddable":true,"href":"https:\/\/roussillonfishing.com\/en\/wp-json\/wp\/v2\/media\/666"}],"wp:attachment":[{"href":"https:\/\/roussillonfishing.com\/en\/wp-json\/wp\/v2\/media?parent=665"}],"wp:term":[{"taxonomy":"product_brand","embeddable":true,"href":"https:\/\/roussillonfishing.com\/en\/wp-json\/wp\/v2\/product_brand?post=665"},{"taxonomy":"product_cat","embeddable":true,"href":"https:\/\/roussillonfishing.com\/en\/wp-json\/wp\/v2\/product_cat?post=665"},{"taxonomy":"product_tag","embeddable":true,"href":"https:\/\/roussillonfishing.com\/en\/wp-json\/wp\/v2\/product_tag?post=665"}],"curies":[{"name":"wp","href":"https:\/\/api.w.org\/{rel}","templated":true}]}}