{"id":704,"date":"2023-10-12T18:15:34","date_gmt":"2023-10-12T18:15:34","guid":{"rendered":"https:\/\/roussillonfishing.com\/?post_type=product&#038;p=704"},"modified":"2024-07-02T10:00:25","modified_gmt":"2024-07-02T10:00:25","slug":"baudrier-black-magic-equalizer-twin-pin-pro","status":"publish","type":"product","link":"https:\/\/roussillonfishing.com\/en\/product\/baudrier-black-magic-equalizer-twin-pin-pro","title":{"rendered":"Baudrier Black Magic Equalizer Twin Pin Pro"},"content":{"rendered":"<p>Le tout dernier n\u00e9 de la c\u00e9l\u00e8bre firme n\u00e9o-z\u00e9landaise. Ce mod\u00e8le est r\u00e9alis\u00e9 en mat\u00e9riaux sp\u00e9ciaux employ\u00e9s en m\u00e9decine sportive afin d&rsquo;assurer une meilleure circulation du sang et par cons\u00e9quent un meilleur confort pendant les combats les plus rudes. Les technologies employ\u00e9es sont si performantes qu&rsquo;elles permettent d&rsquo;exercer des pressions consid\u00e9rables avec un minimum de fatigue. La stabilit\u00e9 du syst\u00e8me est parfaite et permet de pratiquer m\u00eame par mer form\u00e9e (la prudence est cependant de mise par mer forte). Mise en place ultra rapide permettant de ne \u00ab\u00a0chausser\u00a0\u00bb l&rsquo;\u00e9quipement que lors du strike. Cet ensemble harnais-baudrier de couleur noire est livr\u00e9 d&rsquo;origine dans un solide sac en cordura \u00e9quip\u00e9 de plusieurs poches de rangement (pour bas de ligne, gants, pinces et accessoires divers).<\/p>\n<p><strong>2 tailles de \u00ab plaque baudrier \u00bb : Possibilit\u00e9 de ne commander que la plaque et compl\u00e9ter avec le harnais AFTCO MaxForce<\/strong><br \/>\n&#8211; STD (standard) : largueur 44 cm (environ).<br \/>\n&#8211; XLW (extra large) : largueur 48,5 cm (environ).<\/p>\n<p><strong>-2 tailles de harnais :<\/strong><\/p>\n<p>&#8211; STD (standard) : largueur (hors bretelles) 68,3 cm (environ). Le mod\u00e8le classique que nous recommandons le plus souvent. Utilis\u00e9 avec succ\u00e8s pour la capture d&rsquo;un marlin de 561,5 kg (1238 lb) ce qui est d\u00e9j\u00e0 pas mal&#8230; non !<br \/>\n&#8211; XLW (extra large) : largueur (hors bretelles) 83,5 cm (environ). Plus large et plus profond pour les gabarits les plus imposants.<\/p>","protected":false},"excerpt":{"rendered":"<p>Le tout dernier n\u00e9 de la c\u00e9l\u00e8bre firme n\u00e9o-z\u00e9landaise. Ce mod\u00e8le est r\u00e9alis\u00e9 en mat\u00e9riaux sp\u00e9ciaux employ\u00e9s en m\u00e9decine sportive afin d&rsquo;assurer une meilleure circulation du sang et par cons\u00e9quent<\/p>","protected":false},"featured_media":705,"comment_status":"closed","ping_status":"closed","template":"","meta":[],"product_brand":[],"product_cat":[23],"product_tag":[],"class_list":{"0":"post-704","1":"product","2":"type-product","3":"status-publish","4":"has-post-thumbnail","6":"product_cat-accessoires","8":"first","9":"outofstock","10":"taxable","11":"shipping-taxable","12":"purchasable","13":"product-type-variable"},"yoast_head":"<!-- This site is optimized with the Yoast SEO plugin v27.3 - https:\/\/yoast.com\/product\/yoast-seo-wordpress\/ -->\n<title>Baudrier Black Magic Equalizer Twin Pin Pro - Roussillon Fishing<\/title>\n<meta name=\"description\" content=\"harnais de p\u00eache, baudrier, p\u00eache au gros, stand-up, p\u00eache sportive, p\u00eache en mer\" \/>\n<meta name=\"robots\" content=\"index, follow, max-snippet:-1, max-image-preview:large, max-video-preview:-1\" \/>\n<link rel=\"canonical\" href=\"https:\/\/roussillonfishing.com\/en\/product\/baudrier-black-magic-equalizer-twin-pin-pro\/\" \/>\n<meta property=\"og:locale\" content=\"en_GB\" \/>\n<meta property=\"og:type\" content=\"article\" \/>\n<meta property=\"og:title\" content=\"Baudrier Black Magic Equalizer Twin Pin Pro - Roussillon Fishing\" \/>\n<meta property=\"og:description\" content=\"harnais de p\u00eache, baudrier, p\u00eache au gros, stand-up, p\u00eache sportive, p\u00eache en mer\" \/>\n<meta property=\"og:url\" content=\"https:\/\/roussillonfishing.com\/en\/product\/baudrier-black-magic-equalizer-twin-pin-pro\/\" \/>\n<meta property=\"og:site_name\" content=\"Roussillon Fishing\" \/>\n<meta property=\"article:publisher\" content=\"https:\/\/www.facebook.com\/Samuel.Elgrishi.Fishing.Guide.Instructor\/\" \/>\n<meta property=\"article:modified_time\" content=\"2024-07-02T10:00:25+00:00\" \/>\n<meta property=\"og:image\" content=\"https:\/\/roussillonfishing.com\/wp-content\/uploads\/2020\/10\/ensemble-stand-up-harnais-baudriers-black-magic.jpg\" \/>\n\t<meta property=\"og:image:width\" content=\"1024\" \/>\n\t<meta property=\"og:image:height\" content=\"768\" \/>\n\t<meta property=\"og:image:type\" content=\"image\/jpeg\" \/>\n<meta name=\"twitter:card\" content=\"summary_large_image\" \/>\n<meta name=\"twitter:label1\" content=\"Estimated reading time\" \/>\n\t<meta name=\"twitter:data1\" content=\"1 minute\" \/>\n<script type=\"application\/ld+json\" class=\"yoast-schema-graph\">{\"@context\":\"https:\\\/\\\/schema.org\",\"@graph\":[{\"@type\":\"WebPage\",\"@id\":\"https:\\\/\\\/roussillonfishing.com\\\/produit\\\/baudrier-black-magic-equalizer-twin-pin-pro\",\"url\":\"https:\\\/\\\/roussillonfishing.com\\\/produit\\\/baudrier-black-magic-equalizer-twin-pin-pro\",\"name\":\"Baudrier Black Magic Equalizer Twin Pin Pro - Roussillon Fishing\",\"isPartOf\":{\"@id\":\"https:\\\/\\\/roussillonfishing.com\\\/en\\\/#website\"},\"primaryImageOfPage\":{\"@id\":\"https:\\\/\\\/roussillonfishing.com\\\/produit\\\/baudrier-black-magic-equalizer-twin-pin-pro#primaryimage\"},\"image\":{\"@id\":\"https:\\\/\\\/roussillonfishing.com\\\/produit\\\/baudrier-black-magic-equalizer-twin-pin-pro#primaryimage\"},\"thumbnailUrl\":\"https:\\\/\\\/roussillonfishing.com\\\/wp-content\\\/uploads\\\/2020\\\/10\\\/ensemble-stand-up-harnais-baudriers-black-magic.jpg\",\"datePublished\":\"2023-10-12T18:15:34+00:00\",\"dateModified\":\"2024-07-02T10:00:25+00:00\",\"description\":\"harnais de p\u00eache, baudrier, p\u00eache au gros, stand-up, p\u00eache sportive, p\u00eache en mer\",\"breadcrumb\":{\"@id\":\"https:\\\/\\\/roussillonfishing.com\\\/produit\\\/baudrier-black-magic-equalizer-twin-pin-pro#breadcrumb\"},\"inLanguage\":\"en-GB\",\"potentialAction\":[{\"@type\":\"ReadAction\",\"target\":[\"https:\\\/\\\/roussillonfishing.com\\\/produit\\\/baudrier-black-magic-equalizer-twin-pin-pro\"]}]},{\"@type\":\"ImageObject\",\"inLanguage\":\"en-GB\",\"@id\":\"https:\\\/\\\/roussillonfishing.com\\\/produit\\\/baudrier-black-magic-equalizer-twin-pin-pro#primaryimage\",\"url\":\"https:\\\/\\\/roussillonfishing.com\\\/wp-content\\\/uploads\\\/2020\\\/10\\\/ensemble-stand-up-harnais-baudriers-black-magic.jpg\",\"contentUrl\":\"https:\\\/\\\/roussillonfishing.com\\\/wp-content\\\/uploads\\\/2020\\\/10\\\/ensemble-stand-up-harnais-baudriers-black-magic.jpg\",\"width\":1024,\"height\":768},{\"@type\":\"BreadcrumbList\",\"@id\":\"https:\\\/\\\/roussillonfishing.com\\\/produit\\\/baudrier-black-magic-equalizer-twin-pin-pro#breadcrumb\",\"itemListElement\":[{\"@type\":\"ListItem\",\"position\":1,\"name\":\"Accueil\",\"item\":\"https:\\\/\\\/roussillonfishing.com\\\/\"},{\"@type\":\"ListItem\",\"position\":2,\"name\":\"Boutique\",\"item\":\"https:\\\/\\\/roussillonfishing.com\\\/boutique\"},{\"@type\":\"ListItem\",\"position\":3,\"name\":\"Baudrier Black Magic Equalizer Twin Pin Pro\"}]},{\"@type\":\"WebSite\",\"@id\":\"https:\\\/\\\/roussillonfishing.com\\\/en\\\/#website\",\"url\":\"https:\\\/\\\/roussillonfishing.com\\\/en\\\/\",\"name\":\"Roussillon Fishing\",\"description\":\"Moniteur et Guide de p\u00eache dans Les Pyr\u00e9n\u00e9es Orientales\",\"potentialAction\":[{\"@type\":\"SearchAction\",\"target\":{\"@type\":\"EntryPoint\",\"urlTemplate\":\"https:\\\/\\\/roussillonfishing.com\\\/en\\\/?s={search_term_string}\"},\"query-input\":{\"@type\":\"PropertyValueSpecification\",\"valueRequired\":true,\"valueName\":\"search_term_string\"}}],\"inLanguage\":\"en-GB\"}]}<\/script>\n<!-- \/ Yoast SEO plugin. -->","yoast_head_json":{"title":"Baudrier Black Magic Equalizer Twin Pin Pro - Roussillon Fishing","description":"harnais de p\u00eache, baudrier, p\u00eache au gros, stand-up, p\u00eache sportive, p\u00eache en mer","robots":{"index":"index","follow":"follow","max-snippet":"max-snippet:-1","max-image-preview":"max-image-preview:large","max-video-preview":"max-video-preview:-1"},"canonical":"https:\/\/roussillonfishing.com\/en\/product\/baudrier-black-magic-equalizer-twin-pin-pro\/","og_locale":"en_GB","og_type":"article","og_title":"Baudrier Black Magic Equalizer Twin Pin Pro - Roussillon Fishing","og_description":"harnais de p\u00eache, baudrier, p\u00eache au gros, stand-up, p\u00eache sportive, p\u00eache en mer","og_url":"https:\/\/roussillonfishing.com\/en\/product\/baudrier-black-magic-equalizer-twin-pin-pro\/","og_site_name":"Roussillon Fishing","article_publisher":"https:\/\/www.facebook.com\/Samuel.Elgrishi.Fishing.Guide.Instructor\/","article_modified_time":"2024-07-02T10:00:25+00:00","og_image":[{"width":1024,"height":768,"url":"https:\/\/roussillonfishing.com\/wp-content\/uploads\/2020\/10\/ensemble-stand-up-harnais-baudriers-black-magic.jpg","type":"image\/jpeg"}],"twitter_card":"summary_large_image","twitter_misc":{"Estimated reading time":"1 minute"},"schema":{"@context":"https:\/\/schema.org","@graph":[{"@type":"WebPage","@id":"https:\/\/roussillonfishing.com\/produit\/baudrier-black-magic-equalizer-twin-pin-pro","url":"https:\/\/roussillonfishing.com\/produit\/baudrier-black-magic-equalizer-twin-pin-pro","name":"Baudrier Black Magic Equalizer Twin Pin Pro - Roussillon Fishing","isPartOf":{"@id":"https:\/\/roussillonfishing.com\/en\/#website"},"primaryImageOfPage":{"@id":"https:\/\/roussillonfishing.com\/produit\/baudrier-black-magic-equalizer-twin-pin-pro#primaryimage"},"image":{"@id":"https:\/\/roussillonfishing.com\/produit\/baudrier-black-magic-equalizer-twin-pin-pro#primaryimage"},"thumbnailUrl":"https:\/\/roussillonfishing.com\/wp-content\/uploads\/2020\/10\/ensemble-stand-up-harnais-baudriers-black-magic.jpg","datePublished":"2023-10-12T18:15:34+00:00","dateModified":"2024-07-02T10:00:25+00:00","description":"harnais de p\u00eache, baudrier, p\u00eache au gros, stand-up, p\u00eache sportive, p\u00eache en mer","breadcrumb":{"@id":"https:\/\/roussillonfishing.com\/produit\/baudrier-black-magic-equalizer-twin-pin-pro#breadcrumb"},"inLanguage":"en-GB","potentialAction":[{"@type":"ReadAction","target":["https:\/\/roussillonfishing.com\/produit\/baudrier-black-magic-equalizer-twin-pin-pro"]}]},{"@type":"ImageObject","inLanguage":"en-GB","@id":"https:\/\/roussillonfishing.com\/produit\/baudrier-black-magic-equalizer-twin-pin-pro#primaryimage","url":"https:\/\/roussillonfishing.com\/wp-content\/uploads\/2020\/10\/ensemble-stand-up-harnais-baudriers-black-magic.jpg","contentUrl":"https:\/\/roussillonfishing.com\/wp-content\/uploads\/2020\/10\/ensemble-stand-up-harnais-baudriers-black-magic.jpg","width":1024,"height":768},{"@type":"BreadcrumbList","@id":"https:\/\/roussillonfishing.com\/produit\/baudrier-black-magic-equalizer-twin-pin-pro#breadcrumb","itemListElement":[{"@type":"ListItem","position":1,"name":"Accueil","item":"https:\/\/roussillonfishing.com\/"},{"@type":"ListItem","position":2,"name":"Boutique","item":"https:\/\/roussillonfishing.com\/boutique"},{"@type":"ListItem","position":3,"name":"Baudrier Black Magic Equalizer Twin Pin Pro"}]},{"@type":"WebSite","@id":"https:\/\/roussillonfishing.com\/en\/#website","url":"https:\/\/roussillonfishing.com\/en\/","name":"Roussillon Fishing","description":"Moniteur et Guide de p\u00eache dans Les Pyr\u00e9n\u00e9es Orientales","potentialAction":[{"@type":"SearchAction","target":{"@type":"EntryPoint","urlTemplate":"https:\/\/roussillonfishing.com\/en\/?s={search_term_string}"},"query-input":{"@type":"PropertyValueSpecification","valueRequired":true,"valueName":"search_term_string"}}],"inLanguage":"en-GB"}]}},"jetpack_sharing_enabled":true,"_links":{"self":[{"href":"https:\/\/roussillonfishing.com\/en\/wp-json\/wp\/v2\/product\/704","targetHints":{"allow":["GET"]}}],"collection":[{"href":"https:\/\/roussillonfishing.com\/en\/wp-json\/wp\/v2\/product"}],"about":[{"href":"https:\/\/roussillonfishing.com\/en\/wp-json\/wp\/v2\/types\/product"}],"replies":[{"embeddable":true,"href":"https:\/\/roussillonfishing.com\/en\/wp-json\/wp\/v2\/comments?post=704"}],"wp:featuredmedia":[{"embeddable":true,"href":"https:\/\/roussillonfishing.com\/en\/wp-json\/wp\/v2\/media\/705"}],"wp:attachment":[{"href":"https:\/\/roussillonfishing.com\/en\/wp-json\/wp\/v2\/media?parent=704"}],"wp:term":[{"taxonomy":"product_brand","embeddable":true,"href":"https:\/\/roussillonfishing.com\/en\/wp-json\/wp\/v2\/product_brand?post=704"},{"taxonomy":"product_cat","embeddable":true,"href":"https:\/\/roussillonfishing.com\/en\/wp-json\/wp\/v2\/product_cat?post=704"},{"taxonomy":"product_tag","embeddable":true,"href":"https:\/\/roussillonfishing.com\/en\/wp-json\/wp\/v2\/product_tag?post=704"}],"curies":[{"name":"wp","href":"https:\/\/api.w.org\/{rel}","templated":true}]}}