{"id":707,"date":"2020-10-12T18:19:03","date_gmt":"2020-10-12T18:19:03","guid":{"rendered":"https:\/\/roussillonfishing.com\/?post_type=product&#038;p=707"},"modified":"2024-07-02T08:55:24","modified_gmt":"2024-07-02T08:55:24","slug":"harnais-aftco-maxforce-xh","status":"publish","type":"product","link":"https:\/\/roussillonfishing.com\/en\/product\/harnais-aftco-maxforce-xh","title":{"rendered":"Harnais AFTCO MaxForce XH"},"content":{"rendered":"<div id=\"product-container-description\" class=\"container-content-anchor-block clearfix\">\n<div class=\"content-anchor-container large-12 columns\">\n<p>Il convient \u00e0 des tailles allant de 28 pouces (71.12 cm) \u00e0 50 pouces (127 cm) ce qui couvre la quasi-totalit\u00e9 du spectre. Le rembourrage en mousse Bio \u00e0 cellules ferm\u00e9es extra-\u00e9paisses offre un confort et un soutien in\u00e9gal\u00e9s. Un plus grand \u00e9cart entre les coussinets lombaires et les coussins de si\u00e8ge amovibles a \u00e9t\u00e9 m\u00e9nag\u00e9, avec toile de nylon ultra-r\u00e9sistante et doublure en polyester Lycra imperm\u00e9able \u00e0 double piq\u00fbre et enfin doublure en tissu \u00e9ponge synth\u00e9tique pour \u00e9vacuer l&rsquo;humidit\u00e9 et procurer assez de \u00ab\u00a0grip\u00a0\u00bb pour assurer une parfaite tenue au harnais et l&#8217;emp\u00eacher de glisser. Livr\u00e9 dans sac de rangement en filet avec des \u0153illets pour rincer rapidement le harnais \u00e0 l&rsquo;eau douce et assurer un stockage efficace apr\u00e8s son lavage pour \u00ab hivernage \u00bb entre deux cessions de p\u00eache (enti\u00e8rement synth\u00e9tique il \u00ab passe \u00bb sans probl\u00e8me en machine).<\/p>\n<\/div>\n<\/div>\n<div id=\"dpsg-tips-container\" class=\"container-content-anchor-block clearfix\">\n<div class=\"content-anchor-container dpsg-tips-container large-12 columns\">\n<div class=\"text-dpsg-tips\">\n<p>Le grand mod\u00e8le ultra renforc\u00e9 de la gamme qui combine id\u00e9alement confort de p\u00eache et efficacit\u00e9 extr\u00eame pour des combats eux-m\u00eames extr\u00eames. Un top pour les p\u00eaches fortes \u00e0 ultra fortes en stand-up moderne (marlins,thons, requins).<\/p>\n<\/div>\n<\/div>\n<\/div>","protected":false},"excerpt":{"rendered":"<p>Il convient \u00e0 des tailles allant de 28 pouces (71.12 cm) \u00e0 50 pouces (127 cm) ce qui couvre la quasi-totalit\u00e9 du spectre. Le rembourrage en mousse Bio \u00e0 cellules<\/p>","protected":false},"featured_media":708,"comment_status":"open","ping_status":"closed","template":"","meta":[],"product_brand":[],"product_cat":[23],"product_tag":[50],"class_list":{"0":"post-707","1":"product","2":"type-product","3":"status-publish","4":"has-post-thumbnail","6":"product_cat-accessoires","7":"product_tag-harnais-de-peche","9":"first","10":"outofstock","11":"taxable","12":"shipping-taxable","13":"purchasable","14":"product-type-simple"},"yoast_head":"<!-- This site is optimized with the Yoast SEO plugin v27.3 - https:\/\/yoast.com\/product\/yoast-seo-wordpress\/ -->\n<title>Harnais AFTCO MaxForce XH - Roussillon Fishing<\/title>\n<meta name=\"robots\" content=\"index, follow, max-snippet:-1, max-image-preview:large, max-video-preview:-1\" \/>\n<link rel=\"canonical\" href=\"https:\/\/roussillonfishing.com\/en\/product\/harnais-aftco-maxforce-xh\/\" \/>\n<meta property=\"og:locale\" content=\"en_GB\" \/>\n<meta property=\"og:type\" content=\"article\" \/>\n<meta property=\"og:title\" content=\"Harnais AFTCO MaxForce XH - Roussillon Fishing\" \/>\n<meta property=\"og:description\" content=\"Il convient \u00e0 des tailles allant de 28 pouces (71.12 cm) \u00e0 50 pouces (127 cm) ce qui couvre la quasi-totalit\u00e9 du spectre. Le rembourrage en mousse Bio \u00e0 cellules\" \/>\n<meta property=\"og:url\" content=\"https:\/\/roussillonfishing.com\/en\/product\/harnais-aftco-maxforce-xh\/\" \/>\n<meta property=\"og:site_name\" content=\"Roussillon Fishing\" \/>\n<meta property=\"article:publisher\" content=\"https:\/\/www.facebook.com\/Samuel.Elgrishi.Fishing.Guide.Instructor\/\" \/>\n<meta property=\"article:modified_time\" content=\"2024-07-02T08:55:24+00:00\" \/>\n<meta property=\"og:image\" content=\"https:\/\/roussillonfishing.com\/wp-content\/uploads\/2020\/10\/Harnais-Aftco-Max-Force-XH-Harness-Presentation.jpg\" \/>\n\t<meta property=\"og:image:width\" content=\"800\" \/>\n\t<meta property=\"og:image:height\" content=\"790\" \/>\n\t<meta property=\"og:image:type\" content=\"image\/jpeg\" \/>\n<meta name=\"twitter:card\" content=\"summary_large_image\" \/>\n<meta name=\"twitter:label1\" content=\"Estimated reading time\" \/>\n\t<meta name=\"twitter:data1\" content=\"1 minute\" \/>\n<script type=\"application\/ld+json\" class=\"yoast-schema-graph\">{\"@context\":\"https:\\\/\\\/schema.org\",\"@graph\":[{\"@type\":\"WebPage\",\"@id\":\"https:\\\/\\\/roussillonfishing.com\\\/produit\\\/harnais-aftco-maxforce-xh\",\"url\":\"https:\\\/\\\/roussillonfishing.com\\\/produit\\\/harnais-aftco-maxforce-xh\",\"name\":\"Harnais AFTCO MaxForce XH - Roussillon Fishing\",\"isPartOf\":{\"@id\":\"https:\\\/\\\/roussillonfishing.com\\\/en\\\/#website\"},\"primaryImageOfPage\":{\"@id\":\"https:\\\/\\\/roussillonfishing.com\\\/produit\\\/harnais-aftco-maxforce-xh#primaryimage\"},\"image\":{\"@id\":\"https:\\\/\\\/roussillonfishing.com\\\/produit\\\/harnais-aftco-maxforce-xh#primaryimage\"},\"thumbnailUrl\":\"https:\\\/\\\/roussillonfishing.com\\\/wp-content\\\/uploads\\\/2020\\\/10\\\/Harnais-Aftco-Max-Force-XH-Harness-Presentation.jpg\",\"datePublished\":\"2020-10-12T18:19:03+00:00\",\"dateModified\":\"2024-07-02T08:55:24+00:00\",\"breadcrumb\":{\"@id\":\"https:\\\/\\\/roussillonfishing.com\\\/produit\\\/harnais-aftco-maxforce-xh#breadcrumb\"},\"inLanguage\":\"en-GB\",\"potentialAction\":[{\"@type\":\"ReadAction\",\"target\":[\"https:\\\/\\\/roussillonfishing.com\\\/produit\\\/harnais-aftco-maxforce-xh\"]}]},{\"@type\":\"ImageObject\",\"inLanguage\":\"en-GB\",\"@id\":\"https:\\\/\\\/roussillonfishing.com\\\/produit\\\/harnais-aftco-maxforce-xh#primaryimage\",\"url\":\"https:\\\/\\\/roussillonfishing.com\\\/wp-content\\\/uploads\\\/2020\\\/10\\\/Harnais-Aftco-Max-Force-XH-Harness-Presentation.jpg\",\"contentUrl\":\"https:\\\/\\\/roussillonfishing.com\\\/wp-content\\\/uploads\\\/2020\\\/10\\\/Harnais-Aftco-Max-Force-XH-Harness-Presentation.jpg\",\"width\":800,\"height\":790},{\"@type\":\"BreadcrumbList\",\"@id\":\"https:\\\/\\\/roussillonfishing.com\\\/produit\\\/harnais-aftco-maxforce-xh#breadcrumb\",\"itemListElement\":[{\"@type\":\"ListItem\",\"position\":1,\"name\":\"Accueil\",\"item\":\"https:\\\/\\\/roussillonfishing.com\\\/\"},{\"@type\":\"ListItem\",\"position\":2,\"name\":\"Boutique\",\"item\":\"https:\\\/\\\/roussillonfishing.com\\\/boutique\"},{\"@type\":\"ListItem\",\"position\":3,\"name\":\"Harnais AFTCO MaxForce XH\"}]},{\"@type\":\"WebSite\",\"@id\":\"https:\\\/\\\/roussillonfishing.com\\\/en\\\/#website\",\"url\":\"https:\\\/\\\/roussillonfishing.com\\\/en\\\/\",\"name\":\"Roussillon Fishing\",\"description\":\"Moniteur et Guide de p\u00eache dans Les Pyr\u00e9n\u00e9es Orientales\",\"potentialAction\":[{\"@type\":\"SearchAction\",\"target\":{\"@type\":\"EntryPoint\",\"urlTemplate\":\"https:\\\/\\\/roussillonfishing.com\\\/en\\\/?s={search_term_string}\"},\"query-input\":{\"@type\":\"PropertyValueSpecification\",\"valueRequired\":true,\"valueName\":\"search_term_string\"}}],\"inLanguage\":\"en-GB\"}]}<\/script>\n<!-- \/ Yoast SEO plugin. -->","yoast_head_json":{"title":"Harnais AFTCO MaxForce XH - Roussillon Fishing","robots":{"index":"index","follow":"follow","max-snippet":"max-snippet:-1","max-image-preview":"max-image-preview:large","max-video-preview":"max-video-preview:-1"},"canonical":"https:\/\/roussillonfishing.com\/en\/product\/harnais-aftco-maxforce-xh\/","og_locale":"en_GB","og_type":"article","og_title":"Harnais AFTCO MaxForce XH - Roussillon Fishing","og_description":"Il convient \u00e0 des tailles allant de 28 pouces (71.12 cm) \u00e0 50 pouces (127 cm) ce qui couvre la quasi-totalit\u00e9 du spectre. Le rembourrage en mousse Bio \u00e0 cellules","og_url":"https:\/\/roussillonfishing.com\/en\/product\/harnais-aftco-maxforce-xh\/","og_site_name":"Roussillon Fishing","article_publisher":"https:\/\/www.facebook.com\/Samuel.Elgrishi.Fishing.Guide.Instructor\/","article_modified_time":"2024-07-02T08:55:24+00:00","og_image":[{"width":800,"height":790,"url":"https:\/\/roussillonfishing.com\/wp-content\/uploads\/2020\/10\/Harnais-Aftco-Max-Force-XH-Harness-Presentation.jpg","type":"image\/jpeg"}],"twitter_card":"summary_large_image","twitter_misc":{"Estimated reading time":"1 minute"},"schema":{"@context":"https:\/\/schema.org","@graph":[{"@type":"WebPage","@id":"https:\/\/roussillonfishing.com\/produit\/harnais-aftco-maxforce-xh","url":"https:\/\/roussillonfishing.com\/produit\/harnais-aftco-maxforce-xh","name":"Harnais AFTCO MaxForce XH - Roussillon Fishing","isPartOf":{"@id":"https:\/\/roussillonfishing.com\/en\/#website"},"primaryImageOfPage":{"@id":"https:\/\/roussillonfishing.com\/produit\/harnais-aftco-maxforce-xh#primaryimage"},"image":{"@id":"https:\/\/roussillonfishing.com\/produit\/harnais-aftco-maxforce-xh#primaryimage"},"thumbnailUrl":"https:\/\/roussillonfishing.com\/wp-content\/uploads\/2020\/10\/Harnais-Aftco-Max-Force-XH-Harness-Presentation.jpg","datePublished":"2020-10-12T18:19:03+00:00","dateModified":"2024-07-02T08:55:24+00:00","breadcrumb":{"@id":"https:\/\/roussillonfishing.com\/produit\/harnais-aftco-maxforce-xh#breadcrumb"},"inLanguage":"en-GB","potentialAction":[{"@type":"ReadAction","target":["https:\/\/roussillonfishing.com\/produit\/harnais-aftco-maxforce-xh"]}]},{"@type":"ImageObject","inLanguage":"en-GB","@id":"https:\/\/roussillonfishing.com\/produit\/harnais-aftco-maxforce-xh#primaryimage","url":"https:\/\/roussillonfishing.com\/wp-content\/uploads\/2020\/10\/Harnais-Aftco-Max-Force-XH-Harness-Presentation.jpg","contentUrl":"https:\/\/roussillonfishing.com\/wp-content\/uploads\/2020\/10\/Harnais-Aftco-Max-Force-XH-Harness-Presentation.jpg","width":800,"height":790},{"@type":"BreadcrumbList","@id":"https:\/\/roussillonfishing.com\/produit\/harnais-aftco-maxforce-xh#breadcrumb","itemListElement":[{"@type":"ListItem","position":1,"name":"Accueil","item":"https:\/\/roussillonfishing.com\/"},{"@type":"ListItem","position":2,"name":"Boutique","item":"https:\/\/roussillonfishing.com\/boutique"},{"@type":"ListItem","position":3,"name":"Harnais AFTCO MaxForce XH"}]},{"@type":"WebSite","@id":"https:\/\/roussillonfishing.com\/en\/#website","url":"https:\/\/roussillonfishing.com\/en\/","name":"Roussillon Fishing","description":"Moniteur et Guide de p\u00eache dans Les Pyr\u00e9n\u00e9es Orientales","potentialAction":[{"@type":"SearchAction","target":{"@type":"EntryPoint","urlTemplate":"https:\/\/roussillonfishing.com\/en\/?s={search_term_string}"},"query-input":{"@type":"PropertyValueSpecification","valueRequired":true,"valueName":"search_term_string"}}],"inLanguage":"en-GB"}]}},"jetpack_sharing_enabled":true,"_links":{"self":[{"href":"https:\/\/roussillonfishing.com\/en\/wp-json\/wp\/v2\/product\/707","targetHints":{"allow":["GET"]}}],"collection":[{"href":"https:\/\/roussillonfishing.com\/en\/wp-json\/wp\/v2\/product"}],"about":[{"href":"https:\/\/roussillonfishing.com\/en\/wp-json\/wp\/v2\/types\/product"}],"replies":[{"embeddable":true,"href":"https:\/\/roussillonfishing.com\/en\/wp-json\/wp\/v2\/comments?post=707"}],"wp:featuredmedia":[{"embeddable":true,"href":"https:\/\/roussillonfishing.com\/en\/wp-json\/wp\/v2\/media\/708"}],"wp:attachment":[{"href":"https:\/\/roussillonfishing.com\/en\/wp-json\/wp\/v2\/media?parent=707"}],"wp:term":[{"taxonomy":"product_brand","embeddable":true,"href":"https:\/\/roussillonfishing.com\/en\/wp-json\/wp\/v2\/product_brand?post=707"},{"taxonomy":"product_cat","embeddable":true,"href":"https:\/\/roussillonfishing.com\/en\/wp-json\/wp\/v2\/product_cat?post=707"},{"taxonomy":"product_tag","embeddable":true,"href":"https:\/\/roussillonfishing.com\/en\/wp-json\/wp\/v2\/product_tag?post=707"}],"curies":[{"name":"wp","href":"https:\/\/api.w.org\/{rel}","templated":true}]}}