{"id":712,"date":"2020-10-12T18:27:38","date_gmt":"2020-10-12T18:27:38","guid":{"rendered":"https:\/\/roussillonfishing.com\/?post_type=product&#038;p=712"},"modified":"2025-01-07T11:35:56","modified_gmt":"2025-01-07T11:35:56","slug":"gants-de-peche-en-mer-aftco-wire-max","status":"publish","type":"product","link":"https:\/\/roussillonfishing.com\/en\/product\/gants-de-peche-en-mer-aftco-wire-max","title":{"rendered":"Gants de p\u00eache en mer AFTCO Wire Max"},"content":{"rendered":"<div class=\"product-content text\">\n<p>Les gants de p\u00eache en mer AFTCO Wire Max ont \u00e9t\u00e9 con\u00e7us en utilisant l&rsquo;expertise du capitaine Peter B. Wright, skipper de renomm\u00e9e mondiale, auteur et membre du IGFA Hall of Fame. C&rsquo;est l&rsquo;ultime gant de p\u00eache en mer pour ligner\u00a0de gros poissons. La mousse EVA \u00e0 cellules ferm\u00e9es recouverte d&rsquo;Armortex\u00ae ultra-r\u00e9sistant enveloppe le dos de la main, la paume, les doigts et le\u00a0pouce pour maximiser la protection lors de la manipulation des sockleader monofilaments\u00a0ou c\u00e2ble acier. Le rev\u00eatement Tacky-Grip et les entre-doigts en Spandura\u00ae am\u00e9liorent la dext\u00e9rit\u00e9.\u00a0Fermeture de la manchette par bande n\u00e9opr\u00e8ne enveloppant une base textile pour un meilleur maintient du poign\u00e9 et une protection acrrue.<\/p>\n<p><strong>CARACTERISTIQUES :\u00a0<\/strong><\/p>\n<ul>\n<li>Gant de lignage ulitme pour les grosses proies<\/li>\n<li>Mousse EVA \u00e0 cellules ferm\u00e9es recouverte d&rsquo;Armortex\u00ae super r\u00e9sistant<\/li>\n<li>Prot\u00e8ge les mains lors de l&rsquo;enroulement des\u00a0shockleaders monofilaments ou c\u00e2bles aciers \u00e9pais<\/li>\n<li>Paume, pouce et index collants pour plus de souplesse et de dext\u00e9rit\u00e9<\/li>\n<li>S\u00e8che rapidement<\/li>\n<li>Sangle enveloppante en n\u00e9opr\u00e8ne avec fermeture Velcro\u00ae sur la manchette tricot\u00e9e.<\/li>\n<li>Vendu par paireTailles M \/ L \/ XL \/ XXL<\/li>\n<\/ul>\n<\/div>","protected":false},"excerpt":{"rendered":"<p>Les gants de p\u00eache en mer AFTCO Wire Max ont \u00e9t\u00e9 con\u00e7us en utilisant l&rsquo;expertise du capitaine Peter B. Wright, skipper de renomm\u00e9e mondiale, auteur et membre du IGFA Hall<\/p>","protected":false},"featured_media":713,"comment_status":"open","ping_status":"closed","template":"","meta":[],"product_brand":[],"product_cat":[21],"product_tag":[],"class_list":{"0":"post-712","1":"product","2":"type-product","3":"status-publish","4":"has-post-thumbnail","6":"product_cat-vetements","8":"first","9":"outofstock","10":"taxable","11":"shipping-taxable","12":"purchasable","13":"product-type-variable","14":"has-default-attributes"},"yoast_head":"<!-- This site is optimized with the Yoast SEO plugin v27.3 - https:\/\/yoast.com\/product\/yoast-seo-wordpress\/ -->\n<title>Gants de p\u00eache en mer AFTCO Wire Max - Roussillon Fishing<\/title>\n<meta name=\"robots\" content=\"index, follow, max-snippet:-1, max-image-preview:large, max-video-preview:-1\" \/>\n<link rel=\"canonical\" href=\"https:\/\/roussillonfishing.com\/en\/product\/gants-de-peche-en-mer-aftco-wire-max\/\" \/>\n<meta property=\"og:locale\" content=\"en_GB\" \/>\n<meta property=\"og:type\" content=\"article\" \/>\n<meta property=\"og:title\" content=\"Gants de p\u00eache en mer AFTCO Wire Max - Roussillon Fishing\" \/>\n<meta property=\"og:description\" content=\"Les gants de p\u00eache en mer AFTCO Wire Max ont \u00e9t\u00e9 con\u00e7us en utilisant l&rsquo;expertise du capitaine Peter B. Wright, skipper de renomm\u00e9e mondiale, auteur et membre du IGFA Hall\" \/>\n<meta property=\"og:url\" content=\"https:\/\/roussillonfishing.com\/en\/product\/gants-de-peche-en-mer-aftco-wire-max\/\" \/>\n<meta property=\"og:site_name\" content=\"Roussillon Fishing\" \/>\n<meta property=\"article:publisher\" content=\"https:\/\/www.facebook.com\/Samuel.Elgrishi.Fishing.Guide.Instructor\/\" \/>\n<meta property=\"article:modified_time\" content=\"2025-01-07T11:35:56+00:00\" \/>\n<meta property=\"og:image\" content=\"https:\/\/roussillonfishing.com\/wp-content\/uploads\/2020\/10\/gants-de-peche-aftco-wire-max-gloves-.jpg\" \/>\n\t<meta property=\"og:image:width\" content=\"1024\" \/>\n\t<meta property=\"og:image:height\" content=\"768\" \/>\n\t<meta property=\"og:image:type\" content=\"image\/jpeg\" \/>\n<meta name=\"twitter:card\" content=\"summary_large_image\" \/>\n<meta name=\"twitter:label1\" content=\"Estimated reading time\" \/>\n\t<meta name=\"twitter:data1\" content=\"1 minute\" \/>\n<script type=\"application\/ld+json\" class=\"yoast-schema-graph\">{\"@context\":\"https:\\\/\\\/schema.org\",\"@graph\":[{\"@type\":\"WebPage\",\"@id\":\"https:\\\/\\\/roussillonfishing.com\\\/produit\\\/gants-de-peche-en-mer-aftco-wire-max\",\"url\":\"https:\\\/\\\/roussillonfishing.com\\\/produit\\\/gants-de-peche-en-mer-aftco-wire-max\",\"name\":\"Gants de p\u00eache en mer AFTCO Wire Max - Roussillon Fishing\",\"isPartOf\":{\"@id\":\"https:\\\/\\\/roussillonfishing.com\\\/en\\\/#website\"},\"primaryImageOfPage\":{\"@id\":\"https:\\\/\\\/roussillonfishing.com\\\/produit\\\/gants-de-peche-en-mer-aftco-wire-max#primaryimage\"},\"image\":{\"@id\":\"https:\\\/\\\/roussillonfishing.com\\\/produit\\\/gants-de-peche-en-mer-aftco-wire-max#primaryimage\"},\"thumbnailUrl\":\"https:\\\/\\\/roussillonfishing.com\\\/wp-content\\\/uploads\\\/2020\\\/10\\\/gants-de-peche-aftco-wire-max-gloves-.jpg\",\"datePublished\":\"2020-10-12T18:27:38+00:00\",\"dateModified\":\"2025-01-07T11:35:56+00:00\",\"breadcrumb\":{\"@id\":\"https:\\\/\\\/roussillonfishing.com\\\/produit\\\/gants-de-peche-en-mer-aftco-wire-max#breadcrumb\"},\"inLanguage\":\"en-GB\",\"potentialAction\":[{\"@type\":\"ReadAction\",\"target\":[\"https:\\\/\\\/roussillonfishing.com\\\/produit\\\/gants-de-peche-en-mer-aftco-wire-max\"]}]},{\"@type\":\"ImageObject\",\"inLanguage\":\"en-GB\",\"@id\":\"https:\\\/\\\/roussillonfishing.com\\\/produit\\\/gants-de-peche-en-mer-aftco-wire-max#primaryimage\",\"url\":\"https:\\\/\\\/roussillonfishing.com\\\/wp-content\\\/uploads\\\/2020\\\/10\\\/gants-de-peche-aftco-wire-max-gloves-.jpg\",\"contentUrl\":\"https:\\\/\\\/roussillonfishing.com\\\/wp-content\\\/uploads\\\/2020\\\/10\\\/gants-de-peche-aftco-wire-max-gloves-.jpg\",\"width\":1024,\"height\":768},{\"@type\":\"BreadcrumbList\",\"@id\":\"https:\\\/\\\/roussillonfishing.com\\\/produit\\\/gants-de-peche-en-mer-aftco-wire-max#breadcrumb\",\"itemListElement\":[{\"@type\":\"ListItem\",\"position\":1,\"name\":\"Accueil\",\"item\":\"https:\\\/\\\/roussillonfishing.com\\\/\"},{\"@type\":\"ListItem\",\"position\":2,\"name\":\"Boutique\",\"item\":\"https:\\\/\\\/roussillonfishing.com\\\/boutique\"},{\"@type\":\"ListItem\",\"position\":3,\"name\":\"Gants de p\u00eache en mer AFTCO Wire Max\"}]},{\"@type\":\"WebSite\",\"@id\":\"https:\\\/\\\/roussillonfishing.com\\\/en\\\/#website\",\"url\":\"https:\\\/\\\/roussillonfishing.com\\\/en\\\/\",\"name\":\"Roussillon Fishing\",\"description\":\"Moniteur et Guide de p\u00eache dans Les Pyr\u00e9n\u00e9es Orientales\",\"potentialAction\":[{\"@type\":\"SearchAction\",\"target\":{\"@type\":\"EntryPoint\",\"urlTemplate\":\"https:\\\/\\\/roussillonfishing.com\\\/en\\\/?s={search_term_string}\"},\"query-input\":{\"@type\":\"PropertyValueSpecification\",\"valueRequired\":true,\"valueName\":\"search_term_string\"}}],\"inLanguage\":\"en-GB\"}]}<\/script>\n<!-- \/ Yoast SEO plugin. -->","yoast_head_json":{"title":"Gants de p\u00eache en mer AFTCO Wire Max - Roussillon Fishing","robots":{"index":"index","follow":"follow","max-snippet":"max-snippet:-1","max-image-preview":"max-image-preview:large","max-video-preview":"max-video-preview:-1"},"canonical":"https:\/\/roussillonfishing.com\/en\/product\/gants-de-peche-en-mer-aftco-wire-max\/","og_locale":"en_GB","og_type":"article","og_title":"Gants de p\u00eache en mer AFTCO Wire Max - Roussillon Fishing","og_description":"Les gants de p\u00eache en mer AFTCO Wire Max ont \u00e9t\u00e9 con\u00e7us en utilisant l&rsquo;expertise du capitaine Peter B. Wright, skipper de renomm\u00e9e mondiale, auteur et membre du IGFA Hall","og_url":"https:\/\/roussillonfishing.com\/en\/product\/gants-de-peche-en-mer-aftco-wire-max\/","og_site_name":"Roussillon Fishing","article_publisher":"https:\/\/www.facebook.com\/Samuel.Elgrishi.Fishing.Guide.Instructor\/","article_modified_time":"2025-01-07T11:35:56+00:00","og_image":[{"width":1024,"height":768,"url":"https:\/\/roussillonfishing.com\/wp-content\/uploads\/2020\/10\/gants-de-peche-aftco-wire-max-gloves-.jpg","type":"image\/jpeg"}],"twitter_card":"summary_large_image","twitter_misc":{"Estimated reading time":"1 minute"},"schema":{"@context":"https:\/\/schema.org","@graph":[{"@type":"WebPage","@id":"https:\/\/roussillonfishing.com\/produit\/gants-de-peche-en-mer-aftco-wire-max","url":"https:\/\/roussillonfishing.com\/produit\/gants-de-peche-en-mer-aftco-wire-max","name":"Gants de p\u00eache en mer AFTCO Wire Max - Roussillon Fishing","isPartOf":{"@id":"https:\/\/roussillonfishing.com\/en\/#website"},"primaryImageOfPage":{"@id":"https:\/\/roussillonfishing.com\/produit\/gants-de-peche-en-mer-aftco-wire-max#primaryimage"},"image":{"@id":"https:\/\/roussillonfishing.com\/produit\/gants-de-peche-en-mer-aftco-wire-max#primaryimage"},"thumbnailUrl":"https:\/\/roussillonfishing.com\/wp-content\/uploads\/2020\/10\/gants-de-peche-aftco-wire-max-gloves-.jpg","datePublished":"2020-10-12T18:27:38+00:00","dateModified":"2025-01-07T11:35:56+00:00","breadcrumb":{"@id":"https:\/\/roussillonfishing.com\/produit\/gants-de-peche-en-mer-aftco-wire-max#breadcrumb"},"inLanguage":"en-GB","potentialAction":[{"@type":"ReadAction","target":["https:\/\/roussillonfishing.com\/produit\/gants-de-peche-en-mer-aftco-wire-max"]}]},{"@type":"ImageObject","inLanguage":"en-GB","@id":"https:\/\/roussillonfishing.com\/produit\/gants-de-peche-en-mer-aftco-wire-max#primaryimage","url":"https:\/\/roussillonfishing.com\/wp-content\/uploads\/2020\/10\/gants-de-peche-aftco-wire-max-gloves-.jpg","contentUrl":"https:\/\/roussillonfishing.com\/wp-content\/uploads\/2020\/10\/gants-de-peche-aftco-wire-max-gloves-.jpg","width":1024,"height":768},{"@type":"BreadcrumbList","@id":"https:\/\/roussillonfishing.com\/produit\/gants-de-peche-en-mer-aftco-wire-max#breadcrumb","itemListElement":[{"@type":"ListItem","position":1,"name":"Accueil","item":"https:\/\/roussillonfishing.com\/"},{"@type":"ListItem","position":2,"name":"Boutique","item":"https:\/\/roussillonfishing.com\/boutique"},{"@type":"ListItem","position":3,"name":"Gants de p\u00eache en mer AFTCO Wire Max"}]},{"@type":"WebSite","@id":"https:\/\/roussillonfishing.com\/en\/#website","url":"https:\/\/roussillonfishing.com\/en\/","name":"Roussillon Fishing","description":"Moniteur et Guide de p\u00eache dans Les Pyr\u00e9n\u00e9es Orientales","potentialAction":[{"@type":"SearchAction","target":{"@type":"EntryPoint","urlTemplate":"https:\/\/roussillonfishing.com\/en\/?s={search_term_string}"},"query-input":{"@type":"PropertyValueSpecification","valueRequired":true,"valueName":"search_term_string"}}],"inLanguage":"en-GB"}]}},"jetpack_sharing_enabled":true,"_links":{"self":[{"href":"https:\/\/roussillonfishing.com\/en\/wp-json\/wp\/v2\/product\/712","targetHints":{"allow":["GET"]}}],"collection":[{"href":"https:\/\/roussillonfishing.com\/en\/wp-json\/wp\/v2\/product"}],"about":[{"href":"https:\/\/roussillonfishing.com\/en\/wp-json\/wp\/v2\/types\/product"}],"replies":[{"embeddable":true,"href":"https:\/\/roussillonfishing.com\/en\/wp-json\/wp\/v2\/comments?post=712"}],"wp:featuredmedia":[{"embeddable":true,"href":"https:\/\/roussillonfishing.com\/en\/wp-json\/wp\/v2\/media\/713"}],"wp:attachment":[{"href":"https:\/\/roussillonfishing.com\/en\/wp-json\/wp\/v2\/media?parent=712"}],"wp:term":[{"taxonomy":"product_brand","embeddable":true,"href":"https:\/\/roussillonfishing.com\/en\/wp-json\/wp\/v2\/product_brand?post=712"},{"taxonomy":"product_cat","embeddable":true,"href":"https:\/\/roussillonfishing.com\/en\/wp-json\/wp\/v2\/product_cat?post=712"},{"taxonomy":"product_tag","embeddable":true,"href":"https:\/\/roussillonfishing.com\/en\/wp-json\/wp\/v2\/product_tag?post=712"}],"curies":[{"name":"wp","href":"https:\/\/api.w.org\/{rel}","templated":true}]}}