{"id":714,"date":"2020-10-12T18:30:32","date_gmt":"2020-10-12T18:30:32","guid":{"rendered":"https:\/\/roussillonfishing.com\/?post_type=product&#038;p=714"},"modified":"2024-12-06T09:47:48","modified_gmt":"2024-12-06T09:47:48","slug":"gants-de-peche-aftco-release","status":"publish","type":"product","link":"https:\/\/roussillonfishing.com\/en\/product\/gants-de-peche-aftco-release","title":{"rendered":"Gants de p\u00eache AFTCO Release"},"content":{"rendered":"<div class=\"product-content text\">\n<p>Les gants de p\u00eache AFTCO Release sont les gants de p\u00eache en mer id\u00e9aux pour diriger le monofilament, saisir le rostre d&rsquo;un marlin ou tout simplement avoir une prise sur tout ce qui est glissant.\u00a0Le polyur\u00e9thane Diamond-Grip tr\u00e8s collant est directement inject\u00e9 sur les paumes en maille de nylon pour une meilleure adh\u00e9rence dans des conditions humides. Le mat\u00e9riau Armortex\u00ae super r\u00e9sistant est int\u00e9gr\u00e9 le long de l&rsquo;ext\u00e9rieur de la main et recouvre\u00a0l&rsquo;index afin de maximiser\u00a0la protection lors de l&rsquo;enroulement du shock leader. La maille a\u00e9r\u00e9e et doubl\u00e9e en mousse garde les mains au frais\u00a0et prot\u00e9g\u00e9es,\u00a0et le Spandura\u00ae utilis\u00e9 pour les entre-doigts conserve l&rsquo;agilit\u00e9.\u00a0La manchette en n\u00e9opr\u00e8ne perfor\u00e9 avec fermeture Velcro\u00ae assure un ajustement s\u00fbr des gants de p\u00eache.<\/p>\n<p><strong>CARACT\u00c9RISTIQUES :<\/strong><\/p>\n<ul>\n<li>Id\u00e9al pour ligner un poisson \u00e0 rostre ou tout bas de ligne int\u00e9rm\u00e9diaire<\/li>\n<li>Le dos de la main en Spandura s\u00e8che rapidement et prot\u00e8ge les mains\u00a0pour une sensation sup\u00e9rieure<\/li>\n<li>Paumes adh\u00e9rentes inject\u00e9es de caoutchouc, lingette en micro-molleton<\/li>\n<li>Dos de la main et index recouvert d&rsquo;Armortex\u00ae<\/li>\n<li>Manchette en n\u00e9opr\u00e8ne avec fermeture velcro<\/li>\n<li>Vendu par paire<\/li>\n<\/ul>\n<\/div>","protected":false},"excerpt":{"rendered":"<p>Les gants de p\u00eache AFTCO Release sont les gants de p\u00eache en mer id\u00e9aux pour diriger le monofilament, saisir le rostre d&rsquo;un marlin ou tout simplement avoir une prise sur<\/p>","protected":false},"featured_media":715,"comment_status":"open","ping_status":"closed","template":"","meta":[],"product_brand":[],"product_cat":[21],"product_tag":[],"class_list":{"0":"post-714","1":"product","2":"type-product","3":"status-publish","4":"has-post-thumbnail","6":"product_cat-vetements","8":"first","9":"outofstock","10":"taxable","11":"shipping-taxable","12":"purchasable","13":"product-type-variable","14":"has-default-attributes"},"yoast_head":"<!-- This site is optimized with the Yoast SEO plugin v27.3 - https:\/\/yoast.com\/product\/yoast-seo-wordpress\/ -->\n<title>Gants de p\u00eache AFTCO Release - Roussillon Fishing<\/title>\n<meta name=\"robots\" content=\"index, follow, max-snippet:-1, max-image-preview:large, max-video-preview:-1\" \/>\n<link rel=\"canonical\" href=\"https:\/\/roussillonfishing.com\/en\/product\/gants-de-peche-aftco-release\/\" \/>\n<meta property=\"og:locale\" content=\"en_GB\" \/>\n<meta property=\"og:type\" content=\"article\" \/>\n<meta property=\"og:title\" content=\"Gants de p\u00eache AFTCO Release - Roussillon Fishing\" \/>\n<meta property=\"og:description\" content=\"Les gants de p\u00eache AFTCO Release sont les gants de p\u00eache en mer id\u00e9aux pour diriger le monofilament, saisir le rostre d&rsquo;un marlin ou tout simplement avoir une prise sur\" \/>\n<meta property=\"og:url\" content=\"https:\/\/roussillonfishing.com\/en\/product\/gants-de-peche-aftco-release\/\" \/>\n<meta property=\"og:site_name\" content=\"Roussillon Fishing\" \/>\n<meta property=\"article:publisher\" content=\"https:\/\/www.facebook.com\/Samuel.Elgrishi.Fishing.Guide.Instructor\/\" \/>\n<meta property=\"article:modified_time\" content=\"2024-12-06T09:47:48+00:00\" \/>\n<meta property=\"og:image\" content=\"https:\/\/roussillonfishing.com\/wp-content\/uploads\/2020\/10\/A1KawsRa3FL._AC_SX466_.jpg\" \/>\n\t<meta property=\"og:image:width\" content=\"466\" \/>\n\t<meta property=\"og:image:height\" content=\"409\" \/>\n\t<meta property=\"og:image:type\" content=\"image\/jpeg\" \/>\n<meta name=\"twitter:card\" content=\"summary_large_image\" \/>\n<meta name=\"twitter:label1\" content=\"Estimated reading time\" \/>\n\t<meta name=\"twitter:data1\" content=\"1 minute\" \/>\n<script type=\"application\/ld+json\" class=\"yoast-schema-graph\">{\"@context\":\"https:\\\/\\\/schema.org\",\"@graph\":[{\"@type\":\"WebPage\",\"@id\":\"https:\\\/\\\/roussillonfishing.com\\\/produit\\\/gants-de-peche-aftco-release\",\"url\":\"https:\\\/\\\/roussillonfishing.com\\\/produit\\\/gants-de-peche-aftco-release\",\"name\":\"Gants de p\u00eache AFTCO Release - Roussillon Fishing\",\"isPartOf\":{\"@id\":\"https:\\\/\\\/roussillonfishing.com\\\/en\\\/#website\"},\"primaryImageOfPage\":{\"@id\":\"https:\\\/\\\/roussillonfishing.com\\\/produit\\\/gants-de-peche-aftco-release#primaryimage\"},\"image\":{\"@id\":\"https:\\\/\\\/roussillonfishing.com\\\/produit\\\/gants-de-peche-aftco-release#primaryimage\"},\"thumbnailUrl\":\"https:\\\/\\\/roussillonfishing.com\\\/wp-content\\\/uploads\\\/2020\\\/10\\\/A1KawsRa3FL._AC_SX466_.jpg\",\"datePublished\":\"2020-10-12T18:30:32+00:00\",\"dateModified\":\"2024-12-06T09:47:48+00:00\",\"breadcrumb\":{\"@id\":\"https:\\\/\\\/roussillonfishing.com\\\/produit\\\/gants-de-peche-aftco-release#breadcrumb\"},\"inLanguage\":\"en-GB\",\"potentialAction\":[{\"@type\":\"ReadAction\",\"target\":[\"https:\\\/\\\/roussillonfishing.com\\\/produit\\\/gants-de-peche-aftco-release\"]}]},{\"@type\":\"ImageObject\",\"inLanguage\":\"en-GB\",\"@id\":\"https:\\\/\\\/roussillonfishing.com\\\/produit\\\/gants-de-peche-aftco-release#primaryimage\",\"url\":\"https:\\\/\\\/roussillonfishing.com\\\/wp-content\\\/uploads\\\/2020\\\/10\\\/A1KawsRa3FL._AC_SX466_.jpg\",\"contentUrl\":\"https:\\\/\\\/roussillonfishing.com\\\/wp-content\\\/uploads\\\/2020\\\/10\\\/A1KawsRa3FL._AC_SX466_.jpg\",\"width\":466,\"height\":409},{\"@type\":\"BreadcrumbList\",\"@id\":\"https:\\\/\\\/roussillonfishing.com\\\/produit\\\/gants-de-peche-aftco-release#breadcrumb\",\"itemListElement\":[{\"@type\":\"ListItem\",\"position\":1,\"name\":\"Accueil\",\"item\":\"https:\\\/\\\/roussillonfishing.com\\\/\"},{\"@type\":\"ListItem\",\"position\":2,\"name\":\"Boutique\",\"item\":\"https:\\\/\\\/roussillonfishing.com\\\/boutique\"},{\"@type\":\"ListItem\",\"position\":3,\"name\":\"Gants de p\u00eache AFTCO Release\"}]},{\"@type\":\"WebSite\",\"@id\":\"https:\\\/\\\/roussillonfishing.com\\\/en\\\/#website\",\"url\":\"https:\\\/\\\/roussillonfishing.com\\\/en\\\/\",\"name\":\"Roussillon Fishing\",\"description\":\"Moniteur et Guide de p\u00eache dans Les Pyr\u00e9n\u00e9es Orientales\",\"potentialAction\":[{\"@type\":\"SearchAction\",\"target\":{\"@type\":\"EntryPoint\",\"urlTemplate\":\"https:\\\/\\\/roussillonfishing.com\\\/en\\\/?s={search_term_string}\"},\"query-input\":{\"@type\":\"PropertyValueSpecification\",\"valueRequired\":true,\"valueName\":\"search_term_string\"}}],\"inLanguage\":\"en-GB\"}]}<\/script>\n<!-- \/ Yoast SEO plugin. -->","yoast_head_json":{"title":"Gants de p\u00eache AFTCO Release - Roussillon Fishing","robots":{"index":"index","follow":"follow","max-snippet":"max-snippet:-1","max-image-preview":"max-image-preview:large","max-video-preview":"max-video-preview:-1"},"canonical":"https:\/\/roussillonfishing.com\/en\/product\/gants-de-peche-aftco-release\/","og_locale":"en_GB","og_type":"article","og_title":"Gants de p\u00eache AFTCO Release - Roussillon Fishing","og_description":"Les gants de p\u00eache AFTCO Release sont les gants de p\u00eache en mer id\u00e9aux pour diriger le monofilament, saisir le rostre d&rsquo;un marlin ou tout simplement avoir une prise sur","og_url":"https:\/\/roussillonfishing.com\/en\/product\/gants-de-peche-aftco-release\/","og_site_name":"Roussillon Fishing","article_publisher":"https:\/\/www.facebook.com\/Samuel.Elgrishi.Fishing.Guide.Instructor\/","article_modified_time":"2024-12-06T09:47:48+00:00","og_image":[{"width":466,"height":409,"url":"https:\/\/roussillonfishing.com\/wp-content\/uploads\/2020\/10\/A1KawsRa3FL._AC_SX466_.jpg","type":"image\/jpeg"}],"twitter_card":"summary_large_image","twitter_misc":{"Estimated reading time":"1 minute"},"schema":{"@context":"https:\/\/schema.org","@graph":[{"@type":"WebPage","@id":"https:\/\/roussillonfishing.com\/produit\/gants-de-peche-aftco-release","url":"https:\/\/roussillonfishing.com\/produit\/gants-de-peche-aftco-release","name":"Gants de p\u00eache AFTCO Release - Roussillon Fishing","isPartOf":{"@id":"https:\/\/roussillonfishing.com\/en\/#website"},"primaryImageOfPage":{"@id":"https:\/\/roussillonfishing.com\/produit\/gants-de-peche-aftco-release#primaryimage"},"image":{"@id":"https:\/\/roussillonfishing.com\/produit\/gants-de-peche-aftco-release#primaryimage"},"thumbnailUrl":"https:\/\/roussillonfishing.com\/wp-content\/uploads\/2020\/10\/A1KawsRa3FL._AC_SX466_.jpg","datePublished":"2020-10-12T18:30:32+00:00","dateModified":"2024-12-06T09:47:48+00:00","breadcrumb":{"@id":"https:\/\/roussillonfishing.com\/produit\/gants-de-peche-aftco-release#breadcrumb"},"inLanguage":"en-GB","potentialAction":[{"@type":"ReadAction","target":["https:\/\/roussillonfishing.com\/produit\/gants-de-peche-aftco-release"]}]},{"@type":"ImageObject","inLanguage":"en-GB","@id":"https:\/\/roussillonfishing.com\/produit\/gants-de-peche-aftco-release#primaryimage","url":"https:\/\/roussillonfishing.com\/wp-content\/uploads\/2020\/10\/A1KawsRa3FL._AC_SX466_.jpg","contentUrl":"https:\/\/roussillonfishing.com\/wp-content\/uploads\/2020\/10\/A1KawsRa3FL._AC_SX466_.jpg","width":466,"height":409},{"@type":"BreadcrumbList","@id":"https:\/\/roussillonfishing.com\/produit\/gants-de-peche-aftco-release#breadcrumb","itemListElement":[{"@type":"ListItem","position":1,"name":"Accueil","item":"https:\/\/roussillonfishing.com\/"},{"@type":"ListItem","position":2,"name":"Boutique","item":"https:\/\/roussillonfishing.com\/boutique"},{"@type":"ListItem","position":3,"name":"Gants de p\u00eache AFTCO Release"}]},{"@type":"WebSite","@id":"https:\/\/roussillonfishing.com\/en\/#website","url":"https:\/\/roussillonfishing.com\/en\/","name":"Roussillon Fishing","description":"Moniteur et Guide de p\u00eache dans Les Pyr\u00e9n\u00e9es Orientales","potentialAction":[{"@type":"SearchAction","target":{"@type":"EntryPoint","urlTemplate":"https:\/\/roussillonfishing.com\/en\/?s={search_term_string}"},"query-input":{"@type":"PropertyValueSpecification","valueRequired":true,"valueName":"search_term_string"}}],"inLanguage":"en-GB"}]}},"jetpack_sharing_enabled":true,"_links":{"self":[{"href":"https:\/\/roussillonfishing.com\/en\/wp-json\/wp\/v2\/product\/714","targetHints":{"allow":["GET"]}}],"collection":[{"href":"https:\/\/roussillonfishing.com\/en\/wp-json\/wp\/v2\/product"}],"about":[{"href":"https:\/\/roussillonfishing.com\/en\/wp-json\/wp\/v2\/types\/product"}],"replies":[{"embeddable":true,"href":"https:\/\/roussillonfishing.com\/en\/wp-json\/wp\/v2\/comments?post=714"}],"wp:featuredmedia":[{"embeddable":true,"href":"https:\/\/roussillonfishing.com\/en\/wp-json\/wp\/v2\/media\/715"}],"wp:attachment":[{"href":"https:\/\/roussillonfishing.com\/en\/wp-json\/wp\/v2\/media?parent=714"}],"wp:term":[{"taxonomy":"product_brand","embeddable":true,"href":"https:\/\/roussillonfishing.com\/en\/wp-json\/wp\/v2\/product_brand?post=714"},{"taxonomy":"product_cat","embeddable":true,"href":"https:\/\/roussillonfishing.com\/en\/wp-json\/wp\/v2\/product_cat?post=714"},{"taxonomy":"product_tag","embeddable":true,"href":"https:\/\/roussillonfishing.com\/en\/wp-json\/wp\/v2\/product_tag?post=714"}],"curies":[{"name":"wp","href":"https:\/\/api.w.org\/{rel}","templated":true}]}}