{"id":858,"date":"2020-11-07T12:27:26","date_gmt":"2020-11-07T12:27:26","guid":{"rendered":"https:\/\/roussillonfishing.com\/?post_type=product&#038;p=858"},"modified":"2026-02-11T18:03:52","modified_gmt":"2026-02-11T18:03:52","slug":"degorgeoir-decroche-hamecon-cuda","status":"publish","type":"product","link":"https:\/\/roussillonfishing.com\/en\/product\/degorgeoir-decroche-hamecon-cuda","title":{"rendered":"D\u00e9gorgeoir d\u00e9croche hame\u00e7on CUDA"},"content":{"rendered":"<p class=\"h2 hidden-sm-down\"><strong>Accessoire dont je ne me s\u00e9pare jamais, la longueur permet de ne pas se blesser et d\u00e9crocher facilement nos poissons, test\u00e9 et approuv\u00e9 notamment sur le thon rouge, je l&rsquo;utilise pour nombreuses autres esp\u00e8ces et munis en g\u00e9n\u00e9ral d&rsquo;une bonne paire de gants (Cf. les gants de d\u00e9coupe CUDA par exemple). Requins, congres, denti et autres m\u00e2choires qu&rsquo;il vaut mieux manipuler en toute s\u00e9curit\u00e9, cet outil est parfait. <\/strong><\/p>\n<p class=\"h2 hidden-sm-down\">Description<\/p>\n<div class=\"product-description\">\n<p>D\u00e9gorgeoir long alu\/titanium, construit avec un m\u00e9canisme ultra solide, \u00e9quip\u00e9 de poign\u00e9es en \u00e9cailles antid\u00e9rapantes<\/p>\n<p>&#8211; longueur: 45 cm<br \/>\n&#8211; Poids : 230 gr<br \/>\n&#8211; longueur tige : 37 cm<br \/>\n&#8211; Longueur poign\u00e9e : 80 mm<\/p>\n<p>&#8211; Poids : 111 gr<\/p>\n<\/div>","protected":false},"excerpt":{"rendered":"<p>Accessoire dont je ne me s\u00e9pare jamais, la longueur permet de ne pas se blesser et d\u00e9crocher facilement nos poissons, test\u00e9 et approuv\u00e9 notamment sur le thon rouge, je l&rsquo;utilise<\/p>","protected":false},"featured_media":859,"comment_status":"open","ping_status":"closed","template":"","meta":[],"product_brand":[],"product_cat":[23],"product_tag":[66,65,69,68,73,70,51,36,67,71,72],"class_list":{"0":"post-858","1":"product","2":"type-product","3":"status-publish","4":"has-post-thumbnail","6":"product_cat-accessoires","7":"product_tag-amiaud","8":"product_tag-cuda","9":"product_tag-decroche-hamecon","10":"product_tag-degorgeoir","11":"product_tag-fishing-tackle","12":"product_tag-peche-en-bateau","13":"product_tag-peche-en-mer","14":"product_tag-roussillon-fishing","15":"product_tag-seanox","16":"product_tag-securite","17":"product_tag-sport-fishing","19":"first","20":"instock","21":"taxable","22":"shipping-taxable","23":"purchasable","24":"product-type-simple"},"yoast_head":"<!-- This site is optimized with the Yoast SEO plugin v27.5 - https:\/\/yoast.com\/product\/yoast-seo-wordpress\/ -->\n<title>D\u00e9gorgeoir d\u00e9croche hame\u00e7on CUDA - Roussillon Fishing<\/title>\n<meta name=\"description\" content=\"Roussillon Fishing - D\u00e9gorgeoir d\u00e9croche hame\u00e7on CUDA D\u00e9gorgeoir long alu\/titanium, construit avec un m\u00e9canisme ultra solide, \u00e9quip\u00e9 de poign\u00e9es en \u00e9cailles antid\u00e9rapantes\" \/>\n<meta name=\"robots\" content=\"index, follow, max-snippet:-1, max-image-preview:large, max-video-preview:-1\" \/>\n<link rel=\"canonical\" href=\"https:\/\/roussillonfishing.com\/en\/product\/degorgeoir-decroche-hamecon-cuda\/\" \/>\n<meta property=\"og:locale\" content=\"en_GB\" \/>\n<meta property=\"og:type\" content=\"article\" \/>\n<meta property=\"og:title\" content=\"D\u00e9gorgeoir d\u00e9croche hame\u00e7on CUDA - Roussillon Fishing\" \/>\n<meta property=\"og:description\" content=\"Roussillon Fishing - D\u00e9gorgeoir d\u00e9croche hame\u00e7on CUDA D\u00e9gorgeoir long alu\/titanium, construit avec un m\u00e9canisme ultra solide, \u00e9quip\u00e9 de poign\u00e9es en \u00e9cailles antid\u00e9rapantes\" \/>\n<meta property=\"og:url\" content=\"https:\/\/roussillonfishing.com\/en\/product\/degorgeoir-decroche-hamecon-cuda\/\" \/>\n<meta property=\"og:site_name\" content=\"Roussillon Fishing\" \/>\n<meta property=\"article:publisher\" content=\"https:\/\/www.facebook.com\/Samuel.Elgrishi.Fishing.Guide.Instructor\/\" \/>\n<meta property=\"article:modified_time\" content=\"2026-02-11T18:03:52+00:00\" \/>\n<meta property=\"og:image\" content=\"https:\/\/roussillonfishing.com\/wp-content\/uploads\/2020\/11\/degorgeoir-long-alu-titanium-46-cm-.jpg\" \/>\n\t<meta property=\"og:image:width\" content=\"800\" \/>\n\t<meta property=\"og:image:height\" content=\"800\" \/>\n\t<meta property=\"og:image:type\" content=\"image\/jpeg\" \/>\n<meta name=\"twitter:card\" content=\"summary_large_image\" \/>\n<meta name=\"twitter:label1\" content=\"Estimated reading time\" \/>\n\t<meta name=\"twitter:data1\" content=\"1 minute\" \/>\n<script type=\"application\/ld+json\" class=\"yoast-schema-graph\">{\"@context\":\"https:\\\/\\\/schema.org\",\"@graph\":[{\"@type\":\"WebPage\",\"@id\":\"https:\\\/\\\/roussillonfishing.com\\\/produit\\\/degorgeoir-decroche-hamecon-cuda\",\"url\":\"https:\\\/\\\/roussillonfishing.com\\\/produit\\\/degorgeoir-decroche-hamecon-cuda\",\"name\":\"D\u00e9gorgeoir d\u00e9croche hame\u00e7on CUDA - Roussillon Fishing\",\"isPartOf\":{\"@id\":\"https:\\\/\\\/roussillonfishing.com\\\/en\\\/#website\"},\"primaryImageOfPage\":{\"@id\":\"https:\\\/\\\/roussillonfishing.com\\\/produit\\\/degorgeoir-decroche-hamecon-cuda#primaryimage\"},\"image\":{\"@id\":\"https:\\\/\\\/roussillonfishing.com\\\/produit\\\/degorgeoir-decroche-hamecon-cuda#primaryimage\"},\"thumbnailUrl\":\"https:\\\/\\\/roussillonfishing.com\\\/wp-content\\\/uploads\\\/2020\\\/11\\\/degorgeoir-long-alu-titanium-46-cm-.jpg\",\"datePublished\":\"2020-11-07T12:27:26+00:00\",\"dateModified\":\"2026-02-11T18:03:52+00:00\",\"description\":\"Roussillon Fishing - D\u00e9gorgeoir d\u00e9croche hame\u00e7on CUDA D\u00e9gorgeoir long alu\\\/titanium, construit avec un m\u00e9canisme ultra solide, \u00e9quip\u00e9 de poign\u00e9es en \u00e9cailles antid\u00e9rapantes\",\"breadcrumb\":{\"@id\":\"https:\\\/\\\/roussillonfishing.com\\\/produit\\\/degorgeoir-decroche-hamecon-cuda#breadcrumb\"},\"inLanguage\":\"en-GB\",\"potentialAction\":[{\"@type\":\"ReadAction\",\"target\":[\"https:\\\/\\\/roussillonfishing.com\\\/produit\\\/degorgeoir-decroche-hamecon-cuda\"]}]},{\"@type\":\"ImageObject\",\"inLanguage\":\"en-GB\",\"@id\":\"https:\\\/\\\/roussillonfishing.com\\\/produit\\\/degorgeoir-decroche-hamecon-cuda#primaryimage\",\"url\":\"https:\\\/\\\/roussillonfishing.com\\\/wp-content\\\/uploads\\\/2020\\\/11\\\/degorgeoir-long-alu-titanium-46-cm-.jpg\",\"contentUrl\":\"https:\\\/\\\/roussillonfishing.com\\\/wp-content\\\/uploads\\\/2020\\\/11\\\/degorgeoir-long-alu-titanium-46-cm-.jpg\",\"width\":800,\"height\":800},{\"@type\":\"BreadcrumbList\",\"@id\":\"https:\\\/\\\/roussillonfishing.com\\\/produit\\\/degorgeoir-decroche-hamecon-cuda#breadcrumb\",\"itemListElement\":[{\"@type\":\"ListItem\",\"position\":1,\"name\":\"Accueil\",\"item\":\"https:\\\/\\\/roussillonfishing.com\\\/\"},{\"@type\":\"ListItem\",\"position\":2,\"name\":\"Boutique\",\"item\":\"https:\\\/\\\/roussillonfishing.com\\\/boutique\"},{\"@type\":\"ListItem\",\"position\":3,\"name\":\"D\u00e9gorgeoir d\u00e9croche hame\u00e7on CUDA\"}]},{\"@type\":\"WebSite\",\"@id\":\"https:\\\/\\\/roussillonfishing.com\\\/en\\\/#website\",\"url\":\"https:\\\/\\\/roussillonfishing.com\\\/en\\\/\",\"name\":\"Roussillon Fishing\",\"description\":\"Moniteur et Guide de p\u00eache dans Les Pyr\u00e9n\u00e9es Orientales\",\"potentialAction\":[{\"@type\":\"SearchAction\",\"target\":{\"@type\":\"EntryPoint\",\"urlTemplate\":\"https:\\\/\\\/roussillonfishing.com\\\/en\\\/?s={search_term_string}\"},\"query-input\":{\"@type\":\"PropertyValueSpecification\",\"valueRequired\":true,\"valueName\":\"search_term_string\"}}],\"inLanguage\":\"en-GB\"}]}<\/script>\n<!-- \/ Yoast SEO plugin. -->","yoast_head_json":{"title":"D\u00e9gorgeoir d\u00e9croche hame\u00e7on CUDA - Roussillon Fishing","description":"Roussillon Fishing - D\u00e9gorgeoir d\u00e9croche hame\u00e7on CUDA D\u00e9gorgeoir long alu\/titanium, construit avec un m\u00e9canisme ultra solide, \u00e9quip\u00e9 de poign\u00e9es en \u00e9cailles antid\u00e9rapantes","robots":{"index":"index","follow":"follow","max-snippet":"max-snippet:-1","max-image-preview":"max-image-preview:large","max-video-preview":"max-video-preview:-1"},"canonical":"https:\/\/roussillonfishing.com\/en\/product\/degorgeoir-decroche-hamecon-cuda\/","og_locale":"en_GB","og_type":"article","og_title":"D\u00e9gorgeoir d\u00e9croche hame\u00e7on CUDA - Roussillon Fishing","og_description":"Roussillon Fishing - D\u00e9gorgeoir d\u00e9croche hame\u00e7on CUDA D\u00e9gorgeoir long alu\/titanium, construit avec un m\u00e9canisme ultra solide, \u00e9quip\u00e9 de poign\u00e9es en \u00e9cailles antid\u00e9rapantes","og_url":"https:\/\/roussillonfishing.com\/en\/product\/degorgeoir-decroche-hamecon-cuda\/","og_site_name":"Roussillon Fishing","article_publisher":"https:\/\/www.facebook.com\/Samuel.Elgrishi.Fishing.Guide.Instructor\/","article_modified_time":"2026-02-11T18:03:52+00:00","og_image":[{"width":800,"height":800,"url":"https:\/\/roussillonfishing.com\/wp-content\/uploads\/2020\/11\/degorgeoir-long-alu-titanium-46-cm-.jpg","type":"image\/jpeg"}],"twitter_card":"summary_large_image","twitter_misc":{"Estimated reading time":"1 minute"},"schema":{"@context":"https:\/\/schema.org","@graph":[{"@type":"WebPage","@id":"https:\/\/roussillonfishing.com\/produit\/degorgeoir-decroche-hamecon-cuda","url":"https:\/\/roussillonfishing.com\/produit\/degorgeoir-decroche-hamecon-cuda","name":"D\u00e9gorgeoir d\u00e9croche hame\u00e7on CUDA - Roussillon Fishing","isPartOf":{"@id":"https:\/\/roussillonfishing.com\/en\/#website"},"primaryImageOfPage":{"@id":"https:\/\/roussillonfishing.com\/produit\/degorgeoir-decroche-hamecon-cuda#primaryimage"},"image":{"@id":"https:\/\/roussillonfishing.com\/produit\/degorgeoir-decroche-hamecon-cuda#primaryimage"},"thumbnailUrl":"https:\/\/roussillonfishing.com\/wp-content\/uploads\/2020\/11\/degorgeoir-long-alu-titanium-46-cm-.jpg","datePublished":"2020-11-07T12:27:26+00:00","dateModified":"2026-02-11T18:03:52+00:00","description":"Roussillon Fishing - D\u00e9gorgeoir d\u00e9croche hame\u00e7on CUDA D\u00e9gorgeoir long alu\/titanium, construit avec un m\u00e9canisme ultra solide, \u00e9quip\u00e9 de poign\u00e9es en \u00e9cailles antid\u00e9rapantes","breadcrumb":{"@id":"https:\/\/roussillonfishing.com\/produit\/degorgeoir-decroche-hamecon-cuda#breadcrumb"},"inLanguage":"en-GB","potentialAction":[{"@type":"ReadAction","target":["https:\/\/roussillonfishing.com\/produit\/degorgeoir-decroche-hamecon-cuda"]}]},{"@type":"ImageObject","inLanguage":"en-GB","@id":"https:\/\/roussillonfishing.com\/produit\/degorgeoir-decroche-hamecon-cuda#primaryimage","url":"https:\/\/roussillonfishing.com\/wp-content\/uploads\/2020\/11\/degorgeoir-long-alu-titanium-46-cm-.jpg","contentUrl":"https:\/\/roussillonfishing.com\/wp-content\/uploads\/2020\/11\/degorgeoir-long-alu-titanium-46-cm-.jpg","width":800,"height":800},{"@type":"BreadcrumbList","@id":"https:\/\/roussillonfishing.com\/produit\/degorgeoir-decroche-hamecon-cuda#breadcrumb","itemListElement":[{"@type":"ListItem","position":1,"name":"Accueil","item":"https:\/\/roussillonfishing.com\/"},{"@type":"ListItem","position":2,"name":"Boutique","item":"https:\/\/roussillonfishing.com\/boutique"},{"@type":"ListItem","position":3,"name":"D\u00e9gorgeoir d\u00e9croche hame\u00e7on CUDA"}]},{"@type":"WebSite","@id":"https:\/\/roussillonfishing.com\/en\/#website","url":"https:\/\/roussillonfishing.com\/en\/","name":"Roussillon Fishing","description":"Moniteur et Guide de p\u00eache dans Les Pyr\u00e9n\u00e9es Orientales","potentialAction":[{"@type":"SearchAction","target":{"@type":"EntryPoint","urlTemplate":"https:\/\/roussillonfishing.com\/en\/?s={search_term_string}"},"query-input":{"@type":"PropertyValueSpecification","valueRequired":true,"valueName":"search_term_string"}}],"inLanguage":"en-GB"}]}},"jetpack_sharing_enabled":true,"_links":{"self":[{"href":"https:\/\/roussillonfishing.com\/en\/wp-json\/wp\/v2\/product\/858","targetHints":{"allow":["GET"]}}],"collection":[{"href":"https:\/\/roussillonfishing.com\/en\/wp-json\/wp\/v2\/product"}],"about":[{"href":"https:\/\/roussillonfishing.com\/en\/wp-json\/wp\/v2\/types\/product"}],"replies":[{"embeddable":true,"href":"https:\/\/roussillonfishing.com\/en\/wp-json\/wp\/v2\/comments?post=858"}],"wp:featuredmedia":[{"embeddable":true,"href":"https:\/\/roussillonfishing.com\/en\/wp-json\/wp\/v2\/media\/859"}],"wp:attachment":[{"href":"https:\/\/roussillonfishing.com\/en\/wp-json\/wp\/v2\/media?parent=858"}],"wp:term":[{"taxonomy":"product_brand","embeddable":true,"href":"https:\/\/roussillonfishing.com\/en\/wp-json\/wp\/v2\/product_brand?post=858"},{"taxonomy":"product_cat","embeddable":true,"href":"https:\/\/roussillonfishing.com\/en\/wp-json\/wp\/v2\/product_cat?post=858"},{"taxonomy":"product_tag","embeddable":true,"href":"https:\/\/roussillonfishing.com\/en\/wp-json\/wp\/v2\/product_tag?post=858"}],"curies":[{"name":"wp","href":"https:\/\/api.w.org\/{rel}","templated":true}]}}