{"id":874,"date":"2020-12-02T14:44:50","date_gmt":"2020-12-02T14:44:50","guid":{"rendered":"https:\/\/roussillonfishing.com\/?post_type=product&#038;p=874"},"modified":"2021-05-27T10:20:32","modified_gmt":"2021-05-27T10:20:32","slug":"https-pretapecher-com-coffrets-303-3-leurres-thon-mediterranee-html","status":"publish","type":"product","link":"https:\/\/roussillonfishing.com\/en\/product\/https-pretapecher-com-coffrets-303-3-leurres-thon-mediterranee-html","title":{"rendered":"Coffret Leurre Souple THON \u00ab\u00a0Pr\u00eat\u00e0P\u00eacher\u00a0\u00bb"},"content":{"rendered":"<div id=\"short_description_content\" class=\"rte align_justify\">\n<p><strong>https:\/\/pretapecher.com\/coffrets\/303-3-leurres-thon-mediterranee.html<\/strong><\/p>\n<p>Coffret compos\u00e9 par le guide de p\u00eache\u00a0Samuel Elgrishi<\/p>\n<p>Ce coffret <strong>sp\u00e9cial m\u00e9diterran\u00e9e thon, gros denti et s\u00e9riole<\/strong> est compos\u00e9 de 3 leurres Nitro shad ILLEX : 2\u00a0en 120 de couleur bright &amp; shine et sardine et 1 en 150 coloris sardine.<br \/>\n<strong>Ces leurres souples mont\u00e9s sur des t\u00eates plomb\u00e9es VDslim articul\u00e9es GP en 45 gr et 55 grs sont arm\u00e9es d&rsquo;un hame\u00e7on VMC 6\/0 et 8\/0 live bait 4X strong.\u00a0<\/strong><\/p>\n<p>La force extr\u00eame de cet ensemble peut r\u00e9sister aux plus gros poissons\u00a0de m\u00e9diterran\u00e9e, \u00e0 utiliser au lancer sur chasse \u00e0 soutenir ou en traction.<\/p>\n<\/div>","protected":false},"excerpt":{"rendered":"<p>https:\/\/pretapecher.com\/coffrets\/303-3-leurres-thon-mediterranee.html Coffret compos\u00e9 par le guide de p\u00eache\u00a0Samuel Elgrishi Ce coffret sp\u00e9cial m\u00e9diterran\u00e9e thon, gros denti et s\u00e9riole est compos\u00e9 de 3 leurres Nitro shad ILLEX : 2\u00a0en 120 de<\/p>","protected":false},"featured_media":875,"comment_status":"open","ping_status":"closed","template":"","meta":[],"product_brand":[],"product_cat":[74],"product_tag":[],"class_list":{"0":"post-874","1":"product","2":"type-product","3":"status-publish","4":"has-post-thumbnail","6":"product_cat-leurres","8":"first","9":"instock","10":"taxable","11":"shipping-taxable","12":"product-type-external"},"yoast_head":"<!-- This site is optimized with the Yoast SEO plugin v27.3 - https:\/\/yoast.com\/product\/yoast-seo-wordpress\/ -->\n<title>Coffret Leurre Souple THON &quot;Pr\u00eat\u00e0P\u00eacher&quot; - Roussillon Fishing<\/title>\n<meta name=\"robots\" content=\"index, follow, max-snippet:-1, max-image-preview:large, max-video-preview:-1\" \/>\n<link rel=\"canonical\" href=\"https:\/\/roussillonfishing.com\/en\/product\/https-pretapecher-com-coffrets-303-3-leurres-thon-mediterranee-html\" \/>\n<meta property=\"og:locale\" content=\"en_GB\" \/>\n<meta property=\"og:type\" content=\"article\" \/>\n<meta property=\"og:title\" content=\"Coffret Leurre Souple THON &quot;Pr\u00eat\u00e0P\u00eacher&quot; - Roussillon Fishing\" \/>\n<meta property=\"og:description\" content=\"https:\/\/pretapecher.com\/coffrets\/303-3-leurres-thon-mediterranee.html Coffret compos\u00e9 par le guide de p\u00eache\u00a0Samuel Elgrishi Ce coffret sp\u00e9cial m\u00e9diterran\u00e9e thon, gros denti et s\u00e9riole est compos\u00e9 de 3 leurres Nitro shad ILLEX : 2\u00a0en 120 de\" \/>\n<meta property=\"og:url\" content=\"https:\/\/roussillonfishing.com\/en\/product\/https-pretapecher-com-coffrets-303-3-leurres-thon-mediterranee-html\" \/>\n<meta property=\"og:site_name\" content=\"Roussillon Fishing\" \/>\n<meta property=\"article:publisher\" content=\"https:\/\/www.facebook.com\/Samuel.Elgrishi.Fishing.Guide.Instructor\/\" \/>\n<meta property=\"article:modified_time\" content=\"2021-05-27T10:20:32+00:00\" \/>\n<meta property=\"og:image\" content=\"https:\/\/roussillonfishing.com\/wp-content\/uploads\/2020\/12\/3leurres-thon-120-150-med.jpg\" \/>\n\t<meta property=\"og:image:width\" content=\"800\" \/>\n\t<meta property=\"og:image:height\" content=\"800\" \/>\n\t<meta property=\"og:image:type\" content=\"image\/jpeg\" \/>\n<meta name=\"twitter:card\" content=\"summary_large_image\" \/>\n<meta name=\"twitter:label1\" content=\"Estimated reading time\" \/>\n\t<meta name=\"twitter:data1\" content=\"1 minute\" \/>\n<script type=\"application\/ld+json\" class=\"yoast-schema-graph\">{\"@context\":\"https:\\\/\\\/schema.org\",\"@graph\":[{\"@type\":\"WebPage\",\"@id\":\"https:\\\/\\\/roussillonfishing.com\\\/en\\\/product\\\/https-pretapecher-com-coffrets-303-3-leurres-thon-mediterranee-html\",\"url\":\"https:\\\/\\\/roussillonfishing.com\\\/en\\\/product\\\/https-pretapecher-com-coffrets-303-3-leurres-thon-mediterranee-html\",\"name\":\"Coffret Leurre Souple THON \\\"Pr\u00eat\u00e0P\u00eacher\\\" - Roussillon Fishing\",\"isPartOf\":{\"@id\":\"https:\\\/\\\/roussillonfishing.com\\\/en\\\/#website\"},\"primaryImageOfPage\":{\"@id\":\"https:\\\/\\\/roussillonfishing.com\\\/en\\\/product\\\/https-pretapecher-com-coffrets-303-3-leurres-thon-mediterranee-html#primaryimage\"},\"image\":{\"@id\":\"https:\\\/\\\/roussillonfishing.com\\\/en\\\/product\\\/https-pretapecher-com-coffrets-303-3-leurres-thon-mediterranee-html#primaryimage\"},\"thumbnailUrl\":\"https:\\\/\\\/roussillonfishing.com\\\/wp-content\\\/uploads\\\/2020\\\/12\\\/3leurres-thon-120-150-med.jpg\",\"datePublished\":\"2020-12-02T14:44:50+00:00\",\"dateModified\":\"2021-05-27T10:20:32+00:00\",\"breadcrumb\":{\"@id\":\"https:\\\/\\\/roussillonfishing.com\\\/en\\\/product\\\/https-pretapecher-com-coffrets-303-3-leurres-thon-mediterranee-html#breadcrumb\"},\"inLanguage\":\"en-GB\",\"potentialAction\":[{\"@type\":\"ReadAction\",\"target\":[\"https:\\\/\\\/roussillonfishing.com\\\/en\\\/product\\\/https-pretapecher-com-coffrets-303-3-leurres-thon-mediterranee-html\"]}]},{\"@type\":\"ImageObject\",\"inLanguage\":\"en-GB\",\"@id\":\"https:\\\/\\\/roussillonfishing.com\\\/en\\\/product\\\/https-pretapecher-com-coffrets-303-3-leurres-thon-mediterranee-html#primaryimage\",\"url\":\"https:\\\/\\\/roussillonfishing.com\\\/wp-content\\\/uploads\\\/2020\\\/12\\\/3leurres-thon-120-150-med.jpg\",\"contentUrl\":\"https:\\\/\\\/roussillonfishing.com\\\/wp-content\\\/uploads\\\/2020\\\/12\\\/3leurres-thon-120-150-med.jpg\",\"width\":800,\"height\":800},{\"@type\":\"BreadcrumbList\",\"@id\":\"https:\\\/\\\/roussillonfishing.com\\\/en\\\/product\\\/https-pretapecher-com-coffrets-303-3-leurres-thon-mediterranee-html#breadcrumb\",\"itemListElement\":[{\"@type\":\"ListItem\",\"position\":1,\"name\":\"Accueil\",\"item\":\"https:\\\/\\\/roussillonfishing.com\\\/\"},{\"@type\":\"ListItem\",\"position\":2,\"name\":\"Boutique\",\"item\":\"https:\\\/\\\/roussillonfishing.com\\\/boutique\"},{\"@type\":\"ListItem\",\"position\":3,\"name\":\"Coffret Leurre Souple THON \u00ab\u00a0Pr\u00eat\u00e0P\u00eacher\u00a0\u00bb\"}]},{\"@type\":\"WebSite\",\"@id\":\"https:\\\/\\\/roussillonfishing.com\\\/en\\\/#website\",\"url\":\"https:\\\/\\\/roussillonfishing.com\\\/en\\\/\",\"name\":\"Roussillon Fishing\",\"description\":\"Moniteur et Guide de p\u00eache dans Les Pyr\u00e9n\u00e9es Orientales\",\"potentialAction\":[{\"@type\":\"SearchAction\",\"target\":{\"@type\":\"EntryPoint\",\"urlTemplate\":\"https:\\\/\\\/roussillonfishing.com\\\/en\\\/?s={search_term_string}\"},\"query-input\":{\"@type\":\"PropertyValueSpecification\",\"valueRequired\":true,\"valueName\":\"search_term_string\"}}],\"inLanguage\":\"en-GB\"}]}<\/script>\n<!-- \/ Yoast SEO plugin. -->","yoast_head_json":{"title":"Coffret Leurre Souple THON \"Pr\u00eat\u00e0P\u00eacher\" - Roussillon Fishing","robots":{"index":"index","follow":"follow","max-snippet":"max-snippet:-1","max-image-preview":"max-image-preview:large","max-video-preview":"max-video-preview:-1"},"canonical":"https:\/\/roussillonfishing.com\/en\/product\/https-pretapecher-com-coffrets-303-3-leurres-thon-mediterranee-html","og_locale":"en_GB","og_type":"article","og_title":"Coffret Leurre Souple THON \"Pr\u00eat\u00e0P\u00eacher\" - Roussillon Fishing","og_description":"https:\/\/pretapecher.com\/coffrets\/303-3-leurres-thon-mediterranee.html Coffret compos\u00e9 par le guide de p\u00eache\u00a0Samuel Elgrishi Ce coffret sp\u00e9cial m\u00e9diterran\u00e9e thon, gros denti et s\u00e9riole est compos\u00e9 de 3 leurres Nitro shad ILLEX : 2\u00a0en 120 de","og_url":"https:\/\/roussillonfishing.com\/en\/product\/https-pretapecher-com-coffrets-303-3-leurres-thon-mediterranee-html","og_site_name":"Roussillon Fishing","article_publisher":"https:\/\/www.facebook.com\/Samuel.Elgrishi.Fishing.Guide.Instructor\/","article_modified_time":"2021-05-27T10:20:32+00:00","og_image":[{"width":800,"height":800,"url":"https:\/\/roussillonfishing.com\/wp-content\/uploads\/2020\/12\/3leurres-thon-120-150-med.jpg","type":"image\/jpeg"}],"twitter_card":"summary_large_image","twitter_misc":{"Estimated reading time":"1 minute"},"schema":{"@context":"https:\/\/schema.org","@graph":[{"@type":"WebPage","@id":"https:\/\/roussillonfishing.com\/en\/product\/https-pretapecher-com-coffrets-303-3-leurres-thon-mediterranee-html","url":"https:\/\/roussillonfishing.com\/en\/product\/https-pretapecher-com-coffrets-303-3-leurres-thon-mediterranee-html","name":"Coffret Leurre Souple THON \"Pr\u00eat\u00e0P\u00eacher\" - Roussillon Fishing","isPartOf":{"@id":"https:\/\/roussillonfishing.com\/en\/#website"},"primaryImageOfPage":{"@id":"https:\/\/roussillonfishing.com\/en\/product\/https-pretapecher-com-coffrets-303-3-leurres-thon-mediterranee-html#primaryimage"},"image":{"@id":"https:\/\/roussillonfishing.com\/en\/product\/https-pretapecher-com-coffrets-303-3-leurres-thon-mediterranee-html#primaryimage"},"thumbnailUrl":"https:\/\/roussillonfishing.com\/wp-content\/uploads\/2020\/12\/3leurres-thon-120-150-med.jpg","datePublished":"2020-12-02T14:44:50+00:00","dateModified":"2021-05-27T10:20:32+00:00","breadcrumb":{"@id":"https:\/\/roussillonfishing.com\/en\/product\/https-pretapecher-com-coffrets-303-3-leurres-thon-mediterranee-html#breadcrumb"},"inLanguage":"en-GB","potentialAction":[{"@type":"ReadAction","target":["https:\/\/roussillonfishing.com\/en\/product\/https-pretapecher-com-coffrets-303-3-leurres-thon-mediterranee-html"]}]},{"@type":"ImageObject","inLanguage":"en-GB","@id":"https:\/\/roussillonfishing.com\/en\/product\/https-pretapecher-com-coffrets-303-3-leurres-thon-mediterranee-html#primaryimage","url":"https:\/\/roussillonfishing.com\/wp-content\/uploads\/2020\/12\/3leurres-thon-120-150-med.jpg","contentUrl":"https:\/\/roussillonfishing.com\/wp-content\/uploads\/2020\/12\/3leurres-thon-120-150-med.jpg","width":800,"height":800},{"@type":"BreadcrumbList","@id":"https:\/\/roussillonfishing.com\/en\/product\/https-pretapecher-com-coffrets-303-3-leurres-thon-mediterranee-html#breadcrumb","itemListElement":[{"@type":"ListItem","position":1,"name":"Accueil","item":"https:\/\/roussillonfishing.com\/"},{"@type":"ListItem","position":2,"name":"Boutique","item":"https:\/\/roussillonfishing.com\/boutique"},{"@type":"ListItem","position":3,"name":"Coffret Leurre Souple THON \u00ab\u00a0Pr\u00eat\u00e0P\u00eacher\u00a0\u00bb"}]},{"@type":"WebSite","@id":"https:\/\/roussillonfishing.com\/en\/#website","url":"https:\/\/roussillonfishing.com\/en\/","name":"Roussillon Fishing","description":"Moniteur et Guide de p\u00eache dans Les Pyr\u00e9n\u00e9es Orientales","potentialAction":[{"@type":"SearchAction","target":{"@type":"EntryPoint","urlTemplate":"https:\/\/roussillonfishing.com\/en\/?s={search_term_string}"},"query-input":{"@type":"PropertyValueSpecification","valueRequired":true,"valueName":"search_term_string"}}],"inLanguage":"en-GB"}]}},"jetpack_sharing_enabled":true,"_links":{"self":[{"href":"https:\/\/roussillonfishing.com\/en\/wp-json\/wp\/v2\/product\/874","targetHints":{"allow":["GET"]}}],"collection":[{"href":"https:\/\/roussillonfishing.com\/en\/wp-json\/wp\/v2\/product"}],"about":[{"href":"https:\/\/roussillonfishing.com\/en\/wp-json\/wp\/v2\/types\/product"}],"replies":[{"embeddable":true,"href":"https:\/\/roussillonfishing.com\/en\/wp-json\/wp\/v2\/comments?post=874"}],"wp:featuredmedia":[{"embeddable":true,"href":"https:\/\/roussillonfishing.com\/en\/wp-json\/wp\/v2\/media\/875"}],"wp:attachment":[{"href":"https:\/\/roussillonfishing.com\/en\/wp-json\/wp\/v2\/media?parent=874"}],"wp:term":[{"taxonomy":"product_brand","embeddable":true,"href":"https:\/\/roussillonfishing.com\/en\/wp-json\/wp\/v2\/product_brand?post=874"},{"taxonomy":"product_cat","embeddable":true,"href":"https:\/\/roussillonfishing.com\/en\/wp-json\/wp\/v2\/product_cat?post=874"},{"taxonomy":"product_tag","embeddable":true,"href":"https:\/\/roussillonfishing.com\/en\/wp-json\/wp\/v2\/product_tag?post=874"}],"curies":[{"name":"wp","href":"https:\/\/api.w.org\/{rel}","templated":true}]}}