{"id":876,"date":"2020-12-02T14:50:22","date_gmt":"2020-12-02T14:50:22","guid":{"rendered":"https:\/\/roussillonfishing.com\/?post_type=product&#038;p=876"},"modified":"2021-05-27T10:07:21","modified_gmt":"2021-05-27T10:07:21","slug":"coffret-leurre-souple-verticale-mediterranee-pretapecher","status":"publish","type":"product","link":"https:\/\/roussillonfishing.com\/en\/product\/coffret-leurre-souple-verticale-mediterranee-pretapecher","title":{"rendered":"Coffret Leurre Souple Verticale M\u00e9diterran\u00e9e \u00ab\u00a0Pr\u00eat\u00e0P\u00eacher\u00a0\u00bb"},"content":{"rendered":"<div id=\"short_description_content\" class=\"rte align_justify\">\n<p><strong>Coffret m\u00e9diterran\u00e9e grande profondeur\u00a0compos\u00e9 par le guide de p\u00eache\u00a0Samuel Elgrishi<\/strong><\/p>\n<p>Ce coffret\u00a0de 6 leurres souples grande profondeur est bien adapt\u00e9 pour la traque des dentis, s\u00e9rioles, pagres en m\u00e9diterran\u00e9e.<\/p>\n<p><strong>Il est compos\u00e9 de shad 15 cm, slim shad 18 cm et slug 22cm mont\u00e9s sur des t\u00eates plomb\u00e9es exclusives Pr\u00eatap\u00eacher de 75 et 95 gr\u00a0 avec hame\u00e7ons VMC<\/strong> qui vous permettront d&rsquo;attendre rapidement le fond gr\u00e2ce \u00e0 leur formes profil\u00e9es.\u00a0Ces leurres seront utilis\u00e9s pour des p\u00eaches \u00e0 soutenir et verticale.<\/p>\n<\/div>","protected":false},"excerpt":{"rendered":"<p>Coffret m\u00e9diterran\u00e9e grande profondeur\u00a0compos\u00e9 par le guide de p\u00eache\u00a0Samuel Elgrishi Ce coffret\u00a0de 6 leurres souples grande profondeur est bien adapt\u00e9 pour la traque des dentis, s\u00e9rioles, pagres en m\u00e9diterran\u00e9e. Il<\/p>","protected":false},"featured_media":877,"comment_status":"open","ping_status":"closed","template":"","meta":[],"product_brand":[],"product_cat":[74],"product_tag":[76,79,80,77,75,49,82,78,81,83,84,85],"class_list":{"0":"post-876","1":"product","2":"type-product","3":"status-publish","4":"has-post-thumbnail","6":"product_cat-leurres","7":"product_tag-denti","8":"product_tag-jigging","9":"product_tag-leurre-souple","10":"product_tag-pagre","11":"product_tag-peche-en-verticale","12":"product_tag-peche-sportive","13":"product_tag-pretapecher","14":"product_tag-seriole","15":"product_tag-soft-bait","16":"product_tag-thon","17":"product_tag-thon-rouge","18":"product_tag-tuna","20":"first","21":"instock","22":"taxable","23":"shipping-taxable","24":"product-type-external"},"yoast_head":"<!-- This site is optimized with the Yoast SEO plugin v27.3 - https:\/\/yoast.com\/product\/yoast-seo-wordpress\/ -->\n<title>Coffret Leurre Souple Verticale M\u00e9diterran\u00e9e &quot;Pr\u00eat\u00e0P\u00eacher&quot; - Roussillon Fishing<\/title>\n<meta name=\"robots\" content=\"index, follow, max-snippet:-1, max-image-preview:large, max-video-preview:-1\" \/>\n<link rel=\"canonical\" href=\"https:\/\/roussillonfishing.com\/en\/product\/coffret-leurre-souple-verticale-mediterranee-pretapecher\" \/>\n<meta property=\"og:locale\" content=\"en_GB\" \/>\n<meta property=\"og:type\" content=\"article\" \/>\n<meta property=\"og:title\" content=\"Coffret Leurre Souple Verticale M\u00e9diterran\u00e9e &quot;Pr\u00eat\u00e0P\u00eacher&quot; - Roussillon Fishing\" \/>\n<meta property=\"og:description\" content=\"Coffret m\u00e9diterran\u00e9e grande profondeur\u00a0compos\u00e9 par le guide de p\u00eache\u00a0Samuel Elgrishi Ce coffret\u00a0de 6 leurres souples grande profondeur est bien adapt\u00e9 pour la traque des dentis, s\u00e9rioles, pagres en m\u00e9diterran\u00e9e. Il\" \/>\n<meta property=\"og:url\" content=\"https:\/\/roussillonfishing.com\/en\/product\/coffret-leurre-souple-verticale-mediterranee-pretapecher\" \/>\n<meta property=\"og:site_name\" content=\"Roussillon Fishing\" \/>\n<meta property=\"article:publisher\" content=\"https:\/\/www.facebook.com\/Samuel.Elgrishi.Fishing.Guide.Instructor\/\" \/>\n<meta property=\"article:modified_time\" content=\"2021-05-27T10:07:21+00:00\" \/>\n<meta property=\"og:image\" content=\"https:\/\/roussillonfishing.com\/wp-content\/uploads\/2020\/12\/coffret-6-leurres-mediterrane\u0301e-samuel.jpg\" \/>\n\t<meta property=\"og:image:width\" content=\"800\" \/>\n\t<meta property=\"og:image:height\" content=\"800\" \/>\n\t<meta property=\"og:image:type\" content=\"image\/jpeg\" \/>\n<meta name=\"twitter:card\" content=\"summary_large_image\" \/>\n<script type=\"application\/ld+json\" class=\"yoast-schema-graph\">{\"@context\":\"https:\\\/\\\/schema.org\",\"@graph\":[{\"@type\":\"WebPage\",\"@id\":\"https:\\\/\\\/roussillonfishing.com\\\/en\\\/product\\\/coffret-leurre-souple-verticale-mediterranee-pretapecher\",\"url\":\"https:\\\/\\\/roussillonfishing.com\\\/en\\\/product\\\/coffret-leurre-souple-verticale-mediterranee-pretapecher\",\"name\":\"Coffret Leurre Souple Verticale M\u00e9diterran\u00e9e \\\"Pr\u00eat\u00e0P\u00eacher\\\" - Roussillon Fishing\",\"isPartOf\":{\"@id\":\"https:\\\/\\\/roussillonfishing.com\\\/en\\\/#website\"},\"primaryImageOfPage\":{\"@id\":\"https:\\\/\\\/roussillonfishing.com\\\/en\\\/product\\\/coffret-leurre-souple-verticale-mediterranee-pretapecher#primaryimage\"},\"image\":{\"@id\":\"https:\\\/\\\/roussillonfishing.com\\\/en\\\/product\\\/coffret-leurre-souple-verticale-mediterranee-pretapecher#primaryimage\"},\"thumbnailUrl\":\"https:\\\/\\\/roussillonfishing.com\\\/wp-content\\\/uploads\\\/2020\\\/12\\\/coffret-6-leurres-mediterrane\u0301e-samuel.jpg\",\"datePublished\":\"2020-12-02T14:50:22+00:00\",\"dateModified\":\"2021-05-27T10:07:21+00:00\",\"breadcrumb\":{\"@id\":\"https:\\\/\\\/roussillonfishing.com\\\/en\\\/product\\\/coffret-leurre-souple-verticale-mediterranee-pretapecher#breadcrumb\"},\"inLanguage\":\"en-GB\",\"potentialAction\":[{\"@type\":\"ReadAction\",\"target\":[\"https:\\\/\\\/roussillonfishing.com\\\/en\\\/product\\\/coffret-leurre-souple-verticale-mediterranee-pretapecher\"]}]},{\"@type\":\"ImageObject\",\"inLanguage\":\"en-GB\",\"@id\":\"https:\\\/\\\/roussillonfishing.com\\\/en\\\/product\\\/coffret-leurre-souple-verticale-mediterranee-pretapecher#primaryimage\",\"url\":\"https:\\\/\\\/roussillonfishing.com\\\/wp-content\\\/uploads\\\/2020\\\/12\\\/coffret-6-leurres-mediterrane\u0301e-samuel.jpg\",\"contentUrl\":\"https:\\\/\\\/roussillonfishing.com\\\/wp-content\\\/uploads\\\/2020\\\/12\\\/coffret-6-leurres-mediterrane\u0301e-samuel.jpg\",\"width\":800,\"height\":800},{\"@type\":\"BreadcrumbList\",\"@id\":\"https:\\\/\\\/roussillonfishing.com\\\/en\\\/product\\\/coffret-leurre-souple-verticale-mediterranee-pretapecher#breadcrumb\",\"itemListElement\":[{\"@type\":\"ListItem\",\"position\":1,\"name\":\"Accueil\",\"item\":\"https:\\\/\\\/roussillonfishing.com\\\/\"},{\"@type\":\"ListItem\",\"position\":2,\"name\":\"Boutique\",\"item\":\"https:\\\/\\\/roussillonfishing.com\\\/boutique\"},{\"@type\":\"ListItem\",\"position\":3,\"name\":\"Coffret Leurre Souple Verticale M\u00e9diterran\u00e9e \u00ab\u00a0Pr\u00eat\u00e0P\u00eacher\u00a0\u00bb\"}]},{\"@type\":\"WebSite\",\"@id\":\"https:\\\/\\\/roussillonfishing.com\\\/en\\\/#website\",\"url\":\"https:\\\/\\\/roussillonfishing.com\\\/en\\\/\",\"name\":\"Roussillon Fishing\",\"description\":\"Moniteur et Guide de p\u00eache dans Les Pyr\u00e9n\u00e9es Orientales\",\"potentialAction\":[{\"@type\":\"SearchAction\",\"target\":{\"@type\":\"EntryPoint\",\"urlTemplate\":\"https:\\\/\\\/roussillonfishing.com\\\/en\\\/?s={search_term_string}\"},\"query-input\":{\"@type\":\"PropertyValueSpecification\",\"valueRequired\":true,\"valueName\":\"search_term_string\"}}],\"inLanguage\":\"en-GB\"}]}<\/script>\n<!-- \/ Yoast SEO plugin. -->","yoast_head_json":{"title":"Coffret Leurre Souple Verticale M\u00e9diterran\u00e9e \"Pr\u00eat\u00e0P\u00eacher\" - Roussillon Fishing","robots":{"index":"index","follow":"follow","max-snippet":"max-snippet:-1","max-image-preview":"max-image-preview:large","max-video-preview":"max-video-preview:-1"},"canonical":"https:\/\/roussillonfishing.com\/en\/product\/coffret-leurre-souple-verticale-mediterranee-pretapecher","og_locale":"en_GB","og_type":"article","og_title":"Coffret Leurre Souple Verticale M\u00e9diterran\u00e9e \"Pr\u00eat\u00e0P\u00eacher\" - Roussillon Fishing","og_description":"Coffret m\u00e9diterran\u00e9e grande profondeur\u00a0compos\u00e9 par le guide de p\u00eache\u00a0Samuel Elgrishi Ce coffret\u00a0de 6 leurres souples grande profondeur est bien adapt\u00e9 pour la traque des dentis, s\u00e9rioles, pagres en m\u00e9diterran\u00e9e. Il","og_url":"https:\/\/roussillonfishing.com\/en\/product\/coffret-leurre-souple-verticale-mediterranee-pretapecher","og_site_name":"Roussillon Fishing","article_publisher":"https:\/\/www.facebook.com\/Samuel.Elgrishi.Fishing.Guide.Instructor\/","article_modified_time":"2021-05-27T10:07:21+00:00","og_image":[{"width":800,"height":800,"url":"https:\/\/roussillonfishing.com\/wp-content\/uploads\/2020\/12\/coffret-6-leurres-mediterrane\u0301e-samuel.jpg","type":"image\/jpeg"}],"twitter_card":"summary_large_image","schema":{"@context":"https:\/\/schema.org","@graph":[{"@type":"WebPage","@id":"https:\/\/roussillonfishing.com\/en\/product\/coffret-leurre-souple-verticale-mediterranee-pretapecher","url":"https:\/\/roussillonfishing.com\/en\/product\/coffret-leurre-souple-verticale-mediterranee-pretapecher","name":"Coffret Leurre Souple Verticale M\u00e9diterran\u00e9e \"Pr\u00eat\u00e0P\u00eacher\" - Roussillon Fishing","isPartOf":{"@id":"https:\/\/roussillonfishing.com\/en\/#website"},"primaryImageOfPage":{"@id":"https:\/\/roussillonfishing.com\/en\/product\/coffret-leurre-souple-verticale-mediterranee-pretapecher#primaryimage"},"image":{"@id":"https:\/\/roussillonfishing.com\/en\/product\/coffret-leurre-souple-verticale-mediterranee-pretapecher#primaryimage"},"thumbnailUrl":"https:\/\/roussillonfishing.com\/wp-content\/uploads\/2020\/12\/coffret-6-leurres-mediterrane\u0301e-samuel.jpg","datePublished":"2020-12-02T14:50:22+00:00","dateModified":"2021-05-27T10:07:21+00:00","breadcrumb":{"@id":"https:\/\/roussillonfishing.com\/en\/product\/coffret-leurre-souple-verticale-mediterranee-pretapecher#breadcrumb"},"inLanguage":"en-GB","potentialAction":[{"@type":"ReadAction","target":["https:\/\/roussillonfishing.com\/en\/product\/coffret-leurre-souple-verticale-mediterranee-pretapecher"]}]},{"@type":"ImageObject","inLanguage":"en-GB","@id":"https:\/\/roussillonfishing.com\/en\/product\/coffret-leurre-souple-verticale-mediterranee-pretapecher#primaryimage","url":"https:\/\/roussillonfishing.com\/wp-content\/uploads\/2020\/12\/coffret-6-leurres-mediterrane\u0301e-samuel.jpg","contentUrl":"https:\/\/roussillonfishing.com\/wp-content\/uploads\/2020\/12\/coffret-6-leurres-mediterrane\u0301e-samuel.jpg","width":800,"height":800},{"@type":"BreadcrumbList","@id":"https:\/\/roussillonfishing.com\/en\/product\/coffret-leurre-souple-verticale-mediterranee-pretapecher#breadcrumb","itemListElement":[{"@type":"ListItem","position":1,"name":"Accueil","item":"https:\/\/roussillonfishing.com\/"},{"@type":"ListItem","position":2,"name":"Boutique","item":"https:\/\/roussillonfishing.com\/boutique"},{"@type":"ListItem","position":3,"name":"Coffret Leurre Souple Verticale M\u00e9diterran\u00e9e \u00ab\u00a0Pr\u00eat\u00e0P\u00eacher\u00a0\u00bb"}]},{"@type":"WebSite","@id":"https:\/\/roussillonfishing.com\/en\/#website","url":"https:\/\/roussillonfishing.com\/en\/","name":"Roussillon Fishing","description":"Moniteur et Guide de p\u00eache dans Les Pyr\u00e9n\u00e9es Orientales","potentialAction":[{"@type":"SearchAction","target":{"@type":"EntryPoint","urlTemplate":"https:\/\/roussillonfishing.com\/en\/?s={search_term_string}"},"query-input":{"@type":"PropertyValueSpecification","valueRequired":true,"valueName":"search_term_string"}}],"inLanguage":"en-GB"}]}},"jetpack_sharing_enabled":true,"_links":{"self":[{"href":"https:\/\/roussillonfishing.com\/en\/wp-json\/wp\/v2\/product\/876","targetHints":{"allow":["GET"]}}],"collection":[{"href":"https:\/\/roussillonfishing.com\/en\/wp-json\/wp\/v2\/product"}],"about":[{"href":"https:\/\/roussillonfishing.com\/en\/wp-json\/wp\/v2\/types\/product"}],"replies":[{"embeddable":true,"href":"https:\/\/roussillonfishing.com\/en\/wp-json\/wp\/v2\/comments?post=876"}],"wp:featuredmedia":[{"embeddable":true,"href":"https:\/\/roussillonfishing.com\/en\/wp-json\/wp\/v2\/media\/877"}],"wp:attachment":[{"href":"https:\/\/roussillonfishing.com\/en\/wp-json\/wp\/v2\/media?parent=876"}],"wp:term":[{"taxonomy":"product_brand","embeddable":true,"href":"https:\/\/roussillonfishing.com\/en\/wp-json\/wp\/v2\/product_brand?post=876"},{"taxonomy":"product_cat","embeddable":true,"href":"https:\/\/roussillonfishing.com\/en\/wp-json\/wp\/v2\/product_cat?post=876"},{"taxonomy":"product_tag","embeddable":true,"href":"https:\/\/roussillonfishing.com\/en\/wp-json\/wp\/v2\/product_tag?post=876"}],"curies":[{"name":"wp","href":"https:\/\/api.w.org\/{rel}","templated":true}]}}