{"id":902,"date":"2020-12-13T20:16:21","date_gmt":"2020-12-13T20:16:21","guid":{"rendered":"https:\/\/roussillonfishing.com\/?post_type=product&#038;p=902"},"modified":"2023-08-26T10:18:49","modified_gmt":"2023-08-26T10:18:49","slug":"jigging-rods-chiron","status":"publish","type":"product","link":"https:\/\/roussillonfishing.com\/en\/product\/jigging-rods-chiron","title":{"rendered":"Jigging rods Chiron"},"content":{"rendered":"<p>Les cannes CHIRON sont con\u00e7us pour des combats de gros pr\u00e9dateurs, fabrication avec des mat\u00e9riaux haut de gamme , l\u00e9g\u00e8re grace au Toray Carbon .Canne performante et \u00e9l\u00e9gante .<\/p>\n<p><iframe loading=\"lazy\" title=\"About Centaur (FULL HD) How to build fishing rods\" width=\"1200\" height=\"675\" src=\"https:\/\/www.youtube.com\/embed\/C88CYSzKHNE?feature=oembed\" frameborder=\"0\" allow=\"accelerometer; autoplay; clipboard-write; encrypted-media; gyroscope; picture-in-picture\" allowfullscreen><\/iframe><\/p>\n<p>Blanks et s\u00e9ries de cannes parmi les meilleurs sur le march\u00e9 dans leur cat\u00e9gorie.<br \/>\nMod\u00e9les spinning ou bait casting.<\/p>","protected":false},"excerpt":{"rendered":"<p>Les cannes CHIRON sont con\u00e7us pour des combats de gros pr\u00e9dateurs, fabrication avec des mat\u00e9riaux haut de gamme , l\u00e9g\u00e8re grace au Toray Carbon .Canne performante et \u00e9l\u00e9gante . Blanks<\/p>","protected":false},"featured_media":1019,"comment_status":"open","ping_status":"closed","template":"","meta":[],"product_brand":[],"product_cat":[46],"product_tag":[150,149,147,148,146,151,120,36],"class_list":{"0":"post-902","1":"product","2":"type-product","3":"status-publish","4":"has-post-thumbnail","6":"product_cat-cannes","7":"product_tag-aztrading","8":"product_tag-centaur","9":"product_tag-jigg","10":"product_tag-jigging-rod","11":"product_tag-jijgging","12":"product_tag-moniteur-guide-de-peche","13":"product_tag-rodbuilding","14":"product_tag-roussillon-fishing","16":"first","17":"onbackorder","18":"sale","19":"taxable","20":"shipping-taxable","21":"purchasable","22":"product-type-simple"},"yoast_head":"<!-- This site is optimized with the Yoast SEO plugin v27.3 - https:\/\/yoast.com\/product\/yoast-seo-wordpress\/ -->\n<title>Jigging rods Chiron - Roussillon Fishing<\/title>\n<meta name=\"robots\" content=\"index, follow, max-snippet:-1, max-image-preview:large, max-video-preview:-1\" \/>\n<link rel=\"canonical\" href=\"https:\/\/roussillonfishing.com\/en\/product\/jigging-rods-chiron\/\" \/>\n<meta property=\"og:locale\" content=\"en_GB\" \/>\n<meta property=\"og:type\" content=\"article\" \/>\n<meta property=\"og:title\" content=\"Jigging rods Chiron - Roussillon Fishing\" \/>\n<meta property=\"og:description\" content=\"Les cannes CHIRON sont con\u00e7us pour des combats de gros pr\u00e9dateurs, fabrication avec des mat\u00e9riaux haut de gamme , l\u00e9g\u00e8re grace au Toray Carbon .Canne performante et \u00e9l\u00e9gante . Blanks\" \/>\n<meta property=\"og:url\" content=\"https:\/\/roussillonfishing.com\/en\/product\/jigging-rods-chiron\/\" \/>\n<meta property=\"og:site_name\" content=\"Roussillon Fishing\" \/>\n<meta property=\"article:publisher\" content=\"https:\/\/www.facebook.com\/Samuel.Elgrishi.Fishing.Guide.Instructor\/\" \/>\n<meta property=\"article:modified_time\" content=\"2023-08-26T10:18:49+00:00\" \/>\n<meta property=\"og:image\" content=\"https:\/\/roussillonfishing.com\/wp-content\/uploads\/2020\/12\/CHI-JIGGING_r1_c1.jpg\" \/>\n\t<meta property=\"og:image:width\" content=\"790\" \/>\n\t<meta property=\"og:image:height\" content=\"1145\" \/>\n\t<meta property=\"og:image:type\" content=\"image\/jpeg\" \/>\n<meta name=\"twitter:card\" content=\"summary_large_image\" \/>\n<meta name=\"twitter:label1\" content=\"Estimated reading time\" \/>\n\t<meta name=\"twitter:data1\" content=\"1 minute\" \/>\n<script type=\"application\/ld+json\" class=\"yoast-schema-graph\">{\"@context\":\"https:\\\/\\\/schema.org\",\"@graph\":[{\"@type\":\"WebPage\",\"@id\":\"https:\\\/\\\/roussillonfishing.com\\\/produit\\\/jigging-rods-chiron\",\"url\":\"https:\\\/\\\/roussillonfishing.com\\\/produit\\\/jigging-rods-chiron\",\"name\":\"Jigging rods Chiron - Roussillon Fishing\",\"isPartOf\":{\"@id\":\"https:\\\/\\\/roussillonfishing.com\\\/en\\\/#website\"},\"primaryImageOfPage\":{\"@id\":\"https:\\\/\\\/roussillonfishing.com\\\/produit\\\/jigging-rods-chiron#primaryimage\"},\"image\":{\"@id\":\"https:\\\/\\\/roussillonfishing.com\\\/produit\\\/jigging-rods-chiron#primaryimage\"},\"thumbnailUrl\":\"https:\\\/\\\/roussillonfishing.com\\\/wp-content\\\/uploads\\\/2020\\\/12\\\/CHI-JIGGING_r1_c1.jpg\",\"datePublished\":\"2020-12-13T20:16:21+00:00\",\"dateModified\":\"2023-08-26T10:18:49+00:00\",\"breadcrumb\":{\"@id\":\"https:\\\/\\\/roussillonfishing.com\\\/produit\\\/jigging-rods-chiron#breadcrumb\"},\"inLanguage\":\"en-GB\",\"potentialAction\":[{\"@type\":\"ReadAction\",\"target\":[\"https:\\\/\\\/roussillonfishing.com\\\/produit\\\/jigging-rods-chiron\"]}]},{\"@type\":\"ImageObject\",\"inLanguage\":\"en-GB\",\"@id\":\"https:\\\/\\\/roussillonfishing.com\\\/produit\\\/jigging-rods-chiron#primaryimage\",\"url\":\"https:\\\/\\\/roussillonfishing.com\\\/wp-content\\\/uploads\\\/2020\\\/12\\\/CHI-JIGGING_r1_c1.jpg\",\"contentUrl\":\"https:\\\/\\\/roussillonfishing.com\\\/wp-content\\\/uploads\\\/2020\\\/12\\\/CHI-JIGGING_r1_c1.jpg\",\"width\":790,\"height\":1145,\"caption\":\"jigging, jigging rod, rodbuilding, fishing, p\u00eache\"},{\"@type\":\"BreadcrumbList\",\"@id\":\"https:\\\/\\\/roussillonfishing.com\\\/produit\\\/jigging-rods-chiron#breadcrumb\",\"itemListElement\":[{\"@type\":\"ListItem\",\"position\":1,\"name\":\"Accueil\",\"item\":\"https:\\\/\\\/roussillonfishing.com\\\/\"},{\"@type\":\"ListItem\",\"position\":2,\"name\":\"Boutique\",\"item\":\"https:\\\/\\\/roussillonfishing.com\\\/boutique\"},{\"@type\":\"ListItem\",\"position\":3,\"name\":\"Jigging rods Chiron\"}]},{\"@type\":\"WebSite\",\"@id\":\"https:\\\/\\\/roussillonfishing.com\\\/en\\\/#website\",\"url\":\"https:\\\/\\\/roussillonfishing.com\\\/en\\\/\",\"name\":\"Roussillon Fishing\",\"description\":\"Moniteur et Guide de p\u00eache dans Les Pyr\u00e9n\u00e9es Orientales\",\"potentialAction\":[{\"@type\":\"SearchAction\",\"target\":{\"@type\":\"EntryPoint\",\"urlTemplate\":\"https:\\\/\\\/roussillonfishing.com\\\/en\\\/?s={search_term_string}\"},\"query-input\":{\"@type\":\"PropertyValueSpecification\",\"valueRequired\":true,\"valueName\":\"search_term_string\"}}],\"inLanguage\":\"en-GB\"}]}<\/script>\n<!-- \/ Yoast SEO plugin. -->","yoast_head_json":{"title":"Jigging rods Chiron - Roussillon Fishing","robots":{"index":"index","follow":"follow","max-snippet":"max-snippet:-1","max-image-preview":"max-image-preview:large","max-video-preview":"max-video-preview:-1"},"canonical":"https:\/\/roussillonfishing.com\/en\/product\/jigging-rods-chiron\/","og_locale":"en_GB","og_type":"article","og_title":"Jigging rods Chiron - Roussillon Fishing","og_description":"Les cannes CHIRON sont con\u00e7us pour des combats de gros pr\u00e9dateurs, fabrication avec des mat\u00e9riaux haut de gamme , l\u00e9g\u00e8re grace au Toray Carbon .Canne performante et \u00e9l\u00e9gante . Blanks","og_url":"https:\/\/roussillonfishing.com\/en\/product\/jigging-rods-chiron\/","og_site_name":"Roussillon Fishing","article_publisher":"https:\/\/www.facebook.com\/Samuel.Elgrishi.Fishing.Guide.Instructor\/","article_modified_time":"2023-08-26T10:18:49+00:00","og_image":[{"width":790,"height":1145,"url":"https:\/\/roussillonfishing.com\/wp-content\/uploads\/2020\/12\/CHI-JIGGING_r1_c1.jpg","type":"image\/jpeg"}],"twitter_card":"summary_large_image","twitter_misc":{"Estimated reading time":"1 minute"},"schema":{"@context":"https:\/\/schema.org","@graph":[{"@type":"WebPage","@id":"https:\/\/roussillonfishing.com\/produit\/jigging-rods-chiron","url":"https:\/\/roussillonfishing.com\/produit\/jigging-rods-chiron","name":"Jigging rods Chiron - Roussillon Fishing","isPartOf":{"@id":"https:\/\/roussillonfishing.com\/en\/#website"},"primaryImageOfPage":{"@id":"https:\/\/roussillonfishing.com\/produit\/jigging-rods-chiron#primaryimage"},"image":{"@id":"https:\/\/roussillonfishing.com\/produit\/jigging-rods-chiron#primaryimage"},"thumbnailUrl":"https:\/\/roussillonfishing.com\/wp-content\/uploads\/2020\/12\/CHI-JIGGING_r1_c1.jpg","datePublished":"2020-12-13T20:16:21+00:00","dateModified":"2023-08-26T10:18:49+00:00","breadcrumb":{"@id":"https:\/\/roussillonfishing.com\/produit\/jigging-rods-chiron#breadcrumb"},"inLanguage":"en-GB","potentialAction":[{"@type":"ReadAction","target":["https:\/\/roussillonfishing.com\/produit\/jigging-rods-chiron"]}]},{"@type":"ImageObject","inLanguage":"en-GB","@id":"https:\/\/roussillonfishing.com\/produit\/jigging-rods-chiron#primaryimage","url":"https:\/\/roussillonfishing.com\/wp-content\/uploads\/2020\/12\/CHI-JIGGING_r1_c1.jpg","contentUrl":"https:\/\/roussillonfishing.com\/wp-content\/uploads\/2020\/12\/CHI-JIGGING_r1_c1.jpg","width":790,"height":1145,"caption":"jigging, jigging rod, rodbuilding, fishing, p\u00eache"},{"@type":"BreadcrumbList","@id":"https:\/\/roussillonfishing.com\/produit\/jigging-rods-chiron#breadcrumb","itemListElement":[{"@type":"ListItem","position":1,"name":"Accueil","item":"https:\/\/roussillonfishing.com\/"},{"@type":"ListItem","position":2,"name":"Boutique","item":"https:\/\/roussillonfishing.com\/boutique"},{"@type":"ListItem","position":3,"name":"Jigging rods Chiron"}]},{"@type":"WebSite","@id":"https:\/\/roussillonfishing.com\/en\/#website","url":"https:\/\/roussillonfishing.com\/en\/","name":"Roussillon Fishing","description":"Moniteur et Guide de p\u00eache dans Les Pyr\u00e9n\u00e9es Orientales","potentialAction":[{"@type":"SearchAction","target":{"@type":"EntryPoint","urlTemplate":"https:\/\/roussillonfishing.com\/en\/?s={search_term_string}"},"query-input":{"@type":"PropertyValueSpecification","valueRequired":true,"valueName":"search_term_string"}}],"inLanguage":"en-GB"}]}},"jetpack_sharing_enabled":true,"_links":{"self":[{"href":"https:\/\/roussillonfishing.com\/en\/wp-json\/wp\/v2\/product\/902","targetHints":{"allow":["GET"]}}],"collection":[{"href":"https:\/\/roussillonfishing.com\/en\/wp-json\/wp\/v2\/product"}],"about":[{"href":"https:\/\/roussillonfishing.com\/en\/wp-json\/wp\/v2\/types\/product"}],"replies":[{"embeddable":true,"href":"https:\/\/roussillonfishing.com\/en\/wp-json\/wp\/v2\/comments?post=902"}],"wp:featuredmedia":[{"embeddable":true,"href":"https:\/\/roussillonfishing.com\/en\/wp-json\/wp\/v2\/media\/1019"}],"wp:attachment":[{"href":"https:\/\/roussillonfishing.com\/en\/wp-json\/wp\/v2\/media?parent=902"}],"wp:term":[{"taxonomy":"product_brand","embeddable":true,"href":"https:\/\/roussillonfishing.com\/en\/wp-json\/wp\/v2\/product_brand?post=902"},{"taxonomy":"product_cat","embeddable":true,"href":"https:\/\/roussillonfishing.com\/en\/wp-json\/wp\/v2\/product_cat?post=902"},{"taxonomy":"product_tag","embeddable":true,"href":"https:\/\/roussillonfishing.com\/en\/wp-json\/wp\/v2\/product_tag?post=902"}],"curies":[{"name":"wp","href":"https:\/\/api.w.org\/{rel}","templated":true}]}}