{"id":905,"date":"2020-12-13T20:41:05","date_gmt":"2020-12-13T20:41:05","guid":{"rendered":"https:\/\/roussillonfishing.com\/?post_type=product&#038;p=905"},"modified":"2024-07-02T09:18:22","modified_gmt":"2024-07-02T09:18:22","slug":"black-magic-bag","status":"publish","type":"product","link":"https:\/\/roussillonfishing.com\/en\/product\/black-magic-bag","title":{"rendered":"Black Magic Bag"},"content":{"rendered":"<p>Parfait pour ranger petit mat\u00e9riel, terminal tackle, leurres et accessoires selon vos besoins.<\/p>","protected":false},"excerpt":{"rendered":"<p>Parfait pour ranger petit mat\u00e9riel, terminal tackle, leurres et accessoires selon vos besoins.<\/p>","protected":false},"featured_media":906,"comment_status":"closed","ping_status":"closed","template":"","meta":[],"product_brand":[],"product_cat":[45],"product_tag":[97,94,51,49,42,40,98,72],"class_list":{"0":"post-905","1":"product","2":"type-product","3":"status-publish","4":"has-post-thumbnail","6":"product_cat-bagagerie","7":"product_tag-bagagerie","8":"product_tag-peche-au-leurre","9":"product_tag-peche-en-mer","10":"product_tag-peche-sportive","11":"product_tag-sac-de-peche","12":"product_tag-sac-etanche","13":"product_tag-sport","14":"product_tag-sport-fishing","16":"first","17":"outofstock","18":"taxable","19":"shipping-taxable","20":"purchasable","21":"product-type-simple"},"yoast_head":"<!-- This site is optimized with the Yoast SEO plugin v27.3 - https:\/\/yoast.com\/product\/yoast-seo-wordpress\/ -->\n<title>Black Magic Bag - Roussillon Fishing<\/title>\n<meta name=\"robots\" content=\"index, follow, max-snippet:-1, max-image-preview:large, max-video-preview:-1\" \/>\n<link rel=\"canonical\" href=\"https:\/\/roussillonfishing.com\/en\/product\/black-magic-bag\/\" \/>\n<meta property=\"og:locale\" content=\"en_GB\" \/>\n<meta property=\"og:type\" content=\"article\" \/>\n<meta property=\"og:title\" content=\"Black Magic Bag - Roussillon Fishing\" \/>\n<meta property=\"og:description\" content=\"Parfait pour ranger petit mat\u00e9riel, terminal tackle, leurres et accessoires selon vos besoins.\" \/>\n<meta property=\"og:url\" content=\"https:\/\/roussillonfishing.com\/en\/product\/black-magic-bag\/\" \/>\n<meta property=\"og:site_name\" content=\"Roussillon Fishing\" \/>\n<meta property=\"article:publisher\" content=\"https:\/\/www.facebook.com\/Samuel.Elgrishi.Fishing.Guide.Instructor\/\" \/>\n<meta property=\"article:modified_time\" content=\"2024-07-02T09:18:22+00:00\" \/>\n<meta property=\"og:image\" content=\"https:\/\/roussillonfishing.com\/wp-content\/uploads\/2020\/12\/black_magic_tackle_bag-.jpg\" \/>\n\t<meta property=\"og:image:width\" content=\"587\" \/>\n\t<meta property=\"og:image:height\" content=\"553\" \/>\n\t<meta property=\"og:image:type\" content=\"image\/jpeg\" \/>\n<meta name=\"twitter:card\" content=\"summary_large_image\" \/>\n<script type=\"application\/ld+json\" class=\"yoast-schema-graph\">{\"@context\":\"https:\\\/\\\/schema.org\",\"@graph\":[{\"@type\":\"WebPage\",\"@id\":\"https:\\\/\\\/roussillonfishing.com\\\/produit\\\/black-magic-bag\",\"url\":\"https:\\\/\\\/roussillonfishing.com\\\/produit\\\/black-magic-bag\",\"name\":\"Black Magic Bag - Roussillon Fishing\",\"isPartOf\":{\"@id\":\"https:\\\/\\\/roussillonfishing.com\\\/en\\\/#website\"},\"primaryImageOfPage\":{\"@id\":\"https:\\\/\\\/roussillonfishing.com\\\/produit\\\/black-magic-bag#primaryimage\"},\"image\":{\"@id\":\"https:\\\/\\\/roussillonfishing.com\\\/produit\\\/black-magic-bag#primaryimage\"},\"thumbnailUrl\":\"https:\\\/\\\/roussillonfishing.com\\\/wp-content\\\/uploads\\\/2020\\\/12\\\/black_magic_tackle_bag-.jpg\",\"datePublished\":\"2020-12-13T20:41:05+00:00\",\"dateModified\":\"2024-07-02T09:18:22+00:00\",\"breadcrumb\":{\"@id\":\"https:\\\/\\\/roussillonfishing.com\\\/produit\\\/black-magic-bag#breadcrumb\"},\"inLanguage\":\"en-GB\",\"potentialAction\":[{\"@type\":\"ReadAction\",\"target\":[\"https:\\\/\\\/roussillonfishing.com\\\/produit\\\/black-magic-bag\"]}]},{\"@type\":\"ImageObject\",\"inLanguage\":\"en-GB\",\"@id\":\"https:\\\/\\\/roussillonfishing.com\\\/produit\\\/black-magic-bag#primaryimage\",\"url\":\"https:\\\/\\\/roussillonfishing.com\\\/wp-content\\\/uploads\\\/2020\\\/12\\\/black_magic_tackle_bag-.jpg\",\"contentUrl\":\"https:\\\/\\\/roussillonfishing.com\\\/wp-content\\\/uploads\\\/2020\\\/12\\\/black_magic_tackle_bag-.jpg\",\"width\":587,\"height\":553,\"caption\":\"Bagagerie Balck Magic\"},{\"@type\":\"BreadcrumbList\",\"@id\":\"https:\\\/\\\/roussillonfishing.com\\\/produit\\\/black-magic-bag#breadcrumb\",\"itemListElement\":[{\"@type\":\"ListItem\",\"position\":1,\"name\":\"Accueil\",\"item\":\"https:\\\/\\\/roussillonfishing.com\\\/\"},{\"@type\":\"ListItem\",\"position\":2,\"name\":\"Boutique\",\"item\":\"https:\\\/\\\/roussillonfishing.com\\\/boutique\"},{\"@type\":\"ListItem\",\"position\":3,\"name\":\"Black Magic Bag\"}]},{\"@type\":\"WebSite\",\"@id\":\"https:\\\/\\\/roussillonfishing.com\\\/en\\\/#website\",\"url\":\"https:\\\/\\\/roussillonfishing.com\\\/en\\\/\",\"name\":\"Roussillon Fishing\",\"description\":\"Moniteur et Guide de p\u00eache dans Les Pyr\u00e9n\u00e9es Orientales\",\"potentialAction\":[{\"@type\":\"SearchAction\",\"target\":{\"@type\":\"EntryPoint\",\"urlTemplate\":\"https:\\\/\\\/roussillonfishing.com\\\/en\\\/?s={search_term_string}\"},\"query-input\":{\"@type\":\"PropertyValueSpecification\",\"valueRequired\":true,\"valueName\":\"search_term_string\"}}],\"inLanguage\":\"en-GB\"}]}<\/script>\n<!-- \/ Yoast SEO plugin. -->","yoast_head_json":{"title":"Black Magic Bag - Roussillon Fishing","robots":{"index":"index","follow":"follow","max-snippet":"max-snippet:-1","max-image-preview":"max-image-preview:large","max-video-preview":"max-video-preview:-1"},"canonical":"https:\/\/roussillonfishing.com\/en\/product\/black-magic-bag\/","og_locale":"en_GB","og_type":"article","og_title":"Black Magic Bag - Roussillon Fishing","og_description":"Parfait pour ranger petit mat\u00e9riel, terminal tackle, leurres et accessoires selon vos besoins.","og_url":"https:\/\/roussillonfishing.com\/en\/product\/black-magic-bag\/","og_site_name":"Roussillon Fishing","article_publisher":"https:\/\/www.facebook.com\/Samuel.Elgrishi.Fishing.Guide.Instructor\/","article_modified_time":"2024-07-02T09:18:22+00:00","og_image":[{"width":587,"height":553,"url":"https:\/\/roussillonfishing.com\/wp-content\/uploads\/2020\/12\/black_magic_tackle_bag-.jpg","type":"image\/jpeg"}],"twitter_card":"summary_large_image","schema":{"@context":"https:\/\/schema.org","@graph":[{"@type":"WebPage","@id":"https:\/\/roussillonfishing.com\/produit\/black-magic-bag","url":"https:\/\/roussillonfishing.com\/produit\/black-magic-bag","name":"Black Magic Bag - Roussillon Fishing","isPartOf":{"@id":"https:\/\/roussillonfishing.com\/en\/#website"},"primaryImageOfPage":{"@id":"https:\/\/roussillonfishing.com\/produit\/black-magic-bag#primaryimage"},"image":{"@id":"https:\/\/roussillonfishing.com\/produit\/black-magic-bag#primaryimage"},"thumbnailUrl":"https:\/\/roussillonfishing.com\/wp-content\/uploads\/2020\/12\/black_magic_tackle_bag-.jpg","datePublished":"2020-12-13T20:41:05+00:00","dateModified":"2024-07-02T09:18:22+00:00","breadcrumb":{"@id":"https:\/\/roussillonfishing.com\/produit\/black-magic-bag#breadcrumb"},"inLanguage":"en-GB","potentialAction":[{"@type":"ReadAction","target":["https:\/\/roussillonfishing.com\/produit\/black-magic-bag"]}]},{"@type":"ImageObject","inLanguage":"en-GB","@id":"https:\/\/roussillonfishing.com\/produit\/black-magic-bag#primaryimage","url":"https:\/\/roussillonfishing.com\/wp-content\/uploads\/2020\/12\/black_magic_tackle_bag-.jpg","contentUrl":"https:\/\/roussillonfishing.com\/wp-content\/uploads\/2020\/12\/black_magic_tackle_bag-.jpg","width":587,"height":553,"caption":"Bagagerie Balck Magic"},{"@type":"BreadcrumbList","@id":"https:\/\/roussillonfishing.com\/produit\/black-magic-bag#breadcrumb","itemListElement":[{"@type":"ListItem","position":1,"name":"Accueil","item":"https:\/\/roussillonfishing.com\/"},{"@type":"ListItem","position":2,"name":"Boutique","item":"https:\/\/roussillonfishing.com\/boutique"},{"@type":"ListItem","position":3,"name":"Black Magic Bag"}]},{"@type":"WebSite","@id":"https:\/\/roussillonfishing.com\/en\/#website","url":"https:\/\/roussillonfishing.com\/en\/","name":"Roussillon Fishing","description":"Moniteur et Guide de p\u00eache dans Les Pyr\u00e9n\u00e9es Orientales","potentialAction":[{"@type":"SearchAction","target":{"@type":"EntryPoint","urlTemplate":"https:\/\/roussillonfishing.com\/en\/?s={search_term_string}"},"query-input":{"@type":"PropertyValueSpecification","valueRequired":true,"valueName":"search_term_string"}}],"inLanguage":"en-GB"}]}},"jetpack_sharing_enabled":true,"_links":{"self":[{"href":"https:\/\/roussillonfishing.com\/en\/wp-json\/wp\/v2\/product\/905","targetHints":{"allow":["GET"]}}],"collection":[{"href":"https:\/\/roussillonfishing.com\/en\/wp-json\/wp\/v2\/product"}],"about":[{"href":"https:\/\/roussillonfishing.com\/en\/wp-json\/wp\/v2\/types\/product"}],"replies":[{"embeddable":true,"href":"https:\/\/roussillonfishing.com\/en\/wp-json\/wp\/v2\/comments?post=905"}],"wp:featuredmedia":[{"embeddable":true,"href":"https:\/\/roussillonfishing.com\/en\/wp-json\/wp\/v2\/media\/906"}],"wp:attachment":[{"href":"https:\/\/roussillonfishing.com\/en\/wp-json\/wp\/v2\/media?parent=905"}],"wp:term":[{"taxonomy":"product_brand","embeddable":true,"href":"https:\/\/roussillonfishing.com\/en\/wp-json\/wp\/v2\/product_brand?post=905"},{"taxonomy":"product_cat","embeddable":true,"href":"https:\/\/roussillonfishing.com\/en\/wp-json\/wp\/v2\/product_cat?post=905"},{"taxonomy":"product_tag","embeddable":true,"href":"https:\/\/roussillonfishing.com\/en\/wp-json\/wp\/v2\/product_tag?post=905"}],"curies":[{"name":"wp","href":"https:\/\/api.w.org\/{rel}","templated":true}]}}