{"id":910,"date":"2020-12-18T19:33:12","date_gmt":"2020-12-18T19:33:12","guid":{"rendered":"https:\/\/roussillonfishing.com\/?post_type=product&#038;p=910"},"modified":"2024-07-02T08:41:54","modified_gmt":"2024-07-02T08:41:54","slug":"cannes-popping-rods-chiron","status":"publish","type":"product","link":"https:\/\/roussillonfishing.com\/en\/product\/cannes-popping-rods-chiron","title":{"rendered":"Cannes Popping rods CHIRON"},"content":{"rendered":"<p><iframe loading=\"lazy\" title=\"About Centaur (FULL HD) How to build fishing rods\" width=\"1200\" height=\"675\" src=\"https:\/\/www.youtube.com\/embed\/C88CYSzKHNE?feature=oembed\" frameborder=\"0\" allow=\"accelerometer; autoplay; clipboard-write; encrypted-media; gyroscope; picture-in-picture\" allowfullscreen><\/iframe><\/p>\n<p>Ma s\u00e9lection de cannes pour des p\u00eaches \u00a0\u00bb exo \u00a0\u00bb au lancer et au leurre, notamment ces deux mod\u00e8les popping en pe 3-6 et 5-8<br \/>\nCHIRON et COMABAT ARM 86 SL et 84 SM<br \/>\nPour les p\u00eache en mer M\u00e9diterran\u00e9e, parfaites pour la liche, seriole, thon rouge.<\/p>\n<p><!--nextpage--><\/p>\n<p>http:\/\/www.centauranglerschoice.com\/aboutcentaur.html<\/p>\n<p>http:\/\/www.centauranglerschoice.com\/<\/p>\n<p><span lang=\"fr\">Centaur Anglers Choice n&rsquo;est pas seulement une marque mais aussi un fabricant.<br \/>\nCes produits sont con\u00e7us par une \u00e9quipe de p\u00eacheurs exp\u00e9riment\u00e9s et sont fabriqu\u00e9s dans notre usine de 140000 m2 avec les derni\u00e8res technologies, les machines les plus avanc\u00e9es et la plus haute qualit\u00e9 de mat\u00e9riaux et de composants.<br \/>\nLes produits sont \u00e9galement test\u00e9s pour garantir l&rsquo;assurance qualit\u00e9.<br \/>\nNotre objectif est d&rsquo;introduire et de fournir les meilleurs \u00e9quipements et mat\u00e9riel performant \u00e0 tous les types de p\u00eache et \u00e0 tous les niveaux de p\u00eacheurs.<br \/>\nDu prix abordable au haut de gamme, vous pouvez \u00eatre assur\u00e9 de la qualit\u00e9 de nos produits, vous pouvez alors en toute confiance vous concentrer sur la capture de votre poisson troph\u00e9e.<\/span><\/p>","protected":false},"excerpt":{"rendered":"<p>Ma s\u00e9lection de cannes pour des p\u00eaches \u00a0\u00bb exo \u00a0\u00bb au lancer et au leurre, notamment ces deux mod\u00e8les popping en pe 3-6 et 5-8 CHIRON et COMABAT ARM 86<\/p>","protected":false},"featured_media":951,"comment_status":"open","ping_status":"closed","template":"","meta":[],"product_brand":[],"product_cat":[46],"product_tag":[124,125,51,49,122,121,119,120,123],"class_list":{"0":"post-910","1":"product","2":"type-product","3":"status-publish","4":"has-post-thumbnail","6":"product_cat-cannes","7":"product_tag-cannes-a-peche","8":"product_tag-peche-aux-leurres","9":"product_tag-peche-en-mer","10":"product_tag-peche-sportive","11":"product_tag-popping","12":"product_tag-popping-rods","13":"product_tag-rod","14":"product_tag-rodbuilding","15":"product_tag-spinning","17":"first","18":"outofstock","19":"taxable","20":"shipping-taxable","21":"purchasable","22":"product-type-variable","23":"has-default-attributes"},"yoast_head":"<!-- This site is optimized with the Yoast SEO plugin v27.3 - https:\/\/yoast.com\/product\/yoast-seo-wordpress\/ -->\n<title>Cannes Popping rods CHIRON - Roussillon Fishing<\/title>\n<meta name=\"robots\" content=\"index, follow, max-snippet:-1, max-image-preview:large, max-video-preview:-1\" \/>\n<link rel=\"canonical\" href=\"https:\/\/roussillonfishing.com\/en\/product\/cannes-popping-rods-chiron\/\" \/>\n<link rel=\"next\" href=\"https:\/\/roussillonfishing.com\/produit\/cannes-popping-rods-chiron\/2\" \/>\n<meta property=\"og:locale\" content=\"en_GB\" \/>\n<meta property=\"og:type\" content=\"article\" \/>\n<meta property=\"og:title\" content=\"Cannes Popping rods CHIRON - Roussillon Fishing\" \/>\n<meta property=\"og:description\" content=\"Ma s\u00e9lection de cannes pour des p\u00eaches \u00a0\u00bb exo \u00a0\u00bb au lancer et au leurre, notamment ces deux mod\u00e8les popping en pe 3-6 et 5-8 CHIRON et COMABAT ARM 86\" \/>\n<meta property=\"og:url\" content=\"https:\/\/roussillonfishing.com\/en\/product\/cannes-popping-rods-chiron\/\" \/>\n<meta property=\"og:site_name\" content=\"Roussillon Fishing\" \/>\n<meta property=\"article:publisher\" content=\"https:\/\/www.facebook.com\/Samuel.Elgrishi.Fishing.Guide.Instructor\/\" \/>\n<meta property=\"article:modified_time\" content=\"2024-07-02T08:41:54+00:00\" \/>\n<meta property=\"og:image\" content=\"https:\/\/roussillonfishing.com\/wp-content\/uploads\/2020\/12\/CHI-POPPING_r1_c1.jpg\" \/>\n\t<meta property=\"og:image:width\" content=\"790\" \/>\n\t<meta property=\"og:image:height\" content=\"918\" \/>\n\t<meta property=\"og:image:type\" content=\"image\/jpeg\" \/>\n<meta name=\"twitter:card\" content=\"summary_large_image\" \/>\n<meta name=\"twitter:label1\" content=\"Estimated reading time\" \/>\n\t<meta name=\"twitter:data1\" content=\"1 minute\" \/>\n<script type=\"application\/ld+json\" class=\"yoast-schema-graph\">{\"@context\":\"https:\\\/\\\/schema.org\",\"@graph\":[{\"@type\":\"WebPage\",\"@id\":\"https:\\\/\\\/roussillonfishing.com\\\/produit\\\/cannes-popping-rods-chiron\",\"url\":\"https:\\\/\\\/roussillonfishing.com\\\/produit\\\/cannes-popping-rods-chiron\",\"name\":\"Cannes Popping rods CHIRON - Roussillon Fishing\",\"isPartOf\":{\"@id\":\"https:\\\/\\\/roussillonfishing.com\\\/en\\\/#website\"},\"primaryImageOfPage\":{\"@id\":\"https:\\\/\\\/roussillonfishing.com\\\/produit\\\/cannes-popping-rods-chiron#primaryimage\"},\"image\":{\"@id\":\"https:\\\/\\\/roussillonfishing.com\\\/produit\\\/cannes-popping-rods-chiron#primaryimage\"},\"thumbnailUrl\":\"https:\\\/\\\/roussillonfishing.com\\\/wp-content\\\/uploads\\\/2020\\\/12\\\/CHI-POPPING_r1_c1.jpg\",\"datePublished\":\"2020-12-18T19:33:12+00:00\",\"dateModified\":\"2024-07-02T08:41:54+00:00\",\"breadcrumb\":{\"@id\":\"https:\\\/\\\/roussillonfishing.com\\\/produit\\\/cannes-popping-rods-chiron#breadcrumb\"},\"inLanguage\":\"en-GB\",\"potentialAction\":[{\"@type\":\"ReadAction\",\"target\":[\"https:\\\/\\\/roussillonfishing.com\\\/produit\\\/cannes-popping-rods-chiron\"]}]},{\"@type\":\"ImageObject\",\"inLanguage\":\"en-GB\",\"@id\":\"https:\\\/\\\/roussillonfishing.com\\\/produit\\\/cannes-popping-rods-chiron#primaryimage\",\"url\":\"https:\\\/\\\/roussillonfishing.com\\\/wp-content\\\/uploads\\\/2020\\\/12\\\/CHI-POPPING_r1_c1.jpg\",\"contentUrl\":\"https:\\\/\\\/roussillonfishing.com\\\/wp-content\\\/uploads\\\/2020\\\/12\\\/CHI-POPPING_r1_c1.jpg\",\"width\":790,\"height\":918},{\"@type\":\"BreadcrumbList\",\"@id\":\"https:\\\/\\\/roussillonfishing.com\\\/produit\\\/cannes-popping-rods-chiron#breadcrumb\",\"itemListElement\":[{\"@type\":\"ListItem\",\"position\":1,\"name\":\"Accueil\",\"item\":\"https:\\\/\\\/roussillonfishing.com\\\/\"},{\"@type\":\"ListItem\",\"position\":2,\"name\":\"Boutique\"}]},{\"@type\":\"WebSite\",\"@id\":\"https:\\\/\\\/roussillonfishing.com\\\/en\\\/#website\",\"url\":\"https:\\\/\\\/roussillonfishing.com\\\/en\\\/\",\"name\":\"Roussillon Fishing\",\"description\":\"Moniteur et Guide de p\u00eache dans Les Pyr\u00e9n\u00e9es Orientales\",\"potentialAction\":[{\"@type\":\"SearchAction\",\"target\":{\"@type\":\"EntryPoint\",\"urlTemplate\":\"https:\\\/\\\/roussillonfishing.com\\\/en\\\/?s={search_term_string}\"},\"query-input\":{\"@type\":\"PropertyValueSpecification\",\"valueRequired\":true,\"valueName\":\"search_term_string\"}}],\"inLanguage\":\"en-GB\"}]}<\/script>\n<!-- \/ Yoast SEO plugin. -->","yoast_head_json":{"title":"Cannes Popping rods CHIRON - Roussillon Fishing","robots":{"index":"index","follow":"follow","max-snippet":"max-snippet:-1","max-image-preview":"max-image-preview:large","max-video-preview":"max-video-preview:-1"},"canonical":"https:\/\/roussillonfishing.com\/en\/product\/cannes-popping-rods-chiron\/","next":"https:\/\/roussillonfishing.com\/produit\/cannes-popping-rods-chiron\/2","og_locale":"en_GB","og_type":"article","og_title":"Cannes Popping rods CHIRON - Roussillon Fishing","og_description":"Ma s\u00e9lection de cannes pour des p\u00eaches \u00a0\u00bb exo \u00a0\u00bb au lancer et au leurre, notamment ces deux mod\u00e8les popping en pe 3-6 et 5-8 CHIRON et COMABAT ARM 86","og_url":"https:\/\/roussillonfishing.com\/en\/product\/cannes-popping-rods-chiron\/","og_site_name":"Roussillon Fishing","article_publisher":"https:\/\/www.facebook.com\/Samuel.Elgrishi.Fishing.Guide.Instructor\/","article_modified_time":"2024-07-02T08:41:54+00:00","og_image":[{"width":790,"height":918,"url":"https:\/\/roussillonfishing.com\/wp-content\/uploads\/2020\/12\/CHI-POPPING_r1_c1.jpg","type":"image\/jpeg"}],"twitter_card":"summary_large_image","twitter_misc":{"Estimated reading time":"1 minute"},"schema":{"@context":"https:\/\/schema.org","@graph":[{"@type":"WebPage","@id":"https:\/\/roussillonfishing.com\/produit\/cannes-popping-rods-chiron","url":"https:\/\/roussillonfishing.com\/produit\/cannes-popping-rods-chiron","name":"Cannes Popping rods CHIRON - Roussillon Fishing","isPartOf":{"@id":"https:\/\/roussillonfishing.com\/en\/#website"},"primaryImageOfPage":{"@id":"https:\/\/roussillonfishing.com\/produit\/cannes-popping-rods-chiron#primaryimage"},"image":{"@id":"https:\/\/roussillonfishing.com\/produit\/cannes-popping-rods-chiron#primaryimage"},"thumbnailUrl":"https:\/\/roussillonfishing.com\/wp-content\/uploads\/2020\/12\/CHI-POPPING_r1_c1.jpg","datePublished":"2020-12-18T19:33:12+00:00","dateModified":"2024-07-02T08:41:54+00:00","breadcrumb":{"@id":"https:\/\/roussillonfishing.com\/produit\/cannes-popping-rods-chiron#breadcrumb"},"inLanguage":"en-GB","potentialAction":[{"@type":"ReadAction","target":["https:\/\/roussillonfishing.com\/produit\/cannes-popping-rods-chiron"]}]},{"@type":"ImageObject","inLanguage":"en-GB","@id":"https:\/\/roussillonfishing.com\/produit\/cannes-popping-rods-chiron#primaryimage","url":"https:\/\/roussillonfishing.com\/wp-content\/uploads\/2020\/12\/CHI-POPPING_r1_c1.jpg","contentUrl":"https:\/\/roussillonfishing.com\/wp-content\/uploads\/2020\/12\/CHI-POPPING_r1_c1.jpg","width":790,"height":918},{"@type":"BreadcrumbList","@id":"https:\/\/roussillonfishing.com\/produit\/cannes-popping-rods-chiron#breadcrumb","itemListElement":[{"@type":"ListItem","position":1,"name":"Accueil","item":"https:\/\/roussillonfishing.com\/"},{"@type":"ListItem","position":2,"name":"Boutique"}]},{"@type":"WebSite","@id":"https:\/\/roussillonfishing.com\/en\/#website","url":"https:\/\/roussillonfishing.com\/en\/","name":"Roussillon Fishing","description":"Moniteur et Guide de p\u00eache dans Les Pyr\u00e9n\u00e9es Orientales","potentialAction":[{"@type":"SearchAction","target":{"@type":"EntryPoint","urlTemplate":"https:\/\/roussillonfishing.com\/en\/?s={search_term_string}"},"query-input":{"@type":"PropertyValueSpecification","valueRequired":true,"valueName":"search_term_string"}}],"inLanguage":"en-GB"}]}},"jetpack_sharing_enabled":true,"_links":{"self":[{"href":"https:\/\/roussillonfishing.com\/en\/wp-json\/wp\/v2\/product\/910","targetHints":{"allow":["GET"]}}],"collection":[{"href":"https:\/\/roussillonfishing.com\/en\/wp-json\/wp\/v2\/product"}],"about":[{"href":"https:\/\/roussillonfishing.com\/en\/wp-json\/wp\/v2\/types\/product"}],"replies":[{"embeddable":true,"href":"https:\/\/roussillonfishing.com\/en\/wp-json\/wp\/v2\/comments?post=910"}],"wp:featuredmedia":[{"embeddable":true,"href":"https:\/\/roussillonfishing.com\/en\/wp-json\/wp\/v2\/media\/951"}],"wp:attachment":[{"href":"https:\/\/roussillonfishing.com\/en\/wp-json\/wp\/v2\/media?parent=910"}],"wp:term":[{"taxonomy":"product_brand","embeddable":true,"href":"https:\/\/roussillonfishing.com\/en\/wp-json\/wp\/v2\/product_brand?post=910"},{"taxonomy":"product_cat","embeddable":true,"href":"https:\/\/roussillonfishing.com\/en\/wp-json\/wp\/v2\/product_cat?post=910"},{"taxonomy":"product_tag","embeddable":true,"href":"https:\/\/roussillonfishing.com\/en\/wp-json\/wp\/v2\/product_tag?post=910"}],"curies":[{"name":"wp","href":"https:\/\/api.w.org\/{rel}","templated":true}]}}