{"id":911,"date":"2020-12-13T21:27:10","date_gmt":"2020-12-13T21:27:10","guid":{"rendered":"https:\/\/roussillonfishing.com\/?post_type=product&#038;p=911"},"modified":"2024-07-02T09:18:04","modified_gmt":"2024-07-02T09:18:04","slug":"feeder-leader-black-magic","status":"publish","type":"product","link":"https:\/\/roussillonfishing.com\/en\/product\/feeder-leader-black-magic","title":{"rendered":"Feeder Leader Black Magic"},"content":{"rendered":"<p>Fini les bobines de nylon et fluorocarbone en vrac.<br \/>\nOrganisez vos bobines, soyez pr\u00eat en conditions de p\u00eache, ne cherchez plus, perdez moins de temps:<br \/>\nP\u00eachez plus!<\/p>\n<p><iframe loading=\"lazy\" title=\"How to set up your Black Magic Leader Feeder\" width=\"1200\" height=\"675\" src=\"https:\/\/www.youtube.com\/embed\/triJ4hy5HMA?feature=oembed\" frameborder=\"0\" allow=\"accelerometer; autoplay; clipboard-write; encrypted-media; gyroscope; picture-in-picture\" allowfullscreen><\/iframe><\/p>","protected":false},"excerpt":{"rendered":"<p>Fini les bobines de nylon et fluorocarbone en vrac. Organisez vos bobines, soyez pr\u00eat en conditions de p\u00eache, ne cherchez plus, perdez moins de temps: P\u00eachez plus!<\/p>","protected":false},"featured_media":912,"comment_status":"closed","ping_status":"closed","template":"","meta":[],"product_brand":[],"product_cat":[23],"product_tag":[102,100,101,99,49],"class_list":{"0":"post-911","1":"product","2":"type-product","3":"status-publish","4":"has-post-thumbnail","6":"product_cat-accessoires","7":"product_tag-bas-de-ligne","8":"product_tag-black-magic","9":"product_tag-bobine","10":"product_tag-leader-feeder","11":"product_tag-peche-sportive","13":"first","14":"outofstock","15":"taxable","16":"shipping-taxable","17":"purchasable","18":"product-type-simple"},"yoast_head":"<!-- This site is optimized with the Yoast SEO plugin v27.3 - https:\/\/yoast.com\/product\/yoast-seo-wordpress\/ -->\n<title>Feeder Leader Black Magic - Roussillon Fishing<\/title>\n<meta name=\"robots\" content=\"index, follow, max-snippet:-1, max-image-preview:large, max-video-preview:-1\" \/>\n<link rel=\"canonical\" href=\"https:\/\/roussillonfishing.com\/en\/product\/feeder-leader-black-magic\/\" \/>\n<meta property=\"og:locale\" content=\"en_GB\" \/>\n<meta property=\"og:type\" content=\"article\" \/>\n<meta property=\"og:title\" content=\"Feeder Leader Black Magic - Roussillon Fishing\" \/>\n<meta property=\"og:description\" content=\"Fini les bobines de nylon et fluorocarbone en vrac. Organisez vos bobines, soyez pr\u00eat en conditions de p\u00eache, ne cherchez plus, perdez moins de temps: P\u00eachez plus!\" \/>\n<meta property=\"og:url\" content=\"https:\/\/roussillonfishing.com\/en\/product\/feeder-leader-black-magic\/\" \/>\n<meta property=\"og:site_name\" content=\"Roussillon Fishing\" \/>\n<meta property=\"article:publisher\" content=\"https:\/\/www.facebook.com\/Samuel.Elgrishi.Fishing.Guide.Instructor\/\" \/>\n<meta property=\"article:modified_time\" content=\"2024-07-02T09:18:04+00:00\" \/>\n<meta property=\"og:image\" content=\"https:\/\/roussillonfishing.com\/wp-content\/uploads\/2020\/12\/black_magic_trace_dispenser_leader_feeder_15635_27467664_M.jpg\" \/>\n\t<meta property=\"og:image:width\" content=\"400\" \/>\n\t<meta property=\"og:image:height\" content=\"400\" \/>\n\t<meta property=\"og:image:type\" content=\"image\/jpeg\" \/>\n<meta name=\"twitter:card\" content=\"summary_large_image\" \/>\n<script type=\"application\/ld+json\" class=\"yoast-schema-graph\">{\"@context\":\"https:\\\/\\\/schema.org\",\"@graph\":[{\"@type\":\"WebPage\",\"@id\":\"https:\\\/\\\/roussillonfishing.com\\\/produit\\\/feeder-leader-black-magic\",\"url\":\"https:\\\/\\\/roussillonfishing.com\\\/produit\\\/feeder-leader-black-magic\",\"name\":\"Feeder Leader Black Magic - Roussillon Fishing\",\"isPartOf\":{\"@id\":\"https:\\\/\\\/roussillonfishing.com\\\/en\\\/#website\"},\"primaryImageOfPage\":{\"@id\":\"https:\\\/\\\/roussillonfishing.com\\\/produit\\\/feeder-leader-black-magic#primaryimage\"},\"image\":{\"@id\":\"https:\\\/\\\/roussillonfishing.com\\\/produit\\\/feeder-leader-black-magic#primaryimage\"},\"thumbnailUrl\":\"https:\\\/\\\/roussillonfishing.com\\\/wp-content\\\/uploads\\\/2020\\\/12\\\/black_magic_trace_dispenser_leader_feeder_15635_27467664_M.jpg\",\"datePublished\":\"2020-12-13T21:27:10+00:00\",\"dateModified\":\"2024-07-02T09:18:04+00:00\",\"breadcrumb\":{\"@id\":\"https:\\\/\\\/roussillonfishing.com\\\/produit\\\/feeder-leader-black-magic#breadcrumb\"},\"inLanguage\":\"en-GB\",\"potentialAction\":[{\"@type\":\"ReadAction\",\"target\":[\"https:\\\/\\\/roussillonfishing.com\\\/produit\\\/feeder-leader-black-magic\"]}]},{\"@type\":\"ImageObject\",\"inLanguage\":\"en-GB\",\"@id\":\"https:\\\/\\\/roussillonfishing.com\\\/produit\\\/feeder-leader-black-magic#primaryimage\",\"url\":\"https:\\\/\\\/roussillonfishing.com\\\/wp-content\\\/uploads\\\/2020\\\/12\\\/black_magic_trace_dispenser_leader_feeder_15635_27467664_M.jpg\",\"contentUrl\":\"https:\\\/\\\/roussillonfishing.com\\\/wp-content\\\/uploads\\\/2020\\\/12\\\/black_magic_trace_dispenser_leader_feeder_15635_27467664_M.jpg\",\"width\":400,\"height\":400},{\"@type\":\"BreadcrumbList\",\"@id\":\"https:\\\/\\\/roussillonfishing.com\\\/produit\\\/feeder-leader-black-magic#breadcrumb\",\"itemListElement\":[{\"@type\":\"ListItem\",\"position\":1,\"name\":\"Accueil\",\"item\":\"https:\\\/\\\/roussillonfishing.com\\\/\"},{\"@type\":\"ListItem\",\"position\":2,\"name\":\"Boutique\",\"item\":\"https:\\\/\\\/roussillonfishing.com\\\/boutique\"},{\"@type\":\"ListItem\",\"position\":3,\"name\":\"Feeder Leader Black Magic\"}]},{\"@type\":\"WebSite\",\"@id\":\"https:\\\/\\\/roussillonfishing.com\\\/en\\\/#website\",\"url\":\"https:\\\/\\\/roussillonfishing.com\\\/en\\\/\",\"name\":\"Roussillon Fishing\",\"description\":\"Moniteur et Guide de p\u00eache dans Les Pyr\u00e9n\u00e9es Orientales\",\"potentialAction\":[{\"@type\":\"SearchAction\",\"target\":{\"@type\":\"EntryPoint\",\"urlTemplate\":\"https:\\\/\\\/roussillonfishing.com\\\/en\\\/?s={search_term_string}\"},\"query-input\":{\"@type\":\"PropertyValueSpecification\",\"valueRequired\":true,\"valueName\":\"search_term_string\"}}],\"inLanguage\":\"en-GB\"}]}<\/script>\n<!-- \/ Yoast SEO plugin. -->","yoast_head_json":{"title":"Feeder Leader Black Magic - Roussillon Fishing","robots":{"index":"index","follow":"follow","max-snippet":"max-snippet:-1","max-image-preview":"max-image-preview:large","max-video-preview":"max-video-preview:-1"},"canonical":"https:\/\/roussillonfishing.com\/en\/product\/feeder-leader-black-magic\/","og_locale":"en_GB","og_type":"article","og_title":"Feeder Leader Black Magic - Roussillon Fishing","og_description":"Fini les bobines de nylon et fluorocarbone en vrac. Organisez vos bobines, soyez pr\u00eat en conditions de p\u00eache, ne cherchez plus, perdez moins de temps: P\u00eachez plus!","og_url":"https:\/\/roussillonfishing.com\/en\/product\/feeder-leader-black-magic\/","og_site_name":"Roussillon Fishing","article_publisher":"https:\/\/www.facebook.com\/Samuel.Elgrishi.Fishing.Guide.Instructor\/","article_modified_time":"2024-07-02T09:18:04+00:00","og_image":[{"width":400,"height":400,"url":"https:\/\/roussillonfishing.com\/wp-content\/uploads\/2020\/12\/black_magic_trace_dispenser_leader_feeder_15635_27467664_M.jpg","type":"image\/jpeg"}],"twitter_card":"summary_large_image","schema":{"@context":"https:\/\/schema.org","@graph":[{"@type":"WebPage","@id":"https:\/\/roussillonfishing.com\/produit\/feeder-leader-black-magic","url":"https:\/\/roussillonfishing.com\/produit\/feeder-leader-black-magic","name":"Feeder Leader Black Magic - Roussillon Fishing","isPartOf":{"@id":"https:\/\/roussillonfishing.com\/en\/#website"},"primaryImageOfPage":{"@id":"https:\/\/roussillonfishing.com\/produit\/feeder-leader-black-magic#primaryimage"},"image":{"@id":"https:\/\/roussillonfishing.com\/produit\/feeder-leader-black-magic#primaryimage"},"thumbnailUrl":"https:\/\/roussillonfishing.com\/wp-content\/uploads\/2020\/12\/black_magic_trace_dispenser_leader_feeder_15635_27467664_M.jpg","datePublished":"2020-12-13T21:27:10+00:00","dateModified":"2024-07-02T09:18:04+00:00","breadcrumb":{"@id":"https:\/\/roussillonfishing.com\/produit\/feeder-leader-black-magic#breadcrumb"},"inLanguage":"en-GB","potentialAction":[{"@type":"ReadAction","target":["https:\/\/roussillonfishing.com\/produit\/feeder-leader-black-magic"]}]},{"@type":"ImageObject","inLanguage":"en-GB","@id":"https:\/\/roussillonfishing.com\/produit\/feeder-leader-black-magic#primaryimage","url":"https:\/\/roussillonfishing.com\/wp-content\/uploads\/2020\/12\/black_magic_trace_dispenser_leader_feeder_15635_27467664_M.jpg","contentUrl":"https:\/\/roussillonfishing.com\/wp-content\/uploads\/2020\/12\/black_magic_trace_dispenser_leader_feeder_15635_27467664_M.jpg","width":400,"height":400},{"@type":"BreadcrumbList","@id":"https:\/\/roussillonfishing.com\/produit\/feeder-leader-black-magic#breadcrumb","itemListElement":[{"@type":"ListItem","position":1,"name":"Accueil","item":"https:\/\/roussillonfishing.com\/"},{"@type":"ListItem","position":2,"name":"Boutique","item":"https:\/\/roussillonfishing.com\/boutique"},{"@type":"ListItem","position":3,"name":"Feeder Leader Black Magic"}]},{"@type":"WebSite","@id":"https:\/\/roussillonfishing.com\/en\/#website","url":"https:\/\/roussillonfishing.com\/en\/","name":"Roussillon Fishing","description":"Moniteur et Guide de p\u00eache dans Les Pyr\u00e9n\u00e9es Orientales","potentialAction":[{"@type":"SearchAction","target":{"@type":"EntryPoint","urlTemplate":"https:\/\/roussillonfishing.com\/en\/?s={search_term_string}"},"query-input":{"@type":"PropertyValueSpecification","valueRequired":true,"valueName":"search_term_string"}}],"inLanguage":"en-GB"}]}},"jetpack_sharing_enabled":true,"_links":{"self":[{"href":"https:\/\/roussillonfishing.com\/en\/wp-json\/wp\/v2\/product\/911","targetHints":{"allow":["GET"]}}],"collection":[{"href":"https:\/\/roussillonfishing.com\/en\/wp-json\/wp\/v2\/product"}],"about":[{"href":"https:\/\/roussillonfishing.com\/en\/wp-json\/wp\/v2\/types\/product"}],"replies":[{"embeddable":true,"href":"https:\/\/roussillonfishing.com\/en\/wp-json\/wp\/v2\/comments?post=911"}],"wp:featuredmedia":[{"embeddable":true,"href":"https:\/\/roussillonfishing.com\/en\/wp-json\/wp\/v2\/media\/912"}],"wp:attachment":[{"href":"https:\/\/roussillonfishing.com\/en\/wp-json\/wp\/v2\/media?parent=911"}],"wp:term":[{"taxonomy":"product_brand","embeddable":true,"href":"https:\/\/roussillonfishing.com\/en\/wp-json\/wp\/v2\/product_brand?post=911"},{"taxonomy":"product_cat","embeddable":true,"href":"https:\/\/roussillonfishing.com\/en\/wp-json\/wp\/v2\/product_cat?post=911"},{"taxonomy":"product_tag","embeddable":true,"href":"https:\/\/roussillonfishing.com\/en\/wp-json\/wp\/v2\/product_tag?post=911"}],"curies":[{"name":"wp","href":"https:\/\/api.w.org\/{rel}","templated":true}]}}