{"id":932,"date":"2021-02-12T14:46:35","date_gmt":"2021-02-12T14:46:35","guid":{"rendered":"https:\/\/roussillonfishing.com\/?post_type=product&#038;p=932"},"modified":"2025-01-06T11:49:44","modified_gmt":"2025-01-06T11:49:44","slug":"cannes-jigging-rods-tuna-adventurer","status":"publish","type":"product","link":"https:\/\/roussillonfishing.com\/en\/product\/cannes-jigging-rods-tuna-adventurer","title":{"rendered":"Cannes Jigging Rods Tuna Adventurer"},"content":{"rendered":"<p><iframe loading=\"lazy\" title=\"About Centaur (FULL HD) How to build fishing rods\" width=\"1200\" height=\"675\" src=\"https:\/\/www.youtube.com\/embed\/C88CYSzKHNE?feature=oembed\" frameborder=\"0\" allow=\"accelerometer; autoplay; clipboard-write; encrypted-media; gyroscope; picture-in-picture\" allowfullscreen><\/iframe><\/p>\n<p>Cannes Sp\u00e9ciales Jigging pour le Giant Bluefin Tuna . Con\u00e7u avec les meilleurs mat\u00e9riaux en carbone Toray et les anneaux Fuji ultra l\u00e9gers et r\u00e9sistants. Peut-\u00eatre l&rsquo;une des meilleurs canne Jigging du monde.<br \/>\nDe nombreuses heures d&rsquo;essais sur le thon rouge et s\u00e9riole en M\u00e9diterran\u00e9e, mes p\u00eacheurs ont tous \u00e9t\u00e9 subjugu\u00e9 par cette s\u00e9rie.<br \/>\nCertaines on bient\u00f4t 10saisons de p\u00eache et multiples p\u00eacheurs et moi m\u00eame mis \u00e0 l&rsquo;\u00e9preuve cette s\u00e9lection \u00a0\u00bb Roussillon Fishing\u00a0\u00bb<br \/>\nOn garde le fil!<br \/>\n_Sam<br \/>\nmoniteur et guide de p\u00eache<\/p>","protected":false},"excerpt":{"rendered":"<p>Cannes Sp\u00e9ciales Jigging pour le Giant Bluefin Tuna . Con\u00e7u avec les meilleurs mat\u00e9riaux en carbone Toray et les anneaux Fuji ultra l\u00e9gers et r\u00e9sistants. Peut-\u00eatre l&rsquo;une des meilleurs canne<\/p>","protected":false},"featured_media":967,"comment_status":"open","ping_status":"closed","template":"","meta":[],"product_brand":[],"product_cat":[46],"product_tag":[126,94,125,49,119,120,44],"class_list":{"0":"post-932","1":"product","2":"type-product","3":"status-publish","4":"has-post-thumbnail","6":"product_cat-cannes","7":"product_tag-canne-a-peche","8":"product_tag-peche-au-leurre","9":"product_tag-peche-aux-leurres","10":"product_tag-peche-sportive","11":"product_tag-rod","12":"product_tag-rodbuilding","13":"product_tag-sportfishing","15":"first","16":"outofstock","17":"sale","18":"taxable","19":"shipping-taxable","20":"purchasable","21":"product-type-simple"},"yoast_head":"<!-- This site is optimized with the Yoast SEO plugin v27.3 - https:\/\/yoast.com\/product\/yoast-seo-wordpress\/ -->\n<title>Cannes Jigging Rods Tuna Adventurer - Roussillon Fishing<\/title>\n<meta name=\"robots\" content=\"index, follow, max-snippet:-1, max-image-preview:large, max-video-preview:-1\" \/>\n<link rel=\"canonical\" href=\"https:\/\/roussillonfishing.com\/en\/product\/cannes-jigging-rods-tuna-adventurer\/\" \/>\n<meta property=\"og:locale\" content=\"en_GB\" \/>\n<meta property=\"og:type\" content=\"article\" \/>\n<meta property=\"og:title\" content=\"Cannes Jigging Rods Tuna Adventurer - Roussillon Fishing\" \/>\n<meta property=\"og:description\" content=\"Cannes Sp\u00e9ciales Jigging pour le Giant Bluefin Tuna . Con\u00e7u avec les meilleurs mat\u00e9riaux en carbone Toray et les anneaux Fuji ultra l\u00e9gers et r\u00e9sistants. Peut-\u00eatre l&rsquo;une des meilleurs canne\" \/>\n<meta property=\"og:url\" content=\"https:\/\/roussillonfishing.com\/en\/product\/cannes-jigging-rods-tuna-adventurer\/\" \/>\n<meta property=\"og:site_name\" content=\"Roussillon Fishing\" \/>\n<meta property=\"article:publisher\" content=\"https:\/\/www.facebook.com\/Samuel.Elgrishi.Fishing.Guide.Instructor\/\" \/>\n<meta property=\"article:modified_time\" content=\"2025-01-06T11:49:44+00:00\" \/>\n<meta property=\"og:image\" content=\"https:\/\/roussillonfishing.com\/wp-content\/uploads\/2020\/12\/CHI-TUNA-JIGGING_r1_c1.jpg\" \/>\n\t<meta property=\"og:image:width\" content=\"790\" \/>\n\t<meta property=\"og:image:height\" content=\"918\" \/>\n\t<meta property=\"og:image:type\" content=\"image\/jpeg\" \/>\n<meta name=\"twitter:card\" content=\"summary_large_image\" \/>\n<meta name=\"twitter:label1\" content=\"Estimated reading time\" \/>\n\t<meta name=\"twitter:data1\" content=\"1 minute\" \/>\n<script type=\"application\/ld+json\" class=\"yoast-schema-graph\">{\"@context\":\"https:\\\/\\\/schema.org\",\"@graph\":[{\"@type\":\"WebPage\",\"@id\":\"https:\\\/\\\/roussillonfishing.com\\\/produit\\\/cannes-jigging-rods-tuna-adventurer\",\"url\":\"https:\\\/\\\/roussillonfishing.com\\\/produit\\\/cannes-jigging-rods-tuna-adventurer\",\"name\":\"Cannes Jigging Rods Tuna Adventurer - Roussillon Fishing\",\"isPartOf\":{\"@id\":\"https:\\\/\\\/roussillonfishing.com\\\/en\\\/#website\"},\"primaryImageOfPage\":{\"@id\":\"https:\\\/\\\/roussillonfishing.com\\\/produit\\\/cannes-jigging-rods-tuna-adventurer#primaryimage\"},\"image\":{\"@id\":\"https:\\\/\\\/roussillonfishing.com\\\/produit\\\/cannes-jigging-rods-tuna-adventurer#primaryimage\"},\"thumbnailUrl\":\"https:\\\/\\\/roussillonfishing.com\\\/wp-content\\\/uploads\\\/2020\\\/12\\\/CHI-TUNA-JIGGING_r1_c1.jpg\",\"datePublished\":\"2021-02-12T14:46:35+00:00\",\"dateModified\":\"2025-01-06T11:49:44+00:00\",\"breadcrumb\":{\"@id\":\"https:\\\/\\\/roussillonfishing.com\\\/produit\\\/cannes-jigging-rods-tuna-adventurer#breadcrumb\"},\"inLanguage\":\"en-GB\",\"potentialAction\":[{\"@type\":\"ReadAction\",\"target\":[\"https:\\\/\\\/roussillonfishing.com\\\/produit\\\/cannes-jigging-rods-tuna-adventurer\"]}]},{\"@type\":\"ImageObject\",\"inLanguage\":\"en-GB\",\"@id\":\"https:\\\/\\\/roussillonfishing.com\\\/produit\\\/cannes-jigging-rods-tuna-adventurer#primaryimage\",\"url\":\"https:\\\/\\\/roussillonfishing.com\\\/wp-content\\\/uploads\\\/2020\\\/12\\\/CHI-TUNA-JIGGING_r1_c1.jpg\",\"contentUrl\":\"https:\\\/\\\/roussillonfishing.com\\\/wp-content\\\/uploads\\\/2020\\\/12\\\/CHI-TUNA-JIGGING_r1_c1.jpg\",\"width\":790,\"height\":918},{\"@type\":\"BreadcrumbList\",\"@id\":\"https:\\\/\\\/roussillonfishing.com\\\/produit\\\/cannes-jigging-rods-tuna-adventurer#breadcrumb\",\"itemListElement\":[{\"@type\":\"ListItem\",\"position\":1,\"name\":\"Accueil\",\"item\":\"https:\\\/\\\/roussillonfishing.com\\\/\"},{\"@type\":\"ListItem\",\"position\":2,\"name\":\"Boutique\",\"item\":\"https:\\\/\\\/roussillonfishing.com\\\/boutique\"},{\"@type\":\"ListItem\",\"position\":3,\"name\":\"Cannes Jigging Rods Tuna Adventurer\"}]},{\"@type\":\"WebSite\",\"@id\":\"https:\\\/\\\/roussillonfishing.com\\\/en\\\/#website\",\"url\":\"https:\\\/\\\/roussillonfishing.com\\\/en\\\/\",\"name\":\"Roussillon Fishing\",\"description\":\"Moniteur et Guide de p\u00eache dans Les Pyr\u00e9n\u00e9es Orientales\",\"potentialAction\":[{\"@type\":\"SearchAction\",\"target\":{\"@type\":\"EntryPoint\",\"urlTemplate\":\"https:\\\/\\\/roussillonfishing.com\\\/en\\\/?s={search_term_string}\"},\"query-input\":{\"@type\":\"PropertyValueSpecification\",\"valueRequired\":true,\"valueName\":\"search_term_string\"}}],\"inLanguage\":\"en-GB\"}]}<\/script>\n<!-- \/ Yoast SEO plugin. -->","yoast_head_json":{"title":"Cannes Jigging Rods Tuna Adventurer - Roussillon Fishing","robots":{"index":"index","follow":"follow","max-snippet":"max-snippet:-1","max-image-preview":"max-image-preview:large","max-video-preview":"max-video-preview:-1"},"canonical":"https:\/\/roussillonfishing.com\/en\/product\/cannes-jigging-rods-tuna-adventurer\/","og_locale":"en_GB","og_type":"article","og_title":"Cannes Jigging Rods Tuna Adventurer - Roussillon Fishing","og_description":"Cannes Sp\u00e9ciales Jigging pour le Giant Bluefin Tuna . Con\u00e7u avec les meilleurs mat\u00e9riaux en carbone Toray et les anneaux Fuji ultra l\u00e9gers et r\u00e9sistants. Peut-\u00eatre l&rsquo;une des meilleurs canne","og_url":"https:\/\/roussillonfishing.com\/en\/product\/cannes-jigging-rods-tuna-adventurer\/","og_site_name":"Roussillon Fishing","article_publisher":"https:\/\/www.facebook.com\/Samuel.Elgrishi.Fishing.Guide.Instructor\/","article_modified_time":"2025-01-06T11:49:44+00:00","og_image":[{"width":790,"height":918,"url":"https:\/\/roussillonfishing.com\/wp-content\/uploads\/2020\/12\/CHI-TUNA-JIGGING_r1_c1.jpg","type":"image\/jpeg"}],"twitter_card":"summary_large_image","twitter_misc":{"Estimated reading time":"1 minute"},"schema":{"@context":"https:\/\/schema.org","@graph":[{"@type":"WebPage","@id":"https:\/\/roussillonfishing.com\/produit\/cannes-jigging-rods-tuna-adventurer","url":"https:\/\/roussillonfishing.com\/produit\/cannes-jigging-rods-tuna-adventurer","name":"Cannes Jigging Rods Tuna Adventurer - Roussillon Fishing","isPartOf":{"@id":"https:\/\/roussillonfishing.com\/en\/#website"},"primaryImageOfPage":{"@id":"https:\/\/roussillonfishing.com\/produit\/cannes-jigging-rods-tuna-adventurer#primaryimage"},"image":{"@id":"https:\/\/roussillonfishing.com\/produit\/cannes-jigging-rods-tuna-adventurer#primaryimage"},"thumbnailUrl":"https:\/\/roussillonfishing.com\/wp-content\/uploads\/2020\/12\/CHI-TUNA-JIGGING_r1_c1.jpg","datePublished":"2021-02-12T14:46:35+00:00","dateModified":"2025-01-06T11:49:44+00:00","breadcrumb":{"@id":"https:\/\/roussillonfishing.com\/produit\/cannes-jigging-rods-tuna-adventurer#breadcrumb"},"inLanguage":"en-GB","potentialAction":[{"@type":"ReadAction","target":["https:\/\/roussillonfishing.com\/produit\/cannes-jigging-rods-tuna-adventurer"]}]},{"@type":"ImageObject","inLanguage":"en-GB","@id":"https:\/\/roussillonfishing.com\/produit\/cannes-jigging-rods-tuna-adventurer#primaryimage","url":"https:\/\/roussillonfishing.com\/wp-content\/uploads\/2020\/12\/CHI-TUNA-JIGGING_r1_c1.jpg","contentUrl":"https:\/\/roussillonfishing.com\/wp-content\/uploads\/2020\/12\/CHI-TUNA-JIGGING_r1_c1.jpg","width":790,"height":918},{"@type":"BreadcrumbList","@id":"https:\/\/roussillonfishing.com\/produit\/cannes-jigging-rods-tuna-adventurer#breadcrumb","itemListElement":[{"@type":"ListItem","position":1,"name":"Accueil","item":"https:\/\/roussillonfishing.com\/"},{"@type":"ListItem","position":2,"name":"Boutique","item":"https:\/\/roussillonfishing.com\/boutique"},{"@type":"ListItem","position":3,"name":"Cannes Jigging Rods Tuna Adventurer"}]},{"@type":"WebSite","@id":"https:\/\/roussillonfishing.com\/en\/#website","url":"https:\/\/roussillonfishing.com\/en\/","name":"Roussillon Fishing","description":"Moniteur et Guide de p\u00eache dans Les Pyr\u00e9n\u00e9es Orientales","potentialAction":[{"@type":"SearchAction","target":{"@type":"EntryPoint","urlTemplate":"https:\/\/roussillonfishing.com\/en\/?s={search_term_string}"},"query-input":{"@type":"PropertyValueSpecification","valueRequired":true,"valueName":"search_term_string"}}],"inLanguage":"en-GB"}]}},"jetpack_sharing_enabled":true,"_links":{"self":[{"href":"https:\/\/roussillonfishing.com\/en\/wp-json\/wp\/v2\/product\/932","targetHints":{"allow":["GET"]}}],"collection":[{"href":"https:\/\/roussillonfishing.com\/en\/wp-json\/wp\/v2\/product"}],"about":[{"href":"https:\/\/roussillonfishing.com\/en\/wp-json\/wp\/v2\/types\/product"}],"replies":[{"embeddable":true,"href":"https:\/\/roussillonfishing.com\/en\/wp-json\/wp\/v2\/comments?post=932"}],"wp:featuredmedia":[{"embeddable":true,"href":"https:\/\/roussillonfishing.com\/en\/wp-json\/wp\/v2\/media\/967"}],"wp:attachment":[{"href":"https:\/\/roussillonfishing.com\/en\/wp-json\/wp\/v2\/media?parent=932"}],"wp:term":[{"taxonomy":"product_brand","embeddable":true,"href":"https:\/\/roussillonfishing.com\/en\/wp-json\/wp\/v2\/product_brand?post=932"},{"taxonomy":"product_cat","embeddable":true,"href":"https:\/\/roussillonfishing.com\/en\/wp-json\/wp\/v2\/product_cat?post=932"},{"taxonomy":"product_tag","embeddable":true,"href":"https:\/\/roussillonfishing.com\/en\/wp-json\/wp\/v2\/product_tag?post=932"}],"curies":[{"name":"wp","href":"https:\/\/api.w.org\/{rel}","templated":true}]}}